{"id":706,"date":"2025-11-03T06:46:07","date_gmt":"2025-11-03T06:46:07","guid":{"rendered":"https:\/\/www.cxjsmartcard.com\/?post_type=product&#038;p=706"},"modified":"2025-12-29T01:27:11","modified_gmt":"2025-12-29T01:27:11","slug":"sewing-washable-uhf-textile-rfid-laundry-tags","status":"publish","type":"product","link":"https:\/\/www.cxjsmartcard.com\/vi\/sewing-washable-uhf-textile-rfid-laundry-tags\/","title":{"rendered":"May Th\u1ebb gi\u1eb7t UHF RFID d\u1ec7t may c\u00f3 th\u1ec3 gi\u1eb7t \u0111\u01b0\u1ee3c"},"content":{"rendered":"<p data-start=\"95\" data-end=\"390\">Th\u1ebb gi\u1eb7t \u1ee7i RFID UHF \u0111\u01b0\u1ee3c thi\u1ebft k\u1ebf \u0111\u1ec3 ch\u1ecbu \u0111\u01b0\u1ee3c quy tr\u00ecnh gi\u1eb7t \u1ee7i c\u1ee7a kh\u00e1ch s\u1ea1n v\u00e0 c\u01a1 s\u1edf, \u0111\u1ea3m b\u1ea3o \u0111\u1ed9 b\u1ec1n v\u00e0 ph\u00f9 h\u1ee3p cho vi\u1ec7c gi\u1eb7t, s\u1ea5y, gi\u1eb7t kh\u00f4 v\u00e0 \u1ee7i. Th\u1ebb c\u00f3 th\u1ec3 \u0111\u01b0\u1ee3c s\u1eed d\u1ee5ng \u0111\u1ec3 qu\u1ea3n l\u00fd \u0111\u1ed3ng ph\u1ee5c chuy\u00ean nghi\u1ec7p, trang ph\u1ee5c ho\u1eb7c c\u00e1c v\u1eadt d\u1ee5ng cho thu\u00ea kh\u00e1c nh\u01b0 th\u1ea3m, kh\u0103n t\u1eafm.<\/p>\n<p data-start=\"392\" data-end=\"410\"><strong data-start=\"392\" data-end=\"408\">C\u00e1c t\u00ednh n\u0103ng ch\u00ednh<\/strong><\/p>\n<ol data-start=\"411\" data-end=\"692\">\n<li data-start=\"411\" data-end=\"507\">\n<p data-start=\"414\" data-end=\"507\">Hi\u1ec7u su\u1ea5t tuy\u1ec7t v\u1eddi v\u00e0 l\u00e0 gi\u1ea3i ph\u00e1p ti\u1ebft ki\u1ec7m chi ph\u00ed cho c\u00e1c \u1ee9ng d\u1ee5ng gi\u1eb7t l\u00e0 c\u00f4ng nghi\u1ec7p.<\/p>\n<\/li>\n<li data-start=\"508\" data-end=\"595\">\n<p data-start=\"511\" data-end=\"595\">Nh\u00e3n si\u00eau m\u1ecfng v\u00e0 m\u1ec1m c\u00f3 th\u1ec3 d\u1ec5 d\u00e0ng kh\u00e2u v\u00e0o v\u1ea3i lanh c\u00f3 ho\u1eb7c kh\u00f4ng c\u00f3 t\u00fai.<\/p>\n<\/li>\n<li data-start=\"596\" data-end=\"654\">\n<p data-start=\"599\" data-end=\"654\">Ch\u1ed1ng va ch\u1ea1m, ch\u1ecbu nhi\u1ec7t \u0111\u1ed9 cao, ch\u1ecbu \u0111\u01b0\u1ee3c \u00e1p l\u1ef1c.<\/p>\n<\/li>\n<li data-start=\"655\" data-end=\"692\">\n<p data-start=\"658\" data-end=\"692\">H\u01a1n 200 l\u1ea7n gi\u1eb7t.<\/p>\n<\/li>\n<\/ol>\n<p data-start=\"694\" data-end=\"916\">Th\u1ebb gi\u1eb7t \u1ee7i RFID n\u00e0y kh\u00f4ng th\u1ea5m n\u01b0\u1edbc, \u0111\u01b0\u1ee3c l\u00e0m t\u1eeb nylon v\u00e0 polyester, \u0111\u01b0\u1ee3c thi\u1ebft k\u1ebf \u0111\u1ec3 qu\u1ea3n l\u00fd \u0111\u1ed3 gi\u1eb7t v\u00e0 v\u1ea3i lanh b\u1eb1ng RFID. Ch\u00fang c\u00f3 th\u1ec3 ho\u1ea1t \u0111\u1ed9ng \u1edf nhi\u1ec1u d\u1ea3i nhi\u1ec7t \u0111\u1ed9 kh\u00e1c nhau. Th\u1ebb c\u00f3 nhi\u1ec1u \u0111\u01b0\u1eddng k\u00ednh\/k\u00edch th\u01b0\u1edbc kh\u00e1c nhau.<\/p>\n<p data-start=\"918\" data-end=\"936\"><strong data-start=\"918\" data-end=\"934\">\u1ee8ng d\u1ee5ng<\/strong><\/p>\n<ol data-start=\"937\" data-end=\"1047\">\n<li data-start=\"937\" data-end=\"989\">\n<p data-start=\"940\" data-end=\"989\">Th\u00edch h\u1ee3p \u0111\u1ec3 gi\u1eb7t, gi\u1eb7t kh\u00f4 v\u00e0 \u1ee7i.<\/p>\n<\/li>\n<li data-start=\"990\" data-end=\"1047\">\n<p data-start=\"993\" data-end=\"1047\">Qu\u1ea3n l\u00fd theo d\u00f5i b\u1ea3ng t\u00ednh kh\u00e1ch s\u1ea1n, \u0111\u1ed3ng ph\u1ee5c, v.v.<\/p>\n<\/li>\n<\/ol>\n<p data-start=\"1049\" data-end=\"1254\"><strong data-start=\"1049\" data-end=\"1089\">C\u00e2u h\u1ecfi th\u01b0\u1eddng g\u1eb7p v\u1ec1 th\u1ebb gi\u1eb7t \u1ee7i RFID d\u1ec7t may<\/strong><br data-start=\"1089\" data-end=\"1092\" \/><strong data-start=\"1092\" data-end=\"1098\">H\u1ecfi:<\/strong> Th\u1ebb c\u00f3 th\u1ec3 ch\u1ecbu \u0111\u01b0\u1ee3c m\u00e1y \u00e9p kh\u00f4ng?<br data-start=\"1138\" data-end=\"1141\" \/><strong data-start=\"1141\" data-end=\"1147\">M\u1ed8T:<\/strong> C\u00f3. C\u00e1c th\u1ebb RFID n\u00e0y \u0111\u01b0\u1ee3c thi\u1ebft k\u1ebf \u0111\u1ec3 ch\u1ecbu \u0111\u01b0\u1ee3c nhi\u1ec7t \u0111\u1ed9 v\u00e0 \u00e1p su\u1ea5t cao\u2014l\u00fd t\u01b0\u1edfng cho m\u00e1y s\u1ea5y v\u00e0 m\u00e1y \u00e9p c\u00f4ng nghi\u1ec7p.<\/p>\n<p data-start=\"1256\" data-end=\"1370\"><strong data-start=\"1256\" data-end=\"1262\">H\u1ecfi:<\/strong> Tu\u1ed5i th\u1ecd d\u1ef1 ki\u1ebfn c\u1ee7a nh\u1eefng th\u1ebb n\u00e0y l\u00e0 bao l\u00e2u?<br data-start=\"1306\" data-end=\"1309\" \/><strong data-start=\"1309\" data-end=\"1315\">M\u1ed8T:<\/strong> Trung b\u00ecnh, 200 l\u1ea7n gi\u1eb7t ho\u1eb7c s\u1eed d\u1ee5ng t\u1edbi 3 n\u0103m.<\/p>\n<p data-start=\"1372\" data-end=\"1534\"><strong data-start=\"1372\" data-end=\"1378\">H\u1ecfi:<\/strong> L\u00e0m th\u1ebf n\u00e0o \u0111\u1ec3 ch\u1ecdn \u0111\u00fang k\u00edch th\u01b0\u1edbc th\u1ebb?<br data-start=\"1414\" data-end=\"1417\" \/><strong data-start=\"1417\" data-end=\"1423\">M\u1ed8T:<\/strong> Ch\u00fang t\u00f4i cung c\u1ea5p nhi\u1ec1u l\u1ef1a ch\u1ecdn k\u00edch c\u1ee1. Vui l\u00f2ng \u0111i\u1ec1n v\u00e0o m\u1eabu v\u00e0 cho ch\u00fang t\u00f4i bi\u1ebft th\u00f4ng s\u1ed1 k\u1ef9 thu\u1eadt c\u1ee7a s\u1ea3n ph\u1ea9m may m\u1eb7c ho\u1eb7c v\u1ea3i lanh c\u1ee7a b\u1ea1n.<\/p>\n<h2 data-start=\"1536\" data-end=\"1561\">B\u1ea3ng (Th\u00f4ng s\u1ed1 k\u1ef9 thu\u1eadt)<\/h2>\n<div class=\"_tableContainer_1rjym_1\">\n<div class=\"group _tableWrapper_1rjym_13 flex w-fit flex-col-reverse\" tabindex=\"-1\">\n<table class=\"w-fit min-w-(--thread-content-width)\" data-start=\"1563\" data-end=\"3688\">\n<thead data-start=\"1563\" data-end=\"1713\">\n<tr data-start=\"1563\" data-end=\"1713\">\n<th data-start=\"1563\" data-end=\"1585\" data-col-size=\"sm\">Lo\u1ea1i<\/th>\n<th data-start=\"1585\" data-end=\"1607\" data-col-size=\"sm\">Tham s\u1ed1<\/th>\n<th data-start=\"1607\" data-end=\"1713\" data-col-size=\"lg\">Gi\u00e1 tr\u1ecb<\/th>\n<\/tr>\n<\/thead>\n<tbody data-start=\"1865\" data-end=\"3688\">\n<tr data-start=\"1865\" data-end=\"2015\">\n<td data-start=\"1865\" data-end=\"1887\" data-col-size=\"sm\">S\u1ea3n ph\u1ea9m<\/td>\n<td data-col-size=\"sm\" data-start=\"1887\" data-end=\"1909\">T\u00ean s\u1ea3n ph\u1ea9m<\/td>\n<td data-col-size=\"lg\" data-start=\"1909\" data-end=\"2015\">May Th\u1ebb gi\u1eb7t UHF RFID d\u1ec7t may c\u00f3 th\u1ec3 gi\u1eb7t \u0111\u01b0\u1ee3c<\/td>\n<\/tr>\n<tr data-start=\"2016\" data-end=\"2165\">\n<td data-start=\"2016\" data-end=\"2038\" data-col-size=\"sm\">Nguy\u00ean v\u1eadt li\u1ec7u<\/td>\n<td data-col-size=\"sm\" data-start=\"2038\" data-end=\"2060\">V\u1eadt li\u1ec7u<\/td>\n<td data-col-size=\"lg\" data-start=\"2060\" data-end=\"2165\">V\u1ea3i\/D\u1ec7t, Keo d\u00e1n s\u1eaft, Ki\u1ec3u may, L\u1ed7 kim lo\u1ea1i, v.v.<\/td>\n<\/tr>\n<tr data-start=\"2166\" data-end=\"2316\">\n<td data-start=\"2166\" data-end=\"2188\" data-col-size=\"sm\">RFID<\/td>\n<td data-col-size=\"sm\" data-start=\"2188\" data-end=\"2210\">M\u00f4 h\u00ecnh chip<\/td>\n<td data-col-size=\"lg\" data-start=\"2210\" data-end=\"2316\">NXP UCODE\u00ae 9<\/td>\n<\/tr>\n<tr data-start=\"2317\" data-end=\"2467\">\n<td data-start=\"2317\" data-end=\"2339\" data-col-size=\"sm\"><\/td>\n<td data-col-size=\"sm\" data-start=\"2339\" data-end=\"2361\">K\u00fd \u1ee9c<\/td>\n<td data-col-size=\"lg\" data-start=\"2361\" data-end=\"2467\">EPC: 96 bit<\/td>\n<\/tr>\n<tr data-start=\"2468\" data-end=\"2618\">\n<td data-start=\"2468\" data-end=\"2490\" data-col-size=\"sm\"><\/td>\n<td data-col-size=\"sm\" data-start=\"2490\" data-end=\"2512\">Giao th\u1ee9c<\/td>\n<td data-col-size=\"lg\" data-start=\"2512\" data-end=\"2618\">EPC C1 G2<\/td>\n<\/tr>\n<tr data-start=\"2619\" data-end=\"2770\">\n<td data-start=\"2619\" data-end=\"2641\" data-col-size=\"sm\">Thu\u1ed9c v\u1eadt ch\u1ea5t<\/td>\n<td data-col-size=\"sm\" data-start=\"2641\" data-end=\"2663\">K\u00edch c\u1ee1<\/td>\n<td data-col-size=\"lg\" data-start=\"2663\" data-end=\"2770\">70\u00d715 mm<\/td>\n<\/tr>\n<tr data-start=\"2771\" data-end=\"2921\">\n<td data-start=\"2771\" data-end=\"2793\" data-col-size=\"sm\"><\/td>\n<td data-col-size=\"sm\" data-start=\"2793\" data-end=\"2815\">K\u00edch th\u01b0\u1edbc kh\u00e1c<\/td>\n<td data-col-size=\"lg\" data-start=\"2815\" data-end=\"2921\">86\u00d716 mm; 50\u00d720 mm; 72\u00d716 mm; 35\u00d715 mm, v.v.<\/td>\n<\/tr>\n<tr data-start=\"2922\" data-end=\"3072\">\n<td data-start=\"2922\" data-end=\"2944\" data-col-size=\"sm\">V\u1ebb b\u1ec1 ngo\u00e0i<\/td>\n<td data-col-size=\"sm\" data-start=\"2944\" data-end=\"2966\">M\u00e0u s\u1eafc<\/td>\n<td data-col-size=\"lg\" data-start=\"2966\" data-end=\"3072\">Tr\u1eafng<\/td>\n<\/tr>\n<tr data-start=\"3073\" data-end=\"3223\">\n<td data-start=\"3073\" data-end=\"3095\" data-col-size=\"sm\">\u0110\u1ed9 b\u1ec1n<\/td>\n<td data-col-size=\"sm\" data-start=\"3095\" data-end=\"3117\">Th\u1eddi gian l\u00e0m vi\u1ec7c<\/td>\n<td data-col-size=\"lg\" data-start=\"3117\" data-end=\"3223\">Trung b\u00ecnh 200 chu k\u1ef3; m\u1ed9t s\u1ed1 m\u1eabu &gt;300 chu k\u1ef3<\/td>\n<\/tr>\n<tr data-start=\"3224\" data-end=\"3375\">\n<td data-start=\"3224\" data-end=\"3246\" data-col-size=\"sm\">M\u00f4i tr\u01b0\u1eddng<\/td>\n<td data-start=\"3246\" data-end=\"3270\" data-col-size=\"sm\">Nhi\u1ec7t \u0111\u1ed9 ho\u1ea1t \u0111\u1ed9ng<\/td>\n<td data-col-size=\"lg\" data-start=\"3270\" data-end=\"3375\">\u221225 \u2103 \u0111\u1ebfn +150 \u2103<\/td>\n<\/tr>\n<tr data-start=\"3376\" data-end=\"3526\">\n<td data-start=\"3376\" data-end=\"3398\" data-col-size=\"sm\">Hi\u1ec7u su\u1ea5t<\/td>\n<td data-col-size=\"sm\" data-start=\"3398\" data-end=\"3420\">Kho\u1ea3ng c\u00e1ch \u0111\u1ecdc<\/td>\n<td data-col-size=\"lg\" data-start=\"3420\" data-end=\"3526\">5\u201310 m<\/td>\n<\/tr>\n<tr data-start=\"3527\" data-end=\"3688\">\n<td data-start=\"3527\" data-end=\"3549\" data-col-size=\"sm\">C\u00e1ch s\u1eed d\u1ee5ng<\/td>\n<td data-col-size=\"sm\" data-start=\"3549\" data-end=\"3571\">\u1ee8ng d\u1ee5ng<\/td>\n<td data-col-size=\"lg\" data-start=\"3571\" data-end=\"3688\">Gi\u1ea3i ph\u00e1p gi\u1eb7t l\u00e0, c\u1eeda h\u00e0ng gi\u1eb7t l\u00e0, gi\u1eb7t l\u00e0 c\u00f4ng nghi\u1ec7p, qu\u1ea3n l\u00fd v\u1ea3i kh\u00e1ch s\u1ea1n, qu\u1ea3n l\u00fd si\u00eau th\u1ecb\/c\u1eeda h\u00e0ng v\u1ea3i, v.v.<\/td>\n<\/tr>\n<\/tbody>\n<\/table>\n<\/div>\n<\/div>","protected":false},"excerpt":{"rendered":"<p>Th\u1ebb RFID d\u1ec7t UHF c\u00f3 th\u1ec3 may v\u00e0 gi\u1eb7t \u0111\u01b0\u1ee3c d\u00e0nh cho v\u1ea3i lanh v\u00e0 \u0111\u1ed3ng ph\u1ee5c\u2014ch\u1ed1ng th\u1ea5m n\u01b0\u1edbc, ch\u1ecbu nhi\u1ec7t, ph\u1ea1m vi \u0111\u1ecdc 5\u201310 m v\u00e0 \u0111\u1ed9 b\u1ec1n sau h\u01a1n 200 l\u1ea7n gi\u1eb7t d\u00e0nh cho d\u1ecbch v\u1ee5 gi\u1eb7t l\u00e0 c\u00f4ng nghi\u1ec7p.<\/p>","protected":false},"featured_media":707,"template":"","meta":{"_gspb_post_css":""},"product_brand":[],"product_cat":[17,18],"product_tag":[],"class_list":{"0":"post-706","1":"product","2":"type-product","3":"status-publish","4":"has-post-thumbnail","6":"product_cat-rfid-laundry-tags","7":"product_cat-textile-rfid-laundry-tags","9":"first","10":"instock","11":"shipping-taxable","12":"purchasable","13":"product-type-simple"},"_links":{"self":[{"href":"https:\/\/www.cxjsmartcard.com\/vi\/wp-json\/wp\/v2\/product\/706","targetHints":{"allow":["GET"]}}],"collection":[{"href":"https:\/\/www.cxjsmartcard.com\/vi\/wp-json\/wp\/v2\/product"}],"about":[{"href":"https:\/\/www.cxjsmartcard.com\/vi\/wp-json\/wp\/v2\/types\/product"}],"wp:featuredmedia":[{"embeddable":true,"href":"https:\/\/www.cxjsmartcard.com\/vi\/wp-json\/wp\/v2\/media\/707"}],"wp:attachment":[{"href":"https:\/\/www.cxjsmartcard.com\/vi\/wp-json\/wp\/v2\/media?parent=706"}],"wp:term":[{"taxonomy":"product_brand","embeddable":true,"href":"https:\/\/www.cxjsmartcard.com\/vi\/wp-json\/wp\/v2\/product_brand?post=706"},{"taxonomy":"product_cat","embeddable":true,"href":"https:\/\/www.cxjsmartcard.com\/vi\/wp-json\/wp\/v2\/product_cat?post=706"},{"taxonomy":"product_tag","embeddable":true,"href":"https:\/\/www.cxjsmartcard.com\/vi\/wp-json\/wp\/v2\/product_tag?post=706"}],"curies":[{"name":"trang web","href":"https:\/\/api.w.org\/{rel}","templated":true}]}}