{"id":701,"date":"2025-11-03T06:44:06","date_gmt":"2025-11-03T06:44:06","guid":{"rendered":"https:\/\/www.cxjsmartcard.com\/?post_type=product&#038;p=701"},"modified":"2025-12-29T01:27:11","modified_gmt":"2025-12-29T01:27:11","slug":"textile-washable-waterproof-uhf-rfid-laundry-tags","status":"publish","type":"product","link":"https:\/\/www.cxjsmartcard.com\/vi\/textile-washable-waterproof-uhf-rfid-laundry-tags\/","title":{"rendered":"Th\u1ebb gi\u1eb7t \u1ee7i UHF RFID ch\u1ed1ng n\u01b0\u1edbc c\u00f3 th\u1ec3 gi\u1eb7t \u0111\u01b0\u1ee3c b\u1eb1ng v\u1ea3i"},"content":{"rendered":"<p data-start=\"141\" data-end=\"525\">Th\u1ebb gi\u1eb7t \u1ee7i UHF RFID ch\u1ed1ng n\u01b0\u1edbc, c\u00f3 th\u1ec3 gi\u1eb7t \u0111\u01b0\u1ee3c b\u1eb1ng v\u1ea3i l\u00e0 lo\u1ea1i th\u1ebb kh\u00f4ng th\u1ec3 chuy\u1ec3n nh\u01b0\u1ee3ng, c\u00f3 l\u1edbp l\u00f3t RFID \u0111\u01b0\u1ee3c ni\u00eam phong ch\u1eafc ch\u1eafn b\u00ean trong, gi\u00fap l\u01b0u tr\u1eef v\u00e0 truy\u1ec1n d\u1eef li\u1ec7u \u0111\u00e1ng tin c\u1eady. Th\u1ebb c\u00f3 kh\u1ea3 n\u0103ng ch\u1ecbu nhi\u1ec7t \u0111\u1ed9 cao v\u00e0 m\u00f4i tr\u01b0\u1eddng kh\u1eafc nghi\u1ec7t. Th\u1ebb \u0111\u1eb7c bi\u1ec7t \u0111\u01b0\u1ee3c s\u1eed d\u1ee5ng trong qu\u1ea3n l\u00fd \u0111\u1ed3 v\u1ea3i v\u00e0 chu\u1ed7i c\u1eeda h\u00e0ng gi\u1eb7t \u1ee7i. Th\u1ebb c\u00f3 nhi\u1ec1u k\u00edch c\u1ee1 kh\u00e1c nhau v\u00e0 c\u00f3 th\u1ec3 \u0111\u01b0\u1ee3c g\u1eafn b\u1eb1ng c\u00e1ch kh\u00e2u, d\u00e1n, ghim ho\u1eb7c bu\u1ed9c.<\/p>\n<p data-start=\"527\" data-end=\"541\"><strong data-start=\"527\" data-end=\"539\">\u0110\u1eb7c tr\u01b0ng<\/strong><\/p>\n<ol data-start=\"542\" data-end=\"899\">\n<li data-start=\"542\" data-end=\"602\">\n<p data-start=\"545\" data-end=\"602\">C\u00f4ng ngh\u1ec7 UHF c\u00f3 th\u1ec3 \u0111\u1ecdc h\u00e0ng tr\u0103m th\u1ebb c\u00f9ng l\u00fac.<\/p>\n<\/li>\n<li data-start=\"603\" data-end=\"642\">\n<p data-start=\"606\" data-end=\"642\">Kho\u1ea3ng c\u00e1ch \u0111\u1ecdc xa h\u01a1n 8 feet.<\/p>\n<\/li>\n<li data-start=\"643\" data-end=\"711\">\n<p data-start=\"646\" data-end=\"711\">Thi\u1ebft k\u1ebf c\u01a1 h\u1ecdc m\u1edbi gi\u00fap c\u1ea3i thi\u1ec7n hi\u1ec7u su\u1ea5t gi\u1eb7t v\u1ea3i ph\u1eb3ng.<\/p>\n<\/li>\n<li data-start=\"712\" data-end=\"768\">\n<p data-start=\"715\" data-end=\"768\">Ph\u00f9 h\u1ee3p v\u1edbi m\u00e1y h\u00fat \u00e1p su\u1ea5t cao l\u00ean t\u1edbi 60 bar.<\/p>\n<\/li>\n<li data-start=\"769\" data-end=\"811\">\n<p data-start=\"772\" data-end=\"811\">Th\u00edch h\u1ee3p \u0111\u1ec3 ti\u1ec7t tr\u00f9ng b\u1eb1ng l\u00f2 h\u1ea5p.<\/p>\n<\/li>\n<li data-start=\"812\" data-end=\"899\">\n<p data-start=\"815\" data-end=\"899\">Ch\u1ea5t li\u1ec7u nh\u1ecf, m\u1ec1m, d\u1ebbo, l\u00fd t\u01b0\u1edfng cho h\u00e0ng d\u1ec7t may, v\u1ea3i lanh, qu\u1ea7n \u00e1o v\u00e0 ph\u1ee5 ki\u1ec7n.<\/p>\n<\/li>\n<\/ol>\n<p data-start=\"901\" data-end=\"1018\"><strong data-start=\"901\" data-end=\"925\">\u1ee8ng d\u1ee5ng kinh doanh<\/strong><br data-start=\"925\" data-end=\"928\" \/>L\u0129nh v\u1ef1c \u1ee9ng d\u1ee5ng: Ph\u00f2ng gi\u1eb7t l\u00e0, kh\u00e1ch s\u1ea1n, tr\u01b0\u1eddng h\u1ecdc, ki\u1ec3m so\u00e1t ch\u1ea5t l\u01b0\u1ee3ng, qu\u1ea3n l\u00fd h\u00e0ng t\u1ed3n kho, v.v.<\/p>\n<p data-start=\"1020\" data-end=\"1050\"><strong data-start=\"1020\" data-end=\"1048\">L\u00e0m th\u1ebf n\u00e0o \u0111\u1ec3 c\u00e0i \u0111\u1eb7t th\u1ebb?<\/strong><\/p>\n<ol data-start=\"1051\" data-end=\"1195\">\n<li data-start=\"1051\" data-end=\"1109\">\n<p data-start=\"1054\" data-end=\"1109\">Tr\u00e1nh xa \u0103ng-ten v\u00e0 l\u1eafp b\u1eb1ng c\u00e1ch kh\u00e2u c\u1ea3 hai \u0111\u1ea7u.<\/p>\n<\/li>\n<li data-start=\"1110\" data-end=\"1195\">\n<p data-start=\"1113\" data-end=\"1195\">L\u1eafp \u0111\u1eb7t b\u1eb1ng c\u00e1ch \u1ee7i \u1edf nhi\u1ec7t \u0111\u1ed9 cao 210 \u0111\u1ed9 C trong 15 gi\u00e2y.<\/p>\n<\/li>\n<\/ol>\n<p data-start=\"1197\" data-end=\"1534\"><strong data-start=\"1197\" data-end=\"1249\">T\u1ea1i sao n\u00ean s\u1eed d\u1ee5ng th\u1ebb gi\u1eb7t l\u00e0 RFID trong gi\u1eb7t l\u00e0 c\u00f4ng nghi\u1ec7p?<\/strong><br data-start=\"1249\" data-end=\"1252\" \/>Th\u1ebb gi\u1eb7t \u1ee7i RFID mang l\u1ea1i s\u1ef1 t\u1ef1 \u0111\u1ed9ng h\u00f3a cho c\u00e1c ho\u1ea1t \u0111\u1ed9ng gi\u1eb7t \u1ee7i kh\u1ed1i l\u01b0\u1ee3ng l\u1edbn, gi\u1ea3m thi\u1ec3u lao \u0111\u1ed9ng th\u1ee7 c\u00f4ng v\u00e0 sai s\u00f3t c\u1ee7a con ng\u01b0\u1eddi. \u0110\u01b0\u1ee3c thi\u1ebft k\u1ebf cho c\u00e1c ti\u1ec7m gi\u1eb7t \u1ee7i th\u01b0\u01a1ng m\u1ea1i, \u0111\u1ed3ng ph\u1ee5c y t\u1ebf v\u00e0 kh\u0103n tr\u1ea3i gi\u01b0\u1eddng b\u1ec7nh vi\u1ec7n, nh\u1eefng th\u1ebb n\u00e0y gi\u00fap \u0111\u01a1n gi\u1ea3n h\u00f3a vi\u1ec7c theo d\u00f5i v\u00e0 qu\u1ea3n l\u00fd b\u1eb1ng c\u00e1ch cho ph\u00e9p truy\u1ec1n d\u1eef li\u1ec7u li\u1ec1n m\u1ea1ch \u0111\u1ebfn \u0111\u1ea7u \u0111\u1ecdc RFID.<\/p>\n<p data-start=\"1536\" data-end=\"1716\"><strong data-start=\"1536\" data-end=\"1568\">C\u00e2u h\u1ecfi th\u01b0\u1eddng g\u1eb7p v\u1ec1 th\u1ebb gi\u1eb7t \u1ee7i RFID<\/strong><br data-start=\"1568\" data-end=\"1571\" \/><strong data-start=\"1571\" data-end=\"1577\">H\u1ecfi:<\/strong> Nh\u1eefng th\u1ebb n\u00e0y c\u00f3 th\u1ec3 ch\u1ecbu \u0111\u01b0\u1ee3c m\u00e1y s\u1ea5y c\u00f4ng nghi\u1ec7p kh\u00f4ng?<br data-start=\"1619\" data-end=\"1622\" \/><strong data-start=\"1622\" data-end=\"1628\">M\u1ed8T:<\/strong> C\u00f3, th\u1ebb RFID UHF c\u00f3 th\u1ec3 gi\u1eb7t \u0111\u01b0\u1ee3c n\u00e0y \u0111\u01b0\u1ee3c thi\u1ebft k\u1ebf \u0111\u1ec3 ch\u1ecbu \u0111\u01b0\u1ee3c nhi\u1ec7t \u0111\u1ed9 v\u00e0 \u00e1p su\u1ea5t cao.<\/p>\n<p data-start=\"1718\" data-end=\"1834\"><strong data-start=\"1718\" data-end=\"1724\">H\u1ecfi:<\/strong> \u0110\u1ea7u \u0111\u1ecdc RFID n\u00e0o t\u01b0\u01a1ng th\u00edch?<br data-start=\"1758\" data-end=\"1761\" \/><strong data-start=\"1761\" data-end=\"1767\">M\u1ed8T:<\/strong> B\u1ea5t k\u1ef3 tr\u00ecnh \u0111\u1ecdc n\u00e0o h\u1ed7 tr\u1ee3 ti\u00eau chu\u1ea9n ISO 18000-6C ho\u1eb7c EPC Class1 Gen2.<\/p>\n<p data-start=\"1836\" data-end=\"2028\"><strong data-start=\"1836\" data-end=\"1842\">H\u1ecfi:<\/strong> L\u00e0m th\u1ebf n\u00e0o \u0111\u1ec3 t\u00edch h\u1ee3p ch\u00fang v\u00e0o h\u1ec7 th\u1ed1ng hi\u1ec7n t\u1ea1i c\u1ee7a t\u00f4i?<br data-start=\"1890\" data-end=\"1893\" \/><strong data-start=\"1893\" data-end=\"1899\">M\u1ed8T:<\/strong> Ch\u00fang t\u00f4i cung c\u1ea5p h\u1ed7 tr\u1ee3 k\u1ef9 thu\u1eadt \u0111\u1ea7y \u0111\u1ee7. Vui l\u00f2ng \u0111i\u1ec1n v\u00e0o m\u1eabu b\u00ean d\u01b0\u1edbi v\u00e0 cho ch\u00fang t\u00f4i bi\u1ebft lo\u1ea1i \u0111\u1ea7u \u0111\u1ecdc ho\u1eb7c \u0103ng-ten b\u1ea1n c\u1ea7n.<\/p>\n<p data-start=\"2030\" data-end=\"2188\"><strong data-start=\"2030\" data-end=\"2038\">\u7b80\u8981\u63cf\u8ff0<\/strong><br data-start=\"2038\" data-end=\"2041\" \/>Th\u1ebb gi\u1eb7t \u1ee7i UHF RFID b\u1ec1n b\u1ec9 d\u00e0nh cho h\u00e0ng d\u1ec7t may. Ch\u1ed1ng th\u1ea5m n\u01b0\u1edbc, c\u00f3 th\u1ec3 gi\u1eb7t v\u00e0 t\u1ea7m ho\u1ea1t \u0111\u1ed9ng xa\u2014l\u00fd t\u01b0\u1edfng cho vi\u1ec7c theo d\u00f5i v\u00e0 qu\u1ea3n l\u00fd gi\u1eb7t \u1ee7i c\u00f4ng nghi\u1ec7p.<\/p>\n<h2 data-start=\"2190\" data-end=\"2215\">B\u1ea3ng (Th\u00f4ng s\u1ed1 k\u1ef9 thu\u1eadt)<\/h2>\n<div class=\"_tableContainer_1rjym_1\">\n<div class=\"group _tableWrapper_1rjym_13 flex w-fit flex-col-reverse\" tabindex=\"-1\">\n<table class=\"w-fit min-w-(--thread-content-width)\" data-start=\"2217\" data-end=\"4716\">\n<thead data-start=\"2217\" data-end=\"2341\">\n<tr data-start=\"2217\" data-end=\"2341\">\n<th data-start=\"2217\" data-end=\"2242\" data-col-size=\"sm\">Lo\u1ea1i<\/th>\n<th data-start=\"2242\" data-end=\"2268\" data-col-size=\"sm\">Tham s\u1ed1<\/th>\n<th data-start=\"2268\" data-end=\"2341\" data-col-size=\"md\">Gi\u00e1 tr\u1ecb<\/th>\n<\/tr>\n<\/thead>\n<tbody data-start=\"2467\" data-end=\"4716\">\n<tr data-start=\"2467\" data-end=\"2591\">\n<td data-start=\"2467\" data-end=\"2492\" data-col-size=\"sm\">Th\u00f4ng s\u1ed1 v\u1eadt l\u00fd<\/td>\n<td data-col-size=\"sm\" data-start=\"2492\" data-end=\"2518\">K\u00edch th\u01b0\u1edbc s\u1ea3n ph\u1ea9m<\/td>\n<td data-col-size=\"md\" data-start=\"2518\" data-end=\"2591\">55\u00d710\u00d72,2 mm; 70\u00d715\u00d71,5 mm; v.v.<\/td>\n<\/tr>\n<tr data-start=\"2592\" data-end=\"2716\">\n<td data-start=\"2592\" data-end=\"2617\" data-col-size=\"sm\"><\/td>\n<td data-start=\"2617\" data-end=\"2643\" data-col-size=\"sm\">Nguy\u00ean v\u1eadt li\u1ec7u<\/td>\n<td data-col-size=\"md\" data-start=\"2643\" data-end=\"2716\">Polyester 100%<\/td>\n<\/tr>\n<tr data-start=\"2717\" data-end=\"2841\">\n<td data-start=\"2717\" data-end=\"2742\" data-col-size=\"sm\"><\/td>\n<td data-col-size=\"sm\" data-start=\"2742\" data-end=\"2768\">M\u00e0u s\u1eafc<\/td>\n<td data-col-size=\"md\" data-start=\"2768\" data-end=\"2841\">Xanh lam, tr\u1eafng (t\u00f9y ch\u1ec9nh c\u00e1c m\u00e0u kh\u00e1c)<\/td>\n<\/tr>\n<tr data-start=\"2842\" data-end=\"2966\">\n<td data-start=\"2842\" data-end=\"2867\" data-col-size=\"sm\"><\/td>\n<td data-col-size=\"sm\" data-start=\"2867\" data-end=\"2893\">Th\u1ee7 c\u00f4ng<\/td>\n<td data-col-size=\"md\" data-start=\"2893\" data-end=\"2966\">In logo, in s\u1ed1 laser<\/td>\n<\/tr>\n<tr data-start=\"2967\" data-end=\"3091\">\n<td data-start=\"2967\" data-end=\"2992\" data-col-size=\"sm\">M\u00f4i tr\u01b0\u1eddng<\/td>\n<td data-col-size=\"sm\" data-start=\"2992\" data-end=\"3018\">Nhi\u1ec7t \u0111\u1ed9 l\u00e0m vi\u1ec7c<\/td>\n<td data-col-size=\"md\" data-start=\"3018\" data-end=\"3091\">\u221240 ~ +160 \u00b0C (160 \u00b0C \/ 20 ph\u00fat)<\/td>\n<\/tr>\n<tr data-start=\"3092\" data-end=\"3216\">\n<td data-start=\"3092\" data-end=\"3117\" data-col-size=\"sm\"><\/td>\n<td data-start=\"3117\" data-end=\"3143\" data-col-size=\"sm\">Nhi\u1ec7t \u0111\u1ed9 l\u01b0u tr\u1eef<\/td>\n<td data-col-size=\"md\" data-start=\"3143\" data-end=\"3216\">\u221240 ~ +160 \u00b0C (160 \u00b0C \/ 20 ph\u00fat)<\/td>\n<\/tr>\n<tr data-start=\"3217\" data-end=\"3341\">\n<td data-start=\"3217\" data-end=\"3242\" data-col-size=\"sm\">K\u1ef9 thu\u1eadt<\/td>\n<td data-col-size=\"sm\" data-start=\"3242\" data-end=\"3268\">T\u1ea7n s\u1ed1 l\u00e0m vi\u1ec7c<\/td>\n<td data-col-size=\"md\" data-start=\"3268\" data-end=\"3341\">840 ~ 960 MHz<\/td>\n<\/tr>\n<tr data-start=\"3342\" data-end=\"3466\">\n<td data-start=\"3342\" data-end=\"3367\" data-col-size=\"sm\"><\/td>\n<td data-col-size=\"sm\" data-start=\"3367\" data-end=\"3393\">Chip<\/td>\n<td data-col-size=\"md\" data-start=\"3393\" data-end=\"3466\">NXP U M\u00c3 9<\/td>\n<\/tr>\n<tr data-start=\"3467\" data-end=\"3591\">\n<td data-start=\"3467\" data-end=\"3492\" data-col-size=\"sm\"><\/td>\n<td data-col-size=\"sm\" data-start=\"3492\" data-end=\"3518\">Giao th\u1ee9c<\/td>\n<td data-col-size=\"md\" data-start=\"3518\" data-end=\"3591\">ISO18000-6C, EPC L\u1edbp th\u1ebf h\u1ec7 2<\/td>\n<\/tr>\n<tr data-start=\"3592\" data-end=\"3716\">\n<td data-start=\"3592\" data-end=\"3617\" data-col-size=\"sm\"><\/td>\n<td data-col-size=\"sm\" data-start=\"3617\" data-end=\"3643\">Su\u1ed1t \u0111\u1eddi<\/td>\n<td data-col-size=\"md\" data-start=\"3643\" data-end=\"3716\">Gi\u1eb7t b\u00ecnh th\u01b0\u1eddng 200 l\u1ea7n<\/td>\n<\/tr>\n<tr data-start=\"3717\" data-end=\"3841\">\n<td data-start=\"3717\" data-end=\"3742\" data-col-size=\"sm\"><\/td>\n<td data-col-size=\"sm\" data-start=\"3742\" data-end=\"3768\">Ph\u1ea1m vi \u0111\u1ecdc<\/td>\n<td data-col-size=\"md\" data-start=\"3768\" data-end=\"3841\">10 ph\u00fat<\/td>\n<\/tr>\n<tr data-start=\"3842\" data-end=\"3966\">\n<td data-start=\"3842\" data-end=\"3867\" data-col-size=\"sm\">Hi\u1ec7u su\u1ea5t\/X\u1eed l\u00fd<\/td>\n<td data-start=\"3867\" data-end=\"3893\" data-col-size=\"sm\">\u0110\u1ecdc \u0111\u1ed3ng th\u1eddi<\/td>\n<td data-start=\"3893\" data-end=\"3966\" data-col-size=\"md\">H\u00e0ng tr\u0103m th\u1ebb (UHF)<\/td>\n<\/tr>\n<tr data-start=\"3967\" data-end=\"4091\">\n<td data-start=\"3967\" data-end=\"3992\" data-col-size=\"sm\"><\/td>\n<td data-col-size=\"sm\" data-start=\"3992\" data-end=\"4018\">Kh\u1ea3 n\u0103ng t\u01b0\u01a1ng th\u00edch c\u1ee7a tr\u00ecnh tr\u00edch xu\u1ea5t<\/td>\n<td data-col-size=\"md\" data-start=\"4018\" data-end=\"4091\">M\u00e1y h\u00fat \u00e1p su\u1ea5t cao l\u00ean \u0111\u1ebfn 60 bar<\/td>\n<\/tr>\n<tr data-start=\"4092\" data-end=\"4216\">\n<td data-start=\"4092\" data-end=\"4117\" data-col-size=\"sm\"><\/td>\n<td data-col-size=\"sm\" data-start=\"4117\" data-end=\"4143\">Kh\u1eed tr\u00f9ng<\/td>\n<td data-col-size=\"md\" data-start=\"4143\" data-end=\"4216\">Th\u00edch h\u1ee3p cho l\u00f2 h\u1ea5p<\/td>\n<\/tr>\n<tr data-start=\"4217\" data-end=\"4341\">\n<td data-start=\"4217\" data-end=\"4242\" data-col-size=\"sm\">Y\u1ebfu t\u1ed1 h\u00ecnh th\u1ee9c<\/td>\n<td data-start=\"4242\" data-end=\"4268\" data-col-size=\"sm\">S\u1ef1 thi c\u00f4ng<\/td>\n<td data-col-size=\"md\" data-start=\"4268\" data-end=\"4341\">Nh\u1ecf, m\u1ec1m, linh ho\u1ea1t\u2014l\u00fd t\u01b0\u1edfng cho h\u00e0ng d\u1ec7t may\/v\u1ea3i lanh\/qu\u1ea7n \u00e1o\/ph\u1ee5 ki\u1ec7n<\/td>\n<\/tr>\n<tr data-start=\"4342\" data-end=\"4466\">\n<td data-start=\"4342\" data-end=\"4367\" data-col-size=\"sm\">C\u00e0i \u0111\u1eb7t<\/td>\n<td data-start=\"4367\" data-end=\"4393\" data-col-size=\"sm\">May v\u00e1<\/td>\n<td data-col-size=\"md\" data-start=\"4393\" data-end=\"4466\">May c\u1ea3 hai \u0111\u1ea7u; tr\u00e1nh \u0103ng-ten<\/td>\n<\/tr>\n<tr data-start=\"4467\" data-end=\"4591\">\n<td data-start=\"4467\" data-end=\"4492\" data-col-size=\"sm\"><\/td>\n<td data-start=\"4492\" data-end=\"4518\" data-col-size=\"sm\">M\u00e1y \u00e9p nhi\u1ec7t<\/td>\n<td data-start=\"4518\" data-end=\"4591\" data-col-size=\"md\">\u1ee6i \u1edf nhi\u1ec7t \u0111\u1ed9 210 \u00b0C trong 15 gi\u00e2y<\/td>\n<\/tr>\n<tr data-start=\"4592\" data-end=\"4716\">\n<td data-start=\"4592\" data-end=\"4617\" data-col-size=\"sm\">\u1ee8ng d\u1ee5ng<\/td>\n<td data-col-size=\"sm\" data-start=\"4617\" data-end=\"4643\">C\u00e1c tr\u01b0\u1eddng h\u1ee3p s\u1eed d\u1ee5ng \u0111i\u1ec3n h\u00ecnh<\/td>\n<td data-col-size=\"md\" data-start=\"4643\" data-end=\"4716\">Ph\u00f2ng gi\u1eb7t l\u00e0, kh\u00e1ch s\u1ea1n, tr\u01b0\u1eddng h\u1ecdc, ki\u1ec3m so\u00e1t ch\u1ea5t l\u01b0\u1ee3ng, qu\u1ea3n l\u00fd h\u00e0ng t\u1ed3n kho<\/td>\n<\/tr>\n<\/tbody>\n<\/table>\n<\/div>\n<\/div>","protected":false},"excerpt":{"rendered":"<p>Th\u1ebb gi\u1eb7t UHF RFID b\u1ec1n, c\u00f3 th\u1ec3 gi\u1eb7t v\u00e0 ch\u1ed1ng th\u1ea5m n\u01b0\u1edbc d\u00e0nh cho v\u1ea3i v\u00e0 v\u1ea3i lanh, c\u00f3 ph\u1ea1m vi \u0111\u1ecdc xa, ch\u1ecbu \u0111\u01b0\u1ee3c nhi\u1ec7t \u0111\u1ed9 cao v\u00e0 h\u1ed7 tr\u1ee3 cho m\u00e1y h\u1ea5p ti\u1ec7t tr\u00f9ng v\u00e0 m\u00e1y chi\u1ebft xu\u1ea5t 60 bar.<\/p>","protected":false},"featured_media":702,"template":"","meta":{"_gspb_post_css":""},"product_brand":[],"product_cat":[17,18],"product_tag":[],"class_list":{"0":"post-701","1":"product","2":"type-product","3":"status-publish","4":"has-post-thumbnail","6":"product_cat-rfid-laundry-tags","7":"product_cat-textile-rfid-laundry-tags","9":"first","10":"instock","11":"shipping-taxable","12":"purchasable","13":"product-type-simple"},"_links":{"self":[{"href":"https:\/\/www.cxjsmartcard.com\/vi\/wp-json\/wp\/v2\/product\/701","targetHints":{"allow":["GET"]}}],"collection":[{"href":"https:\/\/www.cxjsmartcard.com\/vi\/wp-json\/wp\/v2\/product"}],"about":[{"href":"https:\/\/www.cxjsmartcard.com\/vi\/wp-json\/wp\/v2\/types\/product"}],"wp:featuredmedia":[{"embeddable":true,"href":"https:\/\/www.cxjsmartcard.com\/vi\/wp-json\/wp\/v2\/media\/702"}],"wp:attachment":[{"href":"https:\/\/www.cxjsmartcard.com\/vi\/wp-json\/wp\/v2\/media?parent=701"}],"wp:term":[{"taxonomy":"product_brand","embeddable":true,"href":"https:\/\/www.cxjsmartcard.com\/vi\/wp-json\/wp\/v2\/product_brand?post=701"},{"taxonomy":"product_cat","embeddable":true,"href":"https:\/\/www.cxjsmartcard.com\/vi\/wp-json\/wp\/v2\/product_cat?post=701"},{"taxonomy":"product_tag","embeddable":true,"href":"https:\/\/www.cxjsmartcard.com\/vi\/wp-json\/wp\/v2\/product_tag?post=701"}],"curies":[{"name":"trang web","href":"https:\/\/api.w.org\/{rel}","templated":true}]}}