{"id":692,"date":"2025-11-02T09:12:58","date_gmt":"2025-11-02T09:12:58","guid":{"rendered":"https:\/\/www.cxjsmartcard.com\/?post_type=product&#038;p=692"},"modified":"2025-12-29T01:27:11","modified_gmt":"2025-12-29T01:27:11","slug":"heating-sealing-uhf-laundry-tag-for-hotel-linen-management","status":"publish","type":"product","link":"https:\/\/www.cxjsmartcard.com\/vi\/heating-sealing-uhf-laundry-tag-for-hotel-linen-management\/","title":{"rendered":"Th\u1ebb gi\u1eb7t \u1ee7i UHF h\u00e0n k\u00edn nhi\u1ec7t d\u00f9ng cho qu\u1ea3n l\u00fd \u0111\u1ed3 v\u1ea3i kh\u00e1ch s\u1ea1n"},"content":{"rendered":"<p data-start=\"78\" data-end=\"323\">Th\u1ebb gi\u1eb7t UHF m\u1ec1m m\u1ea1i, ch\u1ed1ng th\u1ea5m n\u01b0\u1edbc, \u0111\u01b0\u1ee3c thi\u1ebft k\u1ebf \u0111\u1ec3 d\u00e1n nhi\u1ec7t ho\u1eb7c may v\u00e0o g\u1ea5u h\u1eb9p c\u1ee7a ga tr\u1ea3i gi\u01b0\u1eddng kh\u00e1ch s\u1ea1n, qu\u1ea7n \u00e1o lao \u0111\u1ed9ng v\u00e0 c\u00e1c lo\u1ea1i v\u1ea3i kh\u00e1c. \u0110\u01b0\u1ee3c thi\u1ebft k\u1ebf \u0111\u1ec3 gi\u1eb7t\/s\u1ea5y \u1edf nhi\u1ec7t \u0111\u1ed9 cao v\u00e0 qu\u00e9t h\u00e0ng lo\u1ea1t nh\u1eb1m c\u1ea3i thi\u1ec7n \u0111\u1ed9 ch\u00ednh x\u00e1c c\u1ee7a h\u00e0ng t\u1ed3n kho v\u00e0 gi\u1ea3m nh\u00e2n c\u00f4ng.<\/p>\n<p data-start=\"325\" data-end=\"341\"><strong data-start=\"325\" data-end=\"341\">C\u00e1c t\u00ednh n\u0103ng ch\u00ednh<\/strong><\/p>\n<ul data-start=\"342\" data-end=\"864\">\n<li data-start=\"342\" data-end=\"394\">\n<p data-start=\"344\" data-end=\"394\">K\u00edch th\u01b0\u1edbc: 55\u00d712 mm, 70\u00d715 mm, 87\u00d717 mm (c\u00f3 th\u1ec3 t\u00f9y ch\u1ec9nh)<\/p>\n<\/li>\n<li data-start=\"395\" data-end=\"419\">\n<p data-start=\"397\" data-end=\"419\">Chip: NXP U8 \/ NXP U9<\/p>\n<\/li>\n<li data-start=\"420\" data-end=\"450\">\n<p data-start=\"422\" data-end=\"450\">T\u1ea7n s\u1ed1: 865\u2013928 MHz (UHF)<\/p>\n<\/li>\n<li data-start=\"451\" data-end=\"501\">\n<p data-start=\"453\" data-end=\"501\">Ch\u1ea5t li\u1ec7u: Polyester; linh ho\u1ea1t cho \u0111\u01b0\u1eddng vi\u1ec1n v\u00e0 \u0111\u01b0\u1eddng may<\/p>\n<\/li>\n<li data-start=\"502\" data-end=\"570\">\n<p data-start=\"504\" data-end=\"570\">Kho\u1ea3ng c\u00e1ch \u0111\u1ecdc: L\u00ean \u0111\u1ebfn 3 m (x\u00e1c minh v\u1edbi ng\u01b0\u1eddi \u0111\u1ecdc v\u00e0 m\u00f4i tr\u01b0\u1eddng xung quanh)<\/p>\n<\/li>\n<li data-start=\"571\" data-end=\"633\">\n<p data-start=\"573\" data-end=\"633\">B\u1ea3o h\u00e0nh: L\u1ea7n gi\u1eb7t \u0111\u1ea7u ti\u00ean trong 200 l\u1ea7n gi\u1eb7t ho\u1eb7c 3 n\u0103m k\u1ec3 t\u1eeb ng\u00e0y giao h\u00e0ng<\/p>\n<\/li>\n<li data-start=\"634\" data-end=\"697\">\n<p data-start=\"636\" data-end=\"697\">Kh\u1ea3 n\u0103ng ch\u1ed1ng h\u00f3a ch\u1ea5t: T\u01b0\u01a1ng th\u00edch v\u1edbi c\u00e1c lo\u1ea1i h\u00f3a ch\u1ea5t gi\u1eb7t t\u1ea9y th\u00f4ng th\u01b0\u1eddng<\/p>\n<\/li>\n<li data-start=\"698\" data-end=\"864\">\n<p data-start=\"700\" data-end=\"864\">L\u1ee3i \u00edch v\u1eadn h\u00e0nh: Cho ph\u00e9p thu th\u1eadp, ph\u00e2n lo\u1ea1i, t\u1ef1 \u0111\u1ed9ng ki\u1ec3m k\u00ea, theo d\u00f5i l\u1ecbch s\u1eed v\u00e0 t\u1ea1o b\u00e1o c\u00e1o nhanh ch\u00f3ng; h\u1ed7 tr\u1ee3 qu\u00e9t h\u00e0ng lo\u1ea1t \u0111\u1ec3 gi\u1ea3m l\u1ed7i v\u00e0 chi ph\u00ed<\/p>\n<\/li>\n<\/ul>\n<p data-start=\"866\" data-end=\"894\"><strong data-start=\"866\" data-end=\"894\">Th\u00f4ng s\u1ed1 k\u1ef9 thu\u1eadt<\/strong><\/p>\n<div class=\"_tableContainer_1rjym_1\">\n<div class=\"group _tableWrapper_1rjym_13 flex w-fit flex-col-reverse\" tabindex=\"-1\">\n<table class=\"w-fit min-w-(--thread-content-width)\" data-start=\"896\" data-end=\"3705\">\n<thead data-start=\"896\" data-end=\"1060\">\n<tr data-start=\"896\" data-end=\"1060\">\n<th data-start=\"896\" data-end=\"921\" data-col-size=\"sm\">M\u1ee5c<\/th>\n<th data-start=\"921\" data-end=\"1060\" data-col-size=\"lg\">Chi ti\u1ebft<\/th>\n<\/tr>\n<\/thead>\n<tbody data-start=\"1226\" data-end=\"3705\">\n<tr data-start=\"1226\" data-end=\"1390\">\n<td data-start=\"1226\" data-end=\"1251\" data-col-size=\"sm\">\u1ee8ng d\u1ee5ng<\/td>\n<td data-col-size=\"lg\" data-start=\"1251\" data-end=\"1390\">Ga tr\u1ea3i gi\u01b0\u1eddng\/v\u1ea3i lanh kh\u00e1ch s\u1ea1n, \u0111\u1ed3 b\u1ea3o h\u1ed9 lao \u0111\u1ed9ng, c\u00e1c s\u1ea3n ph\u1ea9m d\u1ec7t may kh\u00e1c<\/td>\n<\/tr>\n<tr data-start=\"1391\" data-end=\"1555\">\n<td data-start=\"1391\" data-end=\"1416\" data-col-size=\"sm\">T\u00f9y ch\u1ecdn k\u00edch th\u01b0\u1edbc<\/td>\n<td data-col-size=\"lg\" data-start=\"1416\" data-end=\"1555\">55\u00d712 mm, 70\u00d715 mm, 87\u00d717 mm (t\u00f9y ch\u1ec9nh)<\/td>\n<\/tr>\n<tr data-start=\"1556\" data-end=\"1720\">\n<td data-start=\"1556\" data-end=\"1581\" data-col-size=\"sm\">IC \/ Chip<\/td>\n<td data-col-size=\"lg\" data-start=\"1581\" data-end=\"1720\">NXP U8, NXP U9<\/td>\n<\/tr>\n<tr data-start=\"1721\" data-end=\"1885\">\n<td data-start=\"1721\" data-end=\"1746\" data-col-size=\"sm\">T\u1ea7n s\u1ed1 ho\u1ea1t \u0111\u1ed9ng<\/td>\n<td data-start=\"1746\" data-end=\"1885\" data-col-size=\"lg\">865\u2013928 MHz<\/td>\n<\/tr>\n<tr data-start=\"1886\" data-end=\"2050\">\n<td data-start=\"1886\" data-end=\"1911\" data-col-size=\"sm\">V\u1eadt li\u1ec7u th\u1ebb<\/td>\n<td data-col-size=\"lg\" data-start=\"1911\" data-end=\"2050\">Polyester<\/td>\n<\/tr>\n<tr data-start=\"2051\" data-end=\"2215\">\n<td data-start=\"2051\" data-end=\"2076\" data-col-size=\"sm\">Kho\u1ea3ng c\u00e1ch \u0111\u1ecdc<\/td>\n<td data-col-size=\"lg\" data-start=\"2076\" data-end=\"2215\">L\u00ean \u0111\u1ebfn 3 m (l\u00ean \u0111\u1ebfn ~9 ft); ph\u1ea3i \u0111\u01b0\u1ee3c x\u00e1c minh b\u1eb1ng m\u00e1y \u0111\u1ecdc t\u1ea1i ch\u1ed7<\/td>\n<\/tr>\n<tr data-start=\"2216\" data-end=\"2380\">\n<td data-start=\"2216\" data-end=\"2241\" data-col-size=\"sm\">B\u1ea3o h\u00e0nh th\u1ebb<\/td>\n<td data-col-size=\"lg\" data-start=\"2241\" data-end=\"2380\">Chu tr\u00ecnh gi\u1eb7t \u0111\u1ea7u ti\u00ean trong 200 chu tr\u00ecnh gi\u1eb7t <strong data-start=\"2268\" data-end=\"2274\">ho\u1eb7c<\/strong> 3 n\u0103m k\u1ec3 t\u1eeb ng\u00e0y giao h\u00e0ng<\/td>\n<\/tr>\n<tr data-start=\"2381\" data-end=\"2545\">\n<td data-start=\"2381\" data-end=\"2406\" data-col-size=\"sm\">Nhi\u1ec7t \u0111\u1ed9 l\u01b0u tr\u1eef<\/td>\n<td data-start=\"2406\" data-end=\"2545\" data-col-size=\"lg\">\u221240 \u00b0C \u0111\u1ebfn +120 \u00b0C (\u221240 \u00b0F \u0111\u1ebfn +248 \u00b0F)<\/td>\n<\/tr>\n<tr data-start=\"2546\" data-end=\"2710\">\n<td data-start=\"2546\" data-end=\"2571\" data-col-size=\"sm\">Chu tr\u00ecnh gi\u1eb7t<\/td>\n<td data-start=\"2571\" data-end=\"2710\" data-col-size=\"lg\">+90 \u00b0C (+194 \u00b0F) trong 60 ph\u00fat<\/td>\n<\/tr>\n<tr data-start=\"2711\" data-end=\"2875\">\n<td data-start=\"2711\" data-end=\"2736\" data-col-size=\"sm\">S\u1ea5y kh\u00f4<\/td>\n<td data-start=\"2736\" data-end=\"2875\" data-col-size=\"lg\">+180 \u00b0C (+356 \u00b0F) trong 3 ph\u00fat; m\u00e1y \u00e9p kh\u1eed n\u01b0\u1edbc: 35 bar<\/td>\n<\/tr>\n<tr data-start=\"2876\" data-end=\"3040\">\n<td data-start=\"2876\" data-end=\"2901\" data-col-size=\"sm\">Ng\u01b0\u1eddi \u1ee7i \u0111\u1ed3<\/td>\n<td data-col-size=\"lg\" data-start=\"2901\" data-end=\"3040\">+195 \u00b0C (+383 \u00b0F) trong 30 gi\u00e2y, &lt;18 bar; m\u00e1y chi\u1ebft xu\u1ea5t n\u01b0\u1edbc: 60 bar trong 80 gi\u00e2y<\/td>\n<\/tr>\n<tr data-start=\"3041\" data-end=\"3209\">\n<td data-start=\"3041\" data-end=\"3066\" data-col-size=\"sm\">N\u1ed3i h\u1ea5p ti\u1ec7t tr\u00f9ng<\/td>\n<td data-start=\"3066\" data-end=\"3209\" data-col-size=\"lg\">Lo\u1ea1i b\u1ecf kh\u00f4ng kh\u00ed: +100 \u00b0C (+212 \u00b0F), 5 ph\u00fat, 0,1 bar; S\u1ea5y kh\u00f4: +45 \u00b0C (+113 \u00b0F), 15 ph\u00fat, 0,2 bar; Ti\u1ec7t tr\u00f9ng: +134 \u00b0C (+273 \u00b0F), 20 ph\u00fat, 3,25 bar<\/td>\n<\/tr>\n<tr data-start=\"3210\" data-end=\"3375\">\n<td data-start=\"3210\" data-end=\"3235\" data-col-size=\"sm\">Kh\u00e1ng h\u00f3a ch\u1ea5t<\/td>\n<td data-col-size=\"lg\" data-start=\"3235\" data-end=\"3375\">Ch\u1ed1ng l\u1ea1i c\u00e1c h\u00f3a ch\u1ea5t th\u01b0\u1eddng g\u1eb7p trong qu\u00e1 tr\u00ecnh gi\u1eb7t l\u00e0 c\u00f4ng nghi\u1ec7p<\/td>\n<\/tr>\n<tr data-start=\"3376\" data-end=\"3540\">\n<td data-start=\"3376\" data-end=\"3401\" data-col-size=\"sm\">T\u00f9y ch\u1ecdn \u0111\u00f3ng g\u00f3i<\/td>\n<td data-col-size=\"lg\" data-start=\"3401\" data-end=\"3540\">C\u00f3 s\u1eb5n c\u00e1c lo\u1ea1i v\u1ea3i kh\u00f4ng d\u1ec7t\/silicon\/PPS; c\u00f3 th\u1ec3 t\u00f9y ch\u1ec9nh b\u1eb1ng s\u1ed1 s\u00ea-ri, m\u00e3 v\u1ea1ch, m\u00e3 QR<\/td>\n<\/tr>\n<tr data-start=\"3541\" data-end=\"3705\">\n<td data-start=\"3541\" data-end=\"3566\" data-col-size=\"sm\">\u01afu \u0111i\u1ec3m \u0111i\u1ec3n h\u00ecnh<\/td>\n<td data-start=\"3566\" data-end=\"3705\" data-col-size=\"lg\">ID l\u00f4, s\u1eafp x\u1ebfp nhanh h\u01a1n, \u00edt l\u1ed7i h\u01a1n, b\u00e1o c\u00e1o t\u1ef1 \u0111\u1ed9ng, truy xu\u1ea5t l\u1ecbch s\u1eed<\/td>\n<\/tr>\n<\/tbody>\n<\/table>\n<\/div>\n<\/div>","protected":false},"excerpt":{"rendered":"<p>Th\u1ebb gi\u1eb7t UHF RFID ch\u1ed1ng th\u1ea5m n\u01b0\u1edbc, c\u00f3 th\u1ec3 h\u00e0n nhi\u1ec7t d\u00e0nh cho kh\u0103n tr\u1ea3i gi\u01b0\u1eddng v\u00e0 qu\u1ea7n \u00e1o b\u1ea3o h\u1ed9 lao \u0111\u1ed9ng c\u1ee7a kh\u00e1ch s\u1ea1n; 865\u2013928 MHz, NXP U8\/U9, \u0111\u1ecdc \u0111\u01b0\u1ee3c t\u1ed1i \u0111a 3 m, \u0111\u01b0\u1ee3c \u0111\u00e1nh gi\u00e1 cho 200 l\u1ea7n gi\u1eb7t ho\u1eb7c b\u1ea3o h\u00e0nh 3 n\u0103m.<\/p>","protected":false},"featured_media":693,"template":"","meta":{"_gspb_post_css":""},"product_brand":[],"product_cat":[17,18],"product_tag":[],"class_list":{"0":"post-692","1":"product","2":"type-product","3":"status-publish","4":"has-post-thumbnail","6":"product_cat-rfid-laundry-tags","7":"product_cat-textile-rfid-laundry-tags","9":"first","10":"instock","11":"shipping-taxable","12":"purchasable","13":"product-type-simple"},"_links":{"self":[{"href":"https:\/\/www.cxjsmartcard.com\/vi\/wp-json\/wp\/v2\/product\/692","targetHints":{"allow":["GET"]}}],"collection":[{"href":"https:\/\/www.cxjsmartcard.com\/vi\/wp-json\/wp\/v2\/product"}],"about":[{"href":"https:\/\/www.cxjsmartcard.com\/vi\/wp-json\/wp\/v2\/types\/product"}],"wp:featuredmedia":[{"embeddable":true,"href":"https:\/\/www.cxjsmartcard.com\/vi\/wp-json\/wp\/v2\/media\/693"}],"wp:attachment":[{"href":"https:\/\/www.cxjsmartcard.com\/vi\/wp-json\/wp\/v2\/media?parent=692"}],"wp:term":[{"taxonomy":"product_brand","embeddable":true,"href":"https:\/\/www.cxjsmartcard.com\/vi\/wp-json\/wp\/v2\/product_brand?post=692"},{"taxonomy":"product_cat","embeddable":true,"href":"https:\/\/www.cxjsmartcard.com\/vi\/wp-json\/wp\/v2\/product_cat?post=692"},{"taxonomy":"product_tag","embeddable":true,"href":"https:\/\/www.cxjsmartcard.com\/vi\/wp-json\/wp\/v2\/product_tag?post=692"}],"curies":[{"name":"trang web","href":"https:\/\/api.w.org\/{rel}","templated":true}]}}