{"id":677,"date":"2025-11-01T11:10:38","date_gmt":"2025-11-01T11:10:38","guid":{"rendered":"https:\/\/www.cxjsmartcard.com\/?post_type=product&#038;p=677"},"modified":"2025-12-29T01:27:11","modified_gmt":"2025-12-29T01:27:11","slug":"stainless-steel-custom-black-metal-nfc-business-cards","status":"publish","type":"product","link":"https:\/\/www.cxjsmartcard.com\/vi\/stainless-steel-custom-black-metal-nfc-business-cards\/","title":{"rendered":"Danh thi\u1ebfp NFC kim lo\u1ea1i \u0111en t\u00f9y ch\u1ec9nh b\u1eb1ng th\u00e9p kh\u00f4ng g\u1ec9"},"content":{"rendered":"<p data-start=\"60\" data-end=\"422\">Danh thi\u1ebfp NFC b\u1eb1ng th\u00e9p kh\u00f4ng g\u1ec9 d\u00e0nh cho s\u1ef1 ki\u1ec7n, giao l\u01b0u v\u00e0 x\u00e2y d\u1ef1ng th\u01b0\u01a1ng hi\u1ec7u cao c\u1ea5p. \u0110\u01b0\u1ee3c x\u00e2y d\u1ef1ng tr\u00ean chip 13,56 MHz (NTAG213\/215\/216, MIFARE S50\/S70, Ultralight) h\u1ed7 tr\u1ee3 ISO 14443A; b\u1ec1 m\u1eb7t b\u1ec1n b\u1ec9, ch\u1ed1ng n\u01b0\u1edbc v\u00e0 ch\u1ed1ng tr\u1ea7y x\u01b0\u1edbc v\u1edbi l\u1edbp ho\u00e0n thi\u1ec7n v\u00e0 gia c\u00f4ng t\u00f9y ch\u1ec9nh, cho ph\u00e9p chia s\u1ebb ch\u1ec9 c\u1ea7n ch\u1ea1m l\u00e0 k\u1ebft n\u1ed1i ngay l\u1eadp t\u1ee9c.<\/p>\n<p data-start=\"424\" data-end=\"443\"><strong data-start=\"424\" data-end=\"441\">\u0110\u1eb7c \u0111i\u1ec3m k\u1ef9 thu\u1eadt<\/strong><\/p>\n<div class=\"_tableContainer_1rjym_1\">\n<div class=\"group _tableWrapper_1rjym_13 flex w-fit flex-col-reverse\" tabindex=\"-1\">\n<table class=\"w-fit min-w-(--thread-content-width)\" data-start=\"444\" data-end=\"1339\">\n<thead data-start=\"444\" data-end=\"462\">\n<tr data-start=\"444\" data-end=\"462\">\n<th data-start=\"444\" data-end=\"451\" data-col-size=\"sm\">M\u1ee5c<\/th>\n<th data-start=\"451\" data-end=\"462\" data-col-size=\"md\">Chi ti\u1ebft<\/th>\n<\/tr>\n<\/thead>\n<tbody data-start=\"473\" data-end=\"1339\">\n<tr data-start=\"473\" data-end=\"522\">\n<td data-start=\"473\" data-end=\"488\" data-col-size=\"sm\">Lo\u1ea1i s\u1ea3n ph\u1ea9m<\/td>\n<td data-col-size=\"md\" data-start=\"488\" data-end=\"522\">Th\u1ebb NFC kim lo\u1ea1i th\u00e9p kh\u00f4ng g\u1ec9<\/td>\n<\/tr>\n<tr data-start=\"523\" data-end=\"553\">\n<td data-start=\"523\" data-end=\"534\" data-col-size=\"sm\">V\u1eadt li\u1ec7u<\/td>\n<td data-col-size=\"md\" data-start=\"534\" data-end=\"553\">Th\u00e9p kh\u00f4ng g\u1ec9<\/td>\n<\/tr>\n<tr data-start=\"554\" data-end=\"598\">\n<td data-start=\"554\" data-end=\"561\" data-col-size=\"sm\">K\u00edch c\u1ee1<\/td>\n<td data-col-size=\"md\" data-start=\"561\" data-end=\"598\">CR80 (85,5 \u00d7 54 mm) ho\u1eb7c t\u00f9y ch\u1ec9nh<\/td>\n<\/tr>\n<tr data-start=\"599\" data-end=\"636\">\n<td data-start=\"599\" data-end=\"611\" data-col-size=\"sm\">\u0110\u1ed9 d\u00e0y<\/td>\n<td data-col-size=\"md\" data-start=\"611\" data-end=\"636\">0,8 mm (c\u00f3 th\u1ec3 t\u00f9y ch\u1ec9nh)<\/td>\n<\/tr>\n<tr data-start=\"637\" data-end=\"662\">\n<td data-start=\"637\" data-end=\"649\" data-col-size=\"sm\">T\u00ednh th\u01b0\u1eddng xuy\u00ean<\/td>\n<td data-col-size=\"md\" data-start=\"649\" data-end=\"662\">13,56 MHz<\/td>\n<\/tr>\n<tr data-start=\"663\" data-end=\"692\">\n<td data-start=\"663\" data-end=\"674\" data-col-size=\"sm\">Giao th\u1ee9c<\/td>\n<td data-col-size=\"md\" data-start=\"674\" data-end=\"692\">Ti\u00eau chu\u1ea9n ISO\/IEC 14443A<\/td>\n<\/tr>\n<tr data-start=\"693\" data-end=\"791\">\n<td data-start=\"693\" data-end=\"711\" data-col-size=\"sm\">T\u00f9y ch\u1ecdn chip HF<\/td>\n<td data-col-size=\"md\" data-start=\"711\" data-end=\"791\">NTAG213 \/ NTAG215 \/ NTAG216 \/ MIFARE S50 (1K) \/ MIFARE S70 (4K) \/ Si\u00eau nh\u1eb9<\/td>\n<\/tr>\n<tr data-start=\"792\" data-end=\"859\">\n<td data-start=\"792\" data-end=\"803\" data-col-size=\"sm\">K\u1ebft th\u00fac<\/td>\n<td data-col-size=\"md\" data-start=\"803\" data-end=\"859\">\u0110en, v\u00e0ng, b\u1ea1c; ch\u1ea3i, g\u01b0\u01a1ng, m\u1edd, m\u1edd<\/td>\n<\/tr>\n<tr data-start=\"860\" data-end=\"969\">\n<td data-start=\"860\" data-end=\"876\" data-col-size=\"sm\">T\u00f9y ch\u1ecdn th\u1ee7 c\u00f4ng<\/td>\n<td data-col-size=\"md\" data-start=\"876\" data-end=\"969\">Kh\u1eafc \/ kh\u1eafc laser \/ in l\u1ee5a \/ s\u1ed1 n\u1ed5i \/ m\u00e3 QR \/ m\u00e3 v\u1ea1ch \/ \u0111i\u1ec3m UV<\/td>\n<\/tr>\n<tr data-start=\"970\" data-end=\"1053\">\n<td data-start=\"970\" data-end=\"989\" data-col-size=\"sm\">T\u00ednh n\u0103ng \u0111\u1eb7c bi\u1ec7t<\/td>\n<td data-col-size=\"md\" data-start=\"989\" data-end=\"1053\">Ch\u1ed1ng th\u1ea5m n\u01b0\u1edbc, ch\u1ed1ng ch\u1ecbu th\u1eddi ti\u1ebft, ch\u1ed1ng tr\u1ea7y x\u01b0\u1edbc; t\u00f9y ch\u1ecdn th\u1ebb mini<\/td>\n<\/tr>\n<tr data-start=\"1054\" data-end=\"1124\">\n<td data-start=\"1054\" data-end=\"1070\" data-col-size=\"sm\">Kh\u1ea3 n\u0103ng t\u01b0\u01a1ng th\u00edch<\/td>\n<td data-col-size=\"md\" data-start=\"1070\" data-end=\"1124\">Ho\u1ea1t \u0111\u1ed9ng v\u1edbi \u0111i\u1ec7n tho\u1ea1i th\u00f4ng minh h\u1ed7 tr\u1ee3 NFC (iOS v\u00e0 Android)<\/td>\n<\/tr>\n<tr data-start=\"1125\" data-end=\"1160\">\n<td data-start=\"1125\" data-end=\"1142\" data-col-size=\"sm\">Ch\u1ee9ng nh\u1eadn<\/td>\n<td data-col-size=\"md\" data-start=\"1142\" data-end=\"1160\">ISO, RoHS, SGS<\/td>\n<\/tr>\n<tr data-start=\"1161\" data-end=\"1257\">\n<td data-start=\"1161\" data-end=\"1176\" data-col-size=\"sm\">\u1ee8ng d\u1ee5ng<\/td>\n<td data-start=\"1176\" data-end=\"1257\" data-col-size=\"md\">S\u1ef1 ki\u1ec7n VIP, ti\u1ec7c t\u00f9ng, h\u00f2a nh\u1ea1c, giao l\u01b0u, danh thi\u1ebfp k\u1ef9 thu\u1eadt s\u1ed1, khuy\u1ebfn m\u00e3i<\/td>\n<\/tr>\n<tr data-start=\"1258\" data-end=\"1300\">\n<td data-start=\"1258\" data-end=\"1268\" data-col-size=\"sm\">M\u1eabu<\/td>\n<td data-col-size=\"md\" data-start=\"1268\" data-end=\"1300\">C\u00f3 s\u1eb5n m\u1eabu ch\u1ee9ng kho\u00e1n mi\u1ec5n ph\u00ed<\/td>\n<\/tr>\n<tr data-start=\"1301\" data-end=\"1339\">\n<td data-start=\"1301\" data-end=\"1319\" data-col-size=\"sm\">N\u01a1i xu\u1ea5t x\u1ee9<\/td>\n<td data-col-size=\"md\" data-start=\"1319\" data-end=\"1339\">Qu\u1ea3ng \u0110\u00f4ng, Trung Qu\u1ed1c<\/td>\n<\/tr>\n<\/tbody>\n<\/table>\n<\/div>\n<\/div>","protected":false},"excerpt":{"rendered":"<p>Danh thi\u1ebfp NFC b\u1eb1ng th\u00e9p kh\u00f4ng g\u1ec9 (CR80, 0,8 mm) c\u00f3 chip NTAG\/MIFARE, ISO 14443A v\u00e0 l\u1edbp ho\u00e0n thi\u1ec7n b\u1eb1ng kim lo\u1ea1i m\u00e0u \u0111en c\u00f3 th\u1ec3 t\u00f9y ch\u1ec9nh \u0111\u1ec3 chia s\u1ebb b\u1ec1n b\u1ec9, ch\u1ec9 c\u1ea7n ch\u1ea1m l\u00e0 k\u1ebft n\u1ed1i.<\/p>","protected":false},"featured_media":681,"template":"","meta":{"_gspb_post_css":""},"product_brand":[],"product_cat":[15],"product_tag":[],"class_list":{"0":"post-677","1":"product","2":"type-product","3":"status-publish","4":"has-post-thumbnail","6":"product_cat-rfid-cards","8":"first","9":"instock","10":"shipping-taxable","11":"purchasable","12":"product-type-simple"},"_links":{"self":[{"href":"https:\/\/www.cxjsmartcard.com\/vi\/wp-json\/wp\/v2\/product\/677","targetHints":{"allow":["GET"]}}],"collection":[{"href":"https:\/\/www.cxjsmartcard.com\/vi\/wp-json\/wp\/v2\/product"}],"about":[{"href":"https:\/\/www.cxjsmartcard.com\/vi\/wp-json\/wp\/v2\/types\/product"}],"wp:featuredmedia":[{"embeddable":true,"href":"https:\/\/www.cxjsmartcard.com\/vi\/wp-json\/wp\/v2\/media\/681"}],"wp:attachment":[{"href":"https:\/\/www.cxjsmartcard.com\/vi\/wp-json\/wp\/v2\/media?parent=677"}],"wp:term":[{"taxonomy":"product_brand","embeddable":true,"href":"https:\/\/www.cxjsmartcard.com\/vi\/wp-json\/wp\/v2\/product_brand?post=677"},{"taxonomy":"product_cat","embeddable":true,"href":"https:\/\/www.cxjsmartcard.com\/vi\/wp-json\/wp\/v2\/product_cat?post=677"},{"taxonomy":"product_tag","embeddable":true,"href":"https:\/\/www.cxjsmartcard.com\/vi\/wp-json\/wp\/v2\/product_tag?post=677"}],"curies":[{"name":"trang web","href":"https:\/\/api.w.org\/{rel}","templated":true}]}}