{"id":672,"date":"2025-11-01T11:04:13","date_gmt":"2025-11-01T11:04:13","guid":{"rendered":"https:\/\/www.cxjsmartcard.com\/?post_type=product&#038;p=672"},"modified":"2025-12-29T01:27:11","modified_gmt":"2025-12-29T01:27:11","slug":"rfid-smart-contactless-mifare-plus-ev2-card","status":"publish","type":"product","link":"https:\/\/www.cxjsmartcard.com\/vi\/rfid-smart-contactless-mifare-plus-ev2-card\/","title":{"rendered":"Th\u1ebb RFID th\u00f4ng minh kh\u00f4ng ti\u1ebfp x\u00fac MIFARE Plus EV2"},"content":{"rendered":"<p data-start=\"50\" data-end=\"400\">Th\u1ebb th\u00f4ng minh kh\u00f4ng ti\u1ebfp x\u00fac 13,56 MHz b\u1ea3o m\u1eadt cao d\u1ef1a tr\u00ean NXP MIFARE Plus\u00ae EV2, \u0111\u01b0\u1ee3c thi\u1ebft k\u1ebf cho c\u00e1c ch\u01b0\u01a1ng tr\u00ecnh v\u1eadn chuy\u1ec3n, ki\u1ec3m so\u00e1t ra v\u00e0o, ch\u01b0\u01a1ng tr\u00ecnh kh\u00e1ch h\u00e0ng th\u00e2n thi\u1ebft\/th\u00e0nh vi\u00ean v\u00e0 b\u00e1n l\u1ebb. H\u1ed7 tr\u1ee3 ISO\/IEC 14443A, t\u1ed1c \u0111\u1ed9 truy\u1ec1n d\u1eef li\u1ec7u nhanh 106\u2013848 kbit\/gi\u00e2y, giao th\u1ee9c nh\u1eafn tin b\u1ea3o m\u1eadt AES-128 v\u00e0 kh\u1ea3 n\u0103ng di chuy\u1ec3n li\u1ec1n m\u1ea1ch t\u1eeb c\u01a1 s\u1edf h\u1ea1 t\u1ea7ng c\u0169.<\/p>\n<p data-start=\"402\" data-end=\"421\"><strong data-start=\"402\" data-end=\"419\">\u0110\u1eb7c \u0111i\u1ec3m k\u1ef9 thu\u1eadt<\/strong><\/p>\n<div class=\"_tableContainer_1rjym_1\">\n<div class=\"group _tableWrapper_1rjym_13 flex w-fit flex-col-reverse\" tabindex=\"-1\">\n<table class=\"w-fit min-w-(--thread-content-width)\" data-start=\"422\" data-end=\"1050\">\n<thead data-start=\"422\" data-end=\"440\">\n<tr data-start=\"422\" data-end=\"440\">\n<th data-start=\"422\" data-end=\"429\" data-col-size=\"sm\">M\u1ee5c<\/th>\n<th data-start=\"429\" data-end=\"440\" data-col-size=\"md\">Chi ti\u1ebft<\/th>\n<\/tr>\n<\/thead>\n<tbody data-start=\"451\" data-end=\"1050\">\n<tr data-start=\"451\" data-end=\"500\">\n<td data-start=\"451\" data-end=\"458\" data-col-size=\"sm\">Chip<\/td>\n<td data-col-size=\"md\" data-start=\"458\" data-end=\"500\">MIFARE Plus\u00ae EV2 (b\u1ed9 nh\u1edb NV 2KB \/ 4KB)<\/td>\n<\/tr>\n<tr data-start=\"501\" data-end=\"526\">\n<td data-start=\"501\" data-end=\"513\" data-col-size=\"sm\">T\u00ednh th\u01b0\u1eddng xuy\u00ean<\/td>\n<td data-col-size=\"md\" data-start=\"513\" data-end=\"526\">13,56 MHz<\/td>\n<\/tr>\n<tr data-start=\"527\" data-end=\"576\">\n<td data-start=\"527\" data-end=\"538\" data-col-size=\"sm\">Giao th\u1ee9c<\/td>\n<td data-col-size=\"md\" data-start=\"538\" data-end=\"576\">ISO\/IEC 14443 Lo\u1ea1i A (ph\u1ea7n 2\/3\/4)<\/td>\n<\/tr>\n<tr data-start=\"577\" data-end=\"621\">\n<td data-start=\"577\" data-end=\"589\" data-col-size=\"sm\">T\u1ed1c \u0111\u1ed9 d\u1eef li\u1ec7u<\/td>\n<td data-col-size=\"md\" data-start=\"589\" data-end=\"621\">106 \/ 212 \/ 424 \/ 848 kbit\/gi\u00e2y<\/td>\n<\/tr>\n<tr data-start=\"622\" data-end=\"684\">\n<td data-start=\"622\" data-end=\"628\" data-col-size=\"sm\">M\u00e3 \u0111\u1ecbnh danh ng\u01b0\u1eddi d\u00f9ng (UID)<\/td>\n<td data-col-size=\"md\" data-start=\"628\" data-end=\"684\">UID 7 byte (t\u00f9y ch\u1ecdn ID ng\u1eabu nhi\u00ean), h\u1ed7 tr\u1ee3 NUID 4 byte<\/td>\n<\/tr>\n<tr data-start=\"685\" data-end=\"736\">\n<td data-start=\"685\" data-end=\"698\" data-col-size=\"sm\">Ph\u1ea1m vi \u0111\u1ecdc<\/td>\n<td data-col-size=\"md\" data-start=\"698\" data-end=\"736\">~1\u20136 cm (ph\u1ee5 thu\u1ed9c v\u00e0o \u0111\u1ea7u \u0111\u1ecdc\/\u0103ng-ten)<\/td>\n<\/tr>\n<tr data-start=\"737\" data-end=\"780\">\n<td data-start=\"737\" data-end=\"754\" data-col-size=\"sm\">V\u1eadt li\u1ec7u th\u1ebb<\/td>\n<td data-col-size=\"md\" data-start=\"754\" data-end=\"780\">PVC \/ PET \/ PETG \/ ABS<\/td>\n<\/tr>\n<tr data-start=\"781\" data-end=\"839\">\n<td data-start=\"781\" data-end=\"788\" data-col-size=\"sm\">K\u00edch c\u1ee1<\/td>\n<td data-col-size=\"md\" data-start=\"788\" data-end=\"839\">85,5 \u00d7 54 \u00d7 0,9 mm (ID-1); C\u00f3 s\u1eb5n OEM\/t\u00f9y ch\u1ec9nh<\/td>\n<\/tr>\n<tr data-start=\"840\" data-end=\"887\">\n<td data-start=\"840\" data-end=\"857\" data-col-size=\"sm\">Ch\u1ee9ng nh\u1eadn<\/td>\n<td data-col-size=\"md\" data-start=\"857\" data-end=\"887\">ISO9001, ISO14001, CE, SGS<\/td>\n<\/tr>\n<tr data-start=\"888\" data-end=\"963\">\n<td data-start=\"888\" data-end=\"912\" data-col-size=\"sm\">S\u1ee9c b\u1ec1n \/ Duy tr\u00ec<\/td>\n<td data-col-size=\"md\" data-start=\"912\" data-end=\"963\">~1.000.000 chu k\u1ef3 ghi; l\u01b0u gi\u1eef d\u1eef li\u1ec7u trong 25 n\u0103m<\/td>\n<\/tr>\n<tr data-start=\"964\" data-end=\"1050\">\n<td data-start=\"964\" data-end=\"989\" data-col-size=\"sm\">Kh\u1ea3 n\u0103ng t\u01b0\u01a1ng th\u00edch ng\u01b0\u1ee3c<\/td>\n<td data-col-size=\"md\" data-start=\"989\" data-end=\"1050\">T\u1ed5 ch\u1ee9c b\u1ed9 nh\u1edb t\u01b0\u01a1ng th\u00edch v\u1edbi MIFARE Classic \/ Plus<\/td>\n<\/tr>\n<\/tbody>\n<\/table>\n<\/div>\n<\/div>\n<p data-start=\"1052\" data-end=\"1076\"><strong data-start=\"1052\" data-end=\"1074\">B\u1ea3o m\u1eadt &amp; Quy\u1ec1n ri\u00eang t\u01b0<\/strong><\/p>\n<div class=\"_tableContainer_1rjym_1\">\n<div class=\"group _tableWrapper_1rjym_13 flex w-fit flex-col-reverse\" tabindex=\"-1\">\n<table class=\"w-fit min-w-(--thread-content-width)\" data-start=\"1077\" data-end=\"1475\">\n<thead data-start=\"1077\" data-end=\"1102\">\n<tr data-start=\"1077\" data-end=\"1102\">\n<th data-start=\"1077\" data-end=\"1087\" data-col-size=\"sm\">T\u00ednh n\u0103ng<\/th>\n<th data-start=\"1087\" data-end=\"1102\" data-col-size=\"md\">S\u1ef1 mi\u00eau t\u1ea3<\/th>\n<\/tr>\n<\/thead>\n<tbody data-start=\"1113\" data-end=\"1475\">\n<tr data-start=\"1113\" data-end=\"1186\">\n<td data-start=\"1113\" data-end=\"1128\" data-col-size=\"sm\">M\u1eadt m\u00e3 h\u1ecdc<\/td>\n<td data-col-size=\"md\" data-start=\"1128\" data-end=\"1186\">AES-128 (x\u00e1c th\u1ef1c 3 l\u1ea7n t\u01b0\u01a1ng h\u1ed7), t\u00ednh to\u00e0n v\u1eb9n CMAC<\/td>\n<\/tr>\n<tr data-start=\"1187\" data-end=\"1236\">\n<td data-start=\"1187\" data-end=\"1205\" data-col-size=\"sm\">Ti\u00eau ch\u00ed chung<\/td>\n<td data-col-size=\"md\" data-start=\"1205\" data-end=\"1236\">EAL5+ (ph\u1ea7n c\u1ee9ng v\u00e0 ph\u1ea7n m\u1ec1m)<\/td>\n<\/tr>\n<tr data-start=\"1237\" data-end=\"1288\">\n<td data-start=\"1237\" data-end=\"1250\" data-col-size=\"sm\">Ch\u1ed1ng R\u01a1 le<\/td>\n<td data-col-size=\"md\" data-start=\"1250\" data-end=\"1288\">Ki\u1ec3m tra \u0111\u1ed9 g\u1ea7n, B\u1ed9 \u0111\u1ebfm th\u1eddi gian giao d\u1ecbch<\/td>\n<\/tr>\n<tr data-start=\"1289\" data-end=\"1345\">\n<td data-start=\"1289\" data-end=\"1299\" data-col-size=\"sm\">S\u1ef1 ri\u00eang t\u01b0<\/td>\n<td data-col-size=\"md\" data-start=\"1299\" data-end=\"1345\">ID ng\u1eabu nhi\u00ean, Ki\u1ebfn tr\u00fac th\u1ebb \u1ea3o (VCA)<\/td>\n<\/tr>\n<tr data-start=\"1346\" data-end=\"1402\">\n<td data-start=\"1346\" data-end=\"1361\" data-col-size=\"sm\">T\u00ednh x\u00e1c th\u1ef1c<\/td>\n<td data-col-size=\"md\" data-start=\"1361\" data-end=\"1402\">Ki\u1ec3m tra t\u00ednh nguy\u00ean b\u1ea3n c\u1ee7a IC NXP ch\u00ednh h\u00e3ng<\/td>\n<\/tr>\n<tr data-start=\"1403\" data-end=\"1475\">\n<td data-start=\"1403\" data-end=\"1422\" data-col-size=\"sm\">Nh\u1eafn tin an to\u00e0n<\/td>\n<td data-col-size=\"md\" data-start=\"1422\" data-end=\"1475\">K\u00eanh RF \u0111\u01b0\u1ee3c m\u00e3 h\u00f3a; x\u00e1c th\u1ef1c c\u1ea5p khu v\u1ef1c<\/td>\n<\/tr>\n<\/tbody>\n<\/table>\n<\/div>\n<\/div>\n<p data-start=\"1477\" data-end=\"1502\"><strong data-start=\"1477\" data-end=\"1500\">T\u1ed5 ch\u1ee9c b\u1ed9 nh\u1edb<\/strong><\/p>\n<div class=\"_tableContainer_1rjym_1\">\n<div class=\"group _tableWrapper_1rjym_13 flex w-fit flex-col-reverse\" tabindex=\"-1\">\n<table class=\"w-fit min-w-(--thread-content-width)\" data-start=\"1503\" data-end=\"1718\">\n<thead data-start=\"1503\" data-end=\"1538\">\n<tr data-start=\"1503\" data-end=\"1538\">\n<th data-start=\"1503\" data-end=\"1517\" data-col-size=\"sm\">Bi\u1ebfn th\u1ec3 EV2<\/th>\n<th data-start=\"1517\" data-end=\"1538\" data-col-size=\"md\">\u0110i\u1ec3m n\u1ed5i b\u1eadt c\u1ee7a b\u1ed1 c\u1ee5c<\/th>\n<\/tr>\n<\/thead>\n<tbody data-start=\"1549\" data-end=\"1718\">\n<tr data-start=\"1549\" data-end=\"1630\">\n<td data-start=\"1549\" data-end=\"1567\" data-col-size=\"sm\">MF1P(H)22 (2KB)<\/td>\n<td data-col-size=\"md\" data-start=\"1567\" data-end=\"1630\">32 sector \u00d7 4 kh\u1ed1i; kh\u1ed1i 0 l\u01b0u tr\u1eef d\u1eef li\u1ec7u nh\u00e0 s\u1ea3n xu\u1ea5t NXP<\/td>\n<\/tr>\n<tr data-start=\"1631\" data-end=\"1718\">\n<td data-start=\"1631\" data-end=\"1649\" data-col-size=\"sm\">MF1P(H)42 (4KB)<\/td>\n<td data-col-size=\"md\" data-start=\"1649\" data-end=\"1718\">Ph\u00eda tr\u00ean + 8 sector \u00d7 16 kh\u1ed1i; c\u00e1c r\u01a1-mo\u00f3c sector x\u00e1c \u0111\u1ecbnh c\u00e1c kh\u00f3a truy c\u1eadp<\/td>\n<\/tr>\n<\/tbody>\n<\/table>\n<\/div>\n<\/div>\n<p data-start=\"1720\" data-end=\"1755\"><strong data-start=\"1720\" data-end=\"1753\">C\u00e1 nh\u00e2n h\u00f3a &amp; Th\u1ee7 c\u00f4ng thi\u1ec7p<\/strong><\/p>\n<div class=\"_tableContainer_1rjym_1\">\n<div class=\"group _tableWrapper_1rjym_13 flex w-fit flex-col-reverse\" tabindex=\"-1\">\n<table class=\"w-fit min-w-(--thread-content-width)\" data-start=\"1756\" data-end=\"2165\">\n<thead data-start=\"1756\" data-end=\"1775\">\n<tr data-start=\"1756\" data-end=\"1775\">\n<th data-start=\"1756\" data-end=\"1764\" data-col-size=\"sm\">Th\u1ee7 c\u00f4ng<\/th>\n<th data-start=\"1764\" data-end=\"1775\" data-col-size=\"md\">T\u00f9y ch\u1ecdn<\/th>\n<\/tr>\n<\/thead>\n<tbody data-start=\"1786\" data-end=\"2165\">\n<tr data-start=\"1786\" data-end=\"1883\">\n<td data-start=\"1786\" data-end=\"1798\" data-col-size=\"sm\">\u0110\u00e1nh s\u1ed1<\/td>\n<td data-col-size=\"md\" data-start=\"1798\" data-end=\"1883\">S\u1ed1 in nhi\u1ec7t\/in phun (\u0111en\/tr\u1eafng\/v\u00e0ng\/b\u1ea1c), s\u1ed1 s\u00ea-ri n\u1ed5i\/NSB (13pt\/18pt)<\/td>\n<\/tr>\n<tr data-start=\"1884\" data-end=\"1965\">\n<td data-start=\"1884\" data-end=\"1895\" data-col-size=\"sm\">In \u1ea5n<\/td>\n<td data-col-size=\"md\" data-start=\"1895\" data-end=\"1965\">In offset CMYK, UV, \u00e1nh x\u1ea1 s\u1ed1 s\u00ea-ri\/UID, m\u00e3 QR\/m\u00e3 v\u1ea1ch kh\u1eafc laser<\/td>\n<\/tr>\n<tr data-start=\"1966\" data-end=\"2065\">\n<td data-start=\"1966\" data-end=\"1983\" data-col-size=\"sm\">L\u00e1 kim lo\u1ea1i &amp; Hi\u1ec7u \u1ee9ng<\/td>\n<td data-col-size=\"md\" data-start=\"1983\" data-end=\"2065\">D\u1eadp n\u00f3ng v\u00e0ng\/b\u1ea1c\/laser, g\u01b0\u01a1ng\/trong su\u1ed1t\/trong su\u1ed1t, \u1ea3nh ba chi\u1ec1u, th\u1ea5u k\u00ednh<\/td>\n<\/tr>\n<tr data-start=\"2066\" data-end=\"2165\">\n<td data-start=\"2066\" data-end=\"2076\" data-col-size=\"sm\">Ti\u1ec7n \u00edch b\u1ed5 sung<\/td>\n<td data-col-size=\"md\" data-start=\"2076\" data-end=\"2165\">D\u1ea3i t\u1eeb (HICO 2750\/4000 OE, LOCO 300 OE), t\u1ea5m c\u00e0o, t\u1ea5m ch\u1eef k\u00fd<\/td>\n<\/tr>\n<\/tbody>\n<\/table>\n<\/div>\n<\/div>\n<p data-start=\"2167\" data-end=\"2192\"><strong data-start=\"2167\" data-end=\"2190\">Bao b\u00ec &amp; M\u1eabu<\/strong><\/p>\n<div class=\"_tableContainer_1rjym_1\">\n<div class=\"group _tableWrapper_1rjym_13 flex w-fit flex-col-reverse\" tabindex=\"-1\">\n<table class=\"w-fit min-w-(--thread-content-width)\" data-start=\"2193\" data-end=\"2414\">\n<thead data-start=\"2193\" data-end=\"2211\">\n<tr data-start=\"2193\" data-end=\"2211\">\n<th data-start=\"2193\" data-end=\"2200\" data-col-size=\"sm\">M\u1ee5c<\/th>\n<th data-start=\"2200\" data-end=\"2211\" data-col-size=\"md\">Chi ti\u1ebft<\/th>\n<\/tr>\n<\/thead>\n<tbody data-start=\"2222\" data-end=\"2414\">\n<tr data-start=\"2222\" data-end=\"2295\">\n<td data-start=\"2222\" data-end=\"2238\" data-col-size=\"sm\">G\u00f3i ti\u00eau chu\u1ea9n<\/td>\n<td data-col-size=\"md\" data-start=\"2238\" data-end=\"2295\">200 chi\u1ebfc\/h\u1ed9p b\u00ean trong; 5000 chi\u1ebfc\/th\u00f9ng carton; kho\u1ea3ng 35 kg\/th\u00f9ng<\/td>\n<\/tr>\n<tr data-start=\"2296\" data-end=\"2366\">\n<td data-start=\"2296\" data-end=\"2314\" data-col-size=\"sm\">K\u00edch th\u01b0\u1edbc kh\u00f4ng \u0111\u1ec1u<\/td>\n<td data-col-size=\"md\" data-start=\"2314\" data-end=\"2366\">50\u2013100 chi\u1ebfc\/t\u00fai OPP, sau \u0111\u00f3 \u0111\u00f3ng th\u00f9ng carton (ho\u1eb7c theo y\u00eau c\u1ea7u)<\/td>\n<\/tr>\n<tr data-start=\"2367\" data-end=\"2414\">\n<td data-start=\"2367\" data-end=\"2377\" data-col-size=\"sm\">M\u1eabu<\/td>\n<td data-col-size=\"md\" data-start=\"2377\" data-end=\"2414\">M\u1eabu mi\u1ec5n ph\u00ed c\u00f3 s\u1eb5n theo y\u00eau c\u1ea7u<\/td>\n<\/tr>\n<\/tbody>\n<\/table>\n<\/div>\n<\/div>\n<p data-start=\"2416\" data-end=\"2442\"><strong data-start=\"2416\" data-end=\"2440\">\u1ee8ng d\u1ee5ng \u0111i\u1ec3n h\u00ecnh<\/strong><\/p>\n<ul data-start=\"2443\" data-end=\"2607\">\n<li data-start=\"2443\" data-end=\"2519\">\n<p data-start=\"2445\" data-end=\"2519\">V\u00e9 giao th\u00f4ng, quy\u1ec1n truy c\u1eadp v\u00e0o tr\u01b0\u1eddng h\u1ecdc\/doanh nghi\u1ec7p, l\u00f2ng trung th\u00e0nh v\u00e0 t\u01b0 c\u00e1ch th\u00e0nh vi\u00ean<\/p>\n<\/li>\n<li data-start=\"2520\" data-end=\"2607\">\n<p data-start=\"2522\" data-end=\"2607\">Th\u1ebb qu\u00e0 t\u1eb7ng VIP\/doanh nghi\u1ec7p, th\u1ebb gi\u1eb7t l\u00e0\/b\u1ea3o h\u00e0nh, th\u1ebb h\u00e0nh l\u00fd, th\u1ebb gi\u1ea3m gi\u00e1\/tr\u1ea3 tr\u01b0\u1edbc<\/p>\n<\/li>\n<\/ul>","protected":false},"excerpt":{"rendered":"<p>Th\u1ebb th\u00f4ng minh MIFARE Plus EV2 13,56MHz v\u1edbi t\u00ednh n\u0103ng b\u1ea3o m\u1eadt AES, EAL5+, RF nhanh v\u00e0 kh\u1ea3 n\u0103ng c\u00e1 nh\u00e2n h\u00f3a phong ph\u00fa\u2014l\u00fd t\u01b0\u1edfng cho vi\u1ec7c v\u1eadn chuy\u1ec3n, ki\u1ec3m so\u00e1t truy c\u1eadp v\u00e0 th\u1ebb th\u00e0nh vi\u00ean\/kh\u00e1ch h\u00e0ng th\u00e2n thi\u1ebft.<\/p>","protected":false},"featured_media":673,"template":"","meta":{"_gspb_post_css":""},"product_brand":[],"product_cat":[15],"product_tag":[],"class_list":{"0":"post-672","1":"product","2":"type-product","3":"status-publish","4":"has-post-thumbnail","6":"product_cat-rfid-cards","8":"first","9":"instock","10":"shipping-taxable","11":"purchasable","12":"product-type-simple"},"_links":{"self":[{"href":"https:\/\/www.cxjsmartcard.com\/vi\/wp-json\/wp\/v2\/product\/672","targetHints":{"allow":["GET"]}}],"collection":[{"href":"https:\/\/www.cxjsmartcard.com\/vi\/wp-json\/wp\/v2\/product"}],"about":[{"href":"https:\/\/www.cxjsmartcard.com\/vi\/wp-json\/wp\/v2\/types\/product"}],"wp:featuredmedia":[{"embeddable":true,"href":"https:\/\/www.cxjsmartcard.com\/vi\/wp-json\/wp\/v2\/media\/673"}],"wp:attachment":[{"href":"https:\/\/www.cxjsmartcard.com\/vi\/wp-json\/wp\/v2\/media?parent=672"}],"wp:term":[{"taxonomy":"product_brand","embeddable":true,"href":"https:\/\/www.cxjsmartcard.com\/vi\/wp-json\/wp\/v2\/product_brand?post=672"},{"taxonomy":"product_cat","embeddable":true,"href":"https:\/\/www.cxjsmartcard.com\/vi\/wp-json\/wp\/v2\/product_cat?post=672"},{"taxonomy":"product_tag","embeddable":true,"href":"https:\/\/www.cxjsmartcard.com\/vi\/wp-json\/wp\/v2\/product_tag?post=672"}],"curies":[{"name":"trang web","href":"https:\/\/api.w.org\/{rel}","templated":true}]}}