{"id":662,"date":"2025-11-01T08:43:38","date_gmt":"2025-11-01T08:43:38","guid":{"rendered":"https:\/\/www.cxjsmartcard.com\/?post_type=product&#038;p=662"},"modified":"2025-12-29T01:27:11","modified_gmt":"2025-12-29T01:27:11","slug":"rfid-contactless-google-nfc-review-card","status":"publish","type":"product","link":"https:\/\/www.cxjsmartcard.com\/vi\/rfid-contactless-google-nfc-review-card\/","title":{"rendered":"\u0110\u00e1nh gi\u00e1 th\u1ebb RFID kh\u00f4ng ti\u1ebfp x\u00fac Google NFC"},"content":{"rendered":"<p data-start=\"46\" data-end=\"417\">Th\u1ebb \u0111\u00e1nh gi\u00e1 NFC kh\u00f4ng ti\u1ebfp x\u00fac cho ph\u00e9p kh\u00e1ch h\u00e0ng m\u1edf trang \u0111\u00e1nh gi\u00e1 doanh nghi\u1ec7p Google c\u1ee7a b\u1ea1n ch\u1ec9 b\u1eb1ng m\u1ed9t l\u1ea7n ch\u1ea1m tr\u00ean \u0111i\u1ec7n tho\u1ea1i h\u1ed7 tr\u1ee3 NFC. \u0110\u01b0\u1ee3c ch\u1ebf t\u1ea1o tr\u00ean chip NXP NTAG213\/215\/216 ch\u00ednh h\u00e3ng, PVC ch\u1ed1ng th\u1ea5m n\u01b0\u1edbc, in CMYK to\u00e0n ph\u1ea7n v\u00e0 t\u00f9y ch\u1ecdn in laser\/serial cho c\u00e1c chi\u1ebfn d\u1ecbch th\u01b0\u01a1ng hi\u1ec7u, nh\u00e0 h\u00e0ng, th\u1ea9m m\u1ef9 vi\u1ec7n, ph\u00f2ng kh\u00e1m, qu\u1ea7y b\u00e1n l\u1ebb v\u00e0 kh\u00e1ch s\u1ea1n.<\/p>\n<p data-start=\"419\" data-end=\"438\"><strong data-start=\"419\" data-end=\"436\">\u0110\u1eb7c \u0111i\u1ec3m k\u1ef9 thu\u1eadt<\/strong><\/p>\n<div class=\"_tableContainer_1rjym_1\">\n<div class=\"group _tableWrapper_1rjym_13 flex w-fit flex-col-reverse\" tabindex=\"-1\">\n<table class=\"w-fit min-w-(--thread-content-width)\" data-start=\"439\" data-end=\"1041\">\n<thead data-start=\"439\" data-end=\"457\">\n<tr data-start=\"439\" data-end=\"457\">\n<th data-start=\"439\" data-end=\"446\" data-col-size=\"sm\">M\u1ee5c<\/th>\n<th data-start=\"446\" data-end=\"457\" data-col-size=\"md\">Chi ti\u1ebft<\/th>\n<\/tr>\n<\/thead>\n<tbody data-start=\"468\" data-end=\"1041\">\n<tr data-start=\"468\" data-end=\"526\">\n<td data-start=\"468\" data-end=\"483\" data-col-size=\"sm\">T\u00ean s\u1ea3n ph\u1ea9m<\/td>\n<td data-col-size=\"md\" data-start=\"483\" data-end=\"526\">\u0110\u00e1nh gi\u00e1 th\u1ebb RFID kh\u00f4ng ti\u1ebfp x\u00fac Google NFC<\/td>\n<\/tr>\n<tr data-start=\"527\" data-end=\"584\">\n<td data-start=\"527\" data-end=\"538\" data-col-size=\"sm\">Ch\u1ee9c n\u0103ng<\/td>\n<td data-start=\"538\" data-end=\"584\" data-col-size=\"md\">Ch\u1ea1m m\u1ed9t l\u1ea7n \u0111\u1ec3 m\u1edf trang \u0111\u00e1nh gi\u00e1\/trang \u0111\u00edch c\u1ee7a Google<\/td>\n<\/tr>\n<tr data-start=\"585\" data-end=\"631\">\n<td data-start=\"585\" data-end=\"600\" data-col-size=\"sm\">T\u00f9y ch\u1ecdn chip<\/td>\n<td data-col-size=\"md\" data-start=\"600\" data-end=\"631\">NTAG213 \/ NTAG215 \/ NTAG216<\/td>\n<\/tr>\n<tr data-start=\"632\" data-end=\"674\">\n<td data-start=\"632\" data-end=\"643\" data-col-size=\"sm\">Giao th\u1ee9c<\/td>\n<td data-start=\"643\" data-end=\"674\" data-col-size=\"md\">ISO14443A, Di\u1ec5n \u0111\u00e0n NFC Lo\u1ea1i 2<\/td>\n<\/tr>\n<tr data-start=\"675\" data-end=\"700\">\n<td data-start=\"675\" data-end=\"687\" data-col-size=\"sm\">T\u00ednh th\u01b0\u1eddng xuy\u00ean<\/td>\n<td data-col-size=\"md\" data-start=\"687\" data-end=\"700\">13,56 MHz<\/td>\n<\/tr>\n<tr data-start=\"701\" data-end=\"758\">\n<td data-start=\"701\" data-end=\"720\" data-col-size=\"sm\">Kho\u1ea3ng c\u00e1ch \u0111\u1ecdc<\/td>\n<td data-col-size=\"md\" data-start=\"720\" data-end=\"758\">2\u20135 cm (t\u00f9y thu\u1ed9c v\u00e0o \u0111i\u1ec7n tho\u1ea1i v\u00e0 \u0103ng-ten)<\/td>\n<\/tr>\n<tr data-start=\"759\" data-end=\"804\">\n<td data-start=\"759\" data-end=\"770\" data-col-size=\"sm\">V\u1eadt li\u1ec7u<\/td>\n<td data-col-size=\"md\" data-start=\"770\" data-end=\"804\">PVC, ch\u1ed1ng th\u1ea5m n\u01b0\u1edbc \/ ch\u1ecbu \u0111\u01b0\u1ee3c th\u1eddi ti\u1ebft<\/td>\n<\/tr>\n<tr data-start=\"805\" data-end=\"835\">\n<td data-start=\"805\" data-end=\"812\" data-col-size=\"sm\">K\u00edch c\u1ee1<\/td>\n<td data-start=\"812\" data-end=\"835\" data-col-size=\"md\">85,5 \u00d7 54 mm (CR80)<\/td>\n<\/tr>\n<tr data-start=\"836\" data-end=\"880\">\n<td data-start=\"836\" data-end=\"847\" data-col-size=\"sm\">In \u1ea5n<\/td>\n<td data-col-size=\"md\" data-start=\"847\" data-end=\"880\">CMYK 4C \/ offset \/ l\u1ee5a<\/td>\n<\/tr>\n<tr data-start=\"881\" data-end=\"947\">\n<td data-start=\"881\" data-end=\"890\" data-col-size=\"sm\">Th\u1ee7 c\u00f4ng m\u1ef9 ngh\u1ec7<\/td>\n<td data-start=\"890\" data-end=\"947\" data-col-size=\"md\">M\u00e3 laser, m\u1ef1c UV, s\u1ed1 s\u00ea-ri, d\u1eadp n\u1ed5i, nhi\u1ec7t<\/td>\n<\/tr>\n<tr data-start=\"948\" data-end=\"1018\">\n<td data-start=\"948\" data-end=\"962\" data-col-size=\"sm\">\u1ee8ng d\u1ee5ng<\/td>\n<td data-col-size=\"md\" data-start=\"962\" data-end=\"1018\">Ph\u1ea3n h\u1ed3i c\u1ee7a kh\u00e1ch h\u00e0ng, \u0111\u00e1nh gi\u00e1 x\u00e3 h\u1ed9i, qu\u1ea3ng b\u00e1 doanh nghi\u1ec7p<\/td>\n<\/tr>\n<tr data-start=\"1019\" data-end=\"1041\">\n<td data-start=\"1019\" data-end=\"1028\" data-col-size=\"sm\">V\u1eadt m\u1eabu<\/td>\n<td data-col-size=\"md\" data-start=\"1028\" data-end=\"1041\">C\u00f3 s\u1eb5n<\/td>\n<\/tr>\n<\/tbody>\n<\/table>\n<\/div>\n<\/div>\n<p data-start=\"1043\" data-end=\"1227\"><strong data-start=\"1043\" data-end=\"1057\">C\u00e1ch s\u1eed d\u1ee5ng<\/strong><br data-start=\"1057\" data-end=\"1060\" \/>\u0110\u1eb7t th\u1ebb \u0111\u00e1nh gi\u00e1 NFC tr\u00ean qu\u1ea7y, b\u00e0n ho\u1eb7c b\u00e0n l\u00e0m vi\u1ec7c \u2192 kh\u00e1ch h\u00e0ng ch\u1ea1m b\u1eb1ng \u0111i\u1ec7n tho\u1ea1i \u2192 \u0111i\u1ec7n tho\u1ea1i s\u1ebd m\u1edf li\u00ean k\u1ebft \u0111\u00e1nh gi\u00e1 Google \u0111\u01b0\u1ee3c c\u00e0i \u0111\u1eb7t s\u1eb5n \u2192 ng\u01b0\u1eddi d\u00f9ng \u0111\u1ec3 l\u1ea1i \u0111\u00e1nh gi\u00e1 5 sao ch\u1ec9 trong v\u00e0i gi\u00e2y.<\/p>","protected":false},"excerpt":{"rendered":"<p>Th\u1ebb \u0111\u00e1nh gi\u00e1 PVC NFC c\u00f3 chip NTAG213\/215\/216 gi\u00fap m\u1edf trang \u0111\u00e1nh gi\u00e1 Google c\u1ee7a b\u1ea1n ch\u1ec9 b\u1eb1ng m\u1ed9t l\u1ea7n ch\u1ea1m, l\u00fd t\u01b0\u1edfng \u0111\u1ec3 t\u0103ng c\u01b0\u1eddng ph\u1ea3n h\u1ed3i c\u1ee7a kh\u00e1ch h\u00e0ng t\u1ea1i c\u1eeda h\u00e0ng.<\/p>","protected":false},"featured_media":663,"template":"","meta":{"_gspb_post_css":""},"product_brand":[],"product_cat":[15],"product_tag":[],"class_list":{"0":"post-662","1":"product","2":"type-product","3":"status-publish","4":"has-post-thumbnail","6":"product_cat-rfid-cards","8":"first","9":"instock","10":"shipping-taxable","11":"purchasable","12":"product-type-simple"},"_links":{"self":[{"href":"https:\/\/www.cxjsmartcard.com\/vi\/wp-json\/wp\/v2\/product\/662","targetHints":{"allow":["GET"]}}],"collection":[{"href":"https:\/\/www.cxjsmartcard.com\/vi\/wp-json\/wp\/v2\/product"}],"about":[{"href":"https:\/\/www.cxjsmartcard.com\/vi\/wp-json\/wp\/v2\/types\/product"}],"wp:featuredmedia":[{"embeddable":true,"href":"https:\/\/www.cxjsmartcard.com\/vi\/wp-json\/wp\/v2\/media\/663"}],"wp:attachment":[{"href":"https:\/\/www.cxjsmartcard.com\/vi\/wp-json\/wp\/v2\/media?parent=662"}],"wp:term":[{"taxonomy":"product_brand","embeddable":true,"href":"https:\/\/www.cxjsmartcard.com\/vi\/wp-json\/wp\/v2\/product_brand?post=662"},{"taxonomy":"product_cat","embeddable":true,"href":"https:\/\/www.cxjsmartcard.com\/vi\/wp-json\/wp\/v2\/product_cat?post=662"},{"taxonomy":"product_tag","embeddable":true,"href":"https:\/\/www.cxjsmartcard.com\/vi\/wp-json\/wp\/v2\/product_tag?post=662"}],"curies":[{"name":"trang web","href":"https:\/\/api.w.org\/{rel}","templated":true}]}}