{"id":657,"date":"2025-11-01T08:41:57","date_gmt":"2025-11-01T08:41:57","guid":{"rendered":"https:\/\/www.cxjsmartcard.com\/?post_type=product&#038;p=657"},"modified":"2025-12-29T01:27:11","modified_gmt":"2025-12-29T01:27:11","slug":"plastic-pvc-mifare-classic-4k-s70-rfid-card","status":"publish","type":"product","link":"https:\/\/www.cxjsmartcard.com\/vi\/plastic-pvc-mifare-classic-4k-s70-rfid-card\/","title":{"rendered":"Th\u1ebb RFID MIFARE Classic 4K S70 b\u1eb1ng nh\u1ef1a PVC"},"content":{"rendered":"<p data-start=\"50\" data-end=\"378\">Th\u1ebb RFID PVC kh\u00f4ng ti\u1ebfp x\u00fac 13,56 MHz d\u1ef1a tr\u00ean MIFARE Classic 4K (S70), \u0111\u01b0\u1ee3c thi\u1ebft k\u1ebf cho ki\u1ec3m so\u00e1t ra v\u00e0o, thanh to\u00e1n kh\u00f4ng d\u00f9ng ti\u1ec1n m\u1eb7t, \u0111\u1ecba \u0111i\u1ec3m ch\u01a1i game\/gi\u1ea3i tr\u00ed, b\u00e3i \u0111\u1eadu xe, khu\u00f4n vi\u00ean tr\u01b0\u1eddng h\u1ecdc, s\u1ef1 ki\u1ec7n v\u00e0 th\u1ebb th\u00e0nh vi\u00ean. K\u00edch th\u01b0\u1edbc CR80 ti\u00eau chu\u1ea9n, c\u00f3 th\u1ec3 in offset\/k\u1ef9 thu\u1eadt s\u1ed1\/l\u1ee5a, h\u1ed7 tr\u1ee3 m\u00e3 h\u00f3a UID\/serial\/m\u00e3 v\u1ea1ch\/d\u1ea3i t\u1eeb v\u00e0 chip.<\/p>\n<p data-start=\"380\" data-end=\"399\"><strong data-start=\"380\" data-end=\"397\">\u0110\u1eb7c \u0111i\u1ec3m k\u1ef9 thu\u1eadt<\/strong><\/p>\n<div class=\"_tableContainer_1rjym_1\">\n<div class=\"group _tableWrapper_1rjym_13 flex w-fit flex-col-reverse\" tabindex=\"-1\">\n<table class=\"w-fit min-w-(--thread-content-width)\" data-start=\"400\" data-end=\"1455\">\n<thead data-start=\"400\" data-end=\"418\">\n<tr data-start=\"400\" data-end=\"418\">\n<th data-start=\"400\" data-end=\"407\" data-col-size=\"sm\">M\u1ee5c<\/th>\n<th data-start=\"407\" data-end=\"418\" data-col-size=\"md\">Chi ti\u1ebft<\/th>\n<\/tr>\n<\/thead>\n<tbody data-start=\"429\" data-end=\"1455\">\n<tr data-start=\"429\" data-end=\"491\">\n<td data-start=\"429\" data-end=\"444\" data-col-size=\"sm\">T\u00ean s\u1ea3n ph\u1ea9m<\/td>\n<td data-col-size=\"md\" data-start=\"444\" data-end=\"491\">Th\u1ebb RFID MIFARE Classic 4K S70 b\u1eb1ng nh\u1ef1a PVC<\/td>\n<\/tr>\n<tr data-start=\"492\" data-end=\"584\">\n<td data-start=\"492\" data-end=\"514\" data-col-size=\"sm\">T\u00f9y ch\u1ecdn Chip \/ RFID<\/td>\n<td data-col-size=\"md\" data-start=\"514\" data-end=\"584\">MIFARE Classic 4K S70; c\u0169ng nh\u01b0 MIFARE Ultralight EV1\/C\/AES (t\u00f9y ch\u1ecdn)<\/td>\n<\/tr>\n<tr data-start=\"585\" data-end=\"614\">\n<td data-start=\"585\" data-end=\"596\" data-col-size=\"sm\">Giao th\u1ee9c<\/td>\n<td data-col-size=\"md\" data-start=\"596\" data-end=\"614\">Ti\u00eau chu\u1ea9n ISO\/IEC 14443A<\/td>\n<\/tr>\n<tr data-start=\"615\" data-end=\"640\">\n<td data-start=\"615\" data-end=\"627\" data-col-size=\"sm\">T\u00ednh th\u01b0\u1eddng xuy\u00ean<\/td>\n<td data-start=\"627\" data-end=\"640\" data-col-size=\"md\">13,56 MHz<\/td>\n<\/tr>\n<tr data-start=\"641\" data-end=\"721\">\n<td data-start=\"641\" data-end=\"650\" data-col-size=\"sm\">K\u00fd \u1ee9c<\/td>\n<td data-start=\"650\" data-end=\"721\" data-col-size=\"md\">EEPROM 4 KB (\u0111\u01b0\u1ee3c t\u1ed5 ch\u1ee9c th\u00e0nh 16 sector \u00d7 4 kh\u1ed1i, \u0111a \u1ee9ng d\u1ee5ng)<\/td>\n<\/tr>\n<tr data-start=\"722\" data-end=\"764\">\n<td data-start=\"722\" data-end=\"745\" data-col-size=\"sm\">\u0110\u1ed9 b\u1ec1n \u0111\u1ecdc\/ghi<\/td>\n<td data-col-size=\"md\" data-start=\"745\" data-end=\"764\">\u2265100.000 chu k\u1ef3<\/td>\n<\/tr>\n<tr data-start=\"765\" data-end=\"820\">\n<td data-start=\"765\" data-end=\"782\" data-col-size=\"sm\">T\u00ednh to\u00e0n v\u1eb9n d\u1eef li\u1ec7u<\/td>\n<td data-start=\"782\" data-end=\"820\" data-col-size=\"md\">CRC 16-bit, t\u00ednh ch\u1eb5n l\u1ebb, ch\u1ed1ng va ch\u1ea1m<\/td>\n<\/tr>\n<tr data-start=\"821\" data-end=\"888\">\n<td data-start=\"821\" data-end=\"833\" data-col-size=\"sm\">K\u00edch th\u01b0\u1edbc th\u1ebb<\/td>\n<td data-col-size=\"md\" data-start=\"833\" data-end=\"888\">CR80, 85,5 \u00d7 54 mm; \u0111\u1ed9 d\u00e0y 0,84\u20130,88 mm (t\u00f9y ch\u1ec9nh)<\/td>\n<\/tr>\n<tr data-start=\"889\" data-end=\"931\">\n<td data-start=\"889\" data-end=\"900\" data-col-size=\"sm\">V\u1eadt li\u1ec7u<\/td>\n<td data-col-size=\"md\" data-start=\"900\" data-end=\"931\">PVC ch\u1ea5t l\u01b0\u1ee3ng cao, c\u00f3 th\u1ec3 in<\/td>\n<\/tr>\n<tr data-start=\"932\" data-end=\"1001\">\n<td data-start=\"932\" data-end=\"943\" data-col-size=\"sm\">In \u1ea5n<\/td>\n<td data-start=\"943\" data-end=\"1001\" data-col-size=\"md\">In offset Heidelberg \/ K\u1ef9 thu\u1eadt s\u1ed1 \/ In l\u1ee5a \/ In to\u00e0n m\u00e0u<\/td>\n<\/tr>\n<tr data-start=\"1002\" data-end=\"1098\">\n<td data-start=\"1002\" data-end=\"1016\" data-col-size=\"sm\">Th\u1ee7 c\u00f4ng th\u1ebb<\/td>\n<td data-col-size=\"md\" data-start=\"1016\" data-end=\"1098\">S\u1ed1 s\u00ea-ri, Chip UID, M\u00e3 QR\/M\u00e3 v\u1ea1ch, D\u1ea3i t\u1eeb (HICO\/LOCO), B\u1ea3ng ch\u1eef k\u00fd<\/td>\n<\/tr>\n<tr data-start=\"1099\" data-end=\"1169\">\n<td data-start=\"1099\" data-end=\"1118\" data-col-size=\"sm\">D\u1ecbch v\u1ee5 m\u00e3 h\u00f3a<\/td>\n<td data-col-size=\"md\" data-start=\"1118\" data-end=\"1169\">URL, v\u0103n b\u1ea3n, s\u1ed1, kh\u00f3a sector, kh\u00f3a\/m\u00e3 h\u00f3a<\/td>\n<\/tr>\n<tr data-start=\"1170\" data-end=\"1241\">\n<td data-start=\"1170\" data-end=\"1180\" data-col-size=\"sm\">B\u01b0u ki\u1ec7n<\/td>\n<td data-col-size=\"md\" data-start=\"1180\" data-end=\"1241\">200 chi\u1ebfc\/h\u1ed9p; 2000 chi\u1ebfc\/th\u00f9ng (c\u00f3 bao b\u00ec t\u00f9y ch\u1ec9nh)<\/td>\n<\/tr>\n<tr data-start=\"1242\" data-end=\"1306\">\n<td data-start=\"1242\" data-end=\"1260\" data-col-size=\"sm\">Ki\u1ec3m so\u00e1t ch\u1ea5t l\u01b0\u1ee3ng<\/td>\n<td data-start=\"1260\" data-end=\"1306\" data-col-size=\"md\">Ki\u1ec3m tra \u0111\u1ed9 nh\u1ea1y c\u1ee7a chip 100% tr\u01b0\u1edbc khi giao h\u00e0ng<\/td>\n<\/tr>\n<tr data-start=\"1307\" data-end=\"1347\">\n<td data-start=\"1307\" data-end=\"1313\" data-col-size=\"sm\">MOQ<\/td>\n<td data-start=\"1313\" data-end=\"1347\" data-col-size=\"md\">500 chi\u1ebfc (c\u00f3 in t\u00f9y ch\u1ec9nh)<\/td>\n<\/tr>\n<tr data-start=\"1348\" data-end=\"1455\">\n<td data-start=\"1348\" data-end=\"1363\" data-col-size=\"sm\">\u1ee8ng d\u1ee5ng<\/td>\n<td data-start=\"1363\" data-end=\"1455\" data-col-size=\"md\">Ki\u1ec3m so\u00e1t truy c\u1eadp, thanh to\u00e1n kh\u00f4ng d\u00f9ng ti\u1ec1n m\u1eb7t, ch\u01a1i game, gi\u1ea3i tr\u00ed, th\u00e0nh vi\u00ean, b\u00e1n v\u00e9 ph\u01b0\u01a1ng ti\u1ec7n giao th\u00f4ng<\/td>\n<\/tr>\n<\/tbody>\n<\/table>\n<\/div>\n<\/div>\n<p data-start=\"1457\" data-end=\"1471\"><strong data-start=\"1457\" data-end=\"1469\">\u0110\u1eb7c tr\u01b0ng<\/strong><\/p>\n<ul data-start=\"1472\" data-end=\"1754\">\n<li data-start=\"1472\" data-end=\"1530\">\n<p data-start=\"1474\" data-end=\"1530\">Truy\u1ec1n d\u1eef li\u1ec7u v\u00e0 cung c\u1ea5p \u0111i\u1ec7n kh\u00f4ng ti\u1ebfp x\u00fac, kh\u00f4ng c\u1ea7n pin<\/p>\n<\/li>\n<li data-start=\"1531\" data-end=\"1595\">\n<p data-start=\"1533\" data-end=\"1595\">Kho\u1ea3ng c\u00e1ch ho\u1ea1t \u0111\u1ed9ng l\u00ean \u0111\u1ebfn ~100 mm (t\u00f9y thu\u1ed9c v\u00e0o \u0103ng-ten\/\u0111\u1ea7u \u0111\u1ecdc)<\/p>\n<\/li>\n<li data-start=\"1596\" data-end=\"1630\">\n<p data-start=\"1598\" data-end=\"1630\">Xu\u1ea5t v\u00e9\/v\u00e0o c\u1eeda nhanh (&lt;100 ms)<\/p>\n<\/li>\n<li data-start=\"1631\" data-end=\"1664\">\n<p data-start=\"1633\" data-end=\"1664\">S\u1ed1 s\u00ea-ri duy nh\u1ea5t cho m\u1ed7i th\u1ebb<\/p>\n<\/li>\n<li data-start=\"1665\" data-end=\"1714\">\n<p data-start=\"1667\" data-end=\"1714\">H\u1ed7 tr\u1ee3 nhi\u1ec1u \u1ee9ng d\u1ee5ng v\u1edbi h\u1ec7 th\u1ed1ng ph\u00e2n c\u1ea5p kh\u00f3a<\/p>\n<\/li>\n<li data-start=\"1715\" data-end=\"1754\">\n<p data-start=\"1717\" data-end=\"1754\">C\u00f3 th\u1ec3 gi\u1eef trong v\u00ed trong khi giao d\u1ecbch<\/p>\n<\/li>\n<\/ul>","protected":false},"excerpt":{"rendered":"<p>Th\u1ebb kh\u00f4ng ti\u1ebfp x\u00fac PVC 13,56MHz MIFARE Classic 4K S70, ISO14443A, c\u00f3 th\u1ec3 in, c\u00f3 m\u00e3 h\u00f3a v\u00e0 c\u00e1 nh\u00e2n h\u00f3a \u0111\u1ec3 truy c\u1eadp, thanh to\u00e1n v\u00e0 gi\u1ea3i tr\u00ed.<\/p>","protected":false},"featured_media":658,"template":"","meta":{"_gspb_post_css":""},"product_brand":[],"product_cat":[15],"product_tag":[],"class_list":{"0":"post-657","1":"product","2":"type-product","3":"status-publish","4":"has-post-thumbnail","6":"product_cat-rfid-cards","8":"first","9":"instock","10":"shipping-taxable","11":"purchasable","12":"product-type-simple"},"_links":{"self":[{"href":"https:\/\/www.cxjsmartcard.com\/vi\/wp-json\/wp\/v2\/product\/657","targetHints":{"allow":["GET"]}}],"collection":[{"href":"https:\/\/www.cxjsmartcard.com\/vi\/wp-json\/wp\/v2\/product"}],"about":[{"href":"https:\/\/www.cxjsmartcard.com\/vi\/wp-json\/wp\/v2\/types\/product"}],"wp:featuredmedia":[{"embeddable":true,"href":"https:\/\/www.cxjsmartcard.com\/vi\/wp-json\/wp\/v2\/media\/658"}],"wp:attachment":[{"href":"https:\/\/www.cxjsmartcard.com\/vi\/wp-json\/wp\/v2\/media?parent=657"}],"wp:term":[{"taxonomy":"product_brand","embeddable":true,"href":"https:\/\/www.cxjsmartcard.com\/vi\/wp-json\/wp\/v2\/product_brand?post=657"},{"taxonomy":"product_cat","embeddable":true,"href":"https:\/\/www.cxjsmartcard.com\/vi\/wp-json\/wp\/v2\/product_cat?post=657"},{"taxonomy":"product_tag","embeddable":true,"href":"https:\/\/www.cxjsmartcard.com\/vi\/wp-json\/wp\/v2\/product_tag?post=657"}],"curies":[{"name":"trang web","href":"https:\/\/api.w.org\/{rel}","templated":true}]}}