{"id":652,"date":"2025-11-01T08:38:58","date_gmt":"2025-11-01T08:38:58","guid":{"rendered":"https:\/\/www.cxjsmartcard.com\/?post_type=product&#038;p=652"},"modified":"2025-12-29T01:27:12","modified_gmt":"2025-12-29T01:27:12","slug":"nxp-ntag213-blank-white-nfc-cards","status":"publish","type":"product","link":"https:\/\/www.cxjsmartcard.com\/vi\/nxp-ntag213-blank-white-nfc-cards\/","title":{"rendered":"Th\u1ebb NFC NXP NTAG213 m\u00e0u tr\u1eafng tr\u01a1n"},"content":{"rendered":"<p data-start=\"40\" data-end=\"379\">Th\u1ebb NFC tr\u1eafng tr\u01a1n s\u1eed d\u1ee5ng chip NXP NTAG213 ch\u00ednh h\u00e3ng, tu\u00e2n th\u1ee7 Th\u1ebb NFC lo\u1ea1i 2 c\u1ee7a Di\u1ec5n \u0111\u00e0n NFC v\u00e0 ISO\/IEC 14443A, \u0111\u01b0\u1ee3c thi\u1ebft k\u1ebf cho ti\u1ebfp th\u1ecb th\u00f4ng minh, x\u00e1c th\u1ef1c s\u1ea3n ph\u1ea9m, ra m\u1eaft URL\/\u1ee8NG D\u1ee4NG, l\u00f2ng trung th\u00e0nh, tr\u00f2 ch\u01a1i v\u00e0 gh\u00e9p n\u1ed1i thi\u1ebft b\u1ecb \u0111i\u1ec7n t\u1eed ti\u00eau d\u00f9ng. T\u1ea7n s\u1ed1 HF 13,56MHz, hi\u1ec7u su\u1ea5t RF \u1ed5n \u0111\u1ecbnh, b\u1ea3o v\u1ec7 b\u1eb1ng m\u1eadt kh\u1ea9u v\u00e0 h\u1ed7 tr\u1ee3 m\u00e3 h\u00f3a tr\u01b0\u1edbc.<\/p>\n<p data-start=\"381\" data-end=\"400\"><strong data-start=\"381\" data-end=\"398\">\u0110\u1eb7c \u0111i\u1ec3m k\u1ef9 thu\u1eadt<\/strong><\/p>\n<div class=\"_tableContainer_1rjym_1\">\n<div class=\"group _tableWrapper_1rjym_13 flex w-fit flex-col-reverse\" tabindex=\"-1\">\n<table class=\"w-fit min-w-(--thread-content-width)\" data-start=\"401\" data-end=\"1193\">\n<thead data-start=\"401\" data-end=\"419\">\n<tr data-start=\"401\" data-end=\"419\">\n<th data-start=\"401\" data-end=\"408\" data-col-size=\"sm\">M\u1ee5c<\/th>\n<th data-start=\"408\" data-end=\"419\" data-col-size=\"md\">Chi ti\u1ebft<\/th>\n<\/tr>\n<\/thead>\n<tbody data-start=\"430\" data-end=\"1193\">\n<tr data-start=\"430\" data-end=\"476\">\n<td data-start=\"430\" data-end=\"447\" data-col-size=\"sm\">Chip\/T\u1ea7n s\u1ed1<\/td>\n<td data-col-size=\"md\" data-start=\"447\" data-end=\"476\">NXP NTAG213, 13,56 MHz HF<\/td>\n<\/tr>\n<tr data-start=\"477\" data-end=\"528\">\n<td data-start=\"477\" data-end=\"488\" data-col-size=\"sm\">Ti\u00eau chu\u1ea9n<\/td>\n<td data-col-size=\"md\" data-start=\"488\" data-end=\"528\">Th\u1ebb lo\u1ea1i 2 c\u1ee7a Di\u1ec5n \u0111\u00e0n NFC, ISO\/IEC 14443A<\/td>\n<\/tr>\n<tr data-start=\"529\" data-end=\"563\">\n<td data-start=\"529\" data-end=\"538\" data-col-size=\"sm\">K\u00fd \u1ee9c<\/td>\n<td data-start=\"538\" data-end=\"563\" data-col-size=\"md\">B\u1ed9 nh\u1edb ng\u01b0\u1eddi d\u00f9ng 144 byte<\/td>\n<\/tr>\n<tr data-start=\"564\" data-end=\"615\">\n<td data-start=\"564\" data-end=\"571\" data-col-size=\"sm\">K\u00edch c\u1ee1<\/td>\n<td data-col-size=\"md\" data-start=\"571\" data-end=\"615\">85,5 \u00d7 54 \u00d7 0,84 mm (CR80) ho\u1eb7c t\u00f9y ch\u1ec9nh<\/td>\n<\/tr>\n<tr data-start=\"616\" data-end=\"665\">\n<td data-start=\"616\" data-end=\"627\" data-col-size=\"sm\">V\u1eadt li\u1ec7u<\/td>\n<td data-col-size=\"md\" data-start=\"627\" data-end=\"665\">PVC (h\u1ed7 tr\u1ee3 PET\/PET-G theo y\u00eau c\u1ea7u)<\/td>\n<\/tr>\n<tr data-start=\"666\" data-end=\"718\">\n<td data-start=\"666\" data-end=\"679\" data-col-size=\"sm\">Ph\u1ea1m vi \u0111\u1ecdc<\/td>\n<td data-start=\"679\" data-end=\"718\" data-col-size=\"md\">1\u20135 cm (ph\u1ee5 thu\u1ed9c v\u00e0o \u0111\u1ea7u \u0111\u1ecdc v\u00e0 \u0103ng-ten)<\/td>\n<\/tr>\n<tr data-start=\"719\" data-end=\"756\">\n<td data-start=\"719\" data-end=\"737\" data-col-size=\"sm\">Vi\u1ebft s\u1ee9c b\u1ec1n<\/td>\n<td data-col-size=\"md\" data-start=\"737\" data-end=\"756\">\u2265100.000 chu k\u1ef3<\/td>\n<\/tr>\n<tr data-start=\"757\" data-end=\"801\">\n<td data-start=\"757\" data-end=\"773\" data-col-size=\"sm\">Chuy\u1ec3n d\u1eef li\u1ec7u<\/td>\n<td data-col-size=\"md\" data-start=\"773\" data-end=\"801\">RF t\u1ed1c \u0111\u1ed9 cao 106 kbit\/gi\u00e2y<\/td>\n<\/tr>\n<tr data-start=\"802\" data-end=\"882\">\n<td data-start=\"802\" data-end=\"813\" data-col-size=\"sm\">B\u1ea3o v\u1ec7<\/td>\n<td data-start=\"813\" data-end=\"882\" data-col-size=\"md\">UID 7 byte, b\u1ea3o v\u1ec7 b\u1eb1ng m\u1eadt kh\u1ea9u, bit kh\u00f3a, ch\u1eef k\u00fd g\u1ed1c<\/td>\n<\/tr>\n<tr data-start=\"883\" data-end=\"946\">\n<td data-start=\"883\" data-end=\"894\" data-col-size=\"sm\">In \u1ea5n<\/td>\n<td data-start=\"894\" data-end=\"946\" data-col-size=\"md\">In l\u1ee5a, CMYK \u0111\u1ea7y \u0111\u1ee7 m\u00e0u s\u1eafc, b\u1ec1 m\u1eb7t b\u00f3ng\/m\u1edd<\/td>\n<\/tr>\n<tr data-start=\"947\" data-end=\"1028\">\n<td data-start=\"947\" data-end=\"965\" data-col-size=\"sm\">C\u00e1 nh\u00e2n h\u00f3a<\/td>\n<td data-col-size=\"md\" data-start=\"965\" data-end=\"1028\">M\u00e3 QR\/m\u00e3 v\u1ea1ch, logo, s\u1ed1 s\u00ea-ri, \u00e1nh x\u1ea1 UID, ghi tr\u01b0\u1edbc URL<\/td>\n<\/tr>\n<tr data-start=\"1029\" data-end=\"1091\">\n<td data-start=\"1029\" data-end=\"1041\" data-col-size=\"sm\">Bao b\u00ec<\/td>\n<td data-start=\"1041\" data-end=\"1091\" data-col-size=\"md\">200 chi\u1ebfc\/h\u1ed9p, 2000 chi\u1ebfc\/th\u00f9ng (kho\u1ea3ng 13 kg\/th\u00f9ng)<\/td>\n<\/tr>\n<tr data-start=\"1092\" data-end=\"1193\">\n<td data-start=\"1092\" data-end=\"1107\" data-col-size=\"sm\">\u1ee8ng d\u1ee5ng<\/td>\n<td data-col-size=\"md\" data-start=\"1107\" data-end=\"1193\">Qu\u1ea3ng c\u00e1o th\u00f4ng minh, th\u1ebb NFC s\u1ea3n ph\u1ea9m, truy c\u1eadp, demo thanh to\u00e1n, h\u1eadu c\u1ea7n, O2O, SoLoMo<\/td>\n<\/tr>\n<\/tbody>\n<\/table>\n<\/div>\n<\/div>\n<p data-start=\"1195\" data-end=\"1209\"><strong data-start=\"1195\" data-end=\"1207\">\u0110\u1eb7c tr\u01b0ng<\/strong><\/p>\n<ul data-start=\"1210\" data-end=\"1498\">\n<li data-start=\"1210\" data-end=\"1272\">\n<p data-start=\"1212\" data-end=\"1272\">\u0110\u1ecdc nhanh (FAST_READ) \u0111\u1ec3 k\u00e9o to\u00e0n b\u1ed9 NDEF trong m\u1ed9t l\u1ec7nh<\/p>\n<\/li>\n<li data-start=\"1273\" data-end=\"1327\">\n<p data-start=\"1275\" data-end=\"1327\">Hi\u1ec7u su\u1ea5t RF t\u1ed1t cho nhi\u1ec1u h\u00ecnh d\u1ea1ng\/v\u1eadt li\u1ec7u kh\u00e1c nhau<\/p>\n<\/li>\n<li data-start=\"1328\" data-end=\"1368\">\n<p data-start=\"1330\" data-end=\"1368\">Kh\u00f3a ch\u1ec9 \u0111\u1ecdc c\u00f3 th\u1ec3 l\u1eadp tr\u00ecnh t\u1ea1i hi\u1ec7n tr\u01b0\u1eddng<\/p>\n<\/li>\n<li data-start=\"1369\" data-end=\"1426\">\n<p data-start=\"1371\" data-end=\"1426\">Ch\u1eef k\u00fd g\u1ed1c d\u1ef1a tr\u00ean ECC \u0111\u1ec3 x\u00e1c th\u1ef1c chip<\/p>\n<\/li>\n<li data-start=\"1427\" data-end=\"1498\">\n<p data-start=\"1429\" data-end=\"1498\">Ch\u1ed1ng va ch\u1ea1m\u2014nhi\u1ec1u th\u1ebb NFC c\u00f3 th\u1ec3 \u0111\u01b0\u1ee3c \u0111\u1ecdc l\u1ea7n l\u01b0\u1ee3t t\u1ea1i hi\u1ec7n tr\u01b0\u1eddng<\/p>\n<\/li>\n<\/ul>","protected":false},"excerpt":{"rendered":"<p>Th\u1ebb NFC NXP NTAG213 13,56MHz m\u00e0u tr\u1eafng, c\u00f3 b\u1ed9 nh\u1edb 144B, tu\u00e2n th\u1ee7 ISO14443A\/NFC Lo\u1ea1i 2 v\u00e0 h\u1ed7 tr\u1ee3 in m\u00e0u \u0111\u1ea7y \u0111\u1ee7 v\u00e0 m\u00e3 h\u00f3a tr\u01b0\u1edbc.<\/p>","protected":false},"featured_media":653,"template":"","meta":{"_gspb_post_css":""},"product_brand":[],"product_cat":[15],"product_tag":[],"class_list":{"0":"post-652","1":"product","2":"type-product","3":"status-publish","4":"has-post-thumbnail","6":"product_cat-rfid-cards","8":"first","9":"instock","10":"shipping-taxable","11":"purchasable","12":"product-type-simple"},"_links":{"self":[{"href":"https:\/\/www.cxjsmartcard.com\/vi\/wp-json\/wp\/v2\/product\/652","targetHints":{"allow":["GET"]}}],"collection":[{"href":"https:\/\/www.cxjsmartcard.com\/vi\/wp-json\/wp\/v2\/product"}],"about":[{"href":"https:\/\/www.cxjsmartcard.com\/vi\/wp-json\/wp\/v2\/types\/product"}],"wp:featuredmedia":[{"embeddable":true,"href":"https:\/\/www.cxjsmartcard.com\/vi\/wp-json\/wp\/v2\/media\/653"}],"wp:attachment":[{"href":"https:\/\/www.cxjsmartcard.com\/vi\/wp-json\/wp\/v2\/media?parent=652"}],"wp:term":[{"taxonomy":"product_brand","embeddable":true,"href":"https:\/\/www.cxjsmartcard.com\/vi\/wp-json\/wp\/v2\/product_brand?post=652"},{"taxonomy":"product_cat","embeddable":true,"href":"https:\/\/www.cxjsmartcard.com\/vi\/wp-json\/wp\/v2\/product_cat?post=652"},{"taxonomy":"product_tag","embeddable":true,"href":"https:\/\/www.cxjsmartcard.com\/vi\/wp-json\/wp\/v2\/product_tag?post=652"}],"curies":[{"name":"trang web","href":"https:\/\/api.w.org\/{rel}","templated":true}]}}