{"id":648,"date":"2025-11-01T08:35:32","date_gmt":"2025-11-01T08:35:32","guid":{"rendered":"https:\/\/www.cxjsmartcard.com\/?post_type=product&#038;p=648"},"modified":"2025-12-29T01:27:12","modified_gmt":"2025-12-29T01:27:12","slug":"nxp-mifare-desfire-ev2-2k-4k-8k-rfid-cards","status":"publish","type":"product","link":"https:\/\/www.cxjsmartcard.com\/vi\/nxp-mifare-desfire-ev2-2k-4k-8k-rfid-cards\/","title":{"rendered":"Th\u1ebb RFID NXP MIFARE DESFire EV2 2K 4K 8K"},"content":{"rendered":"<p data-start=\"49\" data-end=\"396\">Th\u1ebb kh\u00f4ng ti\u1ebfp x\u00fac 13,56 MHz b\u1ea3o m\u1eadt cao d\u1ef1a tr\u00ean NXP MIFARE DESFire EV2, c\u00f3 s\u1eb5n \u1edf c\u00e1c \u0111\u1ecbnh d\u1ea1ng EEPROM 2K, 4K v\u00e0 8K. Th\u1ebb h\u1ed7 tr\u1ee3 ISO\/IEC 14443A, kh\u00f3a AES\/3DES, qu\u1ea3n l\u00fd \u1ee9ng d\u1ee5ng \u0111\u01b0\u1ee3c \u1ee7y quy\u1ec1n (MIsmartApp), ki\u1ec3m tra kho\u1ea3ng c\u00e1ch v\u00e0 VCA \u0111\u1ec3 \u0111\u1ea3m b\u1ea3o quy\u1ec1n ri\u00eang t\u01b0. \u0110\u01b0\u1ee3c thi\u1ebft k\u1ebf cho c\u00e1c d\u1ef1 \u00e1n giao th\u00f4ng, ki\u1ec3m so\u00e1t ra v\u00e0o, khu\u00f4n vi\u00ean tr\u01b0\u1eddng h\u1ecdc, kh\u00e1ch s\u1ea1n v\u00e0 th\u1ebb th\u00e0nh ph\u1ed1.<\/p>\n<p data-start=\"398\" data-end=\"417\"><strong data-start=\"398\" data-end=\"415\">\u0110\u1eb7c \u0111i\u1ec3m k\u1ef9 thu\u1eadt<\/strong><\/p>\n<div class=\"_tableContainer_1rjym_1\">\n<div class=\"group _tableWrapper_1rjym_13 flex w-fit flex-col-reverse\" tabindex=\"-1\">\n<table class=\"w-fit min-w-(--thread-content-width)\" data-start=\"418\" data-end=\"1199\">\n<thead data-start=\"418\" data-end=\"436\">\n<tr data-start=\"418\" data-end=\"436\">\n<th data-start=\"418\" data-end=\"425\" data-col-size=\"sm\">M\u1ee5c<\/th>\n<th data-start=\"425\" data-end=\"436\" data-col-size=\"md\">Chi ti\u1ebft<\/th>\n<\/tr>\n<\/thead>\n<tbody data-start=\"447\" data-end=\"1199\">\n<tr data-start=\"447\" data-end=\"480\">\n<td data-start=\"447\" data-end=\"454\" data-col-size=\"sm\">Chip<\/td>\n<td data-col-size=\"md\" data-start=\"454\" data-end=\"480\">NXP MIFARE DESFire EV2<\/td>\n<\/tr>\n<tr data-start=\"481\" data-end=\"557\">\n<td data-start=\"481\" data-end=\"498\" data-col-size=\"sm\">T\u00f9y ch\u1ecdn b\u1ed9 nh\u1edb<\/td>\n<td data-col-size=\"md\" data-start=\"498\" data-end=\"557\">2K \/ 4K \/ 8K (c\u0169ng h\u1ed7 tr\u1ee3 b\u1ed9 nh\u1edb NV cao h\u01a1n theo chu\u1ed7i)<\/td>\n<\/tr>\n<tr data-start=\"558\" data-end=\"610\">\n<td data-start=\"558\" data-end=\"572\" data-col-size=\"sm\">Ti\u00eau chu\u1ea9n RF<\/td>\n<td data-col-size=\"md\" data-start=\"572\" data-end=\"610\">ISO\/IEC 14443 Lo\u1ea1i A (ph\u1ea7n 2\/3\/4)<\/td>\n<\/tr>\n<tr data-start=\"611\" data-end=\"636\">\n<td data-start=\"611\" data-end=\"623\" data-col-size=\"sm\">T\u00ednh th\u01b0\u1eddng xuy\u00ean<\/td>\n<td data-col-size=\"md\" data-start=\"623\" data-end=\"636\">13,56 MHz<\/td>\n<\/tr>\n<tr data-start=\"637\" data-end=\"681\">\n<td data-start=\"637\" data-end=\"649\" data-col-size=\"sm\">T\u1ed1c \u0111\u1ed9 d\u1eef li\u1ec7u<\/td>\n<td data-col-size=\"md\" data-start=\"649\" data-end=\"681\">106 \/ 212 \/ 424 \/ 848 kbit\/gi\u00e2y<\/td>\n<\/tr>\n<tr data-start=\"682\" data-end=\"722\">\n<td data-start=\"682\" data-end=\"688\" data-col-size=\"sm\">M\u00e3 \u0111\u1ecbnh danh ng\u01b0\u1eddi d\u00f9ng (UID)<\/td>\n<td data-col-size=\"md\" data-start=\"688\" data-end=\"722\">UID 7 byte, ID ng\u1eabu nhi\u00ean t\u00f9y ch\u1ecdn<\/td>\n<\/tr>\n<tr data-start=\"723\" data-end=\"795\">\n<td data-start=\"723\" data-end=\"737\" data-col-size=\"sm\">H\u1ec7 th\u1ed1ng t\u1eadp tin<\/td>\n<td data-col-size=\"md\" data-start=\"737\" data-end=\"795\">T\u1ed1i \u0111a 32 t\u1ec7p cho m\u1ed7i \u1ee9ng d\u1ee5ng, nhi\u1ec1u \u1ee9ng d\u1ee5ng cho m\u1ed7i PICC<\/td>\n<\/tr>\n<tr data-start=\"796\" data-end=\"871\">\n<td data-start=\"796\" data-end=\"807\" data-col-size=\"sm\">B\u1ea3o v\u1ec7<\/td>\n<td data-start=\"807\" data-end=\"871\" data-col-size=\"md\">Ti\u00eau ch\u00ed chung EAL5+, AES-128, x\u00e1c th\u1ef1c l\u1eabn nhau 3 l\u1ea7n<\/td>\n<\/tr>\n<tr data-start=\"872\" data-end=\"910\">\n<td data-start=\"872\" data-end=\"883\" data-col-size=\"sm\">V\u1eadt li\u1ec7u<\/td>\n<td data-col-size=\"md\" data-start=\"883\" data-end=\"910\">PVC, ABS, PET, PC, v.v.<\/td>\n<\/tr>\n<tr data-start=\"911\" data-end=\"946\">\n<td data-start=\"911\" data-end=\"918\" data-col-size=\"sm\">K\u00edch c\u1ee1<\/td>\n<td data-col-size=\"md\" data-start=\"918\" data-end=\"946\">CR80 30mil ho\u1eb7c t\u00f9y ch\u1ec9nh<\/td>\n<\/tr>\n<tr data-start=\"947\" data-end=\"985\">\n<td data-start=\"947\" data-end=\"957\" data-col-size=\"sm\">B\u1ec1 m\u1eb7t<\/td>\n<td data-start=\"957\" data-end=\"985\" data-col-size=\"md\">B\u00f3ng \/ M\u1edd \/ M\u1edd<\/td>\n<\/tr>\n<tr data-start=\"986\" data-end=\"1028\">\n<td data-start=\"986\" data-end=\"998\" data-col-size=\"sm\">C\u00f3 th\u1ec3 in<\/td>\n<td data-col-size=\"md\" data-start=\"998\" data-end=\"1028\">Nhi\u1ec7t, phun m\u1ef1c, UV, laser<\/td>\n<\/tr>\n<tr data-start=\"1029\" data-end=\"1110\">\n<td data-start=\"1029\" data-end=\"1038\" data-col-size=\"sm\">Th\u1ee7 c\u00f4ng m\u1ef9 ngh\u1ec7<\/td>\n<td data-start=\"1038\" data-end=\"1110\" data-col-size=\"md\">D\u1ea3i t\u1eeb, m\u00e3 v\u1ea1ch\/QR, b\u1ea3ng ch\u1eef k\u00fd, th\u1ebb c\u00e0o, s\u1ed1 SN<\/td>\n<\/tr>\n<tr data-start=\"1111\" data-end=\"1199\">\n<td data-start=\"1111\" data-end=\"1128\" data-col-size=\"sm\">H\u1ec7 th\u1ed1ng m\u1ee5c ti\u00eau<\/td>\n<td data-start=\"1128\" data-end=\"1199\" data-col-size=\"md\">V\u00e9 giao th\u00f4ng, h\u1ed9i t\u1ee5 ng\u00e2n h\u00e0ng, th\u1ebb th\u00e0nh ph\u1ed1, ki\u1ec3m so\u00e1t ra v\u00e0o<\/td>\n<\/tr>\n<\/tbody>\n<\/table>\n<\/div>\n<\/div>\n<p data-start=\"1201\" data-end=\"1219\"><strong data-start=\"1201\" data-end=\"1217\">C\u00e1c t\u00ednh n\u0103ng ch\u00ednh<\/strong><\/p>\n<ul data-start=\"1220\" data-end=\"1537\">\n<li data-start=\"1220\" data-end=\"1251\">\n<p data-start=\"1222\" data-end=\"1251\">M\u1ee9c \u0111\u1ed9 b\u1ea3o m\u1eadt cao (EAL5+)<\/p>\n<\/li>\n<li data-start=\"1252\" data-end=\"1299\">\n<p data-start=\"1254\" data-end=\"1299\">Nh\u1eafn tin b\u1ea3o m\u1eadt AES t\u01b0\u01a1ng t\u1ef1 nh\u01b0 MIFARE Plus<\/p>\n<\/li>\n<li data-start=\"1300\" data-end=\"1351\">\n<p data-start=\"1302\" data-end=\"1351\">MIsmartApp \u0111\u1ec3 qu\u1ea3n l\u00fd \u1ee9ng d\u1ee5ng \u0111\u01b0\u1ee3c \u1ee7y quy\u1ec1n<\/p>\n<\/li>\n<li data-start=\"1352\" data-end=\"1404\">\n<p data-start=\"1354\" data-end=\"1404\">Giao d\u1ecbch MAC, ch\u1ed1ng r\u00e1ch v\u00e0 cu\u1ed9n ph\u00edm nhanh<\/p>\n<\/li>\n<li data-start=\"1405\" data-end=\"1477\">\n<p data-start=\"1407\" data-end=\"1477\">Ki\u1ebfn tr\u00fac th\u1ebb \u1ea3o (VCA) d\u00e0nh cho th\u1ebb \u0111a thu\u00ea bao\/\u0111a d\u1ecbch v\u1ee5<\/p>\n<\/li>\n<li data-start=\"1478\" data-end=\"1537\">\n<p data-start=\"1480\" data-end=\"1537\">Kh\u1ea3 n\u0103ng t\u01b0\u01a1ng th\u00edch ng\u01b0\u1ee3c v\u1edbi c\u00e1c th\u1ebf h\u1ec7 DESFire tr\u01b0\u1edbc \u0111\u00f3<\/p>\n<\/li>\n<\/ul>","protected":false},"excerpt":{"rendered":"<p>Th\u1ebb RFID NXP MIFARE DESFire EV2 13,56MHz (2K\/4K\/8K) c\u00f3 b\u1ea3o m\u1eadt AES, ISO14443A v\u00e0 h\u1ec7 th\u1ed1ng t\u1ec7p \u0111a \u1ee9ng d\u1ee5ng linh ho\u1ea1t cho th\u1ebb v\u1eadn chuy\u1ec3n, th\u1ebb ra v\u00e0o v\u00e0 th\u1ebb th\u00e0nh ph\u1ed1 th\u00f4ng minh.<\/p>","protected":false},"featured_media":649,"template":"","meta":{"_gspb_post_css":""},"product_brand":[],"product_cat":[15],"product_tag":[],"class_list":{"0":"post-648","1":"product","2":"type-product","3":"status-publish","4":"has-post-thumbnail","6":"product_cat-rfid-cards","8":"first","9":"instock","10":"shipping-taxable","11":"purchasable","12":"product-type-simple"},"_links":{"self":[{"href":"https:\/\/www.cxjsmartcard.com\/vi\/wp-json\/wp\/v2\/product\/648","targetHints":{"allow":["GET"]}}],"collection":[{"href":"https:\/\/www.cxjsmartcard.com\/vi\/wp-json\/wp\/v2\/product"}],"about":[{"href":"https:\/\/www.cxjsmartcard.com\/vi\/wp-json\/wp\/v2\/types\/product"}],"wp:featuredmedia":[{"embeddable":true,"href":"https:\/\/www.cxjsmartcard.com\/vi\/wp-json\/wp\/v2\/media\/649"}],"wp:attachment":[{"href":"https:\/\/www.cxjsmartcard.com\/vi\/wp-json\/wp\/v2\/media?parent=648"}],"wp:term":[{"taxonomy":"product_brand","embeddable":true,"href":"https:\/\/www.cxjsmartcard.com\/vi\/wp-json\/wp\/v2\/product_brand?post=648"},{"taxonomy":"product_cat","embeddable":true,"href":"https:\/\/www.cxjsmartcard.com\/vi\/wp-json\/wp\/v2\/product_cat?post=648"},{"taxonomy":"product_tag","embeddable":true,"href":"https:\/\/www.cxjsmartcard.com\/vi\/wp-json\/wp\/v2\/product_tag?post=648"}],"curies":[{"name":"trang web","href":"https:\/\/api.w.org\/{rel}","templated":true}]}}