{"id":637,"date":"2025-11-01T08:26:42","date_gmt":"2025-11-01T08:26:42","guid":{"rendered":"https:\/\/www.cxjsmartcard.com\/?post_type=product&#038;p=637"},"modified":"2025-12-29T01:27:12","modified_gmt":"2025-12-29T01:27:12","slug":"mifare-desfire-ev2-2k-rfid-card","status":"publish","type":"product","link":"https:\/\/www.cxjsmartcard.com\/vi\/mifare-desfire-ev2-2k-rfid-card\/","title":{"rendered":"Th\u1ebb RFID MIFARE DESFire EV2 2K"},"content":{"rendered":"<p data-start=\"38\" data-end=\"428\">Th\u1ebb th\u00f4ng minh kh\u00f4ng ti\u1ebfp x\u00fac 13,56 MHz b\u1ea3o m\u1eadt cao d\u1ef1a tr\u00ean NXP MIFARE DESFire EV2 2K, \u0111\u01b0\u1ee3c thi\u1ebft k\u1ebf cho nhi\u1ec1u \u1ee9ng d\u1ee5ng b\u00e1n v\u00e9, v\u1eadn t\u1ea3i, ki\u1ec3m so\u00e1t ra v\u00e0o, d\u1ecbch v\u1ee5 kh\u00e1ch s\u1ea1n, tr\u01b0\u1eddng h\u1ecdc, thanh to\u00e1n kh\u00f4ng d\u00f9ng ti\u1ec1n m\u1eb7t v\u00e0 d\u1ecbch v\u1ee5 th\u00e0nh ph\u1ed1 th\u00f4ng minh. Tu\u00e2n th\u1ee7 ISO\/IEC 14443A, h\u1ed7 tr\u1ee3 t\u1ed1c \u0111\u1ed9 d\u1eef li\u1ec7u nhanh l\u00ean \u0111\u1ebfn 848 kbit\/gi\u00e2y, m\u1ee9c b\u1ea3o m\u1eadt Common Criteria EAL5+ v\u00e0 qu\u1ea3n l\u00fd t\u1ec7p\/\u1ee9ng d\u1ee5ng linh ho\u1ea1t.<\/p>\n<p data-start=\"430\" data-end=\"449\"><strong data-start=\"430\" data-end=\"447\">\u0110\u1eb7c \u0111i\u1ec3m k\u1ef9 thu\u1eadt<\/strong><\/p>\n<div class=\"_tableContainer_1rjym_1\">\n<div class=\"group _tableWrapper_1rjym_13 flex w-fit flex-col-reverse\" tabindex=\"-1\">\n<table class=\"w-fit min-w-(--thread-content-width)\" data-start=\"450\" data-end=\"1095\">\n<thead data-start=\"450\" data-end=\"468\">\n<tr data-start=\"450\" data-end=\"468\">\n<th data-start=\"450\" data-end=\"457\" data-col-size=\"sm\">M\u1ee5c<\/th>\n<th data-start=\"457\" data-end=\"468\" data-col-size=\"md\">Chi ti\u1ebft<\/th>\n<\/tr>\n<\/thead>\n<tbody data-start=\"479\" data-end=\"1095\">\n<tr data-start=\"479\" data-end=\"511\">\n<td data-start=\"479\" data-end=\"486\" data-col-size=\"sm\">Chip<\/td>\n<td data-col-size=\"md\" data-start=\"486\" data-end=\"511\">MIFARE DESFire EV2 2K<\/td>\n<\/tr>\n<tr data-start=\"512\" data-end=\"542\">\n<td data-start=\"512\" data-end=\"521\" data-col-size=\"sm\">K\u00fd \u1ee9c<\/td>\n<td data-col-size=\"md\" data-start=\"521\" data-end=\"542\">B\u1ed9 nh\u1edb NV 2 KByte<\/td>\n<\/tr>\n<tr data-start=\"543\" data-end=\"609\">\n<td data-start=\"543\" data-end=\"569\" data-col-size=\"sm\">Giao di\u1ec7n chu\u1ea9n \/ RF<\/td>\n<td data-col-size=\"md\" data-start=\"569\" data-end=\"609\">ISO\/IEC 14443 Lo\u1ea1i A (Ph\u1ea7n 2, 3, 4)<\/td>\n<\/tr>\n<tr data-start=\"610\" data-end=\"635\">\n<td data-start=\"610\" data-end=\"622\" data-col-size=\"sm\">T\u00ednh th\u01b0\u1eddng xuy\u00ean<\/td>\n<td data-col-size=\"md\" data-start=\"622\" data-end=\"635\">13,56 MHz<\/td>\n<\/tr>\n<tr data-start=\"636\" data-end=\"680\">\n<td data-start=\"636\" data-end=\"648\" data-col-size=\"sm\">T\u1ed1c \u0111\u1ed9 d\u1eef li\u1ec7u<\/td>\n<td data-col-size=\"md\" data-start=\"648\" data-end=\"680\">106 \/ 212 \/ 424 \/ 848 kbit\/gi\u00e2y<\/td>\n<\/tr>\n<tr data-start=\"681\" data-end=\"736\">\n<td data-start=\"681\" data-end=\"687\" data-col-size=\"sm\">M\u00e3 \u0111\u1ecbnh danh ng\u01b0\u1eddi d\u00f9ng (UID)<\/td>\n<td data-start=\"687\" data-end=\"736\" data-col-size=\"md\">M\u00e3 \u0111\u1ecbnh danh duy nh\u1ea5t 7 byte (h\u1ed7 tr\u1ee3 ID ng\u1eabu nhi\u00ean)<\/td>\n<\/tr>\n<tr data-start=\"737\" data-end=\"777\">\n<td data-start=\"737\" data-end=\"744\" data-col-size=\"sm\">K\u00edch c\u1ee1<\/td>\n<td data-start=\"744\" data-end=\"777\" data-col-size=\"md\">85,5 \u00d7 54 mm (CR80) ho\u1eb7c t\u00f9y ch\u1ec9nh<\/td>\n<\/tr>\n<tr data-start=\"778\" data-end=\"830\">\n<td data-start=\"778\" data-end=\"791\" data-col-size=\"sm\">Ph\u1ea1m vi \u0111\u1ecdc<\/td>\n<td data-col-size=\"md\" data-start=\"791\" data-end=\"830\">0\u201310 cm (t\u00f9y thu\u1ed9c v\u00e0o \u0111\u1ea7u \u0111\u1ecdc\/\u0103ng-ten)<\/td>\n<\/tr>\n<tr data-start=\"831\" data-end=\"868\">\n<td data-start=\"831\" data-end=\"849\" data-col-size=\"sm\">Vi\u1ebft s\u1ee9c b\u1ec1n<\/td>\n<td data-col-size=\"md\" data-start=\"849\" data-end=\"868\">\u2265500.000 chu k\u1ef3<\/td>\n<\/tr>\n<tr data-start=\"869\" data-end=\"898\">\n<td data-start=\"869\" data-end=\"886\" data-col-size=\"sm\">L\u01b0u gi\u1eef d\u1eef li\u1ec7u<\/td>\n<td data-col-size=\"md\" data-start=\"886\" data-end=\"898\">25 n\u0103m<\/td>\n<\/tr>\n<tr data-start=\"899\" data-end=\"942\">\n<td data-start=\"899\" data-end=\"910\" data-col-size=\"sm\">V\u1eadt li\u1ec7u<\/td>\n<td data-start=\"910\" data-end=\"942\" data-col-size=\"md\">PVC (t\u00f9y ch\u1ec9nh: PET, PET-G, PC)<\/td>\n<\/tr>\n<tr data-start=\"943\" data-end=\"1010\">\n<td data-start=\"943\" data-end=\"954\" data-col-size=\"sm\">In \u1ea5n<\/td>\n<td data-start=\"954\" data-end=\"1010\" data-col-size=\"md\">In offset CMYK, in l\u1ee5a, c\u00e1 nh\u00e2n h\u00f3a, m\u00e3 QR\/m\u00e3 v\u1ea1ch<\/td>\n<\/tr>\n<tr data-start=\"1011\" data-end=\"1095\">\n<td data-start=\"1011\" data-end=\"1020\" data-col-size=\"sm\">Th\u1ee7 c\u00f4ng m\u1ef9 ngh\u1ec7<\/td>\n<td data-start=\"1020\" data-end=\"1095\" data-col-size=\"md\">S\u1ed1 s\u00ea-ri, d\u1ea3i t\u1eeb, d\u1eadp n\u1ed5i\/d\u1eadp ch\u00ecm, m\u00e3 laser, d\u1eadp n\u00f3ng<\/td>\n<\/tr>\n<\/tbody>\n<\/table>\n<\/div>\n<\/div>\n<p data-start=\"1097\" data-end=\"1116\"><strong data-start=\"1097\" data-end=\"1114\">C\u00e1c t\u00ednh n\u0103ng c\u1ed1t l\u00f5i<\/strong><\/p>\n<div class=\"_tableContainer_1rjym_1\">\n<div class=\"group _tableWrapper_1rjym_13 flex w-fit flex-col-reverse\" tabindex=\"-1\">\n<table class=\"w-fit min-w-(--thread-content-width)\" data-start=\"1117\" data-end=\"1682\">\n<thead data-start=\"1117\" data-end=\"1142\">\n<tr data-start=\"1117\" data-end=\"1142\">\n<th data-start=\"1117\" data-end=\"1127\" data-col-size=\"sm\">T\u00ednh n\u0103ng<\/th>\n<th data-start=\"1127\" data-end=\"1142\" data-col-size=\"md\">S\u1ef1 mi\u00eau t\u1ea3<\/th>\n<\/tr>\n<\/thead>\n<tbody data-start=\"1153\" data-end=\"1682\">\n<tr data-start=\"1153\" data-end=\"1250\">\n<td data-start=\"1153\" data-end=\"1173\" data-col-size=\"sm\">\u0110a \u1ee9ng d\u1ee5ng<\/td>\n<td data-col-size=\"md\" data-start=\"1173\" data-end=\"1250\">H\u1ea7u nh\u01b0 kh\u00f4ng gi\u1edbi h\u1ea1n s\u1ed1 l\u01b0\u1ee3ng \u1ee9ng d\u1ee5ng tr\u00ean m\u1ed7i th\u1ebb; t\u1ed1i \u0111a 32 t\u1ec7p tr\u00ean m\u1ed7i \u1ee9ng d\u1ee5ng<\/td>\n<\/tr>\n<tr data-start=\"1251\" data-end=\"1334\">\n<td data-start=\"1251\" data-end=\"1273\" data-col-size=\"sm\">Ki\u1ebfn tr\u00fac an to\u00e0n<\/td>\n<td data-start=\"1273\" data-end=\"1334\" data-col-size=\"md\">Kh\u00f3a AES (128-bit) v\u00e0 3DES, x\u00e1c th\u1ef1c 3 l\u1ea7n t\u01b0\u01a1ng h\u1ed7<\/td>\n<\/tr>\n<tr data-start=\"1335\" data-end=\"1394\">\n<td data-start=\"1335\" data-end=\"1353\" data-col-size=\"sm\">Giao d\u1ecbch MAC<\/td>\n<td data-col-size=\"md\" data-start=\"1353\" data-end=\"1394\">\u0110\u1ea3m b\u1ea3o t\u00ednh to\u00e0n v\u1eb9n c\u1ee7a m\u1ed7i giao d\u1ecbch<\/td>\n<\/tr>\n<tr data-start=\"1395\" data-end=\"1466\">\n<td data-start=\"1395\" data-end=\"1408\" data-col-size=\"sm\">\u1ee8ng d\u1ee5ng MIsmart<\/td>\n<td data-start=\"1408\" data-end=\"1466\" data-col-size=\"md\">Qu\u1ea3n l\u00fd \u1ee9ng d\u1ee5ng \u0111\u01b0\u1ee3c \u1ee7y quy\u1ec1n cho c\u00e1c nh\u00e0 \u0111i\u1ec1u h\u00e0nh d\u1ecbch v\u1ee5<\/td>\n<\/tr>\n<tr data-start=\"1467\" data-end=\"1521\">\n<td data-start=\"1467\" data-end=\"1485\" data-col-size=\"sm\">Ki\u1ec3m tra \u0111\u1ed9 g\u1ea7n<\/td>\n<td data-col-size=\"md\" data-start=\"1485\" data-end=\"1521\">B\u1ea3o v\u1ec7 ch\u1ed1ng l\u1ea1i c\u00e1c cu\u1ed9c t\u1ea5n c\u00f4ng chuy\u1ec3n ti\u1ebfp<\/td>\n<\/tr>\n<tr data-start=\"1522\" data-end=\"1601\">\n<td data-start=\"1522\" data-end=\"1556\" data-col-size=\"sm\">VCA (Ki\u1ebfn tr\u00fac th\u1ebb \u1ea3o)<\/td>\n<td data-col-size=\"md\" data-start=\"1556\" data-end=\"1601\">Quy\u1ec1n ri\u00eang t\u01b0 v\u00e0 ph\u00e2n t\u00e1ch \u1ee9ng d\u1ee5ng t\u1ed1t h\u01a1n<\/td>\n<\/tr>\n<tr data-start=\"1602\" data-end=\"1682\">\n<td data-start=\"1602\" data-end=\"1627\" data-col-size=\"sm\">H\u1ed7 tr\u1ee3 ISO\/IEC 7816-4<\/td>\n<td data-col-size=\"md\" data-start=\"1627\" data-end=\"1682\">APDU v\u00e0 c\u1ea5u tr\u00fac t\u1ec7p \u0111\u1ec3 t\u00edch h\u1ee3p h\u1ec7 th\u1ed1ng d\u1ec5 d\u00e0ng<\/td>\n<\/tr>\n<\/tbody>\n<\/table>\n<\/div>\n<\/div>\n<p data-start=\"1684\" data-end=\"1711\"><strong data-start=\"1684\" data-end=\"1709\">C\u00e1c t\u00ecnh hu\u1ed1ng \u1ee9ng d\u1ee5ng<\/strong><\/p>\n<ul data-start=\"1712\" data-end=\"1963\">\n<li data-start=\"1712\" data-end=\"1764\">\n<p data-start=\"1714\" data-end=\"1764\">Giao th\u00f4ng c\u00f4ng c\u1ed9ng, v\u00e9 \u0111i\u1ec7n t\u1eed, th\u1eddi gian v\u00e0 \u0111i\u1ec3m danh<\/p>\n<\/li>\n<li data-start=\"1765\" data-end=\"1803\">\n<p data-start=\"1767\" data-end=\"1803\">Truy c\u1eadp v\u00e0o khu\u00f4n vi\u00ean tr\u01b0\u1eddng h\u1ecdc \/ doanh nghi\u1ec7p \/ kh\u00e1ch s\u1ea1n<\/p>\n<\/li>\n<li data-start=\"1804\" data-end=\"1848\">\n<p data-start=\"1806\" data-end=\"1848\">B\u00e1n h\u00e0ng kh\u00f4ng d\u00f9ng ti\u1ec1n m\u1eb7t v\u00e0 thanh to\u00e1n v\u00f2ng k\u00edn<\/p>\n<\/li>\n<li data-start=\"1849\" data-end=\"1909\">\n<p data-start=\"1851\" data-end=\"1909\">Th\u1ebb th\u00e0nh ph\u1ed1 t\u00edch h\u1ee3p b\u00e3i \u0111\u1eadu xe, chia s\u1ebb xe \u0111\u1ea1p\/\u00f4 t\u00f4, th\u01b0 vi\u1ec7n<\/p>\n<\/li>\n<li data-start=\"1910\" data-end=\"1963\">\n<p data-start=\"1912\" data-end=\"1963\">Th\u1ebb k\u00edch ho\u1ea1t s\u1ef1 ki\u1ec7n, l\u00f2ng trung th\u00e0nh v\u00e0 m\u1ea1ng x\u00e3 h\u1ed9i<\/p>\n<\/li>\n<\/ul>","protected":false},"excerpt":{"rendered":"<p>Th\u1ebb RFID MIFARE DESFire EV2 2K 13,56MHz c\u00f3 t\u00ednh b\u1ea3o m\u1eadt cao v\u1edbi AES, t\u1ed1c \u0111\u1ed9 d\u1eef li\u1ec7u nhanh v\u00e0 h\u1ed7 tr\u1ee3 nhi\u1ec1u \u1ee9ng d\u1ee5ng cho c\u00e1c d\u1ef1 \u00e1n v\u1eadn t\u1ea3i, ki\u1ec3m so\u00e1t truy c\u1eadp v\u00e0 th\u00e0nh ph\u1ed1 th\u00f4ng minh.<\/p>","protected":false},"featured_media":638,"template":"","meta":{"_gspb_post_css":""},"product_brand":[],"product_cat":[15],"product_tag":[],"class_list":{"0":"post-637","1":"product","2":"type-product","3":"status-publish","4":"has-post-thumbnail","6":"product_cat-rfid-cards","8":"first","9":"instock","10":"shipping-taxable","11":"purchasable","12":"product-type-simple"},"_links":{"self":[{"href":"https:\/\/www.cxjsmartcard.com\/vi\/wp-json\/wp\/v2\/product\/637","targetHints":{"allow":["GET"]}}],"collection":[{"href":"https:\/\/www.cxjsmartcard.com\/vi\/wp-json\/wp\/v2\/product"}],"about":[{"href":"https:\/\/www.cxjsmartcard.com\/vi\/wp-json\/wp\/v2\/types\/product"}],"wp:featuredmedia":[{"embeddable":true,"href":"https:\/\/www.cxjsmartcard.com\/vi\/wp-json\/wp\/v2\/media\/638"}],"wp:attachment":[{"href":"https:\/\/www.cxjsmartcard.com\/vi\/wp-json\/wp\/v2\/media?parent=637"}],"wp:term":[{"taxonomy":"product_brand","embeddable":true,"href":"https:\/\/www.cxjsmartcard.com\/vi\/wp-json\/wp\/v2\/product_brand?post=637"},{"taxonomy":"product_cat","embeddable":true,"href":"https:\/\/www.cxjsmartcard.com\/vi\/wp-json\/wp\/v2\/product_cat?post=637"},{"taxonomy":"product_tag","embeddable":true,"href":"https:\/\/www.cxjsmartcard.com\/vi\/wp-json\/wp\/v2\/product_tag?post=637"}],"curies":[{"name":"trang web","href":"https:\/\/api.w.org\/{rel}","templated":true}]}}