{"id":632,"date":"2025-11-01T08:24:27","date_gmt":"2025-11-01T08:24:27","guid":{"rendered":"https:\/\/www.cxjsmartcard.com\/?post_type=product&#038;p=632"},"modified":"2025-12-29T01:27:12","modified_gmt":"2025-12-29T01:27:12","slug":"mifare-classic-ev1-1k-nfc-blank-white-rfid-card","status":"publish","type":"product","link":"https:\/\/www.cxjsmartcard.com\/vi\/mifare-classic-ev1-1k-nfc-blank-white-rfid-card\/","title":{"rendered":"Th\u1ebb RFID tr\u1eafng tr\u1ed1ng NFC MIFARE Classic EV1 1K"},"content":{"rendered":"<p data-start=\"54\" data-end=\"430\">Th\u1ebb RFID MIFARE Classic EV1 1K tr\u1eafng tr\u01a1n, t\u1ea7n s\u1ed1 13,56MHz d\u00f9ng cho ki\u1ec3m so\u00e1t ra v\u00e0o, nh\u1eadn d\u1ea1ng, thanh to\u00e1n kh\u00f4ng d\u00f9ng ti\u1ec1n m\u1eb7t, ch\u1ea5m c\u00f4ng, kh\u00e1ch s\u1ea1n, tr\u01b0\u1eddng h\u1ecdc, c\u00e2u l\u1ea1c b\u1ed9\/spa, du l\u1ecbch, ch\u0103m s\u00f3c s\u1ee9c kh\u1ecfe, si\u00eau th\u1ecb, b\u00e3i \u0111\u1eadu xe, ch\u01b0\u01a1ng tr\u00ecnh khuy\u1ebfn m\u00e3i v\u00e0 qu\u1ea3n l\u00fd th\u00e0nh vi\u00ean. K\u00edch th\u01b0\u1edbc th\u1ebb t\u00edn d\u1ee5ng ti\u00eau chu\u1ea9n, v\u1ecf nh\u1ef1a PVC b\u1ec1n b\u1ec9 v\u00e0 \u0103ng-ten ch\u1ea5t l\u01b0\u1ee3ng cao cho kh\u1ea3 n\u0103ng \u0111\u1ecdc \u1ed5n \u0111\u1ecbnh.<\/p>\n<p data-start=\"432\" data-end=\"457\"><strong data-start=\"432\" data-end=\"455\">Th\u00f4ng s\u1ed1 v\u1eadt l\u00fd<\/strong><\/p>\n<div class=\"_tableContainer_1rjym_1\">\n<div class=\"group _tableWrapper_1rjym_13 flex w-fit flex-col-reverse\" tabindex=\"-1\">\n<table class=\"w-fit min-w-(--thread-content-width)\" data-start=\"458\" data-end=\"815\">\n<thead data-start=\"458\" data-end=\"476\">\n<tr data-start=\"458\" data-end=\"476\">\n<th data-start=\"458\" data-end=\"465\" data-col-size=\"sm\">M\u1ee5c<\/th>\n<th data-start=\"465\" data-end=\"476\" data-col-size=\"md\">Chi ti\u1ebft<\/th>\n<\/tr>\n<\/thead>\n<tbody data-start=\"487\" data-end=\"815\">\n<tr data-start=\"487\" data-end=\"521\">\n<td data-start=\"487\" data-end=\"498\" data-col-size=\"sm\">V\u1eadt li\u1ec7u<\/td>\n<td data-col-size=\"md\" data-start=\"498\" data-end=\"521\">PVC \/ PET \/ PVC sinh h\u1ecdc<\/td>\n<\/tr>\n<tr data-start=\"522\" data-end=\"574\">\n<td data-start=\"522\" data-end=\"537\" data-col-size=\"sm\">Lo\u1ea1i \u0103ng-ten<\/td>\n<td data-start=\"537\" data-end=\"574\" data-col-size=\"md\">\u0102ng-ten \u0111\u1ed3ng \/ \u0102ng-ten nh\u00f4m<\/td>\n<\/tr>\n<tr data-start=\"575\" data-end=\"620\">\n<td data-start=\"575\" data-end=\"582\" data-col-size=\"sm\">K\u00edch c\u1ee1<\/td>\n<td data-start=\"582\" data-end=\"620\" data-col-size=\"md\">85,5 \u00d7 54 \u00d7 0,85 mm (c\u00f3 th\u1ec3 t\u00f9y ch\u1ec9nh)<\/td>\n<\/tr>\n<tr data-start=\"621\" data-end=\"644\">\n<td data-start=\"621\" data-end=\"629\" data-col-size=\"sm\">M\u00e0u s\u1eafc<\/td>\n<td data-col-size=\"md\" data-start=\"629\" data-end=\"644\">Tr\u1ed1ng tr\u1eafng<\/td>\n<\/tr>\n<tr data-start=\"645\" data-end=\"672\">\n<td data-start=\"645\" data-end=\"659\" data-col-size=\"sm\">Tr\u1ecdng l\u01b0\u1ee3ng th\u1ebb<\/td>\n<td data-col-size=\"md\" data-start=\"659\" data-end=\"672\">6 g\/c\u00e1i<\/td>\n<\/tr>\n<tr data-start=\"673\" data-end=\"718\">\n<td data-start=\"673\" data-end=\"690\" data-col-size=\"sm\">Ho\u00e0n thi\u1ec7n b\u1ec1 m\u1eb7t<\/td>\n<td data-start=\"690\" data-end=\"718\" data-col-size=\"md\">B\u00f3ng \/ M\u1edd \/ M\u1edd<\/td>\n<\/tr>\n<tr data-start=\"719\" data-end=\"815\">\n<td data-start=\"719\" data-end=\"731\" data-col-size=\"sm\">Bao b\u00ec<\/td>\n<td data-col-size=\"md\" data-start=\"731\" data-end=\"815\">200 chi\u1ebfc\/h\u1ed9p (22,2 \u00d7 9 \u00d7 5,4 cm), 2000 chi\u1ebfc\/th\u00f9ng (49 \u00d7 24,5 \u00d7 13 cm), GW 14 kg<\/td>\n<\/tr>\n<\/tbody>\n<\/table>\n<\/div>\n<\/div>\n<p data-start=\"817\" data-end=\"844\"><strong data-start=\"817\" data-end=\"842\">Th\u00f4ng s\u1ed1 \u0111i\u1ec7n<\/strong><\/p>\n<div class=\"_tableContainer_1rjym_1\">\n<div class=\"group _tableWrapper_1rjym_13 flex w-fit flex-col-reverse\" tabindex=\"-1\">\n<table class=\"w-fit min-w-(--thread-content-width)\" data-start=\"845\" data-end=\"1111\">\n<thead data-start=\"845\" data-end=\"863\">\n<tr data-start=\"845\" data-end=\"863\">\n<th data-start=\"845\" data-end=\"852\" data-col-size=\"sm\">M\u1ee5c<\/th>\n<th data-start=\"852\" data-end=\"863\" data-col-size=\"sm\">Chi ti\u1ebft<\/th>\n<\/tr>\n<\/thead>\n<tbody data-start=\"874\" data-end=\"1111\">\n<tr data-start=\"874\" data-end=\"898\">\n<td data-start=\"874\" data-end=\"885\" data-col-size=\"sm\">Giao th\u1ee9c<\/td>\n<td data-col-size=\"sm\" data-start=\"885\" data-end=\"898\">ISO14443A<\/td>\n<\/tr>\n<tr data-start=\"899\" data-end=\"924\">\n<td data-start=\"899\" data-end=\"911\" data-col-size=\"sm\">T\u00ednh th\u01b0\u1eddng xuy\u00ean<\/td>\n<td data-start=\"911\" data-end=\"924\" data-col-size=\"sm\">13,56 MHz<\/td>\n<\/tr>\n<tr data-start=\"925\" data-end=\"958\">\n<td data-start=\"925\" data-end=\"932\" data-col-size=\"sm\">Chip<\/td>\n<td data-start=\"932\" data-end=\"958\" data-col-size=\"sm\">MIFARE Classic\u00ae EV1 1K<\/td>\n<\/tr>\n<tr data-start=\"959\" data-end=\"980\">\n<td data-start=\"959\" data-end=\"968\" data-col-size=\"sm\">K\u00fd \u1ee9c<\/td>\n<td data-start=\"968\" data-end=\"980\" data-col-size=\"sm\">1K byte<\/td>\n<\/tr>\n<tr data-start=\"981\" data-end=\"1020\">\n<td data-start=\"981\" data-end=\"1001\" data-col-size=\"sm\">Chu k\u1ef3 \u0111\u1ecdc\/ghi<\/td>\n<td data-col-size=\"sm\" data-start=\"1001\" data-end=\"1020\">1.000.000 l\u1ea7n<\/td>\n<\/tr>\n<tr data-start=\"1021\" data-end=\"1084\">\n<td data-start=\"1021\" data-end=\"1040\" data-col-size=\"sm\">Kho\u1ea3ng c\u00e1ch \u0111\u1ecdc<\/td>\n<td data-col-size=\"sm\" data-start=\"1040\" data-end=\"1084\">2\u20136 cm (t\u00f9y thu\u1ed9c v\u00e0o ng\u01b0\u1eddi \u0111\u1ecdc v\u00e0 m\u00f4i tr\u01b0\u1eddng)<\/td>\n<\/tr>\n<tr data-start=\"1085\" data-end=\"1111\">\n<td data-start=\"1085\" data-end=\"1099\" data-col-size=\"sm\">Gi\u1ea5y ch\u1ee9ng nh\u1eadn<\/td>\n<td data-col-size=\"sm\" data-start=\"1099\" data-end=\"1111\">CE, RoHS<\/td>\n<\/tr>\n<\/tbody>\n<\/table>\n<\/div>\n<\/div>\n<p data-start=\"1113\" data-end=\"1140\"><strong data-start=\"1113\" data-end=\"1138\">V\u1eadt li\u1ec7u &amp; \u0110\u1ed9 b\u1ec1n<\/strong><\/p>\n<ul data-start=\"1141\" data-end=\"1413\">\n<li data-start=\"1141\" data-end=\"1171\">\n<p data-start=\"1143\" data-end=\"1171\">\u0110\u1ed9 d\u00e0y ti\u00eau chu\u1ea9n 0,84 mm<\/p>\n<\/li>\n<li data-start=\"1172\" data-end=\"1248\">\n<p data-start=\"1174\" data-end=\"1248\">PVC nguy\u00ean ch\u1ea5t 100%, ch\u1ed1ng g\u1ea5p, kh\u00f4ng \u0111\u1ed9c h\u1ea1i, ch\u1ed1ng \u0103n m\u00f2n\/m\u00e0i m\u00f2n<\/p>\n<\/li>\n<li data-start=\"1249\" data-end=\"1318\">\n<p data-start=\"1251\" data-end=\"1318\">Tu\u00e2n th\u1ee7 RoHS\/REACH cho c\u00e1c \u1ee9ng d\u1ee5ng d\u00e0i h\u1ea1n, c\u00f3 nhu c\u1ea7u cao<\/p>\n<\/li>\n<li data-start=\"1319\" data-end=\"1413\">\n<p data-start=\"1321\" data-end=\"1413\">Th\u00edch h\u1ee3p cho vi\u1ec7c in \u1ea5n, c\u00e1 nh\u00e2n h\u00f3a v\u00e0 m\u00e3 h\u00f3a<\/p>\n<\/li>\n<\/ul>\n<p data-start=\"1415\" data-end=\"1457\"><strong data-start=\"1415\" data-end=\"1455\">C\u00f3 s\u1eb5n d\u1ecbch v\u1ee5 in \u1ea5n v\u00e0 c\u00e1 nh\u00e2n h\u00f3a<\/strong><\/p>\n<ul data-start=\"1458\" data-end=\"1726\">\n<li data-start=\"1458\" data-end=\"1481\">\n<p data-start=\"1460\" data-end=\"1481\">M\u00e3 v\u1ea1ch \/ M\u00e3 QR<\/p>\n<\/li>\n<li data-start=\"1482\" data-end=\"1521\">\n<p data-start=\"1484\" data-end=\"1521\">T\u00f9y ch\u1ecdn \u0111\u1ed9 d\u00e0y v\u00e0 ho\u00e0n thi\u1ec7n th\u1ebb<\/p>\n<\/li>\n<li data-start=\"1522\" data-end=\"1537\">\n<p data-start=\"1524\" data-end=\"1537\">C\u1eaft khu\u00f4n<\/p>\n<\/li>\n<li data-start=\"1538\" data-end=\"1563\">\n<p data-start=\"1540\" data-end=\"1563\">D\u1eadp n\u1ed5i v\u00e0 \u0111\u00e1nh s\u1ed1<\/p>\n<\/li>\n<li data-start=\"1564\" data-end=\"1588\">\n<p data-start=\"1566\" data-end=\"1588\">M\u00e3 h\u00f3a chip\/khu v\u1ef1c<\/p>\n<\/li>\n<li data-start=\"1589\" data-end=\"1617\">\n<p data-start=\"1591\" data-end=\"1617\">D\u1eadp l\u00e1 \/ kim lo\u1ea1i<\/p>\n<\/li>\n<li data-start=\"1618\" data-end=\"1661\">\n<p data-start=\"1620\" data-end=\"1661\">T\u1ea5m UV \/ c\u00e0o \/ ch\u1eef k\u00fd<\/p>\n<\/li>\n<li data-start=\"1662\" data-end=\"1726\">\n<p data-start=\"1664\" data-end=\"1726\">In d\u1eef li\u1ec7u bi\u1ebfn \u0111\u1ed5i<\/p>\n<\/li>\n<\/ul>","protected":false},"excerpt":{"rendered":"<p>Th\u1ebb RFID PVC MIFARE Classic EV1 1K 13,56MHz m\u00e0u tr\u1eafng d\u00f9ng \u0111\u1ec3 ki\u1ec3m so\u00e1t ra v\u00e0o v\u00e0 th\u00e0nh vi\u00ean, tu\u00e2n th\u1ee7 ISO14443A, b\u1ec1n v\u00e0 s\u1eb5n s\u00e0ng \u0111\u1ec3 in\/m\u00e3 h\u00f3a t\u00f9y ch\u1ec9nh.<\/p>","protected":false},"featured_media":634,"template":"","meta":{"_gspb_post_css":""},"product_brand":[],"product_cat":[15],"product_tag":[],"class_list":{"0":"post-632","1":"product","2":"type-product","3":"status-publish","4":"has-post-thumbnail","6":"product_cat-rfid-cards","8":"first","9":"instock","10":"shipping-taxable","11":"purchasable","12":"product-type-simple"},"_links":{"self":[{"href":"https:\/\/www.cxjsmartcard.com\/vi\/wp-json\/wp\/v2\/product\/632","targetHints":{"allow":["GET"]}}],"collection":[{"href":"https:\/\/www.cxjsmartcard.com\/vi\/wp-json\/wp\/v2\/product"}],"about":[{"href":"https:\/\/www.cxjsmartcard.com\/vi\/wp-json\/wp\/v2\/types\/product"}],"wp:featuredmedia":[{"embeddable":true,"href":"https:\/\/www.cxjsmartcard.com\/vi\/wp-json\/wp\/v2\/media\/634"}],"wp:attachment":[{"href":"https:\/\/www.cxjsmartcard.com\/vi\/wp-json\/wp\/v2\/media?parent=632"}],"wp:term":[{"taxonomy":"product_brand","embeddable":true,"href":"https:\/\/www.cxjsmartcard.com\/vi\/wp-json\/wp\/v2\/product_brand?post=632"},{"taxonomy":"product_cat","embeddable":true,"href":"https:\/\/www.cxjsmartcard.com\/vi\/wp-json\/wp\/v2\/product_cat?post=632"},{"taxonomy":"product_tag","embeddable":true,"href":"https:\/\/www.cxjsmartcard.com\/vi\/wp-json\/wp\/v2\/product_tag?post=632"}],"curies":[{"name":"trang web","href":"https:\/\/api.w.org\/{rel}","templated":true}]}}