{"id":627,"date":"2025-11-01T08:22:49","date_gmt":"2025-11-01T08:22:49","guid":{"rendered":"https:\/\/www.cxjsmartcard.com\/?post_type=product&#038;p=627"},"modified":"2025-12-29T01:27:12","modified_gmt":"2025-12-29T01:27:12","slug":"iso-15693-icode-sli-rfid-smart-nfc-card","status":"publish","type":"product","link":"https:\/\/www.cxjsmartcard.com\/vi\/iso-15693-icode-sli-rfid-smart-nfc-card\/","title":{"rendered":"Th\u1ebb NFC th\u00f4ng minh RFID ICODE SLI ISO 15693"},"content":{"rendered":"<p data-start=\"46\" data-end=\"378\">Th\u1ebb th\u00f4ng minh RFID NFC hi\u1ec7u su\u1ea5t cao ICODE SLI\/SLIX \u0111\u1ea1t chu\u1ea9n ISO 15693, ho\u1ea1t \u0111\u1ed9ng \u1edf t\u1ea7n s\u1ed1 13,56 MHz, c\u00f3 kho\u1ea3ng c\u00e1ch \u0111\u1ecdc xa, kh\u1ea3 n\u0103ng ch\u1ed1ng va ch\u1ea1m th\u1ef1c s\u1ef1 v\u00e0 b\u1ed9 nh\u1edb \u0111\u01b0\u1ee3c b\u1ea3o v\u1ec7 b\u1eb1ng m\u1eadt kh\u1ea9u. L\u00fd t\u01b0\u1edfng cho ki\u1ec3m so\u00e1t ra v\u00e0o, th\u1ebb kh\u00f3a c\u1eeda kh\u00e1ch s\u1ea1n, qu\u1ea3n l\u00fd c\u1ed9ng \u0111\u1ed3ng, g\u1eafn th\u1ebb c\u00f4ng nghi\u1ec7p, theo d\u00f5i th\u01b0 vi\u1ec7n\/t\u00e0i s\u1ea3n v\u00e0 th\u1ebb t\u00ean th\u00f4ng minh.<\/p>\n<p data-start=\"380\" data-end=\"399\"><strong data-start=\"380\" data-end=\"397\">\u0110\u1eb7c \u0111i\u1ec3m k\u1ef9 thu\u1eadt<\/strong><\/p>\n<div class=\"_tableContainer_1rjym_1\">\n<div class=\"group _tableWrapper_1rjym_13 flex w-fit flex-col-reverse\" tabindex=\"-1\">\n<table class=\"w-fit min-w-(--thread-content-width)\" data-start=\"400\" data-end=\"1127\">\n<thead data-start=\"400\" data-end=\"418\">\n<tr data-start=\"400\" data-end=\"418\">\n<th data-start=\"400\" data-end=\"407\" data-col-size=\"sm\">M\u1ee5c<\/th>\n<th data-start=\"407\" data-end=\"418\" data-col-size=\"md\">Chi ti\u1ebft<\/th>\n<\/tr>\n<\/thead>\n<tbody data-start=\"429\" data-end=\"1127\">\n<tr data-start=\"429\" data-end=\"487\">\n<td data-start=\"429\" data-end=\"444\" data-col-size=\"sm\">T\u00ean s\u1ea3n ph\u1ea9m<\/td>\n<td data-start=\"444\" data-end=\"487\" data-col-size=\"md\">Th\u1ebb NFC th\u00f4ng minh RFID ICODE SLI ISO 15693<\/td>\n<\/tr>\n<tr data-start=\"488\" data-end=\"522\">\n<td data-start=\"488\" data-end=\"499\" data-col-size=\"sm\">V\u1eadt li\u1ec7u<\/td>\n<td data-start=\"499\" data-end=\"522\" data-col-size=\"md\">V\u1eadt li\u1ec7u PVC ho\u1eb7c OEM<\/td>\n<\/tr>\n<tr data-start=\"523\" data-end=\"577\">\n<td data-start=\"523\" data-end=\"530\" data-col-size=\"sm\">K\u00edch c\u1ee1<\/td>\n<td data-start=\"530\" data-end=\"577\" data-col-size=\"md\">85,5 \u00d7 54 \u00d7 0,86 mm (ch\u1ea5p nh\u1eadn k\u00edch th\u01b0\u1edbc t\u00f9y ch\u1ec9nh)<\/td>\n<\/tr>\n<tr data-start=\"578\" data-end=\"636\">\n<td data-start=\"578\" data-end=\"593\" data-col-size=\"sm\">T\u00f9y ch\u1ecdn chip<\/td>\n<td data-start=\"593\" data-end=\"636\" data-col-size=\"md\">ICODE SLI-S, ICODE SLIX-L, ICODE SLIX-S<\/td>\n<\/tr>\n<tr data-start=\"637\" data-end=\"676\">\n<td data-start=\"637\" data-end=\"648\" data-col-size=\"sm\">Giao th\u1ee9c<\/td>\n<td data-start=\"648\" data-end=\"676\" data-col-size=\"md\">ISO\/IEC 15693 (khu v\u1ef1c l\u00e2n c\u1eadn)<\/td>\n<\/tr>\n<tr data-start=\"677\" data-end=\"702\">\n<td data-start=\"677\" data-end=\"689\" data-col-size=\"sm\">T\u00ednh th\u01b0\u1eddng xuy\u00ean<\/td>\n<td data-start=\"689\" data-end=\"702\" data-col-size=\"md\">13,56 MHz<\/td>\n<\/tr>\n<tr data-start=\"703\" data-end=\"778\">\n<td data-start=\"703\" data-end=\"712\" data-col-size=\"sm\">K\u00fd \u1ee9c<\/td>\n<td data-start=\"712\" data-end=\"778\" data-col-size=\"md\">1024 bit (32 kh\u1ed1i \u00d7 4 byte) ho\u1eb7c 2048 bit t\u00f9y thu\u1ed9c v\u00e0o chip<\/td>\n<\/tr>\n<tr data-start=\"779\" data-end=\"814\">\n<td data-start=\"779\" data-end=\"795\" data-col-size=\"sm\">Chuy\u1ec3n d\u1eef li\u1ec7u<\/td>\n<td data-start=\"795\" data-end=\"814\" data-col-size=\"md\">L\u00ean \u0111\u1ebfn 53 kbit\/gi\u00e2y<\/td>\n<\/tr>\n<tr data-start=\"815\" data-end=\"882\">\n<td data-start=\"815\" data-end=\"837\" data-col-size=\"sm\">Kho\u1ea3ng c\u00e1ch \u0111\u1ecdc\/ghi<\/td>\n<td data-start=\"837\" data-end=\"882\" data-col-size=\"md\">L\u00ean \u0111\u1ebfn 1,5 m (t\u00f9y thu\u1ed9c v\u00e0o \u0111\u1ea7u \u0111\u1ecdc v\u00e0 \u0103ng-ten)<\/td>\n<\/tr>\n<tr data-start=\"883\" data-end=\"927\">\n<td data-start=\"883\" data-end=\"891\" data-col-size=\"sm\">Quy\u1ec1n l\u1ef1c<\/td>\n<td data-start=\"891\" data-end=\"927\" data-col-size=\"md\">Kh\u00f4ng ti\u1ebfp x\u00fac, kh\u00f4ng c\u1ea7n pin<\/td>\n<\/tr>\n<tr data-start=\"928\" data-end=\"986\">\n<td data-start=\"928\" data-end=\"939\" data-col-size=\"sm\">In \u1ea5n<\/td>\n<td data-start=\"939\" data-end=\"986\" data-col-size=\"md\">In Offset \/ In l\u1ee5a \/ In k\u1ef9 thu\u1eadt s\u1ed1 \/ In UV<\/td>\n<\/tr>\n<tr data-start=\"987\" data-end=\"1040\">\n<td data-start=\"987\" data-end=\"1007\" data-col-size=\"sm\">H\u1ed7 tr\u1ee3 k\u1ef9 thu\u1eadt<\/td>\n<td data-start=\"1007\" data-end=\"1040\" data-col-size=\"md\">M\u00e3 h\u00f3a chip, thi\u1ebft l\u1eadp m\u1eadt kh\u1ea9u<\/td>\n<\/tr>\n<tr data-start=\"1041\" data-end=\"1127\">\n<td data-start=\"1041\" data-end=\"1056\" data-col-size=\"sm\">\u1ee8ng d\u1ee5ng<\/td>\n<td data-start=\"1056\" data-end=\"1127\" data-col-size=\"md\">Ki\u1ec3m so\u00e1t ra v\u00e0o, th\u1ebb t\u1eeb kh\u00e1ch s\u1ea1n, qu\u1ea3n l\u00fd c\u1ed9ng \u0111\u1ed3ng, th\u1ebb t\u00ean, EAS<\/td>\n<\/tr>\n<\/tbody>\n<\/table>\n<\/div>\n<\/div>\n<p data-start=\"1129\" data-end=\"1158\"><strong data-start=\"1129\" data-end=\"1156\">Giao di\u1ec7n v\u00e0 t\u00ednh n\u0103ng RF<\/strong><\/p>\n<ul data-start=\"1159\" data-end=\"1484\">\n<li data-start=\"1159\" data-end=\"1203\">\n<p data-start=\"1161\" data-end=\"1203\">Truy\u1ec1n d\u1eef li\u1ec7u v\u00e0 n\u0103ng l\u01b0\u1ee3ng kh\u00f4ng ti\u1ebfp x\u00fac<\/p>\n<\/li>\n<li data-start=\"1204\" data-end=\"1238\">\n<p data-start=\"1206\" data-end=\"1238\">Kho\u1ea3ng c\u00e1ch ho\u1ea1t \u0111\u1ed9ng l\u00ean \u0111\u1ebfn 1,5 m<\/p>\n<\/li>\n<li data-start=\"1239\" data-end=\"1283\">\n<p data-start=\"1241\" data-end=\"1283\">CRC 16-bit, \u0111\u00f3ng khung, t\u00ednh to\u00e0n v\u1eb9n d\u1eef li\u1ec7u cao<\/p>\n<\/li>\n<li data-start=\"1284\" data-end=\"1362\">\n<p data-start=\"1286\" data-end=\"1362\">Ch\u1ed1ng va ch\u1ea1m th\u1ef1c s\u1ef1: nhi\u1ec1u th\u1ebb trong tr\u01b0\u1eddng c\u00f3 th\u1ec3 \u0111\u01b0\u1ee3c x\u00e1c \u0111\u1ecbnh ri\u00eang l\u1ebb<\/p>\n<\/li>\n<li data-start=\"1363\" data-end=\"1390\">\n<p data-start=\"1365\" data-end=\"1390\">H\u1ed7 tr\u1ee3 EAS, AFI, DSFID<\/p>\n<\/li>\n<li data-start=\"1391\" data-end=\"1432\">\n<p data-start=\"1393\" data-end=\"1432\">Kho\u1ea3ng c\u00e1ch ghi b\u1eb1ng kho\u1ea3ng c\u00e1ch \u0111\u1ecdc<\/p>\n<\/li>\n<li data-start=\"1433\" data-end=\"1484\">\n<p data-start=\"1435\" data-end=\"1484\">T\u00f9y ch\u1ecdn l\u1ec7nh ri\u00eang t\u01b0 v\u00e0 h\u1ee7y (tr\u00ean SLIX-S)<\/p>\n<\/li>\n<\/ul>\n<p data-start=\"1486\" data-end=\"1509\"><strong data-start=\"1486\" data-end=\"1507\">B\u1ed9 nh\u1edb &amp; B\u1ea3o m\u1eadt<\/strong><\/p>\n<ul data-start=\"1510\" data-end=\"1671\">\n<li data-start=\"1510\" data-end=\"1535\">\n<p data-start=\"1512\" data-end=\"1535\">EEPROM 1024\u20132048 bit<\/p>\n<\/li>\n<li data-start=\"1536\" data-end=\"1566\">\n<p data-start=\"1538\" data-end=\"1566\">L\u01b0u gi\u1eef d\u1eef li\u1ec7u t\u1eeb 10\u201350 n\u0103m<\/p>\n<\/li>\n<li data-start=\"1567\" data-end=\"1591\">\n<p data-start=\"1569\" data-end=\"1591\">100.000 chu k\u1ef3 ghi<\/p>\n<\/li>\n<li data-start=\"1592\" data-end=\"1620\">\n<p data-start=\"1594\" data-end=\"1620\">C\u01a1 ch\u1ebf kh\u00f3a theo kh\u1ed1i<\/p>\n<\/li>\n<li data-start=\"1621\" data-end=\"1671\">\n<p data-start=\"1623\" data-end=\"1671\">\u0110\u1ecdc\/ghi \u0111\u01b0\u1ee3c b\u1ea3o v\u1ec7 b\u1eb1ng m\u1eadt kh\u1ea9u, EAS, AFI, quy\u1ec1n ri\u00eang t\u01b0<\/p>\n<\/li>\n<\/ul>","protected":false},"excerpt":{"rendered":"<p>Th\u1ebb NFC ICODE SLI\/SLIX ISO 15693 13,56MHz c\u00f3 ph\u1ea1m vi \u0111\u1ecdc xa, ch\u1ed1ng va ch\u1ea1m, b\u1ed9 nh\u1edb an to\u00e0n v\u00e0 in \u0111\u1ea7y \u0111\u1ee7 m\u00e0u s\u1eafc d\u00e0nh cho c\u00e1c d\u1ef1 \u00e1n ki\u1ec3m so\u00e1t ra v\u00e0o v\u00e0 th\u1ebb kh\u00e1ch s\u1ea1n\/th\u1ebb ch\u00eca kh\u00f3a.<\/p>","protected":false},"featured_media":630,"template":"","meta":{"_gspb_post_css":""},"product_brand":[],"product_cat":[15],"product_tag":[],"class_list":{"0":"post-627","1":"product","2":"type-product","3":"status-publish","4":"has-post-thumbnail","6":"product_cat-rfid-cards","8":"first","9":"instock","10":"shipping-taxable","11":"purchasable","12":"product-type-simple"},"_links":{"self":[{"href":"https:\/\/www.cxjsmartcard.com\/vi\/wp-json\/wp\/v2\/product\/627","targetHints":{"allow":["GET"]}}],"collection":[{"href":"https:\/\/www.cxjsmartcard.com\/vi\/wp-json\/wp\/v2\/product"}],"about":[{"href":"https:\/\/www.cxjsmartcard.com\/vi\/wp-json\/wp\/v2\/types\/product"}],"wp:featuredmedia":[{"embeddable":true,"href":"https:\/\/www.cxjsmartcard.com\/vi\/wp-json\/wp\/v2\/media\/630"}],"wp:attachment":[{"href":"https:\/\/www.cxjsmartcard.com\/vi\/wp-json\/wp\/v2\/media?parent=627"}],"wp:term":[{"taxonomy":"product_brand","embeddable":true,"href":"https:\/\/www.cxjsmartcard.com\/vi\/wp-json\/wp\/v2\/product_brand?post=627"},{"taxonomy":"product_cat","embeddable":true,"href":"https:\/\/www.cxjsmartcard.com\/vi\/wp-json\/wp\/v2\/product_cat?post=627"},{"taxonomy":"product_tag","embeddable":true,"href":"https:\/\/www.cxjsmartcard.com\/vi\/wp-json\/wp\/v2\/product_tag?post=627"}],"curies":[{"name":"trang web","href":"https:\/\/api.w.org\/{rel}","templated":true}]}}