{"id":621,"date":"2025-11-01T08:20:22","date_gmt":"2025-11-01T08:20:22","guid":{"rendered":"https:\/\/www.cxjsmartcard.com\/?post_type=product&#038;p=621"},"modified":"2025-12-29T01:27:12","modified_gmt":"2025-12-29T01:27:12","slug":"customized-wooden-bamboo-rfid-hotel-key-card","status":"publish","type":"product","link":"https:\/\/www.cxjsmartcard.com\/vi\/customized-wooden-bamboo-rfid-hotel-key-card\/","title":{"rendered":"Th\u1ebb ch\u00eca kh\u00f3a kh\u00e1ch s\u1ea1n RFID b\u1eb1ng g\u1ed7 tre t\u00f9y ch\u1ec9nh"},"content":{"rendered":"<p data-start=\"51\" data-end=\"378\">Th\u1ebb ch\u00eca kh\u00f3a kh\u00e1ch s\u1ea1n RFID b\u1eb1ng g\u1ed7\/tre th\u00e2n thi\u1ec7n v\u1edbi m\u00f4i tr\u01b0\u1eddng \u0111\u01b0\u1ee3c l\u00e0m t\u1eeb v\u1eadt li\u1ec7u g\u1ed7 t\u1ef1 nhi\u00ean, ph\u00e2n h\u1ee7y sinh h\u1ecdc, c\u00f3 th\u1ec3 t\u00f9y ch\u1ec9nh ho\u00e0n to\u00e0n v\u1edbi logo kh\u00e1ch s\u1ea1n, d\u1eef li\u1ec7u bi\u1ebfn \u0111\u1ed5i v\u00e0 c\u00e1c t\u00f9y ch\u1ecdn th\u1ee7 c\u00f4ng. Ph\u00f9 h\u1ee3p cho h\u1ec7 th\u1ed1ng kh\u00f3a c\u1eeda kh\u00e1ch s\u1ea1n, ki\u1ec3m so\u00e1t ra v\u00e0o, s\u1ef1 ki\u1ec7n, ch\u01b0\u01a1ng tr\u00ecnh th\u00e0nh vi\u00ean, qu\u00e0 t\u1eb7ng v\u00e0 chi\u1ebfn d\u1ecbch th\u01b0\u01a1ng hi\u1ec7u.<\/p>\n<p data-start=\"380\" data-end=\"399\"><strong data-start=\"380\" data-end=\"397\">\u0110\u1eb7c \u0111i\u1ec3m k\u1ef9 thu\u1eadt<\/strong><\/p>\n<div class=\"_tableContainer_1rjym_1\">\n<div class=\"group _tableWrapper_1rjym_13 flex w-fit flex-col-reverse\" tabindex=\"-1\">\n<table class=\"w-fit min-w-(--thread-content-width)\" data-start=\"400\" data-end=\"1166\">\n<thead data-start=\"400\" data-end=\"418\">\n<tr data-start=\"400\" data-end=\"418\">\n<th data-start=\"400\" data-end=\"407\" data-col-size=\"sm\">M\u1ee5c<\/th>\n<th data-start=\"407\" data-end=\"418\" data-col-size=\"md\">Chi ti\u1ebft<\/th>\n<\/tr>\n<\/thead>\n<tbody data-start=\"429\" data-end=\"1166\">\n<tr data-start=\"429\" data-end=\"492\">\n<td data-start=\"429\" data-end=\"444\" data-col-size=\"sm\">T\u00ean s\u1ea3n ph\u1ea9m<\/td>\n<td data-col-size=\"md\" data-start=\"444\" data-end=\"492\">Th\u1ebb ch\u00eca kh\u00f3a kh\u00e1ch s\u1ea1n RFID b\u1eb1ng g\u1ed7\/tre t\u00f9y ch\u1ec9nh<\/td>\n<\/tr>\n<tr data-start=\"493\" data-end=\"582\">\n<td data-start=\"493\" data-end=\"515\" data-col-size=\"sm\">V\u1eadt li\u1ec7u c\u00f3 s\u1eb5n<\/td>\n<td data-col-size=\"md\" data-start=\"515\" data-end=\"582\">G\u1ed7 th\u00edch, Tre, Linden, S\u1ed3i, Anh \u0111\u00e0o, \u00d3c ch\u00f3 \u0111en, Sapele, S\u1ed3i<\/td>\n<\/tr>\n<tr data-start=\"583\" data-end=\"637\">\n<td data-start=\"583\" data-end=\"602\" data-col-size=\"sm\">\u0110\u1ed9 d\u00e0y \/ K\u00edch th\u01b0\u1edbc<\/td>\n<td data-col-size=\"md\" data-start=\"602\" data-end=\"637\">0,8\u20130,84 mm ho\u1eb7c 0,76 mm (t\u00f9y ch\u1ec9nh)<\/td>\n<\/tr>\n<tr data-start=\"638\" data-end=\"685\">\n<td data-start=\"638\" data-end=\"649\" data-col-size=\"sm\">Giao th\u1ee9c<\/td>\n<td data-col-size=\"md\" data-start=\"649\" data-end=\"685\">ISO14443A, ISO15693, ISO18000-6C<\/td>\n<\/tr>\n<tr data-start=\"686\" data-end=\"733\">\n<td data-start=\"686\" data-end=\"698\" data-col-size=\"sm\">T\u00ednh th\u01b0\u1eddng xuy\u00ean<\/td>\n<td data-col-size=\"md\" data-start=\"698\" data-end=\"733\">125 kHz, 13,56 MHz, 860\u2013960 MHz<\/td>\n<\/tr>\n<tr data-start=\"734\" data-end=\"791\">\n<td data-start=\"734\" data-end=\"745\" data-col-size=\"sm\">In \u1ea5n<\/td>\n<td data-col-size=\"md\" data-start=\"745\" data-end=\"791\">In laser \/ In l\u1ee5a \/ In 4C<\/td>\n<\/tr>\n<tr data-start=\"792\" data-end=\"907\">\n<td data-start=\"792\" data-end=\"810\" data-col-size=\"sm\">Th\u1ee7 c\u00f4ng t\u00f9y ch\u1ecdn<\/td>\n<td data-col-size=\"md\" data-start=\"810\" data-end=\"907\">D\u1eadp n\u00f3ng b\u1ea1c\/v\u00e0ng, d\u1ea3i t\u1eeb HICO\/LOCO, Kh\u1eafc laser, M\u00e3 QR, S\u1ed1 s\u00ea-ri<\/td>\n<\/tr>\n<tr data-start=\"908\" data-end=\"998\">\n<td data-start=\"908\" data-end=\"923\" data-col-size=\"sm\">\u1ee8ng d\u1ee5ng<\/td>\n<td data-col-size=\"md\" data-start=\"923\" data-end=\"998\">Ki\u1ec3m so\u00e1t truy c\u1eadp, Thanh to\u00e1n, S\u1ef1 ki\u1ec7n, L\u00f2ng trung th\u00e0nh, Ph\u01b0\u01a1ng ti\u1ec7n truy\u1ec1n th\u00f4ng x\u00e3 h\u1ed9i, Th\u1ebb ch\u00eca kh\u00f3a kh\u00e1ch s\u1ea1n<\/td>\n<\/tr>\n<tr data-start=\"999\" data-end=\"1035\">\n<td data-start=\"999\" data-end=\"1009\" data-col-size=\"sm\">M\u1eabu<\/td>\n<td data-col-size=\"md\" data-start=\"1009\" data-end=\"1035\">C\u00f3 s\u1eb5n m\u1eabu mi\u1ec5n ph\u00ed<\/td>\n<\/tr>\n<tr data-start=\"1036\" data-end=\"1094\">\n<td data-start=\"1036\" data-end=\"1060\" data-col-size=\"sm\">\u0110\u1eb7c \u0111i\u1ec3m m\u00f4i tr\u01b0\u1eddng<\/td>\n<td data-col-size=\"md\" data-start=\"1060\" data-end=\"1094\">C\u00f3 th\u1ec3 ph\u00e2n h\u1ee7y sinh h\u1ecdc, c\u00f3 th\u1ec3 t\u00e1i ch\u1ebf 100%<\/td>\n<\/tr>\n<tr data-start=\"1095\" data-end=\"1166\">\n<td data-start=\"1095\" data-end=\"1103\" data-col-size=\"sm\">Ghi ch\u00fa<\/td>\n<td data-start=\"1103\" data-end=\"1166\" data-col-size=\"md\">G\u1ed7 t\u1ef1 nhi\u00ean c\u00f3 th\u1ec3 g\u00e2y ra s\u1ef1 thay \u0111\u1ed5i v\u1ec1 v\u00e2n g\u1ed7\/m\u00e0u s\u1eafc sau khi in<\/td>\n<\/tr>\n<\/tbody>\n<\/table>\n<\/div>\n<\/div>\n<p data-start=\"1168\" data-end=\"1182\"><strong data-start=\"1168\" data-end=\"1180\">\u0110\u1eb7c tr\u01b0ng<\/strong><\/p>\n<ul data-start=\"1183\" data-end=\"1529\">\n<li data-start=\"1183\" data-end=\"1244\">\n<p data-start=\"1185\" data-end=\"1244\">Th\u1ebb g\u1ed7 t\u1ef1 nhi\u00ean thay th\u1ebf th\u1ebb ch\u00eca kh\u00f3a kh\u00e1ch s\u1ea1n b\u1eb1ng nh\u1ef1a<\/p>\n<\/li>\n<li data-start=\"1245\" data-end=\"1320\">\n<p data-start=\"1247\" data-end=\"1320\">H\u1ed7 tr\u1ee3 c\u00e1c ti\u00eau chu\u1ea9n RFID ph\u1ed5 bi\u1ebfn (LF\/HF\/UHF) cho kh\u00f3a kh\u00e1ch s\u1ea1n v\u00e0 t\u00f2a nh\u00e0<\/p>\n<\/li>\n<li data-start=\"1321\" data-end=\"1396\">\n<p data-start=\"1323\" data-end=\"1396\">Nhi\u1ec1u lo\u1ea1i g\u1ed7 ph\u00f9 h\u1ee3p v\u1edbi t\u00f4ng m\u00e0u th\u01b0\u01a1ng hi\u1ec7u (tre cho lo\u1ea1i th\u00e2n thi\u1ec7n v\u1edbi m\u00f4i tr\u01b0\u1eddng, \u00f3c ch\u00f3 cho lo\u1ea1i cao c\u1ea5p)<\/p>\n<\/li>\n<li data-start=\"1397\" data-end=\"1457\">\n<p data-start=\"1399\" data-end=\"1457\">H\u1ed7 tr\u1ee3 kh\u1eafc logo v\u00e0 \u00e9p nh\u0169 cho kh\u00e1ch s\u1ea1n boutique<\/p>\n<\/li>\n<li data-start=\"1458\" data-end=\"1529\">\n<p data-start=\"1460\" data-end=\"1529\">C\u00f3 th\u1ec3 s\u1eed d\u1ee5ng l\u00e0m th\u1ebb th\u00e0nh vi\u00ean\/qu\u00e0 t\u1eb7ng\/VIP\/s\u1ef1 ki\u1ec7n trong ng\u00e0nh d\u1ecbch v\u1ee5 kh\u00e1ch s\u1ea1n<\/p>\n<\/li>\n<\/ul>","protected":false},"excerpt":{"rendered":"<p>Th\u1ebb ch\u00eca kh\u00f3a kh\u00e1ch s\u1ea1n RFID b\u1eb1ng g\u1ed7\/tre c\u00f3 kh\u1ea3 n\u0103ng ph\u00e2n h\u1ee7y sinh h\u1ecdc, t\u01b0\u01a1ng th\u00edch v\u1edbi ISO14443A\/ISO15693, in logo t\u00f9y ch\u1ec9nh v\u00e0 l\u1edbp ho\u00e0n thi\u1ec7n th\u00e2n thi\u1ec7n v\u1edbi m\u00f4i tr\u01b0\u1eddng cao c\u1ea5p d\u00e0nh cho kh\u00e1ch s\u1ea1n v\u00e0 ki\u1ec3m so\u00e1t ra v\u00e0o.<\/p>","protected":false},"featured_media":625,"template":"","meta":{"_gspb_post_css":""},"product_brand":[],"product_cat":[15],"product_tag":[],"class_list":{"0":"post-621","1":"product","2":"type-product","3":"status-publish","4":"has-post-thumbnail","6":"product_cat-rfid-cards","8":"first","9":"instock","10":"shipping-taxable","11":"purchasable","12":"product-type-simple"},"_links":{"self":[{"href":"https:\/\/www.cxjsmartcard.com\/vi\/wp-json\/wp\/v2\/product\/621","targetHints":{"allow":["GET"]}}],"collection":[{"href":"https:\/\/www.cxjsmartcard.com\/vi\/wp-json\/wp\/v2\/product"}],"about":[{"href":"https:\/\/www.cxjsmartcard.com\/vi\/wp-json\/wp\/v2\/types\/product"}],"wp:featuredmedia":[{"embeddable":true,"href":"https:\/\/www.cxjsmartcard.com\/vi\/wp-json\/wp\/v2\/media\/625"}],"wp:attachment":[{"href":"https:\/\/www.cxjsmartcard.com\/vi\/wp-json\/wp\/v2\/media?parent=621"}],"wp:term":[{"taxonomy":"product_brand","embeddable":true,"href":"https:\/\/www.cxjsmartcard.com\/vi\/wp-json\/wp\/v2\/product_brand?post=621"},{"taxonomy":"product_cat","embeddable":true,"href":"https:\/\/www.cxjsmartcard.com\/vi\/wp-json\/wp\/v2\/product_cat?post=621"},{"taxonomy":"product_tag","embeddable":true,"href":"https:\/\/www.cxjsmartcard.com\/vi\/wp-json\/wp\/v2\/product_tag?post=621"}],"curies":[{"name":"trang web","href":"https:\/\/api.w.org\/{rel}","templated":true}]}}