{"id":615,"date":"2025-11-01T08:18:22","date_gmt":"2025-11-01T08:18:22","guid":{"rendered":"https:\/\/www.cxjsmartcard.com\/?post_type=product&#038;p=615"},"modified":"2025-12-29T01:27:12","modified_gmt":"2025-12-29T01:27:12","slug":"contactless-credit-protector-nfc-bank-anti-theft-rfid-blocking-card","status":"publish","type":"product","link":"https:\/\/www.cxjsmartcard.com\/vi\/contactless-credit-protector-nfc-bank-anti-theft-rfid-blocking-card\/","title":{"rendered":"Th\u1ebb NFC Bank Ch\u1ed1ng Tr\u1ed9m RFID B\u1ea3o V\u1ec7 T\u00edn D\u1ee5ng Kh\u00f4ng Ti\u1ebfp X\u00fac"},"content":{"rendered":"<p data-start=\"74\" data-end=\"353\">Th\u1ebb ch\u1eb7n RFID kh\u00f4ng ti\u1ebfp x\u00fac, b\u1ea3o v\u1ec7 t\u00edn hi\u1ec7u NFC 13,56MHz, ng\u0103n ch\u1eb7n vi\u1ec7c sao ch\u00e9p th\u1ebb ng\u00e2n h\u00e0ng v\u00e0 gi\u1ea5y t\u1edd t\u00f9y th\u00e2n. Thi\u1ebft k\u1ebf PVC m\u1ecfng, t\u00f9y ch\u1ec9nh m\u00e0u CMYK \u0111\u1ea7y \u0111\u1ee7 v\u00e0 d\u1ec5 d\u00e0ng s\u1eed d\u1ee5ng \u2014 m\u1ed9t th\u1ebb c\u00f3 th\u1ec3 b\u1ea3o v\u1ec7 nhi\u1ec1u th\u1ebb kh\u00f4ng ti\u1ebfp x\u00fac trong c\u00f9ng m\u1ed9t khe c\u1eafm v\u00ed.<\/p>\n<p data-start=\"355\" data-end=\"374\"><strong data-start=\"355\" data-end=\"372\">\u0110\u1eb7c \u0111i\u1ec3m k\u1ef9 thu\u1eadt<\/strong><\/p>\n<div class=\"_tableContainer_1rjym_1\">\n<div class=\"group _tableWrapper_1rjym_13 flex w-fit flex-col-reverse\" tabindex=\"-1\">\n<table class=\"w-fit min-w-(--thread-content-width)\" data-start=\"375\" data-end=\"676\">\n<thead data-start=\"375\" data-end=\"393\">\n<tr data-start=\"375\" data-end=\"393\">\n<th data-start=\"375\" data-end=\"382\" data-col-size=\"sm\">M\u1ee5c<\/th>\n<th data-start=\"382\" data-end=\"393\" data-col-size=\"md\">Chi ti\u1ebft<\/th>\n<\/tr>\n<\/thead>\n<tbody data-start=\"404\" data-end=\"676\">\n<tr data-start=\"404\" data-end=\"440\">\n<td data-start=\"404\" data-end=\"415\" data-col-size=\"sm\">V\u1eadt li\u1ec7u<\/td>\n<td data-col-size=\"md\" data-start=\"415\" data-end=\"440\">PVC + m\u00f4-\u0111un ch\u1eb7n<\/td>\n<\/tr>\n<tr data-start=\"441\" data-end=\"471\">\n<td data-start=\"441\" data-end=\"448\" data-col-size=\"sm\">K\u00edch c\u1ee1<\/td>\n<td data-col-size=\"md\" data-start=\"448\" data-end=\"471\">85,5 \u00d7 54 mm (CR80)<\/td>\n<\/tr>\n<tr data-start=\"472\" data-end=\"499\">\n<td data-start=\"472\" data-end=\"484\" data-col-size=\"sm\">\u0110\u1ed9 d\u00e0y<\/td>\n<td data-col-size=\"md\" data-start=\"484\" data-end=\"499\">0,76\u20131,5 mm<\/td>\n<\/tr>\n<tr data-start=\"500\" data-end=\"530\">\n<td data-start=\"500\" data-end=\"511\" data-col-size=\"sm\">In \u1ea5n<\/td>\n<td data-col-size=\"md\" data-start=\"511\" data-end=\"530\">CMYK \u0111\u1ea7y \u0111\u1ee7 m\u00e0u s\u1eafc<\/td>\n<\/tr>\n<tr data-start=\"531\" data-end=\"568\">\n<td data-start=\"531\" data-end=\"552\" data-col-size=\"sm\">T\u1ea7n s\u1ed1 ch\u1eb7n<\/td>\n<td data-col-size=\"md\" data-start=\"552\" data-end=\"568\">T\u1ea7n s\u1ed1 cao 13,56 MHz<\/td>\n<\/tr>\n<tr data-start=\"569\" data-end=\"627\">\n<td data-start=\"569\" data-end=\"579\" data-col-size=\"sm\">B\u01b0u ki\u1ec7n<\/td>\n<td data-col-size=\"md\" data-start=\"579\" data-end=\"627\">T\u00fai OPP; th\u00f9ng carton (c\u00f3 bao b\u00ec t\u00f9y ch\u1ec9nh)<\/td>\n<\/tr>\n<tr data-start=\"628\" data-end=\"676\">\n<td data-start=\"628\" data-end=\"640\" data-col-size=\"sm\">Th\u1eddi gian d\u1eabn<\/td>\n<td data-col-size=\"md\" data-start=\"640\" data-end=\"676\">7\u201310 ng\u00e0y l\u00e0m vi\u1ec7c sau khi thanh to\u00e1n<\/td>\n<\/tr>\n<\/tbody>\n<\/table>\n<\/div>\n<\/div>\n<p data-start=\"678\" data-end=\"956\"><strong data-start=\"678\" data-end=\"694\">N\u00f3 ho\u1ea1t \u0111\u1ed9ng nh\u01b0 th\u1ebf n\u00e0o<\/strong><br data-start=\"694\" data-end=\"697\" \/>Th\u1ebb RFID\/NFC s\u1eed d\u1ee5ng s\u00f3ng v\u00f4 tuy\u1ebfn v\u00e0 t\u1ea1o ra c\u00e1c tr\u01b0\u1eddng \u0111i\u1ec7n t\u1eeb nh\u1ecf c\u00f3 th\u1ec3 \u0111\u1ecdc \u0111\u01b0\u1ee3c \u1edf c\u1ef1 ly g\u1ea7n. Th\u1ebb ch\u1eb7n s\u1ebd t\u1ea1o ra nhi\u1ec5u l\u00e0m gi\u00e1n \u0111o\u1ea1n t\u00edn hi\u1ec7u RF, ng\u0103n ch\u1eb7n c\u00e1c \u0111\u1ea7u \u0111\u1ecdc tr\u00e1i ph\u00e9p truy c\u1eadp d\u1eef li\u1ec7u tr\u00ean th\u1ebb kh\u00f4ng ti\u1ebfp x\u00fac g\u1ea7n \u0111\u00f3.<\/p>\n<p data-start=\"958\" data-end=\"976\"><strong data-start=\"958\" data-end=\"974\">L\u1ee3i \u00edch ch\u00ednh<\/strong><\/p>\n<ul data-start=\"977\" data-end=\"1247\">\n<li data-start=\"977\" data-end=\"1034\">\n<p data-start=\"979\" data-end=\"1034\">Ng\u0103n ch\u1eb7n h\u00e0nh vi tr\u1ed9m c\u1eafp th\u1ebb t\u00edn d\u1ee5ng\/th\u1ebb ghi n\u1ee3 v\u00e0 ID b\u1eb1ng RFID\/NFC<\/p>\n<\/li>\n<li data-start=\"1035\" data-end=\"1078\">\n<p data-start=\"1037\" data-end=\"1078\">Thay th\u1ebf v\u00ed\/\u1ed1ng \u0111\u1ef1ng \u0111\u1ed3 c\u1ed3ng k\u1ec1nh<\/p>\n<\/li>\n<li data-start=\"1079\" data-end=\"1141\">\n<p data-start=\"1081\" data-end=\"1141\">M\u1ed9t th\u1ebb b\u1ea3o v\u1ec7 t\u1ea5t c\u1ea3 c\u00e1c th\u1ebb kh\u00f4ng ti\u1ebfp x\u00fac trong t\u00fai v\u00ed<\/p>\n<\/li>\n<li data-start=\"1142\" data-end=\"1190\">\n<p data-start=\"1144\" data-end=\"1190\">D\u1ec5 d\u00e0ng ki\u1ec3m tra v\u1edbi b\u1ea5t k\u1ef3 \u0111i\u1ec7n tho\u1ea1i th\u00f4ng minh n\u00e0o c\u00f3 h\u1ed7 tr\u1ee3 NFC<\/p>\n<\/li>\n<li data-start=\"1191\" data-end=\"1247\">\n<p data-start=\"1193\" data-end=\"1247\">PVC b\u1ec1n; h\u1ed7 tr\u1ee3 in logo v\u00e0 t\u00e1c ph\u1ea9m ngh\u1ec7 thu\u1eadt t\u00f9y ch\u1ec9nh<\/p>\n<\/li>\n<\/ul>","protected":false},"excerpt":{"rendered":"<p>Th\u1ebb ch\u1eb7n RFID PVC m\u1ecfng b\u1ea3o v\u1ec7 th\u1ebb NFC 13,56MHz kh\u1ecfi b\u1ecb \u0111\u00e1nh c\u1eafp th\u00f4ng tin; m\u1ed9t th\u1ebb b\u1ea3o v\u1ec7 nhi\u1ec1u th\u1ebb v\u00e0 h\u1ed7 tr\u1ee3 t\u00f9y ch\u1ec9nh CMYK \u0111\u1ea7y \u0111\u1ee7 m\u00e0u s\u1eafc.<\/p>","protected":false},"featured_media":618,"template":"","meta":{"_gspb_post_css":""},"product_brand":[],"product_cat":[15],"product_tag":[],"class_list":{"0":"post-615","1":"product","2":"type-product","3":"status-publish","4":"has-post-thumbnail","6":"product_cat-rfid-cards","8":"first","9":"instock","10":"shipping-taxable","11":"purchasable","12":"product-type-simple"},"_links":{"self":[{"href":"https:\/\/www.cxjsmartcard.com\/vi\/wp-json\/wp\/v2\/product\/615","targetHints":{"allow":["GET"]}}],"collection":[{"href":"https:\/\/www.cxjsmartcard.com\/vi\/wp-json\/wp\/v2\/product"}],"about":[{"href":"https:\/\/www.cxjsmartcard.com\/vi\/wp-json\/wp\/v2\/types\/product"}],"wp:featuredmedia":[{"embeddable":true,"href":"https:\/\/www.cxjsmartcard.com\/vi\/wp-json\/wp\/v2\/media\/618"}],"wp:attachment":[{"href":"https:\/\/www.cxjsmartcard.com\/vi\/wp-json\/wp\/v2\/media?parent=615"}],"wp:term":[{"taxonomy":"product_brand","embeddable":true,"href":"https:\/\/www.cxjsmartcard.com\/vi\/wp-json\/wp\/v2\/product_brand?post=615"},{"taxonomy":"product_cat","embeddable":true,"href":"https:\/\/www.cxjsmartcard.com\/vi\/wp-json\/wp\/v2\/product_cat?post=615"},{"taxonomy":"product_tag","embeddable":true,"href":"https:\/\/www.cxjsmartcard.com\/vi\/wp-json\/wp\/v2\/product_tag?post=615"}],"curies":[{"name":"trang web","href":"https:\/\/api.w.org\/{rel}","templated":true}]}}