{"id":608,"date":"2025-11-01T08:15:35","date_gmt":"2025-11-01T08:15:35","guid":{"rendered":"https:\/\/www.cxjsmartcard.com\/?post_type=product&#038;p=608"},"modified":"2025-12-29T01:27:12","modified_gmt":"2025-12-29T01:27:12","slug":"anti-theft-credit-card-protector-rfid-blocking-card","status":"publish","type":"product","link":"https:\/\/www.cxjsmartcard.com\/vi\/anti-theft-credit-card-protector-rfid-blocking-card\/","title":{"rendered":"Thi\u1ebft b\u1ecb b\u1ea3o v\u1ec7 th\u1ebb t\u00edn d\u1ee5ng ch\u1ed1ng tr\u1ed9m RFID"},"content":{"rendered":"<p data-start=\"58\" data-end=\"460\">Th\u1ebb ch\u1eb7n RFID \u0111\u01b0\u1ee3c thi\u1ebft k\u1ebf \u0111\u1ec3 b\u1ea3o v\u1ec7 th\u1ebb thanh to\u00e1n kh\u00f4ng ti\u1ebfp x\u00fac, h\u1ed9 chi\u1ebfu, th\u1ebb c\u0103n c\u01b0\u1edbc v\u00e0 c\u00e1c th\u1ebb th\u00f4ng minh 13,56 MHz kh\u00e1c kh\u1ecfi b\u1ecb qu\u00e9t tr\u00e1i ph\u00e9p. \u0110\u1eb7t th\u1ebb v\u00e0o c\u00f9ng khe c\u1eafm th\u1ebb trong v\u00ed v\u00e0 th\u1ebb s\u1ebd t\u1ea1o ra tr\u01b0\u1eddng nhi\u1ec5u, ch\u1eb7n s\u00f3ng v\u00f4 tuy\u1ebfn, ng\u0103n ch\u1eb7n h\u00e0nh vi tr\u1ed9m c\u1eafp v\u00e0 sao ch\u00e9p d\u1eef li\u1ec7u. Ph\u00f9 h\u1ee3p cho ng\u00e2n h\u00e0ng, t\u00e0i ch\u00ednh, du l\u1ecbch, qu\u00e0 t\u1eb7ng doanh nghi\u1ec7p v\u00e0 b\u1ea3o v\u1ec7 quy\u1ec1n ri\u00eang t\u01b0 c\u00e1 nh\u00e2n.<\/p>\n<p data-start=\"462\" data-end=\"481\"><strong data-start=\"462\" data-end=\"479\">\u0110\u1eb7c \u0111i\u1ec3m k\u1ef9 thu\u1eadt<\/strong><\/p>\n<div class=\"_tableContainer_1rjym_1\">\n<div class=\"group _tableWrapper_1rjym_13 flex w-fit flex-col-reverse\" tabindex=\"-1\">\n<table class=\"w-fit min-w-(--thread-content-width)\" data-start=\"482\" data-end=\"1365\">\n<thead data-start=\"482\" data-end=\"500\">\n<tr data-start=\"482\" data-end=\"500\">\n<th data-start=\"482\" data-end=\"489\" data-col-size=\"sm\">M\u1ee5c<\/th>\n<th data-start=\"489\" data-end=\"500\" data-col-size=\"md\">Chi ti\u1ebft<\/th>\n<\/tr>\n<\/thead>\n<tbody data-start=\"511\" data-end=\"1365\">\n<tr data-start=\"511\" data-end=\"583\">\n<td data-start=\"511\" data-end=\"526\" data-col-size=\"sm\">T\u00ean s\u1ea3n ph\u1ea9m<\/td>\n<td data-col-size=\"md\" data-start=\"526\" data-end=\"583\">Th\u1ebb ch\u1eb7n RFID \/ Thi\u1ebft b\u1ecb b\u1ea3o v\u1ec7 th\u1ebb t\u00edn d\u1ee5ng ch\u1ed1ng tr\u1ed9m<\/td>\n<\/tr>\n<tr data-start=\"584\" data-end=\"651\">\n<td data-start=\"584\" data-end=\"595\" data-col-size=\"sm\">Ch\u1ee9c n\u0103ng<\/td>\n<td data-col-size=\"md\" data-start=\"595\" data-end=\"651\">Ch\u1eb7n t\u00edn hi\u1ec7u RF\/NFC 13,56MHz \u0111\u1ec3 ng\u0103n ch\u1eb7n h\u00e0nh vi tr\u1ed9m c\u1eafp d\u1eef li\u1ec7u<\/td>\n<\/tr>\n<tr data-start=\"652\" data-end=\"701\">\n<td data-start=\"652\" data-end=\"663\" data-col-size=\"sm\">V\u1eadt li\u1ec7u<\/td>\n<td data-col-size=\"md\" data-start=\"663\" data-end=\"701\">PVC c\u00f3 m\u00f4-\u0111un che ch\u1eafn t\u00edch h\u1ee3p<\/td>\n<\/tr>\n<tr data-start=\"702\" data-end=\"741\">\n<td data-start=\"702\" data-end=\"709\" data-col-size=\"sm\">K\u00edch c\u1ee1<\/td>\n<td data-col-size=\"md\" data-start=\"709\" data-end=\"741\">85,5 \u00d7 54 mm (chu\u1ea9n CR80)<\/td>\n<\/tr>\n<tr data-start=\"742\" data-end=\"764\">\n<td data-start=\"742\" data-end=\"754\" data-col-size=\"sm\">\u0110\u1ed9 d\u00e0y<\/td>\n<td data-col-size=\"md\" data-start=\"754\" data-end=\"764\">1,5 mm<\/td>\n<\/tr>\n<tr data-start=\"765\" data-end=\"785\">\n<td data-start=\"765\" data-end=\"774\" data-col-size=\"sm\">C\u00e2n n\u1eb7ng<\/td>\n<td data-col-size=\"md\" data-start=\"774\" data-end=\"785\">11 g\/c\u00e1i<\/td>\n<\/tr>\n<tr data-start=\"786\" data-end=\"850\">\n<td data-start=\"786\" data-end=\"808\" data-col-size=\"sm\">T\u1ea7n s\u1ed1 che ch\u1eafn<\/td>\n<td data-col-size=\"md\" data-start=\"808\" data-end=\"850\">13,56 MHz (th\u1ebb th\u00f4ng minh t\u1ea7n s\u1ed1 cao)<\/td>\n<\/tr>\n<tr data-start=\"851\" data-end=\"899\">\n<td data-start=\"851\" data-end=\"862\" data-col-size=\"sm\">In \u1ea5n<\/td>\n<td data-start=\"862\" data-end=\"899\" data-col-size=\"md\">In offset, in k\u1ef9 thu\u1eadt s\u1ed1<\/td>\n<\/tr>\n<tr data-start=\"900\" data-end=\"994\">\n<td data-start=\"900\" data-end=\"919\" data-col-size=\"sm\">H\u00e0ng th\u1ee7 c\u00f4ng c\u00f3 s\u1eb5n<\/td>\n<td data-col-size=\"md\" data-start=\"919\" data-end=\"994\">In l\u1ee5a, m\u00e3 QR \u0111\u1ed9ng, m\u00e3 v\u1ea1ch \u0111\u1ed9ng, d\u1eadp n\u00f3ng, ph\u1ee7 UV<\/td>\n<\/tr>\n<tr data-start=\"995\" data-end=\"1054\">\n<td data-start=\"995\" data-end=\"1013\" data-col-size=\"sm\">Ph\u01b0\u01a1ng ph\u00e1p \u0111\u00e1nh d\u1ea5u<\/td>\n<td data-col-size=\"md\" data-start=\"1013\" data-end=\"1054\">M\u00e3 laser, m\u00e3 phun, m\u00e3 d\u1eadp n\u1ed5i<\/td>\n<\/tr>\n<tr data-start=\"1055\" data-end=\"1131\">\n<td data-start=\"1055\" data-end=\"1063\" data-col-size=\"sm\">C\u00e1ch s\u1eed d\u1ee5ng<\/td>\n<td data-col-size=\"md\" data-start=\"1063\" data-end=\"1131\">K\u1ebft h\u1ee3p v\u1edbi th\u1ebb ng\u00e2n h\u00e0ng\/h\u1ed9 chi\u1ebfu \u0111\u1ec3 ch\u1eb7n vi\u1ec7c \u0111\u1ecdc d\u1eef li\u1ec7u kh\u00f4ng d\u00e2y<\/td>\n<\/tr>\n<tr data-start=\"1132\" data-end=\"1205\">\n<td data-start=\"1132\" data-end=\"1144\" data-col-size=\"sm\">Bao b\u00ec<\/td>\n<td data-col-size=\"md\" data-start=\"1144\" data-end=\"1205\">125 chi\u1ebfc\/h\u1ed9p nh\u1ecf; 1000 chi\u1ebfc\/th\u00f9ng; 30,5 \u00d7 22,5 \u00d7 20,5 cm<\/td>\n<\/tr>\n<tr data-start=\"1206\" data-end=\"1277\">\n<td data-start=\"1206\" data-end=\"1222\" data-col-size=\"sm\">T\u00f9y ch\u1ec9nh<\/td>\n<td data-col-size=\"md\" data-start=\"1222\" data-end=\"1277\">M\u00e0u s\u1eafc, thi\u1ebft k\u1ebf, in logo cho th\u01b0\u01a1ng hi\u1ec7u v\u00e0 qu\u00e0 t\u1eb7ng<\/td>\n<\/tr>\n<tr data-start=\"1278\" data-end=\"1365\">\n<td data-start=\"1278\" data-end=\"1292\" data-col-size=\"sm\">\u1ee8ng d\u1ee5ng<\/td>\n<td data-start=\"1292\" data-end=\"1365\" data-col-size=\"md\">Th\u1ebb t\u00edn d\u1ee5ng\/th\u1ebb ghi n\u1ee3, CMND, b\u1eb1ng l\u00e1i xe, h\u1ed9 chi\u1ebfu, th\u1ebb th\u00e0nh vi\u00ean<\/td>\n<\/tr>\n<\/tbody>\n<\/table>\n<\/div>\n<\/div>\n<p data-start=\"1367\" data-end=\"1583\"><strong data-start=\"1367\" data-end=\"1383\">N\u00f3 ho\u1ea1t \u0111\u1ed9ng nh\u01b0 th\u1ebf n\u00e0o<\/strong><br data-start=\"1383\" data-end=\"1386\" \/>Th\u1ebb t\u1ea1o ra m\u1ed9t tr\u01b0\u1eddng RF b\u1ea3o v\u1ec7 l\u00e0m nhi\u1ec5u t\u00edn hi\u1ec7u \u0111\u1ea7u \u0111\u1ecdc, do \u0111\u00f3 m\u00e1y qu\u00e9t kh\u00f4ng th\u1ec3 \u0111\u1ecdc d\u1eef li\u1ec7u th\u1ebb ngay c\u1ea3 \u1edf kho\u1ea3ng c\u00e1ch g\u1ea7n. M\u1ed9t th\u1ebb ch\u1eb7n c\u00f3 th\u1ec3 b\u1ea3o v\u1ec7 nhi\u1ec1u th\u1ebb trong c\u00f9ng m\u1ed9t t\u00fai v\u00ed.<\/p>\n<p data-start=\"1585\" data-end=\"1603\"><strong data-start=\"1585\" data-end=\"1601\">\u1ee8ng d\u1ee5ng<\/strong><\/p>\n<ul data-start=\"1604\" data-end=\"1815\">\n<li data-start=\"1604\" data-end=\"1639\">\n<p data-start=\"1606\" data-end=\"1639\">Ch\u1ed1ng skimming th\u1ebb t\u00edn d\u1ee5ng\/th\u1ebb ghi n\u1ee3<\/p>\n<\/li>\n<li data-start=\"1640\" data-end=\"1672\">\n<p data-start=\"1642\" data-end=\"1672\">B\u1ea3o v\u1ec7 h\u1ed9 chi\u1ebfu \u0111i\u1ec7n t\u1eed v\u00e0 ID<\/p>\n<\/li>\n<li data-start=\"1673\" data-end=\"1713\">\n<p data-start=\"1675\" data-end=\"1713\">Ch\u1ed1ng theo d\u00f5i \u0111i\u1ec7n tho\u1ea1i th\u00f4ng minh h\u1ed7 tr\u1ee3 NFC<\/p>\n<\/li>\n<li data-start=\"1714\" data-end=\"1768\">\n<p data-start=\"1716\" data-end=\"1768\">Qu\u00e0 t\u1eb7ng khuy\u1ebfn m\u1ea1i doanh nghi\u1ec7p c\u00f3 ch\u1ee9c n\u0103ng b\u1ea3o m\u1eadt<\/p>\n<\/li>\n<li data-start=\"1769\" data-end=\"1815\">\n<p data-start=\"1771\" data-end=\"1815\">Gi\u1ea3i ph\u00e1p thay th\u1ebf cho v\u00ed\/\u1ed1ng \u0111\u1ef1ng th\u1ebb ch\u1eb7n RFID<\/p>\n<\/li>\n<\/ul>","protected":false},"excerpt":{"rendered":"<p>Th\u1ebb ch\u1eb7n RFID PVC m\u1ecfng b\u1ea3o v\u1ec7 th\u1ebb kh\u00f4ng ti\u1ebfp x\u00fac 13,56MHz kh\u1ecfi vi\u1ec7c \u0111\u1ecdc th\u1ebb kh\u00f4ng d\u00e2y tr\u00e1i ph\u00e9p; d\u1ec5 d\u00e0ng b\u1ecf v\u00e0o v\u00ed v\u00e0 c\u00f3 th\u1ec3 in \u0111\u1ea7y \u0111\u1ee7 \u0111\u1ec3 l\u00e0m th\u01b0\u01a1ng hi\u1ec7u.<\/p>","protected":false},"featured_media":609,"template":"","meta":{"_gspb_post_css":""},"product_brand":[],"product_cat":[15],"product_tag":[],"class_list":{"0":"post-608","1":"product","2":"type-product","3":"status-publish","4":"has-post-thumbnail","6":"product_cat-rfid-cards","8":"first","9":"instock","10":"shipping-taxable","11":"purchasable","12":"product-type-simple"},"_links":{"self":[{"href":"https:\/\/www.cxjsmartcard.com\/vi\/wp-json\/wp\/v2\/product\/608","targetHints":{"allow":["GET"]}}],"collection":[{"href":"https:\/\/www.cxjsmartcard.com\/vi\/wp-json\/wp\/v2\/product"}],"about":[{"href":"https:\/\/www.cxjsmartcard.com\/vi\/wp-json\/wp\/v2\/types\/product"}],"wp:featuredmedia":[{"embeddable":true,"href":"https:\/\/www.cxjsmartcard.com\/vi\/wp-json\/wp\/v2\/media\/609"}],"wp:attachment":[{"href":"https:\/\/www.cxjsmartcard.com\/vi\/wp-json\/wp\/v2\/media?parent=608"}],"wp:term":[{"taxonomy":"product_brand","embeddable":true,"href":"https:\/\/www.cxjsmartcard.com\/vi\/wp-json\/wp\/v2\/product_brand?post=608"},{"taxonomy":"product_cat","embeddable":true,"href":"https:\/\/www.cxjsmartcard.com\/vi\/wp-json\/wp\/v2\/product_cat?post=608"},{"taxonomy":"product_tag","embeddable":true,"href":"https:\/\/www.cxjsmartcard.com\/vi\/wp-json\/wp\/v2\/product_tag?post=608"}],"curies":[{"name":"trang web","href":"https:\/\/api.w.org\/{rel}","templated":true}]}}