{"id":596,"date":"2025-11-01T08:10:10","date_gmt":"2025-11-01T08:10:10","guid":{"rendered":"https:\/\/www.cxjsmartcard.com\/?post_type=product&#038;p=596"},"modified":"2025-12-29T01:27:12","modified_gmt":"2025-12-29T01:27:12","slug":"13-56mhz-contactless-mifare-rfid-smart-cards","status":"publish","type":"product","link":"https:\/\/www.cxjsmartcard.com\/vi\/13-56mhz-contactless-mifare-rfid-smart-cards\/","title":{"rendered":"Th\u1ebb th\u00f4ng minh RFID MIFARE kh\u00f4ng ti\u1ebfp x\u00fac 13,56MHz"},"content":{"rendered":"<p data-start=\"51\" data-end=\"301\">Th\u1ebb th\u00f4ng minh MIFARE RFID kh\u00f4ng ti\u1ebfp x\u00fac 13,56MHz d\u00f9ng \u0111\u1ec3 ki\u1ec3m so\u00e1t ra v\u00e0o, nh\u1eadn d\u1ea1ng, thanh to\u00e1n kh\u00f4ng d\u00f9ng ti\u1ec1n m\u1eb7t, ch\u1ea5m c\u00f4ng, kh\u00e1ch s\u1ea1n, tr\u01b0\u1eddng h\u1ecdc, c\u00e2u l\u1ea1c b\u1ed9\/SPA, du l\u1ecbch, ch\u0103m s\u00f3c s\u1ee9c kh\u1ecfe, si\u00eau th\u1ecb, b\u00e3i \u0111\u1eadu xe, khuy\u1ebfn m\u00e3i v\u00e0 qu\u1ea3n l\u00fd th\u00e0nh vi\u00ean.<\/p>\n<p data-start=\"303\" data-end=\"322\"><strong data-start=\"303\" data-end=\"320\">\u0110\u1eb7c \u0111i\u1ec3m k\u1ef9 thu\u1eadt<\/strong><\/p>\n<div class=\"_tableContainer_1rjym_1\">\n<div class=\"group _tableWrapper_1rjym_13 flex w-fit flex-col-reverse\" tabindex=\"-1\">\n<table class=\"w-fit min-w-(--thread-content-width)\" data-start=\"323\" data-end=\"958\">\n<thead data-start=\"323\" data-end=\"341\">\n<tr data-start=\"323\" data-end=\"341\">\n<th data-start=\"323\" data-end=\"330\" data-col-size=\"sm\">M\u1ee5c<\/th>\n<th data-start=\"330\" data-end=\"341\" data-col-size=\"md\">Chi ti\u1ebft<\/th>\n<\/tr>\n<\/thead>\n<tbody data-start=\"352\" data-end=\"958\">\n<tr data-start=\"352\" data-end=\"420\">\n<td data-start=\"352\" data-end=\"363\" data-col-size=\"sm\">V\u1eadt li\u1ec7u<\/td>\n<td data-col-size=\"md\" data-start=\"363\" data-end=\"420\">PVC, PET-G, ABS, PC, PLA, PVC trong su\u1ed1t, G\u1ed7, v.v.<\/td>\n<\/tr>\n<tr data-start=\"421\" data-end=\"473\">\n<td data-start=\"421\" data-end=\"433\" data-col-size=\"sm\">K\u00edch th\u01b0\u1edbc<\/td>\n<td data-col-size=\"md\" data-start=\"433\" data-end=\"473\">85,5 \u00d7 54 mm (CR80) ho\u1eb7c t\u00f9y ch\u1ec9nh<\/td>\n<\/tr>\n<tr data-start=\"474\" data-end=\"507\">\n<td data-start=\"474\" data-end=\"486\" data-col-size=\"sm\">\u0110\u1ed9 d\u00e0y<\/td>\n<td data-col-size=\"md\" data-start=\"486\" data-end=\"507\">0,84 mm \u00b1 0,05 mm<\/td>\n<\/tr>\n<tr data-start=\"508\" data-end=\"551\">\n<td data-start=\"508\" data-end=\"523\" data-col-size=\"sm\">B\u1ec1 m\u1eb7t th\u1ebb<\/td>\n<td data-col-size=\"md\" data-start=\"523\" data-end=\"551\">B\u00f3ng \/ M\u1edd \/ M\u1edd<\/td>\n<\/tr>\n<tr data-start=\"552\" data-end=\"635\">\n<td data-start=\"552\" data-end=\"563\" data-col-size=\"sm\">In \u1ea5n<\/td>\n<td data-col-size=\"md\" data-start=\"563\" data-end=\"635\">Heidelberg CMYK Offset, In k\u1ef9 thu\u1eadt s\u1ed1, In l\u1ee5a, M\u00e0u Pantone<\/td>\n<\/tr>\n<tr data-start=\"636\" data-end=\"706\">\n<td data-start=\"636\" data-end=\"656\" data-col-size=\"sm\">C\u00f3 th\u1ec3 in (tr\u1ed1ng)<\/td>\n<td data-col-size=\"md\" data-start=\"656\" data-end=\"706\">D\u00e0nh cho m\u00e1y in chuy\u1ec3n nhi\u1ec7t ho\u1eb7c m\u00e1y in phun<\/td>\n<\/tr>\n<tr data-start=\"707\" data-end=\"732\">\n<td data-start=\"707\" data-end=\"719\" data-col-size=\"sm\">T\u00ednh th\u01b0\u1eddng xuy\u00ean<\/td>\n<td data-col-size=\"md\" data-start=\"719\" data-end=\"732\">13,56 MHz<\/td>\n<\/tr>\n<tr data-start=\"733\" data-end=\"770\">\n<td data-start=\"733\" data-end=\"753\" data-col-size=\"sm\">H\u1ed7 tr\u1ee3 k\u1ef9 thu\u1eadt<\/td>\n<td data-col-size=\"md\" data-start=\"753\" data-end=\"770\">M\u00e3 h\u00f3a chip<\/td>\n<\/tr>\n<tr data-start=\"771\" data-end=\"863\">\n<td data-start=\"771\" data-end=\"781\" data-col-size=\"sm\">B\u01b0u ki\u1ec7n<\/td>\n<td data-col-size=\"md\" data-start=\"781\" data-end=\"863\">200 c\u00e1i\/h\u1ed9p (21,5\u00d79\u00d75,5 cm); 2000 c\u00e1i\/th\u00f9ng (49,5\u00d724,5\u00d713,6 cm), 14 kg\/th\u00f9ng<\/td>\n<\/tr>\n<tr data-start=\"864\" data-end=\"958\">\n<td data-start=\"864\" data-end=\"879\" data-col-size=\"sm\">\u1ee8ng d\u1ee5ng<\/td>\n<td data-col-size=\"md\" data-start=\"879\" data-end=\"958\">Th\u00e0nh vi\u00ean, Ki\u1ec3m so\u00e1t ra v\u00e0o, Kh\u00e1ch s\u1ea1n, V\u1eadn chuy\u1ec3n, L\u00f2ng trung th\u00e0nh, Khuy\u1ebfn m\u00e3i, v.v.<\/td>\n<\/tr>\n<\/tbody>\n<\/table>\n<\/div>\n<\/div>\n<p data-start=\"960\" data-end=\"978\"><strong data-start=\"960\" data-end=\"976\">T\u00f9y ch\u1ecdn chip<\/strong><\/p>\n<ul data-start=\"979\" data-end=\"1294\">\n<li data-start=\"979\" data-end=\"1029\">\n<p data-start=\"981\" data-end=\"1029\">MIFARE Classic\u00ae EV1 1K, MIFARE Classic\u00ae EV1 4K<\/p>\n<\/li>\n<li data-start=\"1030\" data-end=\"1078\">\n<p data-start=\"1032\" data-end=\"1078\">MIFARE Ultralight\u00ae EV1, MIFARE Ultralight\u00ae C<\/p>\n<\/li>\n<li data-start=\"1079\" data-end=\"1104\">\n<p data-start=\"1081\" data-end=\"1104\">NTAG\u00ae 213 \/ 215 \/ 216<\/p>\n<\/li>\n<li data-start=\"1105\" data-end=\"1156\">\n<p data-start=\"1107\" data-end=\"1156\">MIFARE\u00ae DESFire\u00ae EV1 \/ EV2 \/ EV3 (2K \/ 4K \/ 8K)<\/p>\n<\/li>\n<li data-start=\"1157\" data-end=\"1194\">\n<p data-start=\"1159\" data-end=\"1194\">MIFARE Plus\u00ae EV2, MIFARE Plus\u00ae SE<\/p>\n<\/li>\n<li data-start=\"1195\" data-end=\"1242\">\n<p data-start=\"1197\" data-end=\"1242\">ICODE\u00ae SLI \/ SLIX \/ SLIX2 \/ SLIX-S \/ SLIX-L<\/p>\n<\/li>\n<li data-start=\"1243\" data-end=\"1294\">\n<p data-start=\"1245\" data-end=\"1294\">C\u00f3 s\u1eb5n chip t\u01b0\u01a1ng th\u00edch ISO14443A v\u00e0 ISO15693<\/p>\n<\/li>\n<\/ul>\n<p data-start=\"1296\" data-end=\"1318\"><strong data-start=\"1296\" data-end=\"1316\">H\u00e0ng th\u1ee7 c\u00f4ng c\u00f3 s\u1eb5n<\/strong><\/p>\n<ul data-start=\"1319\" data-end=\"1615\">\n<li data-start=\"1319\" data-end=\"1350\">\n<p data-start=\"1321\" data-end=\"1350\">D\u1ea3i t\u1eeb (HICO\/LOCO)<\/p>\n<\/li>\n<li data-start=\"1351\" data-end=\"1396\">\n<p data-start=\"1353\" data-end=\"1396\">T\u1ea5m ch\u1eef k\u00fd \/ T\u1ea5m c\u00e0o \/ \u0110i\u1ec3m UV<\/p>\n<\/li>\n<li data-start=\"1397\" data-end=\"1428\">\n<p data-start=\"1399\" data-end=\"1428\">In m\u00e3 v\u1ea1ch ho\u1eb7c m\u00e3 QR<\/p>\n<\/li>\n<li data-start=\"1429\" data-end=\"1459\">\n<p data-start=\"1431\" data-end=\"1459\">D\u1eadp n\u00f3ng (v\u00e0ng\/b\u1ea1c)<\/p>\n<\/li>\n<li data-start=\"1460\" data-end=\"1472\">\n<p data-start=\"1462\" data-end=\"1472\">\u1ea2nh ba chi\u1ec1u<\/p>\n<\/li>\n<li data-start=\"1473\" data-end=\"1508\">\n<p data-start=\"1475\" data-end=\"1508\">N\u1ec1n v\u00e0ng\/b\u1ea1c kim lo\u1ea1i<\/p>\n<\/li>\n<li data-start=\"1509\" data-end=\"1615\">\n<p data-start=\"1511\" data-end=\"1615\">C\u00e1 nh\u00e2n h\u00f3a: in n\u1ed5i, in laser, DOD ho\u1eb7c in nhi\u1ec7t (s\u1ed1, t\u00ean, hi\u1ec7u l\u1ef1c), \u0111\u1ee5c l\u1ed7, v.v.<\/p>\n<\/li>\n<\/ul>\n<p data-start=\"1617\" data-end=\"1649\"><strong data-start=\"1617\" data-end=\"1647\">Thi\u1ebft k\u1ebf thi\u1ec7p in theo y\u00eau c\u1ea7u<\/strong><\/p>\n<ol data-start=\"1650\" data-end=\"1790\">\n<li data-start=\"1650\" data-end=\"1713\">\n<p data-start=\"1653\" data-end=\"1713\">G\u1eedi y\u00eau c\u1ea7u v\u00e0 ch\u00fang t\u00f4i cung c\u1ea5p gi\u1ea3i ph\u00e1p th\u1ebb ho\u00e0n ch\u1ec9nh.<\/p>\n<\/li>\n<li data-start=\"1714\" data-end=\"1790\">\n<p data-start=\"1717\" data-end=\"1790\">Ho\u1eb7c g\u1eedi t\u00e1c ph\u1ea9m ngh\u1ec7 thu\u1eadt g\u1ed1c (AI\/PDF) v\u00e0 ch\u00fang t\u00f4i s\u1ebd g\u1eedi l\u1ea1i b\u1ea3n in th\u1eed \u0111\u1ec3 x\u00e1c nh\u1eadn.<\/p>\n<\/li>\n<\/ol>","protected":false},"excerpt":{"rendered":"<p>Th\u1ebb RFID MIFARE 13,56MHz kh\u00f4ng ti\u1ebfp x\u00fac v\u1edbi nhi\u1ec1u t\u00f9y ch\u1ecdn chip, v\u1eadt li\u1ec7u PVC cao c\u1ea5p v\u00e0 in t\u00f9y ch\u1ec9nh \u0111\u1ec3 truy c\u1eadp an to\u00e0n, nh\u1eadn d\u1ea1ng v\u00e0 ch\u01b0\u01a1ng tr\u00ecnh th\u00e0nh vi\u00ean.<\/p>","protected":false},"featured_media":597,"template":"","meta":{"_gspb_post_css":""},"product_brand":[],"product_cat":[15],"product_tag":[],"class_list":{"0":"post-596","1":"product","2":"type-product","3":"status-publish","4":"has-post-thumbnail","6":"product_cat-rfid-cards","8":"first","9":"instock","10":"shipping-taxable","11":"purchasable","12":"product-type-simple"},"_links":{"self":[{"href":"https:\/\/www.cxjsmartcard.com\/vi\/wp-json\/wp\/v2\/product\/596","targetHints":{"allow":["GET"]}}],"collection":[{"href":"https:\/\/www.cxjsmartcard.com\/vi\/wp-json\/wp\/v2\/product"}],"about":[{"href":"https:\/\/www.cxjsmartcard.com\/vi\/wp-json\/wp\/v2\/types\/product"}],"wp:featuredmedia":[{"embeddable":true,"href":"https:\/\/www.cxjsmartcard.com\/vi\/wp-json\/wp\/v2\/media\/597"}],"wp:attachment":[{"href":"https:\/\/www.cxjsmartcard.com\/vi\/wp-json\/wp\/v2\/media?parent=596"}],"wp:term":[{"taxonomy":"product_brand","embeddable":true,"href":"https:\/\/www.cxjsmartcard.com\/vi\/wp-json\/wp\/v2\/product_brand?post=596"},{"taxonomy":"product_cat","embeddable":true,"href":"https:\/\/www.cxjsmartcard.com\/vi\/wp-json\/wp\/v2\/product_cat?post=596"},{"taxonomy":"product_tag","embeddable":true,"href":"https:\/\/www.cxjsmartcard.com\/vi\/wp-json\/wp\/v2\/product_tag?post=596"}],"curies":[{"name":"trang web","href":"https:\/\/api.w.org\/{rel}","templated":true}]}}