{"id":1185,"date":"2025-11-24T08:59:19","date_gmt":"2025-11-24T08:59:19","guid":{"rendered":"https:\/\/www.cxjsmartcard.com\/?post_type=product&#038;p=1185"},"modified":"2025-12-29T01:27:06","modified_gmt":"2025-12-29T01:27:06","slug":"ntag215-nfc-coin-tag-504_byte-blank-programmable-token","status":"publish","type":"product","link":"https:\/\/www.cxjsmartcard.com\/vi\/ntag215-nfc-coin-tag-504_byte-blank-programmable-token\/","title":{"rendered":"Th\u1ebb ti\u1ec1n xu NFC NTAG215 504_Byte M\u00e3 th\u00f4ng b\u00e1o l\u1eadp tr\u00ecnh tr\u1ed1ng"},"content":{"rendered":"<p data-start=\"40\" data-end=\"431\">Th\u1ebb ti\u1ec1n xu NFC NTAG215 \u2013 Th\u1ebb th\u00f4ng b\u00e1o l\u1eadp tr\u00ecnh tr\u1ed1ng 504 Byte l\u00e0 th\u1ebb ti\u1ec1n xu NFC 13,56 MHz nh\u1ecf g\u1ecdn, b\u1ec1n b\u1ec9, \u0111\u01b0\u1ee3c thi\u1ebft k\u1ebf cho c\u00e1c d\u1ef1 \u00e1n c\u1ea7n b\u1ed9 nh\u1edb \u0111\u00e1ng tin c\u1eady, c\u00f3 th\u1ec3 ghi l\u1ea1i trong m\u1ed9t thi\u1ebft k\u1ebf nh\u1ecf g\u1ecdn. S\u1eed d\u1ee5ng c\u00f4ng ngh\u1ec7 chip NTAG215 ch\u00ednh h\u00e3ng, th\u1ebb cung c\u1ea5p 504 byte b\u1ed9 nh\u1edb kh\u1ea3 d\u1ee5ng v\u00e0 ID duy nh\u1ea5t 7 byte, ph\u00f9 h\u1ee3p \u0111\u1ec3 m\u00e3 h\u00f3a URL, v\u0103n b\u1ea3n, ID, d\u1eef li\u1ec7u c\u1ea5u h\u00ecnh, d\u1eef li\u1ec7u tr\u00f2 ch\u01a1i, th\u00f4ng tin kh\u00e1ch h\u00e0ng th\u00e2n thi\u1ebft v\u00e0 nhi\u1ec1u h\u01a1n n\u1eefa.<\/p>\n<p data-start=\"433\" data-end=\"814\">Th\u1ebb ho\u1ea1t \u0111\u1ed9ng theo ti\u00eau chu\u1ea9n ISO\/IEC 14443A v\u00e0 t\u01b0\u01a1ng th\u00edch v\u1edbi h\u1ea7u h\u1ebft \u0111i\u1ec7n tho\u1ea1i th\u00f4ng minh, m\u00e1y t\u00ednh b\u1ea3ng v\u00e0 \u0111\u1ea7u \u0111\u1ecdc h\u1ed7 tr\u1ee3 NFC, h\u1ed7 tr\u1ee3 th\u1ebb NFC Forum Type 2. Ch\u1ec9 c\u1ea7n ch\u1ea1m b\u1eb1ng \u0111i\u1ec7n tho\u1ea1i ho\u1eb7c \u0111\u1ea7u \u0111\u1ecdc \u0111\u1ec3 \u0111\u1ecdc ho\u1eb7c ghi d\u1eef li\u1ec7u nh\u01b0 li\u00ean k\u1ebft trang web, k\u00edch ho\u1ea1t \u1ee9ng d\u1ee5ng, c\u1ea5u h\u00ecnh Wi-Fi, phi\u1ebfu gi\u1ea3m gi\u00e1 ho\u1eb7c chi ti\u1ebft s\u1ef1 ki\u1ec7n. Sau khi \u0111\u01b0\u1ee3c m\u00e3 h\u00f3a, d\u1eef li\u1ec7u c\u00f3 th\u1ec3 \u0111\u01b0\u1ee3c kh\u00f3a \u0111\u1ec3 ng\u0103n ch\u1eb7n c\u00e1c thay \u0111\u1ed5i n\u1ebfu \u1ee9ng d\u1ee5ng y\u00eau c\u1ea7u.<\/p>\n<p data-start=\"816\" data-end=\"1207\">Thi\u1ebft k\u1ebf d\u1ea1ng \u0111\u1ed3ng xu gi\u00fap th\u1ebb d\u1ec5 d\u00e0ng x\u1eed l\u00fd v\u00e0 l\u1eafp \u0111\u1eb7t. \u0110\u01b0\u1eddng k\u00ednh ph\u1ed5 bi\u1ebfn t\u1eeb 20\u201330 mm (ho\u1eb7c t\u00f9y ch\u1ec9nh), v\u1edbi c\u1ea5u h\u00ecnh m\u1ecfng, ph\u1eb3ng, ph\u00f9 h\u1ee3p l\u1eafp \u0111\u1eb7t ph\u00eda sau t\u1ea5m \u1ed1p, trong h\u1ed9p \u0111\u1ef1ng, tr\u00ean m\u00e0n h\u00ecnh, th\u1ebb ch\u00eca kh\u00f3a ho\u1eb7c huy hi\u1ec7u. V\u1ecf th\u01b0\u1eddng \u0111\u01b0\u1ee3c l\u00e0m t\u1eeb nh\u1ef1a PVC ho\u1eb7c ABS, c\u00f3 kh\u1ea3 n\u0103ng ch\u1ed1ng ch\u1ecbu t\u1ed1t v\u1edbi c\u00e1c t\u00e1c \u0111\u1ed9ng h\u00e0ng ng\u00e0y, va \u0111\u1eadp nh\u1eb9 v\u00e0 \u0111\u1ed9 \u1ea9m trong m\u00f4i tr\u01b0\u1eddng trong nh\u00e0 ho\u1eb7c ngo\u00e0i tr\u1eddi c\u00f3 m\u00e1i che.<\/p>\n<p data-start=\"1209\" data-end=\"1527\">Chip NTAG215 \u0111\u01b0\u1ee3c s\u1eed d\u1ee5ng b\u00ean trong h\u1ed7 tr\u1ee3 giao ti\u1ebfp nhanh, l\u01b0u tr\u1eef d\u1eef li\u1ec7u 10 n\u0103m v\u00e0 l\u00ean \u0111\u1ebfn 100.000 chu k\u1ef3 \u0111\u1ecdc\/ghi. \u0110i\u1ec1u n\u00e0y khi\u1ebfn token tr\u1edf th\u00e0nh l\u1ef1a ch\u1ecdn \u0111\u00e1ng tin c\u1eady cho c\u00e1c d\u1ef1 \u00e1n d\u00e0i h\u1ea1n nh\u01b0 ch\u01b0\u01a1ng tr\u00ecnh kh\u00e1ch h\u00e0ng th\u00e2n thi\u1ebft, m\u00e3 \u0111\u1ecbnh danh truy c\u1eadp, token tr\u00f2 ch\u01a1i ho\u1eb7c \u0111i\u1ec3m check-in, v\u1ed1n \u0111\u01b0\u1ee3c m\u00e3 h\u00f3a v\u00e0 \u0111\u1ecdc nhi\u1ec1u l\u1ea7n trong su\u1ed1t v\u00f2ng \u0111\u1eddi.<\/p>\n<p data-start=\"1529\" data-end=\"1608\">Vi\u1ec7c l\u1eafp \u0111\u1eb7t v\u00e0 t\u00edch h\u1ee3p r\u1ea5t linh ho\u1ea1t. Th\u1ebb ti\u1ec1n xu c\u00f3 th\u1ec3 \u0111\u01b0\u1ee3c cung c\u1ea5p k\u00e8m theo:<\/p>\n<ul data-start=\"1610\" data-end=\"1874\">\n<li data-start=\"1610\" data-end=\"1752\">\n<p data-start=\"1612\" data-end=\"1752\"><strong data-start=\"1612\" data-end=\"1632\">L\u1edbp n\u1ec1n d\u00ednh<\/strong> \u2013 \u0111\u1ec3 l\u1eafp \u0111\u1eb7t nhanh ch\u00f3ng b\u1eb1ng c\u00e1ch \u201cb\u00f3c v\u00e0 d\u00e1n\u201d tr\u00ean c\u00e1c b\u1ec1 m\u1eb7t s\u1ea1ch, kh\u00f4ng ph\u1ea3i kim lo\u1ea1i nh\u01b0 nh\u1ef1a, k\u00ednh, g\u1ed7 ho\u1eb7c t\u01b0\u1eddng s\u01a1n.<\/p>\n<\/li>\n<li data-start=\"1753\" data-end=\"1874\">\n<p data-start=\"1755\" data-end=\"1874\"><strong data-start=\"1755\" data-end=\"1779\">Phi\u00ean b\u1ea3n kh\u00f4ng d\u00ednh<\/strong> \u2013 \u0111\u1ec3 nh\u00fang v\u00e0o v\u1ecf h\u1ed9p, m\u00f3c ch\u00eca kh\u00f3a, \u0111\u1ed3 ch\u01a1i, qu\u00e2n c\u1edd, v\u00f2ng \u0111eo tay ho\u1eb7c t\u00e0i li\u1ec7u in.<\/p>\n<\/li>\n<\/ul>\n<p data-start=\"1876\" data-end=\"2052\">(N\u1ebfu c\u1ea7n, c\u00f3 th\u1ec3 ch\u1ec9 \u0111\u1ecbnh phi\u00ean b\u1ea3n ch\u1ed1ng kim lo\u1ea1i \u0111\u1ec3 th\u1ebb c\u00f3 th\u1ec3 s\u1eed d\u1ee5ng tr\u00ean b\u1ec1 m\u1eb7t kim lo\u1ea1i; n\u1ebfu kh\u00f4ng, th\u1ebb ti\u1ec1n xu NTAG215 ti\u00eau chu\u1ea9n d\u00e0nh cho m\u00f4i tr\u01b0\u1eddng kh\u00f4ng ph\u1ea3i kim lo\u1ea1i.)<\/p>\n<p data-start=\"2054\" data-end=\"2259\">M\u1ed7i th\u1ebb \u0111\u01b0\u1ee3c v\u1eadn chuy\u1ec3n \u1edf d\u1ea1ng tr\u1ed1ng v\u00e0 ch\u01b0a \u0111\u1ecbnh d\u1ea1ng, s\u1eb5n s\u00e0ng cho d\u1eef li\u1ec7u c\u1ee7a b\u1ea1n. B\u1ea1n c\u00f3 th\u1ec3 m\u00e3 h\u00f3a th\u1ebb b\u1eb1ng ph\u1ea7n m\u1ec1m NFC mi\u1ec5n ph\u00ed ho\u1eb7c chuy\u00ean nghi\u1ec7p, s\u1eed d\u1ee5ng \u0111\u1ea7u \u0111\u1ecdc NFC \u0111\u1ec3 b\u00e0n ho\u1eb7c \u0111i\u1ec7n tho\u1ea1i di \u0111\u1ed9ng h\u1ed7 tr\u1ee3 NFC. C\u00e1c \u1ee9ng d\u1ee5ng \u0111i\u1ec3n h\u00ecnh bao g\u1ed3m:<\/p>\n<ul data-start=\"2261\" data-end=\"2603\">\n<li data-start=\"2261\" data-end=\"2305\">\n<p data-start=\"2263\" data-end=\"2305\">M\u00e3 th\u00f4ng b\u00e1o \u0111\u0103ng k\u00fd s\u1ef1 ki\u1ec7n v\u00e0 huy hi\u1ec7u kh\u00e1ch tham quan<\/p>\n<\/li>\n<li data-start=\"2306\" data-end=\"2365\">\n<p data-start=\"2308\" data-end=\"2365\">M\u00e3 th\u00f4ng b\u00e1o trung th\u00e0nh v\u00e0 th\u00e0nh vi\u00ean cho c\u00e1c c\u1eeda h\u00e0ng, ph\u00f2ng t\u1eadp th\u1ec3 d\u1ee5c v\u00e0 c\u00e2u l\u1ea1c b\u1ed9<\/p>\n<\/li>\n<li data-start=\"2366\" data-end=\"2432\">\n<p data-start=\"2368\" data-end=\"2432\">C\u00e1c qu\u00e2n c\u1edd tr\u00f2 ch\u01a1i v\u00e0 v\u1eadt ph\u1ea9m s\u01b0u t\u1ea7m c\u00f3 n\u1ed9i dung k\u1ef9 thu\u1eadt s\u1ed1 \u1ea9n<\/p>\n<\/li>\n<li data-start=\"2433\" data-end=\"2474\">\n<p data-start=\"2435\" data-end=\"2474\">Nh\u00e3n h\u00e0ng t\u1ed3n kho v\u00e0 t\u00e0i s\u1ea3n nh\u1eb9<\/p>\n<\/li>\n<li data-start=\"2475\" data-end=\"2538\">\n<p data-start=\"2477\" data-end=\"2538\">\u00c1p ph\u00edch th\u00f4ng minh, th\u1ebb treo s\u1ea3n ph\u1ea9m v\u00e0 \u0111i\u1ec3m ti\u1ebfp th\u1ecb<\/p>\n<\/li>\n<li data-start=\"2539\" data-end=\"2603\">\n<p data-start=\"2541\" data-end=\"2603\">C\u00e1c d\u1ef1 \u00e1n NFC t\u1ef1 l\u00e0m v\u00e0 s\u1edf th\u00edch, c\u00e1c n\u00fat k\u00edch ho\u1ea1t t\u1ef1 \u0111\u1ed9ng h\u00f3a ho\u1eb7c ph\u00edm t\u1eaft<\/p>\n<\/li>\n<\/ul>\n<p data-start=\"2605\" data-end=\"2888\">\u0110\u1ec3 x\u00e2y d\u1ef1ng th\u01b0\u01a1ng hi\u1ec7u v\u00e0 nh\u1eadn di\u1ec7n, b\u1ec1 m\u1eb7t c\u00f3 th\u1ec3 \u0111\u01b0\u1ee3c in logo, v\u0103n b\u1ea3n, s\u1ed1 s\u00ea-ri, m\u00e3 v\u1ea1ch ho\u1eb7c m\u00e3 QR c\u1ee7a b\u1ea1n. M\u00e0u s\u1eafc \u0111a d\u1ea1ng v\u00e0 h\u00ecnh \u1ea3nh minh h\u1ecda \u0111\u01a1n gi\u1ea3n gi\u00fap ph\u00e2n bi\u1ec7t c\u00e1c l\u00f4 h\u00e0ng, nh\u00f3m ng\u01b0\u1eddi d\u00f9ng ho\u1eb7c ch\u1ee9c n\u0103ng (v\u00ed d\u1ee5: m\u00e0u s\u1eafc kh\u00e1c nhau cho c\u00e1c c\u1ea5p \u0111\u1ed9 tr\u00f2 ch\u01a1i ho\u1eb7c khu v\u1ef1c truy c\u1eadp kh\u00e1c nhau).<\/p>\n<p data-start=\"2890\" data-end=\"3163\">V\u1edbi k\u00edch th\u01b0\u1edbc nh\u1ecf g\u1ecdn, b\u1ed9 nh\u1edb 504 byte, kh\u1ea3 n\u0103ng t\u01b0\u01a1ng th\u00edch t\u1ed1t v\u00e0 d\u1ec5 s\u1eed d\u1ee5ng, Th\u1ebb ti\u1ec1n xu NFC NTAG215 l\u00e0 m\u1ed9t \u201cth\u1ebb th\u00f4ng b\u00e1o tr\u1ed1ng\u201d thi\u1ebft th\u1ef1c cho nhi\u1ec1u \u1ee9ng d\u1ee5ng NFC kh\u00e1c nhau m\u00e0 b\u1ea1n mu\u1ed1n t\u1ef1 m\u00ecnh ki\u1ec3m so\u00e1t n\u1ed9i dung v\u00e0 gi\u1eef cho h\u00ecnh th\u1ee9c g\u1ecdn g\u00e0ng v\u00e0 \u0111\u01a1n gi\u1ea3n.<\/p>","protected":false},"excerpt":{"rendered":"<p>Th\u1ebb ti\u1ec1n xu NFC NTAG215 v\u1edbi b\u1ed9 nh\u1edb ng\u01b0\u1eddi d\u00f9ng 504 byte, t\u01b0\u01a1ng th\u00edch v\u1edbi ISO14443A NFC Forum Type 2. Th\u1ebb 13,56 MHz tr\u1ed1ng v\u00e0 c\u00f3 th\u1ec3 ghi l\u1ea1i, c\u00f3 d\u1ea1ng \u0111\u1ed3ng xu nh\u1ecf g\u1ecdn, l\u00fd t\u01b0\u1edfng cho c\u00e1c ch\u01b0\u01a1ng tr\u00ecnh kh\u00e1ch h\u00e0ng th\u00e2n thi\u1ebft, tr\u00f2 ch\u01a1i, \u0111i\u1ec3m check-in, \u00e1p ph\u00edch th\u00f4ng minh v\u00e0 c\u00e1c d\u1ef1 \u00e1n NFC t\u1ef1 l\u00e0m.<\/p>","protected":false},"featured_media":1186,"template":"","meta":{"_gspb_post_css":""},"product_brand":[],"product_cat":[15],"product_tag":[],"class_list":{"0":"post-1185","1":"product","2":"type-product","3":"status-publish","4":"has-post-thumbnail","6":"product_cat-rfid-cards","8":"first","9":"instock","10":"shipping-taxable","11":"purchasable","12":"product-type-simple"},"_links":{"self":[{"href":"https:\/\/www.cxjsmartcard.com\/vi\/wp-json\/wp\/v2\/product\/1185","targetHints":{"allow":["GET"]}}],"collection":[{"href":"https:\/\/www.cxjsmartcard.com\/vi\/wp-json\/wp\/v2\/product"}],"about":[{"href":"https:\/\/www.cxjsmartcard.com\/vi\/wp-json\/wp\/v2\/types\/product"}],"wp:featuredmedia":[{"embeddable":true,"href":"https:\/\/www.cxjsmartcard.com\/vi\/wp-json\/wp\/v2\/media\/1186"}],"wp:attachment":[{"href":"https:\/\/www.cxjsmartcard.com\/vi\/wp-json\/wp\/v2\/media?parent=1185"}],"wp:term":[{"taxonomy":"product_brand","embeddable":true,"href":"https:\/\/www.cxjsmartcard.com\/vi\/wp-json\/wp\/v2\/product_brand?post=1185"},{"taxonomy":"product_cat","embeddable":true,"href":"https:\/\/www.cxjsmartcard.com\/vi\/wp-json\/wp\/v2\/product_cat?post=1185"},{"taxonomy":"product_tag","embeddable":true,"href":"https:\/\/www.cxjsmartcard.com\/vi\/wp-json\/wp\/v2\/product_tag?post=1185"}],"curies":[{"name":"trang web","href":"https:\/\/api.w.org\/{rel}","templated":true}]}}