{"id":1174,"date":"2025-11-24T08:42:34","date_gmt":"2025-11-24T08:42:34","guid":{"rendered":"https:\/\/www.cxjsmartcard.com\/?post_type=product&#038;p=1174"},"modified":"2025-12-29T01:27:06","modified_gmt":"2025-12-29T01:27:06","slug":"fpc-micro-rfid-nfc-tags-stickers","status":"publish","type":"product","link":"https:\/\/www.cxjsmartcard.com\/vi\/fpc-micro-rfid-nfc-tags-stickers\/","title":{"rendered":"Nh\u00e3n d\u00e1n th\u1ebb RFID NFC FPC Micro"},"content":{"rendered":"<p data-start=\"40\" data-end=\"503\">Nh\u00e3n d\u00e1n th\u1ebb RFID NFC FPC micro l\u00e0 nh\u00e3n nh\u1eadn d\u1ea1ng si\u00eau nh\u1ecf, linh ho\u1ea1t, \u0111\u01b0\u1ee3c thi\u1ebft k\u1ebf \u0111\u1ec3 theo d\u00f5i ch\u00ednh x\u00e1c trong kh\u00f4ng gian c\u1ef1c k\u1ef3 h\u1ea1n ch\u1ebf. \u0110\u01b0\u1ee3c ch\u1ebf t\u1ea1o tr\u00ean \u0103ng-ten FPC linh ho\u1ea1t v\u00e0 v\u1eadt li\u1ec7u \u0111\u1ebf nh\u1ecf g\u1ecdn, ch\u00fang l\u00fd t\u01b0\u1edfng cho c\u00e1c \u1ee9ng d\u1ee5ng nh\u01b0 ki\u1ec3m so\u00e1t ra v\u00e0o, qu\u1ea3n l\u00fd t\u00e0i s\u1ea3n, theo d\u00f5i c\u00e1c v\u1eadt ph\u1ea9m nh\u1ecf (v\u00ed d\u1ee5: d\u1ee5ng c\u1ee5 ph\u1eabu thu\u1eadt, d\u01b0\u1ee3c ph\u1ea9m, v\u1eadt t\u01b0 y t\u1ebf), b\u1ea3o v\u1ec7 th\u01b0\u01a1ng hi\u1ec7u cho c\u00e1c s\u1ea3n ph\u1ea9m gi\u00e1 tr\u1ecb cao v\u00e0 th\u1eadm ch\u00ed c\u1ea3 qu\u1ea3n l\u00fd \u0111\u1ed9ng v\u1eadt.<\/p>\n<p data-start=\"505\" data-end=\"950\">Th\u00e2n th\u1ebb k\u1ebft h\u1ee3p \u0103ng-ten FPC v\u1edbi \u0111\u1ebf gi\u1ea5y, PVC ho\u1eb7c PET, t\u1ea1o n\u00ean c\u1ea5u tr\u00fac m\u1ecfng, d\u1ec5 u\u1ed1n cong, d\u1ec5 d\u00e0ng t\u00edch h\u1ee3p v\u00e0o kh\u00f4ng gian ch\u1eadt h\u1eb9p ho\u1eb7c b\u1ec1 m\u1eb7t cong. K\u00edch th\u01b0\u1edbc ti\u00eau chu\u1ea9n bao g\u1ed3m \u0111\u01b0\u1eddng k\u00ednh tr\u00f2n 5 mm, 7 mm, 8 mm, 9 mm, 10 mm v\u00e0 15 mm, c\u0169ng nh\u01b0 c\u00e1c k\u00edch th\u01b0\u1edbc h\u00ecnh ch\u1eef nh\u1eadt ph\u1ed5 bi\u1ebfn nh\u01b0 8 x 8 mm, 10 x 10 mm, 4 x 12 mm, 6 x 16 mm, 15 x 15 mm v\u00e0 9 x 46 mm. H\u00ecnh d\u1ea1ng v\u00e0 k\u00edch th\u01b0\u1edbc t\u00f9y ch\u1ec9nh c\u00f3 th\u1ec3 \u0111\u01b0\u1ee3c s\u1ea3n xu\u1ea5t theo y\u00eau c\u1ea7u c\u1ee5 th\u1ec3 c\u1ee7a d\u1ef1 \u00e1n.<\/p>\n<p data-start=\"952\" data-end=\"1487\">M\u1eb7c d\u00f9 chi\u1ebfm di\u1ec7n t\u00edch nh\u1ecf, nh\u1eefng th\u1ebb si\u00eau nh\u1ecf n\u00e0y v\u1eabn mang l\u1ea1i hi\u1ec7u su\u1ea5t \u1ed5n \u0111\u1ecbnh. Thi\u1ebft k\u1ebf \u0103ng-ten hai l\u1edbp \u0111\u1ed3ng h\u1ed7 tr\u1ee3 kho\u1ea3ng c\u00e1ch \u0111\u1ecdc th\u00f4ng th\u01b0\u1eddng kho\u1ea3ng 1\u201310 cm (t\u00f9y thu\u1ed9c v\u00e0o chip, \u0111\u1ea7u \u0111\u1ecdc v\u00e0 m\u00f4i tr\u01b0\u1eddng), mang l\u1ea1i kh\u1ea3 n\u0103ng nh\u1eadn d\u1ea1ng t\u1ea7m ng\u1eafn \u0111\u00e1ng tin c\u1eady, \u0111\u1eb7c bi\u1ec7t l\u00e0 trong nh\u1eefng tr\u01b0\u1eddng h\u1ee3p v\u00f9ng \u0111\u1ecdc \u0111\u01b0\u1ee3c ki\u1ec3m so\u00e1t quan tr\u1ecdng. C\u1ea5u tr\u00fac PET t\u0103ng c\u01b0\u1eddng kh\u1ea3 n\u0103ng ch\u1ed1ng th\u1ea5m n\u01b0\u1edbc, kh\u00e1ng h\u00f3a ch\u1ea5t v\u00e0 ch\u1ecbu nhi\u1ec7t, gi\u00fap th\u1ebb ph\u00f9 h\u1ee3p v\u1edbi m\u00f4i tr\u01b0\u1eddng y t\u1ebf, ph\u00f2ng th\u00ed nghi\u1ec7m v\u00e0 c\u00f4ng nghi\u1ec7p, n\u01a1i th\u01b0\u1eddng xuy\u00ean ph\u1ea3i v\u1ec7 sinh, kh\u1eed tr\u00f9ng ho\u1eb7c \u0111i\u1ec1u ki\u1ec7n kh\u1eafc nghi\u1ec7t.<\/p>\n<p data-start=\"1489\" data-end=\"1990\">\u0110\u1ec3 h\u1ed7 tr\u1ee3 nhi\u1ec1u h\u1ec7 th\u1ed1ng, th\u1ebb c\u00f3 s\u1eb5n v\u1edbi nhi\u1ec1u m\u1ea1ch t\u00edch h\u1ee3p v\u00e0 giao th\u1ee9c t\u1ea7n s\u1ed1 cao. C\u00e1c t\u00f9y ch\u1ecdn bao g\u1ed3m MIFARE Classic\u00ae, MIFARE Plus\u00ae, MIFARE DESFire\u00ae, NTAG\u00ae 203\/213\/215\/216 (NFC Forum Type 2), d\u00f2ng MIFARE Ultralight\u00ae v\u00e0 chip ICODE\u00ae SLIX tu\u00e2n th\u1ee7 c\u00e1c ti\u00eau chu\u1ea9n ISO\/IEC 14443A, ISO 15693 v\u00e0 ISO 18000-3. \u0110i\u1ec1u n\u00e0y \u0111\u1ea3m b\u1ea3o kh\u1ea3 n\u0103ng t\u01b0\u01a1ng th\u00edch v\u1edbi c\u00e1c \u0111\u1ea7u \u0111\u1ecdc HF ph\u1ed5 bi\u1ebfn, m\u00e1y qu\u00e9t c\u00f4ng nghi\u1ec7p v\u00e0 \u0111i\u1ec7n tho\u1ea1i th\u00f4ng minh h\u1ed7 tr\u1ee3 NFC (d\u00e0nh cho chip lo\u1ea1i NTAG v\u00e0 MIFARE Ultralight).<\/p>\n<p data-start=\"1992\" data-end=\"2397\">Thi\u1ebft k\u1ebf c\u00f3 th\u1ec3 \u0111\u01b0\u1ee3c cung c\u1ea5p d\u01b0\u1edbi d\u1ea1ng mi\u1ebfng d\u00e1n \u01b0\u1edbt \u0111\u1ec3 nh\u00fang ho\u1eb7c d\u01b0\u1edbi d\u1ea1ng nh\u00e3n d\u00e1n ho\u00e0n thi\u1ec7n v\u1edbi logo, \u0111\u1ed3 h\u1ecda ho\u1eb7c m\u00e3 in t\u00f9y ch\u1ec9nh. C\u00e1c t\u00f9y ch\u1ecdn bao g\u1ed3m s\u1ed1 s\u00ea-ri, m\u00e3 v\u1ea1ch, m\u00e3 QR ho\u1eb7c c\u00e1c y\u1ebfu t\u1ed1 th\u01b0\u01a1ng hi\u1ec7u \u0111\u1ec3 h\u1ed7 tr\u1ee3 truy xu\u1ea5t ngu\u1ed3n g\u1ed1c v\u00e0 ch\u1ed1ng h\u00e0ng gi\u1ea3. C\u1ea5u h\u00ecnh ch\u1ed1ng kim lo\u1ea1i c\u0169ng c\u00f3 s\u1eb5n, cho ph\u00e9p c\u00e1c th\u1ebb si\u00eau nh\u1ecf ho\u1ea1t \u0111\u1ed9ng \u0111\u00e1ng tin c\u1eady tr\u00ean c\u00e1c d\u1ee5ng c\u1ee5 ho\u1eb7c thi\u1ebft b\u1ecb kim lo\u1ea1i m\u00e0 kh\u00f4ng l\u00e0m gi\u1ea3m \u0111\u00e1ng k\u1ec3 hi\u1ec7u su\u1ea5t.<\/p>\n<p data-start=\"2399\" data-end=\"2643\">M\u1ed7i th\u1ebb h\u1ed7 tr\u1ee3 h\u01a1n 100.000 chu k\u1ef3 \u0111\u1ecdc\/ghi, mang l\u1ea1i kh\u1ea3 n\u0103ng ho\u1ea1t \u0111\u1ed9ng \u1ed5n \u0111\u1ecbnh, l\u00e2u d\u00e0i trong su\u1ed1t v\u00f2ng \u0111\u1eddi s\u1eed d\u1ee5ng. Thi\u1ebft k\u1ebf HF th\u1ee5 \u0111\u1ed9ng kh\u00f4ng c\u1ea7n pin, gi\u1ea3m thi\u1ec3u b\u1ea3o tr\u00ec v\u00e0 cho ph\u00e9p g\u1eafn c\u1ed1 \u0111\u1ecbnh ho\u1eb7c b\u00e1n c\u1ed1 \u0111\u1ecbnh v\u00e0o v\u1eadt th\u1ec3.<\/p>\n<p data-start=\"2645\" data-end=\"2663\"><strong data-start=\"2645\" data-end=\"2661\">C\u00e1c t\u00ednh n\u0103ng ch\u00ednh<\/strong><\/p>\n<ul data-start=\"2664\" data-end=\"3335\">\n<li data-start=\"2664\" data-end=\"2748\">\n<p data-start=\"2666\" data-end=\"2748\">K\u00edch th\u01b0\u1edbc si\u00eau nh\u1ecf, b\u1eaft \u0111\u1ea7u t\u1eeb \u0111\u01b0\u1eddng k\u00ednh 5 mm v\u00e0 k\u00edch th\u01b0\u1edbc h\u00ecnh ch\u1eef nh\u1eadt nh\u1ecf g\u1ecdn<\/p>\n<\/li>\n<li data-start=\"2749\" data-end=\"2818\">\n<p data-start=\"2751\" data-end=\"2818\">\u0102ng-ten FPC linh ho\u1ea1t v\u1edbi \u0111\u1ebf gi\u1ea5y\/PVC\/PET \u0111\u1ec3 d\u1ec5 d\u00e0ng t\u00edch h\u1ee3p<\/p>\n<\/li>\n<li data-start=\"2819\" data-end=\"2926\">\n<p data-start=\"2821\" data-end=\"2926\">C\u1ea5u tr\u00fac \u0103ng-ten \u0111\u1ed3ng \u0111\u00f4i cho kh\u1ea3 n\u0103ng \u0111\u1ecdc \u1ed5n \u0111\u1ecbnh \u1edf t\u1ea7m ng\u1eafn (kho\u1ea3ng 1\u201310 cm, t\u00f9y thu\u1ed9c v\u00e0o \u1ee9ng d\u1ee5ng)<\/p>\n<\/li>\n<li data-start=\"2927\" data-end=\"3011\">\n<p data-start=\"2929\" data-end=\"3011\">L\u1edbp PET c\u00f3 kh\u1ea3 n\u0103ng ch\u1ed1ng th\u1ea5m n\u01b0\u1edbc, ch\u1ed1ng h\u00f3a ch\u1ea5t v\u00e0 ch\u1ecbu nhi\u1ec7t<\/p>\n<\/li>\n<li data-start=\"3012\" data-end=\"3085\">\n<p data-start=\"3014\" data-end=\"3085\">C\u1ea5u tr\u00fac ch\u1ed1ng kim lo\u1ea1i t\u00f9y ch\u1ecdn \u0111\u1ec3 s\u1eed d\u1ee5ng tr\u00ean c\u00e1c c\u00f4ng c\u1ee5 v\u00e0 thi\u1ebft b\u1ecb b\u1eb1ng kim lo\u1ea1i<\/p>\n<\/li>\n<li data-start=\"3086\" data-end=\"3160\">\n<p data-start=\"3088\" data-end=\"3160\">\u0110\u1ecbnh d\u1ea1ng kh\u1ea3m \u01b0\u1edbt ho\u1eb7c nh\u00e3n d\u00e1n ho\u00e0n thi\u1ec7n c\u00f3 in logo ho\u1eb7c m\u00e3 t\u00f9y ch\u1ec9nh<\/p>\n<\/li>\n<li data-start=\"3161\" data-end=\"3294\">\n<p data-start=\"3163\" data-end=\"3294\">C\u00e1c t\u00f9y ch\u1ecdn chip t\u1ea7n s\u1ed1 cao: MIFARE Classic\u00ae, MIFARE Plus\u00ae, MIFARE DESFire\u00ae, d\u00f2ng NTAG\u00ae, MIFARE Ultralight\u00ae, h\u1ecd ICODE\u00ae SLIX<\/p>\n<\/li>\n<li data-start=\"3295\" data-end=\"3335\">\n<p data-start=\"3297\" data-end=\"3335\">\u0110\u1ed9 b\u1ec1n \u0111\u1ecdc\/ghi &gt;100.000 chu k\u1ef3<\/p>\n<\/li>\n<\/ul>\n<p data-start=\"3337\" data-end=\"3363\"><strong data-start=\"3337\" data-end=\"3361\">\u1ee8ng d\u1ee5ng \u0111i\u1ec3n h\u00ecnh<\/strong><\/p>\n<ul data-start=\"3364\" data-end=\"4091\">\n<li data-start=\"3364\" data-end=\"3494\">\n<p data-start=\"3366\" data-end=\"3494\"><strong data-start=\"3366\" data-end=\"3392\">Y t\u1ebf v\u00e0 ch\u0103m s\u00f3c s\u1ee9c kh\u1ecfe<\/strong>: Theo d\u00f5i d\u1ee5ng c\u1ee5 ph\u1eabu thu\u1eadt, d\u1ee5ng c\u1ee5 y t\u1ebf t\u00e1i s\u1eed d\u1ee5ng, d\u01b0\u1ee3c ph\u1ea9m v\u00e0 thi\u1ebft b\u1ecb c\u00f3 th\u1ec3 ti\u1ec7t tr\u00f9ng.<\/p>\n<\/li>\n<li data-start=\"3495\" data-end=\"3628\">\n<p data-start=\"3497\" data-end=\"3628\"><strong data-start=\"3497\" data-end=\"3526\">C\u00f4ng nghi\u1ec7p v\u00e0 ph\u00f2ng th\u00ed nghi\u1ec7m<\/strong>: Nh\u1eadn d\u1ea1ng c\u00e1c th\u00e0nh ph\u1ea7n nh\u1ecf, \u0111\u1ed3 \u0111\u1ea1c, m\u1eabu v\u00e0 h\u1ed9p \u0111\u1ef1ng ti\u1ebfp x\u00fac v\u1edbi h\u00f3a ch\u1ea5t ho\u1eb7c nhi\u1ec7t.<\/p>\n<\/li>\n<li data-start=\"3629\" data-end=\"3740\">\n<p data-start=\"3631\" data-end=\"3740\"><strong data-start=\"3631\" data-end=\"3651\">Qu\u1ea3n l\u00fd t\u00e0i s\u1ea3n<\/strong>: Theo d\u00f5i ch\u00ednh x\u00e1c c\u00e1c t\u00e0i s\u1ea3n ho\u1eb7c c\u00f4ng c\u1ee5 nh\u1ecf g\u1ecdn, c\u00f3 gi\u00e1 tr\u1ecb m\u00e0 nh\u00e3n th\u00f4ng th\u01b0\u1eddng kh\u00f4ng th\u1ec3 ghim v\u00e0o.<\/p>\n<\/li>\n<li data-start=\"3741\" data-end=\"3852\">\n<p data-start=\"3743\" data-end=\"3852\"><strong data-start=\"3743\" data-end=\"3763\">B\u1ea3o v\u1ec7 th\u01b0\u01a1ng hi\u1ec7u<\/strong>: G\u1eafn nh\u00e3n v\u00f4 h\u00ecnh ho\u1eb7c k\u00edn \u0111\u00e1o cho c\u00e1c s\u1ea3n ph\u1ea9m nh\u1ecf, c\u00f3 gi\u00e1 tr\u1ecb cao \u0111\u1ec3 ch\u1ed1ng h\u00e0ng gi\u1ea3.<\/p>\n<\/li>\n<li data-start=\"3853\" data-end=\"3961\">\n<p data-start=\"3855\" data-end=\"3961\"><strong data-start=\"3855\" data-end=\"3876\">Qu\u1ea3n l\u00fd \u0111\u1ed9ng v\u1eadt<\/strong>: V\u00f2ng c\u1ed5 g\u1eafn th\u1ebb ho\u1eb7c thi\u1ebft b\u1ecb nh\u1ecf d\u00e0nh cho \u0111\u1ed9ng v\u1eadt khi k\u00edch th\u01b0\u1edbc v\u00e0 s\u1ef1 tho\u1ea3i m\u00e1i l\u00e0 y\u1ebfu t\u1ed1 quan tr\u1ecdng.<\/p>\n<\/li>\n<li data-start=\"3962\" data-end=\"4091\">\n<p data-start=\"3964\" data-end=\"4091\"><strong data-start=\"3964\" data-end=\"4016\">Ki\u1ec3m so\u00e1t truy c\u1eadp v\u00e0 th\u00f4ng tin x\u00e1c th\u1ef1c d\u1ea1ng nh\u1ecf<\/strong>: T\u00edch h\u1ee3p v\u00e0o huy hi\u1ec7u thu nh\u1ecf, m\u00f3c ch\u00eca kh\u00f3a ho\u1eb7c thi\u1ebft b\u1ecb truy c\u1eadp nh\u00fang.<\/p>\n<\/li>\n<\/ul>\n<p data-start=\"4093\" data-end=\"4119\"><strong data-start=\"4093\" data-end=\"4117\">L\u1ee3i \u00edch t\u1ed5ng quan<\/strong><\/p>\n<ul data-start=\"4120\" data-end=\"4486\">\n<li data-start=\"4120\" data-end=\"4191\">\n<p data-start=\"4122\" data-end=\"4191\">Cho ph\u00e9p theo d\u00f5i c\u1ea5p \u0111\u1ed9 m\u1ee5c ngay c\u1ea3 tr\u00ean c\u00e1c \u0111\u1ed1i t\u01b0\u1ee3ng r\u1ea5t nh\u1ecf ho\u1eb7c kh\u00f4ng \u0111\u1ec1u<\/p>\n<\/li>\n<li data-start=\"4192\" data-end=\"4269\">\n<p data-start=\"4194\" data-end=\"4269\">Duy tr\u00ec hi\u1ec7u su\u1ea5t \u0111\u00e1ng tin c\u1eady khi ti\u1ebfp x\u00fac v\u1edbi \u0111\u1ed9 \u1ea9m, nhi\u1ec7t \u0111\u1ed9 v\u00e0 h\u00f3a ch\u1ea5t<\/p>\n<\/li>\n<li data-start=\"4270\" data-end=\"4327\">\n<p data-start=\"4272\" data-end=\"4327\">C\u00f3 th\u1ec3 \u0111\u01b0\u1ee3c c\u1ea5u h\u00ecnh cho m\u00f4i tr\u01b0\u1eddng kim lo\u1ea1i ho\u1eb7c phi kim lo\u1ea1i<\/p>\n<\/li>\n<li data-start=\"4328\" data-end=\"4402\">\n<p data-start=\"4330\" data-end=\"4402\">T\u01b0\u01a1ng th\u00edch v\u1edbi h\u1ec7 sinh th\u00e1i r\u1ed9ng l\u1edbn c\u1ee7a \u0111\u1ea7u \u0111\u1ecdc HF\/NFC v\u00e0 thi\u1ebft b\u1ecb di \u0111\u1ed9ng<\/p>\n<\/li>\n<li data-start=\"4403\" data-end=\"4486\">\n<p data-start=\"4405\" data-end=\"4486\">B\u1ed1 c\u1ee5c, k\u00edch th\u01b0\u1edbc, h\u00ecnh d\u1ea1ng v\u00e0 in \u1ea5n c\u00f3 th\u1ec3 t\u00f9y ch\u1ec9nh cao cho nhu c\u1ea7u c\u1ee5 th\u1ec3 c\u1ee7a d\u1ef1 \u00e1n<\/p>\n<\/li>\n<\/ul>","protected":false},"excerpt":{"rendered":"<p>Nh\u00e3n d\u00e1n th\u1ebb RFID NFC FPC micro l\u00e0 nh\u00e3n HF si\u00eau nh\u1ecf, linh ho\u1ea1t, gi\u00fap theo d\u00f5i ch\u00ednh x\u00e1c c\u00e1c v\u1eadt d\u1ee5ng nh\u1ecf v\u00e0 t\u00e0i s\u1ea3n c\u00f3 gi\u00e1 tr\u1ecb cao. C\u00f3 s\u1eb5n nhi\u1ec1u k\u00edch c\u1ee1 micro, t\u00f9y ch\u1ecdn chip v\u00e0 h\u00ecnh d\u1ea1ng t\u00f9y ch\u1ec9nh, nh\u00e3n d\u00e1n n\u00e0y c\u00f3 kh\u1ea3 n\u0103ng ch\u1ed1ng n\u01b0\u1edbc, ch\u1ecbu nhi\u1ec7t v\u00e0 h\u00f3a ch\u1ea5t, v\u1edbi c\u1ea5u tr\u00fac ch\u1ed1ng kim lo\u1ea1i t\u00f9y ch\u1ecdn v\u00e0 in logo ho\u1eb7c m\u00e3 t\u00f9y ch\u1ec9nh.<\/p>","protected":false},"featured_media":1175,"template":"","meta":{"_gspb_post_css":""},"product_brand":[],"product_cat":[29],"product_tag":[],"class_list":{"0":"post-1174","1":"product","2":"type-product","3":"status-publish","4":"has-post-thumbnail","6":"product_cat-nfc-tags","8":"first","9":"instock","10":"shipping-taxable","11":"purchasable","12":"product-type-simple"},"_links":{"self":[{"href":"https:\/\/www.cxjsmartcard.com\/vi\/wp-json\/wp\/v2\/product\/1174","targetHints":{"allow":["GET"]}}],"collection":[{"href":"https:\/\/www.cxjsmartcard.com\/vi\/wp-json\/wp\/v2\/product"}],"about":[{"href":"https:\/\/www.cxjsmartcard.com\/vi\/wp-json\/wp\/v2\/types\/product"}],"wp:featuredmedia":[{"embeddable":true,"href":"https:\/\/www.cxjsmartcard.com\/vi\/wp-json\/wp\/v2\/media\/1175"}],"wp:attachment":[{"href":"https:\/\/www.cxjsmartcard.com\/vi\/wp-json\/wp\/v2\/media?parent=1174"}],"wp:term":[{"taxonomy":"product_brand","embeddable":true,"href":"https:\/\/www.cxjsmartcard.com\/vi\/wp-json\/wp\/v2\/product_brand?post=1174"},{"taxonomy":"product_cat","embeddable":true,"href":"https:\/\/www.cxjsmartcard.com\/vi\/wp-json\/wp\/v2\/product_cat?post=1174"},{"taxonomy":"product_tag","embeddable":true,"href":"https:\/\/www.cxjsmartcard.com\/vi\/wp-json\/wp\/v2\/product_tag?post=1174"}],"curies":[{"name":"trang web","href":"https:\/\/api.w.org\/{rel}","templated":true}]}}