{"id":1168,"date":"2025-11-24T08:39:53","date_gmt":"2025-11-24T08:39:53","guid":{"rendered":"https:\/\/www.cxjsmartcard.com\/?post_type=product&#038;p=1168"},"modified":"2025-12-29T01:27:06","modified_gmt":"2025-12-29T01:27:06","slug":"custom-logo-nfc-rfid-epoxy-key-tag","status":"publish","type":"product","link":"https:\/\/www.cxjsmartcard.com\/vi\/custom-logo-nfc-rfid-epoxy-key-tag\/","title":{"rendered":"Th\u1ebb ch\u00eca kh\u00f3a NFC RFID Epoxy c\u00f3 logo t\u00f9y ch\u1ec9nh"},"content":{"rendered":"<p data-start=\"40\" data-end=\"448\">Th\u1ebb ch\u00eca kh\u00f3a NFC RFID Epoxy in logo t\u00f9y ch\u1ec9nh l\u00e0 m\u1ed9t m\u00f3c kh\u00f3a th\u00f4ng minh nh\u1ecf g\u1ecdn, th\u1eddi trang, k\u1ebft h\u1ee3p \u0111\u1ed9 b\u1ec1n, th\u01b0\u01a1ng hi\u1ec7u v\u00e0 c\u00f4ng ngh\u1ec7 NFC\/RFID \u0111a ch\u1ee9c n\u0103ng trong m\u1ed9t s\u1ea3n ph\u1ea9m. S\u1ea3n ph\u1ea9m l\u00fd t\u01b0\u1edfng cho vi\u1ec7c ki\u1ec3m so\u00e1t ra v\u00e0o, qu\u1ea3n l\u00fd \u0111i\u1ec3m danh, b\u00e1n v\u00e9, v\u1eadn chuy\u1ec3n, thanh to\u00e1n kh\u00f4ng d\u00f9ng ti\u1ec1n m\u1eb7t v\u00e0 x\u00e1c th\u1ef1c s\u1ea3n ph\u1ea9m, \u0111\u1ed3ng th\u1eddi mang \u0111\u1ebfn v\u1ebb ngo\u00e0i cao c\u1ea5p, n\u00e2ng cao ni\u1ec1m tin c\u1ee7a ng\u01b0\u1eddi d\u00f9ng v\u00e0 h\u00ecnh \u1ea3nh th\u01b0\u01a1ng hi\u1ec7u c\u1ee7a b\u1ea1n.<\/p>\n<p data-start=\"450\" data-end=\"753\">Th\u1ebb s\u1eed d\u1ee5ng \u0111\u1ebf PVC v\u1edbi b\u1ec1 m\u1eb7t nh\u1ef1a epoxy m\u1ecbn, mang l\u1ea1i kh\u1ea3 n\u0103ng ch\u1ed1ng n\u01b0\u1edbc, ch\u1ed1ng \u1ea9m, ch\u1ed1ng va \u0111\u1eadp, ch\u1ed1ng \u0103n m\u00f2n v\u00e0 ch\u1ed1ng hao m\u00f2n h\u00e0ng ng\u00e0y tuy\u1ec7t v\u1eddi. C\u1ea5u tr\u00fac ch\u1eafc ch\u1eafn n\u00e0y gi\u00fap th\u1ebb ph\u00f9 h\u1ee3p \u0111\u1ec3 s\u1eed d\u1ee5ng l\u00e2u d\u00e0i tr\u00ean m\u00f3c kh\u00f3a, t\u00fai x\u00e1ch ho\u1eb7c d\u00e2y \u0111eo m\u00e0 kh\u00f4ng b\u1ecb phai m\u00e0u hay n\u1ee9t v\u1ee1, ngay c\u1ea3 trong m\u00f4i tr\u01b0\u1eddng \u0111\u00f4ng \u0111\u00fac ho\u1eb7c ngo\u00e0i tr\u1eddi.<\/p>\n<p data-start=\"755\" data-end=\"1115\">Thi\u1ebft k\u1ebf v\u00e0 h\u00ecnh th\u1ee9c c\u00f3 th\u1ec3 t\u00f9y ch\u1ec9nh cao. B\u1ea1n c\u00f3 th\u1ec3 ch\u1ecdn h\u00ecnh tr\u00f2n, h\u00ecnh ch\u1eef nh\u1eadt ho\u1eb7c h\u00ecnh d\u1ea1ng \u0111\u1eb7c bi\u1ec7t, x\u00e1c \u0111\u1ecbnh k\u00edch th\u01b0\u1edbc v\u00e0 \u0111\u1ed9 d\u00e0y, v\u00e0 l\u1ef1a ch\u1ecdn c\u00e1c lo\u1ea1i ho\u00e0n thi\u1ec7n b\u00f3ng, m\u1edd, laser ho\u1eb7c t\u00f9y ch\u1ec9nh kh\u00e1c. Logo, m\u00e3 QR, m\u00e3 v\u1ea1ch, s\u1ed1 s\u00ea-ri, h\u1ecda ti\u1ebft v\u00e0 c\u00e1c y\u1ebfu t\u1ed1 th\u01b0\u01a1ng hi\u1ec7u \u0111\u1ea7y \u0111\u1ee7 m\u00e0u s\u1eafc c\u00f3 th\u1ec3 \u0111\u01b0\u1ee3c in tr\u00ean b\u1ec1 m\u1eb7t \u0111\u1ec3 ph\u00f9 h\u1ee3p v\u1edbi nh\u1eadn di\u1ec7n th\u01b0\u01a1ng hi\u1ec7u ho\u1eb7c thi\u1ebft k\u1ebf chi\u1ebfn d\u1ecbch c\u1ee7a b\u1ea1n.<\/p>\n<p data-start=\"1117\" data-end=\"1551\">Th\u1ebb ch\u00eca kh\u00f3a epoxy h\u1ed7 tr\u1ee3 nhi\u1ec1u lo\u1ea1i chip NFC\/RFID v\u00e0 t\u1ea7n s\u1ed1, bao g\u1ed3m HF 13,56 MHz (NTAG213\/215\/216, F08, S50, S70, FM11RF08, v.v.), c\u0169ng nh\u01b0 c\u00e1c t\u00f9y ch\u1ecdn LF 125 kHz v\u00e0 UHF 860\u2013960 MHz theo y\u00eau c\u1ea7u. S\u1ea3n ph\u1ea9m tu\u00e2n th\u1ee7 c\u00e1c ti\u00eau chu\u1ea9n chung nh\u01b0 ISO\/IEC 14443, ISO\/IEC 15693 v\u00e0 ISO\/IEC 18000, \u0111\u1ea3m b\u1ea3o kh\u1ea3 n\u0103ng t\u01b0\u01a1ng th\u00edch v\u1edbi c\u00e1c \u0111\u1ea7u \u0111\u1ecdc th\u1ebb th\u00f4ng d\u1ee5ng, h\u1ec7 th\u1ed1ng ki\u1ec3m so\u00e1t c\u1eeda ra v\u00e0o, thi\u1ebft b\u1ecb ch\u1ea5m c\u00f4ng, m\u00e1y x\u00e1c th\u1ef1c v\u00e9 v\u00e0 thi\u1ebft b\u1ecb thanh to\u00e1n.<\/p>\n<p data-start=\"1553\" data-end=\"1941\">V\u1edbi kho\u1ea3ng c\u00e1ch \u0111\u1ecdc th\u00f4ng th\u01b0\u1eddng kho\u1ea3ng 2\u201310 cm (t\u00f9y thu\u1ed9c v\u00e0o \u0111\u1ea7u \u0111\u1ecdc v\u00e0 m\u00f4i tr\u01b0\u1eddng) v\u00e0 t\u1ed1c \u0111\u1ed9 \u0111\u1ecdc\/ghi kh\u00f4ng ti\u1ebfp x\u00fac kho\u1ea3ng 1 ms, ng\u01b0\u1eddi d\u00f9ng c\u00f3 th\u1ec3 t\u1eadn h\u01b0\u1edfng tr\u1ea3i nghi\u1ec7m ch\u1ea1m m\u01b0\u1ee3t m\u00e0, nhanh ch\u00f3ng trong c\u00e1c t\u00ecnh hu\u1ed1ng h\u00e0ng ng\u00e0y nh\u01b0 m\u1edf c\u1eeda, ch\u1ea5m c\u00f4ng, l\u00ean xe bu\u00fdt ho\u1eb7c x\u00e1c minh t\u00ednh x\u00e1c th\u1ef1c c\u1ee7a s\u1ea3n ph\u1ea9m. Th\u1ebb ho\u00e0n to\u00e0n th\u1ee5 \u0111\u1ed9ng v\u00e0 kh\u00f4ng c\u1ea7n pin, gi\u00fap gi\u1ea3m thi\u1ec3u b\u1ea3o tr\u00ec v\u00e0 c\u1ea3i thi\u1ec7n \u0111\u1ed9 tin c\u1eady.<\/p>\n<p data-start=\"1943\" data-end=\"2296\">\u0110\u01b0\u1ee3c thi\u1ebft k\u1ebf \u0111\u1ec3 \u0111\u1ea3m b\u1ea3o \u0111\u1ed9 b\u1ec1n, chip h\u1ed7 tr\u1ee3 h\u01a1n 100.000 chu k\u1ef3 \u0111\u1ecdc\/ghi v\u00e0 tu\u1ed5i th\u1ecd h\u01a1n 10 n\u0103m. Nhi\u1ec7t \u0111\u1ed9 ho\u1ea1t \u0111\u1ed9ng t\u1eeb -20\u2103 \u0111\u1ebfn +55\u2103 cho ph\u00e9p th\u1ebb \u0111\u01b0\u1ee3c s\u1eed d\u1ee5ng trong c\u1ea3 \u0111i\u1ec1u ki\u1ec7n trong nh\u00e0 v\u00e0 ngo\u00e0i tr\u1eddi v\u1eeba ph\u1ea3i nh\u01b0 v\u0103n ph\u00f2ng, nh\u00e0 m\u00e1y, kh\u00e1ch s\u1ea1n, tr\u01b0\u1eddng h\u1ecdc, m\u1ea1ng l\u01b0\u1edbi giao th\u00f4ng c\u00f4ng c\u1ed9ng, b\u00e3i \u0111\u1eadu xe, khu ngh\u1ec9 d\u01b0\u1ee1ng tr\u01b0\u1ee3t tuy\u1ebft v\u00e0 c\u00e1c c\u01a1 s\u1edf \u0111\u00f4 th\u1ecb.<\/p>\n<p data-start=\"2298\" data-end=\"2316\"><strong data-start=\"2298\" data-end=\"2314\">C\u00e1c t\u00ednh n\u0103ng ch\u00ednh<\/strong><\/p>\n<ul data-start=\"2317\" data-end=\"2823\">\n<li data-start=\"2317\" data-end=\"2390\">\n<p data-start=\"2319\" data-end=\"2390\">B\u1ec1 m\u1eb7t epoxy ch\u1ed1ng th\u1ea5m n\u01b0\u1edbc v\u00e0 ch\u1ed1ng va \u0111\u1eadp \u0111\u1ec3 s\u1eed d\u1ee5ng h\u00e0ng ng\u00e0y l\u00e2u d\u00e0i<\/p>\n<\/li>\n<li data-start=\"2391\" data-end=\"2474\">\n<p data-start=\"2393\" data-end=\"2474\">Giao di\u1ec7n c\u00f3 th\u1ec3 t\u00f9y ch\u1ec9nh ho\u00e0n to\u00e0n: logo, m\u00e0u s\u1eafc, h\u00ecnh d\u1ea1ng, \u0111\u1ed9 d\u00e0y v\u00e0 b\u1ec1 m\u1eb7t ho\u00e0n thi\u1ec7n<\/p>\n<\/li>\n<li data-start=\"2475\" data-end=\"2564\">\n<p data-start=\"2477\" data-end=\"2564\">H\u1ed7 tr\u1ee3 nhi\u1ec1u chip v\u00e0 t\u1ea7n s\u1ed1 (HF\/LF\/UHF) cho c\u00e1c y\u00eau c\u1ea7u h\u1ec7 th\u1ed1ng kh\u00e1c nhau<\/p>\n<\/li>\n<li data-start=\"2565\" data-end=\"2625\">\n<p data-start=\"2567\" data-end=\"2625\">Kh\u1ea3 n\u0103ng t\u01b0\u01a1ng th\u00edch giao th\u1ee9c r\u1ed9ng: ISO\/IEC 14443, 15693, 18000<\/p>\n<\/li>\n<li data-start=\"2626\" data-end=\"2691\">\n<p data-start=\"2628\" data-end=\"2691\">Qu\u00e9t nhanh, kh\u00f4ng ti\u1ebfp x\u00fac v\u1edbi t\u1ed1c \u0111\u1ed9 \u0111\u1ecdc\/ghi kho\u1ea3ng 1 ms<\/p>\n<\/li>\n<li data-start=\"2692\" data-end=\"2765\">\n<p data-start=\"2694\" data-end=\"2765\">H\u01a1n 100.000 chu k\u1ef3 \u0111\u1ecdc\/ghi v\u00e0 tu\u1ed5i th\u1ecd h\u01a1n 10 n\u0103m<\/p>\n<\/li>\n<li data-start=\"2766\" data-end=\"2823\">\n<p data-start=\"2768\" data-end=\"2823\">Thi\u1ebft k\u1ebf th\u1ee5 \u0111\u1ed9ng kh\u00f4ng c\u1ea7n ngu\u1ed3n \u0111i\u1ec7n b\u00ean ngo\u00e0i<\/p>\n<\/li>\n<\/ul>\n<p data-start=\"2825\" data-end=\"2853\"><strong data-start=\"2825\" data-end=\"2851\">Th\u00f4ng s\u1ed1 k\u1ef9 thu\u1eadt s\u1ea3n ph\u1ea9m<\/strong><\/p>\n<ul data-start=\"2854\" data-end=\"3796\">\n<li data-start=\"2854\" data-end=\"2928\">\n<p data-start=\"2856\" data-end=\"2928\">T\u00ean s\u1ea3n ph\u1ea9m: Th\u1ebb ch\u00eca kh\u00f3a Epoxy NFC \/ Th\u1ebb NFC Epoxy \/ Th\u1ebb ki\u1ec3m so\u00e1t ra v\u00e0o<\/p>\n<\/li>\n<li data-start=\"2929\" data-end=\"2989\">\n<p data-start=\"2931\" data-end=\"2989\">V\u1eadt li\u1ec7u: \u0110\u1ebf PVC + b\u1ec1 m\u1eb7t nh\u1ef1a epoxy (c\u00f3 th\u1ec3 t\u00f9y ch\u1ec9nh)<\/p>\n<\/li>\n<li data-start=\"2990\" data-end=\"3053\">\n<p data-start=\"2992\" data-end=\"3053\">K\u00edch th\u01b0\u1edbc &amp; h\u00ecnh d\u1ea1ng: Tr\u00f2n, h\u00ecnh ch\u1eef nh\u1eadt ho\u1eb7c h\u00ecnh d\u1ea1ng t\u00f9y ch\u1ec9nh theo y\u00eau c\u1ea7u<\/p>\n<\/li>\n<li data-start=\"3054\" data-end=\"3119\">\n<p data-start=\"3056\" data-end=\"3119\">Hi\u1ec7u \u1ee9ng b\u1ec1 m\u1eb7t: B\u00f3ng, m\u1edd, laser ho\u1eb7c c\u00e1c lo\u1ea1i ho\u00e0n thi\u1ec7n t\u00f9y ch\u1ec9nh kh\u00e1c<\/p>\n<\/li>\n<li data-start=\"3120\" data-end=\"3216\">\n<p data-start=\"3122\" data-end=\"3216\">T\u00f9y ch\u1ecdn chip: NTAG213, NTAG215, NTAG216, F08, S50, S70, FM11RF08, N424 v\u00e0 c\u00e1c lo\u1ea1i kh\u00e1c theo y\u00eau c\u1ea7u<\/p>\n<\/li>\n<li data-start=\"3217\" data-end=\"3291\">\n<p data-start=\"3219\" data-end=\"3291\">T\u1ea7n s\u1ed1: 13,56 MHz (HF), t\u00f9y ch\u1ecdn 125 kHz (LF) v\u00e0 860\u2013960 MHz (UHF)<\/p>\n<\/li>\n<li data-start=\"3292\" data-end=\"3352\">\n<p data-start=\"3294\" data-end=\"3352\">Giao th\u1ee9c: ISO\/IEC 14443 \/ ISO\/IEC 15693 \/ ISO\/IEC 18000<\/p>\n<\/li>\n<li data-start=\"3353\" data-end=\"3427\">\n<p data-start=\"3355\" data-end=\"3427\">Ph\u1ea1m vi \u0111\u1ecdc: Th\u00f4ng th\u01b0\u1eddng l\u00e0 2\u201310 cm (t\u00f9y thu\u1ed9c v\u00e0o ng\u01b0\u1eddi \u0111\u1ecdc v\u00e0 m\u00f4i tr\u01b0\u1eddng)<\/p>\n<\/li>\n<li data-start=\"3428\" data-end=\"3462\">\n<p data-start=\"3430\" data-end=\"3462\">T\u1ed1c \u0111\u1ed9 \u0111\u1ecdc\/ghi: X\u1ea5p x\u1ec9 1 ms<\/p>\n<\/li>\n<li data-start=\"3463\" data-end=\"3500\">\n<p data-start=\"3465\" data-end=\"3500\">Chu k\u1ef3 \u0111\u1ecdc\/ghi: &gt;100.000 l\u1ea7n<\/p>\n<\/li>\n<li data-start=\"3501\" data-end=\"3539\">\n<p data-start=\"3503\" data-end=\"3539\">Nhi\u1ec7t \u0111\u1ed9 ho\u1ea1t \u0111\u1ed9ng: -20\u2103 ~ +55\u2103<\/p>\n<\/li>\n<li data-start=\"3540\" data-end=\"3567\">\n<p data-start=\"3542\" data-end=\"3567\">Tu\u1ed5i th\u1ecd s\u1eed d\u1ee5ng: &gt;10 n\u0103m<\/p>\n<\/li>\n<li data-start=\"3568\" data-end=\"3614\">\n<p data-start=\"3570\" data-end=\"3614\">Ngu\u1ed3n \u0111i\u1ec7n: Th\u1ee5 \u0111\u1ed9ng, kh\u00f4ng c\u1ea7n pin<\/p>\n<\/li>\n<li data-start=\"3615\" data-end=\"3685\">\n<p data-start=\"3617\" data-end=\"3685\">Th\u1eddi gian ho\u00e0n th\u00e0nh: Th\u01b0\u1eddng l\u00e0 10\u201315 ng\u00e0y, t\u00f9y thu\u1ed9c v\u00e0o chip v\u00e0 t\u00f9y ch\u1ec9nh<\/p>\n<\/li>\n<li data-start=\"3686\" data-end=\"3796\">\n<p data-start=\"3688\" data-end=\"3796\">T\u00f9y ch\u1ecdn t\u00f9y ch\u1ec9nh: Logo, m\u00e3 QR, m\u00e3 v\u1ea1ch, s\u1ed1 s\u00ea-ri, ki\u1ec3u in, h\u00ecnh d\u1ea1ng, \u0111\u1ed9 d\u00e0y v\u00e0 hi\u1ec7u \u1ee9ng b\u1ec1 m\u1eb7t<\/p>\n<\/li>\n<\/ul>\n<p data-start=\"3798\" data-end=\"3824\"><strong data-start=\"3798\" data-end=\"3822\">\u1ee8ng d\u1ee5ng \u0111i\u1ec3n h\u00ecnh<\/strong><\/p>\n<ul data-start=\"3825\" data-end=\"4654\">\n<li data-start=\"3825\" data-end=\"3949\">\n<p data-start=\"3827\" data-end=\"3949\"><strong data-start=\"3827\" data-end=\"3856\">Ki\u1ec3m so\u00e1t truy c\u1eadp v\u00e0 b\u1ea3o m\u1eadt<\/strong>: Th\u1ebb ra v\u00e0o cho v\u0103n ph\u00f2ng, nh\u00e0 m\u00e1y, kh\u00e1ch s\u1ea1n, t\u00f2a nh\u00e0 d\u00e2n c\u01b0 v\u00e0 khu v\u1ef1c an ninh.<\/p>\n<\/li>\n<li data-start=\"3950\" data-end=\"4083\">\n<p data-start=\"3952\" data-end=\"4083\"><strong data-start=\"3952\" data-end=\"3982\">Theo d\u00f5i th\u1eddi gian v\u00e0 \u0111i\u1ec3m danh<\/strong>: H\u1ec7 th\u1ed1ng \u0111\u0103ng k\u00fd d\u00e0nh cho nh\u00e2n vi\u00ean, sinh vi\u00ean ho\u1eb7c nh\u00e2n vi\u00ean s\u1ef1 ki\u1ec7n y\u00eau c\u1ea7u nh\u1eadn d\u1ea1ng nhanh ch\u00f3ng v\u00e0 \u0111\u00e1ng tin c\u1eady.<\/p>\n<\/li>\n<li data-start=\"4084\" data-end=\"4203\">\n<p data-start=\"4086\" data-end=\"4203\"><strong data-start=\"4086\" data-end=\"4109\">V\u00e9 v\u00e0 thanh to\u00e1n<\/strong>: Th\u1ebb giao th\u00f4ng c\u00f4ng c\u1ed9ng, th\u1ebb \u0111\u1ed7 xe, th\u1ebb l\u01b0u tr\u1eef gi\u00e1 tr\u1ecb ho\u1eb7c gi\u1ea3i ph\u00e1p thanh to\u00e1n th\u00e0nh vi\u00ean.<\/p>\n<\/li>\n<li data-start=\"4204\" data-end=\"4351\">\n<p data-start=\"4206\" data-end=\"4351\"><strong data-start=\"4206\" data-end=\"4254\">X\u00e1c th\u1ef1c s\u1ea3n ph\u1ea9m v\u00e0 ch\u1ed1ng h\u00e0ng gi\u1ea3<\/strong>: Th\u1ebb \u0111\u1ed9c \u0111\u00e1o d\u00e0nh cho c\u00e1c s\u1ea3n ph\u1ea9m \u0111i\u1ec7n t\u1eed, h\u00e0ng xa x\u1ec9 v\u00e0 d\u01b0\u1ee3c ph\u1ea9m c\u00f3 th\u01b0\u01a1ng hi\u1ec7u \u0111\u1ec3 x\u00e1c minh t\u00ednh x\u00e1c th\u1ef1c.<\/p>\n<\/li>\n<li data-start=\"4352\" data-end=\"4502\">\n<p data-start=\"4354\" data-end=\"4502\"><strong data-start=\"4354\" data-end=\"4380\">Ti\u1ebfp th\u1ecb v\u00e0 qu\u1ea3ng c\u00e1o<\/strong>: Th\u1ebb th\u00e0nh vi\u00ean v\u00e0 th\u1ebb kh\u00e1ch h\u00e0ng th\u00e2n thi\u1ebft, qu\u00e0 l\u01b0u ni\u1ec7m s\u1ef1 ki\u1ec7n v\u00e0 ti\u1ebfp th\u1ecb NFC t\u01b0\u01a1ng t\u00e1c cho ph\u01b0\u01a1ng ti\u1ec7n truy\u1ec1n th\u00f4ng x\u00e3 h\u1ed9i ho\u1eb7c c\u00e1c chi\u1ebfn d\u1ecbch qu\u1ea3ng c\u00e1o.<\/p>\n<\/li>\n<li data-start=\"4503\" data-end=\"4654\">\n<p data-start=\"4505\" data-end=\"4654\"><strong data-start=\"4505\" data-end=\"4524\">C\u00e1c l\u0129nh v\u1ef1c \u0111\u1eb7c bi\u1ec7t<\/strong>: Th\u1ebb tr\u01b0\u1ee3t tuy\u1ebft, th\u1ebb d\u1ecbch v\u1ee5 th\u00e0nh ph\u1ed1, ng\u00e2n h\u00e0ng, ch\u0103m s\u00f3c s\u1ee9c kh\u1ecfe v\u00e0 c\u00e1c \u1ee9ng d\u1ee5ng c\u1ee7a ch\u00ednh ph\u1ee7 y\u00eau c\u1ea7u th\u00f4ng tin x\u00e1c th\u1ef1c b\u1ec1n v\u1eefng v\u00e0 an to\u00e0n.<\/p>\n<\/li>\n<\/ul>\n<p data-start=\"4656\" data-end=\"4712\"><strong data-start=\"4656\" data-end=\"4710\">T\u1ea1i sao n\u00ean ch\u1ecdn th\u1ebb ch\u00eca kh\u00f3a NFC RFID Epoxy c\u00f3 logo t\u00f9y ch\u1ec9nh c\u1ee7a ch\u00fang t\u00f4i?<\/strong><\/p>\n<ul data-start=\"4713\" data-end=\"5188\">\n<li data-start=\"4713\" data-end=\"4799\">\n<p data-start=\"4715\" data-end=\"4799\">\u0110\u1ed9 tin c\u1eady \u0111\u00e3 \u0111\u01b0\u1ee3c ch\u1ee9ng minh khi s\u1eed d\u1ee5ng \u1edf n\u01a1i c\u00f3 l\u01b0u l\u01b0\u1ee3ng truy c\u1eadp cao, bao g\u1ed3m c\u1ea3 tr\u00ean m\u00f3c ch\u00eca kh\u00f3a v\u00e0 c\u00e1c v\u1eadt d\u1ee5ng g\u1ea7n kim lo\u1ea1i<\/p>\n<\/li>\n<li data-start=\"4800\" data-end=\"4875\">\n<p data-start=\"4802\" data-end=\"4875\">L\u1edbp ph\u1ee7 epoxy cao c\u1ea5p mang l\u1ea1i v\u1ebb ngo\u00e0i v\u00e0 c\u1ea3m gi\u00e1c chuy\u00ean nghi\u1ec7p, hi\u1ec7n \u0111\u1ea1i<\/p>\n<\/li>\n<li data-start=\"4876\" data-end=\"4964\">\n<p data-start=\"4878\" data-end=\"4964\">Tr\u1ea3i nghi\u1ec7m ng\u01b0\u1eddi d\u00f9ng d\u1ec5 d\u00e0ng, tr\u1ef1c quan v\u1edbi ch\u1ee9c n\u0103ng qu\u00e9t kh\u00f4ng ti\u1ebfp x\u00fac nhanh ch\u00f3ng v\u00e0 kh\u00f4ng c\u1ea7n ph\u1ea3i h\u1ecdc h\u1ecfi<\/p>\n<\/li>\n<li data-start=\"4965\" data-end=\"5076\">\n<p data-start=\"4967\" data-end=\"5076\">V\u1eadt li\u1ec7u an to\u00e0n, kh\u00f4ng \u0111\u1ed9c h\u1ea1i v\u00e0 thi\u1ebft k\u1ebf ch\u1eafc ch\u1eafn, ch\u1ed1ng th\u1ea5m n\u01b0\u1edbc gi\u00fap duy tr\u00ec hi\u1ec7u su\u1ea5t v\u00e0 v\u1ebb ngo\u00e0i theo th\u1eddi gian<\/p>\n<\/li>\n<li data-start=\"5077\" data-end=\"5188\">\n<p data-start=\"5079\" data-end=\"5188\">M\u1ee9c \u0111\u1ed9 t\u00f9y ch\u1ec9nh cao gi\u00fap th\u1ebb tr\u1edf th\u00e0nh m\u1ed9t ph\u01b0\u01a1ng ti\u1ec7n mang th\u01b0\u01a1ng hi\u1ec7u m\u1ea1nh m\u1ebd thay v\u00ec ch\u1ec9 l\u00e0 m\u1ed9t th\u1ebb ch\u1ee9c n\u0103ng<\/p>\n<\/li>\n<\/ul>\n<p data-start=\"5190\" data-end=\"5210\"><strong data-start=\"5190\" data-end=\"5208\">C\u00e2u h\u1ecfi th\u01b0\u1eddng g\u1eb7p (T\u00f3m t\u1eaft)<\/strong><\/p>\n<ul data-start=\"5211\" data-end=\"6158\">\n<li data-start=\"5211\" data-end=\"5376\">\n<p data-start=\"5213\" data-end=\"5376\"><strong data-start=\"5213\" data-end=\"5242\">Kh\u1ea3 n\u0103ng t\u01b0\u01a1ng th\u00edch v\u1edbi c\u1eeda ra v\u00e0o<\/strong>: Ho\u1ea1t \u0111\u1ed9ng v\u1edbi \u0111\u1ea7u \u0111\u1ecdc NFC 13,56 MHz ti\u00eau chu\u1ea9n v\u00e0 h\u1ec7 th\u1ed1ng d\u1ef1a tr\u00ean ISO14443 th\u01b0\u1eddng \u0111\u01b0\u1ee3c s\u1eed d\u1ee5ng trong v\u0103n ph\u00f2ng, kh\u00e1ch s\u1ea1n v\u00e0 khu d\u00e2n c\u01b0.<\/p>\n<\/li>\n<li data-start=\"5377\" data-end=\"5522\">\n<p data-start=\"5379\" data-end=\"5522\"><strong data-start=\"5379\" data-end=\"5410\">\u0110\u1ed9 b\u1ec1n c\u1ee7a b\u1ec1 m\u1eb7t epoxy<\/strong>:Epoxy c\u00f3 kh\u1ea3 n\u0103ng ch\u1ed1ng tr\u1ea7y x\u01b0\u1edbc, ch\u1ed1ng \u1ea9m v\u00e0 \u0111\u01b0\u1ee3c thi\u1ebft k\u1ebf \u0111\u1ec3 lu\u00f4n trong su\u1ed1t v\u00e0 \u1ed5n \u0111\u1ecbnh khi s\u1eed d\u1ee5ng h\u00e0ng ng\u00e0y trong th\u1eddi gian d\u00e0i.<\/p>\n<\/li>\n<li data-start=\"5523\" data-end=\"5656\">\n<p data-start=\"5525\" data-end=\"5656\"><strong data-start=\"5525\" data-end=\"5550\">T\u00f9y ch\u1ecdn t\u00f9y ch\u1ec9nh<\/strong>: H\u00ecnh d\u1ea1ng, k\u00edch th\u01b0\u1edbc, \u0111\u1ed9 d\u00e0y, m\u00e0u s\u1eafc, logo, m\u00e3 QR\/m\u00e3 v\u1ea1ch, s\u1ed1 s\u00ea-ri v\u00e0 b\u1ec1 m\u1eb7t ho\u00e0n thi\u1ec7n \u0111\u1ec1u c\u00f3 s\u1eb5n.<\/p>\n<\/li>\n<li data-start=\"5657\" data-end=\"5789\">\n<p data-start=\"5659\" data-end=\"5789\"><strong data-start=\"5659\" data-end=\"5678\">Chip \u0111\u01b0\u1ee3c h\u1ed7 tr\u1ee3<\/strong>: NTAG213\/215\/216, F08, S50\/S70, FM11RF08, N424 v\u00e0 c\u00e1c lo\u1ea1i kh\u00e1c theo y\u00eau c\u1ea7u cho c\u00e1c c\u00f4ng su\u1ea5t v\u00e0 ch\u1ee9c n\u0103ng kh\u00e1c nhau.<\/p>\n<\/li>\n<li data-start=\"5790\" data-end=\"5885\">\n<p data-start=\"5792\" data-end=\"5885\"><strong data-start=\"5792\" data-end=\"5811\">Th\u1eddi gian s\u1ea3n xu\u1ea5t<\/strong>: Th\u00f4ng th\u01b0\u1eddng m\u1ea5t kho\u1ea3ng 10\u201315 ng\u00e0y t\u00f9y thu\u1ed9c v\u00e0o s\u1ed1 l\u01b0\u1ee3ng, lo\u1ea1i chip v\u00e0 t\u00e1c ph\u1ea9m ngh\u1ec7 thu\u1eadt.<\/p>\n<\/li>\n<li data-start=\"5886\" data-end=\"6008\">\n<p data-start=\"5888\" data-end=\"6008\"><strong data-start=\"5888\" data-end=\"5910\">S\u1eed d\u1ee5ng \u0111a ch\u1ee9c n\u0103ng<\/strong>: M\u1ed9t th\u1ebb c\u00f3 th\u1ec3 \u0111\u01b0\u1ee3c t\u00edch h\u1ee3p v\u00e0o h\u1ec7 th\u1ed1ng ki\u1ec3m so\u00e1t ra v\u00e0o, ch\u1ea5m c\u00f4ng, thanh to\u00e1n v\u00e0 x\u00e1c th\u1ef1c.<\/p>\n<\/li>\n<li data-start=\"6009\" data-end=\"6158\">\n<p data-start=\"6011\" data-end=\"6158\"><strong data-start=\"6011\" data-end=\"6035\">T\u00e1c \u0111\u1ed9ng \u0111\u1ebfn ph\u1ea1m vi \u0111\u1ecdc<\/strong>:L\u1edbp epoxy c\u00f3 t\u00e1c d\u1ee5ng t\u1ed1i thi\u1ec3u; kho\u1ea3ng c\u00e1ch \u0111\u1ecdc ch\u1ee7 y\u1ebfu ph\u1ee5 thu\u1ed9c v\u00e0o thi\u1ebft k\u1ebf \u0103ng-ten v\u00e0 c\u00f4ng su\u1ea5t \u0111\u1ea7u \u0111\u1ecdc, th\u01b0\u1eddng l\u00e0 2\u201310 cm.<\/p>\n<\/li>\n<\/ul>","protected":false},"excerpt":{"rendered":"<p>Th\u1ebb ch\u00eca kh\u00f3a NFC RFID epoxy t\u00f9y ch\u1ec9nh c\u00f3 in logo, c\u00f3 s\u1eb5n nhi\u1ec1u h\u00ecnh d\u1ea1ng, chip v\u00e0 t\u1ea7n s\u1ed1. Thi\u1ebft k\u1ebf ch\u1ed1ng n\u01b0\u1edbc, b\u1ec1n b\u1ec9 v\u00e0 th\u1ee5 \u0111\u1ed9ng cho ki\u1ec3m so\u00e1t ra v\u00e0o, ch\u1ea5m c\u00f4ng, b\u00e1n v\u00e9, thanh to\u00e1n, ti\u1ebfp th\u1ecb v\u00e0 x\u00e1c th\u1ef1c s\u1ea3n ph\u1ea9m.<\/p>","protected":false},"featured_media":1170,"template":"","meta":{"_gspb_post_css":""},"product_brand":[],"product_cat":[29],"product_tag":[],"class_list":{"0":"post-1168","1":"product","2":"type-product","3":"status-publish","4":"has-post-thumbnail","6":"product_cat-nfc-tags","8":"first","9":"instock","10":"shipping-taxable","11":"purchasable","12":"product-type-simple"},"_links":{"self":[{"href":"https:\/\/www.cxjsmartcard.com\/vi\/wp-json\/wp\/v2\/product\/1168","targetHints":{"allow":["GET"]}}],"collection":[{"href":"https:\/\/www.cxjsmartcard.com\/vi\/wp-json\/wp\/v2\/product"}],"about":[{"href":"https:\/\/www.cxjsmartcard.com\/vi\/wp-json\/wp\/v2\/types\/product"}],"wp:featuredmedia":[{"embeddable":true,"href":"https:\/\/www.cxjsmartcard.com\/vi\/wp-json\/wp\/v2\/media\/1170"}],"wp:attachment":[{"href":"https:\/\/www.cxjsmartcard.com\/vi\/wp-json\/wp\/v2\/media?parent=1168"}],"wp:term":[{"taxonomy":"product_brand","embeddable":true,"href":"https:\/\/www.cxjsmartcard.com\/vi\/wp-json\/wp\/v2\/product_brand?post=1168"},{"taxonomy":"product_cat","embeddable":true,"href":"https:\/\/www.cxjsmartcard.com\/vi\/wp-json\/wp\/v2\/product_cat?post=1168"},{"taxonomy":"product_tag","embeddable":true,"href":"https:\/\/www.cxjsmartcard.com\/vi\/wp-json\/wp\/v2\/product_tag?post=1168"}],"curies":[{"name":"trang web","href":"https:\/\/api.w.org\/{rel}","templated":true}]}}