{"id":995,"date":"2025-11-03T09:46:30","date_gmt":"2025-11-03T09:46:30","guid":{"rendered":"https:\/\/www.cxjsmartcard.com\/?post_type=product&#038;p=995"},"modified":"2025-12-29T01:27:06","modified_gmt":"2025-12-29T01:27:06","slug":"uhf-rfid-keychain-key-fob","status":"publish","type":"product","link":"https:\/\/www.cxjsmartcard.com\/tr\/uhf-rfid-keychain-key-fob\/","title":{"rendered":"UHF RFID Anahtarl\u0131k"},"content":{"rendered":"<p data-start=\"37\" data-end=\"311\">Varl\u0131k takibi, eri\u015fim kontrol\u00fc ve lojistik i\u00e7in ABS UHF RFID anahtarl\u0131k. 860\u2013960 MHz (EPC Gen2) frekans\u0131nda \u00e7al\u0131\u015f\u0131r, toplu \u00e7oklu etiket okumalar\u0131n\u0131 destekler, hafif, dayan\u0131kl\u0131 ve bireysel veya kurumsal kullan\u0131m i\u00e7in \u00f6zelle\u015ftirilebilir.<\/p>\n<p data-start=\"313\" data-end=\"331\"><strong data-start=\"313\" data-end=\"329\">Temel \u00d6zellikler<\/strong><\/p>\n<ul data-start=\"332\" data-end=\"806\">\n<li data-start=\"332\" data-end=\"389\">\n<p data-start=\"334\" data-end=\"389\">ABS kabuk; darbeye\/korozyona dayan\u0131kl\u0131; -20 \u2103 ila +70 \u2103<\/p>\n<\/li>\n<li data-start=\"390\" data-end=\"460\">\n<p data-start=\"392\" data-end=\"460\">UHF 860\u2013960 MHz; EPC C1G2\/ISO 18000-6C; 96\u2013512 bit EPC\/Kullan\u0131c\u0131 belle\u011fi<\/p>\n<\/li>\n<li data-start=\"461\" data-end=\"517\">\n<p data-start=\"463\" data-end=\"517\">Okuma mesafesi: 3\u201310 m (okuyucuya\/ortama ba\u011fl\u0131)<\/p>\n<\/li>\n<li data-start=\"518\" data-end=\"575\">\n<p data-start=\"520\" data-end=\"575\">Y\u00fcksek verimli tarama i\u00e7in \u00e7oklu etiket tan\u0131mlama<\/p>\n<\/li>\n<li data-start=\"576\" data-end=\"643\">\n<p data-start=\"578\" data-end=\"643\">Kompakt: tipik olarak 50 \u00d7 30 \u00d7 5 mm; 10\u201320 g; anahtarl\u0131k\/ba\u011flant\u0131 ipi deli\u011fi<\/p>\n<\/li>\n<li data-start=\"644\" data-end=\"701\">\n<p data-start=\"646\" data-end=\"701\">\u0130ste\u011fe ba\u011fl\u0131 IP65\/IP67 korumas\u0131; hizmet \u00f6mr\u00fc &gt;10 y\u0131l<\/p>\n<\/li>\n<li data-start=\"702\" data-end=\"749\">\n<p data-start=\"704\" data-end=\"749\">\u00c7ip se\u00e7enekleri: NXP UCODE 8\/9, Alien H3\/H4\/H9<\/p>\n<\/li>\n<li data-start=\"750\" data-end=\"806\">\n<p data-start=\"752\" data-end=\"806\">\u0130ste\u011fe ba\u011fl\u0131 HF (13,56 MHz, ISO 14443A) varyant\u0131 talep \u00fczerine<\/p>\n<\/li>\n<\/ul>\n<p data-start=\"808\" data-end=\"984\"><strong data-start=\"808\" data-end=\"824\">Uygulamalar<\/strong><br data-start=\"824\" data-end=\"827\" \/>Kurumsal varl\u0131k y\u00f6netimi \u2022 Ak\u0131ll\u0131 eri\u015fim kontrol\u00fc ve oturum a\u00e7ma \u2022 Depolama ve lojistik \u2022 Perakende izlenebilirli\u011fi\/sahtecili\u011fe kar\u015f\u0131 koruma \u2022 Evcil hayvan\/de\u011ferli e\u015fya etiketleme.<\/p>\n<p data-start=\"986\" data-end=\"1175\"><strong data-start=\"986\" data-end=\"1016\">Uygulanabilir M\u00fc\u015fteri Gruplar\u0131<\/strong><br data-start=\"1016\" data-end=\"1019\" \/>Lojistik ve tedarik zinciri \u2022 \u00dcretim ve depo operasyonlar\u0131 \u2022 Ak\u0131ll\u0131 binalar\/m\u00fclk y\u00f6netimi \u2022 Perakende markalar\u0131\/sahtecilikle m\u00fccadele hizmetleri \u2022 Bireysel kullan\u0131c\u0131lar.<\/p>\n<h2 data-start=\"1177\" data-end=\"1202\">Tablo (\u00d6zellikler)<\/h2>\n<div class=\"_tableContainer_1rjym_1\">\n<div class=\"group _tableWrapper_1rjym_13 flex w-fit flex-col-reverse\" tabindex=\"-1\">\n<table class=\"w-fit min-w-(--thread-content-width)\" data-start=\"1204\" data-end=\"3123\">\n<thead data-start=\"1204\" data-end=\"1305\">\n<tr data-start=\"1204\" data-end=\"1305\">\n<th data-start=\"1204\" data-end=\"1225\" data-col-size=\"sm\">Kategori<\/th>\n<th data-start=\"1225\" data-end=\"1253\" data-col-size=\"sm\">Parametre<\/th>\n<th data-start=\"1253\" data-end=\"1305\" data-col-size=\"md\">De\u011fer<\/th>\n<\/tr>\n<\/thead>\n<tbody data-start=\"1407\" data-end=\"3123\">\n<tr data-start=\"1407\" data-end=\"1507\">\n<td data-start=\"1407\" data-end=\"1427\" data-col-size=\"sm\">\u00dcr\u00fcn<\/td>\n<td data-col-size=\"sm\" data-start=\"1427\" data-end=\"1455\">\u0130sim<\/td>\n<td data-col-size=\"md\" data-start=\"1455\" data-end=\"1507\">ABS UHF RFID Anahtarl\u0131k<\/td>\n<\/tr>\n<tr data-start=\"1508\" data-end=\"1608\">\n<td data-start=\"1508\" data-end=\"1528\" data-col-size=\"sm\">Boyutlar<\/td>\n<td data-col-size=\"sm\" data-start=\"1528\" data-end=\"1556\">Boyut \/ A\u011f\u0131rl\u0131k<\/td>\n<td data-col-size=\"md\" data-start=\"1556\" data-end=\"1608\">50 \u00d7 30 \u00d7 5 mm (tip.); 10\u201320 gr<\/td>\n<\/tr>\n<tr data-start=\"1609\" data-end=\"1709\">\n<td data-start=\"1609\" data-end=\"1629\" data-col-size=\"sm\">Malzemeler<\/td>\n<td data-start=\"1629\" data-end=\"1657\" data-col-size=\"sm\">Konut<\/td>\n<td data-col-size=\"md\" data-start=\"1657\" data-end=\"1709\">ABS (m\u00fchendislik plasti\u011fi)<\/td>\n<\/tr>\n<tr data-start=\"1710\" data-end=\"1810\">\n<td data-start=\"1710\" data-end=\"1730\" data-col-size=\"sm\">RF (UHF)<\/td>\n<td data-col-size=\"sm\" data-start=\"1730\" data-end=\"1758\">Frekans \/ Protokol<\/td>\n<td data-col-size=\"md\" data-start=\"1758\" data-end=\"1810\">860\u2013960 MHz; ISO 18000-6C \/ EPC C1G2<\/td>\n<\/tr>\n<tr data-start=\"1811\" data-end=\"1911\">\n<td data-start=\"1811\" data-end=\"1831\" data-col-size=\"sm\">Haf\u0131za<\/td>\n<td data-col-size=\"sm\" data-start=\"1831\" data-end=\"1859\">EPC\/Kullan\u0131c\u0131<\/td>\n<td data-col-size=\"md\" data-start=\"1859\" data-end=\"1911\">96\u2013512 bit (yap\u0131land\u0131r\u0131labilir)<\/td>\n<\/tr>\n<tr data-start=\"1912\" data-end=\"2012\">\n<td data-start=\"1912\" data-end=\"1932\" data-col-size=\"sm\">Performans<\/td>\n<td data-start=\"1932\" data-end=\"1960\" data-col-size=\"sm\">Okuma Aral\u0131\u011f\u0131<\/td>\n<td data-start=\"1960\" data-end=\"2012\" data-col-size=\"md\">3\u201310 m (okuyucuya\/ortama ba\u011fl\u0131)<\/td>\n<\/tr>\n<tr data-start=\"2013\" data-end=\"2113\">\n<td data-start=\"2013\" data-end=\"2033\" data-col-size=\"sm\">Verim<\/td>\n<td data-start=\"2033\" data-end=\"2061\" data-col-size=\"sm\">\u00c7oklu okuma<\/td>\n<td data-col-size=\"md\" data-start=\"2061\" data-end=\"2113\">Saniyede y\u00fczlerce etiketin toplu okunmas\u0131<\/td>\n<\/tr>\n<tr data-start=\"2114\" data-end=\"2214\">\n<td data-start=\"2114\" data-end=\"2134\" data-col-size=\"sm\">\u00c7evre<\/td>\n<td data-start=\"2134\" data-end=\"2162\" data-col-size=\"sm\">\u00c7al\u0131\u015fma S\u0131cakl\u0131\u011f\u0131<\/td>\n<td data-start=\"2162\" data-end=\"2214\" data-col-size=\"md\">-20 \u2103 ila +70 \u2103<\/td>\n<\/tr>\n<tr data-start=\"2215\" data-end=\"2315\">\n<td data-start=\"2215\" data-end=\"2235\" data-col-size=\"sm\">Koruma<\/td>\n<td data-start=\"2235\" data-end=\"2263\" data-col-size=\"sm\">Giri\u015f Derecelendirmesi<\/td>\n<td data-start=\"2263\" data-end=\"2315\" data-col-size=\"md\">IP65 \/ IP67 (iste\u011fe ba\u011fl\u0131)<\/td>\n<\/tr>\n<tr data-start=\"2316\" data-end=\"2416\">\n<td data-start=\"2316\" data-end=\"2336\" data-col-size=\"sm\">Uzun \u00f6m\u00fcr<\/td>\n<td data-start=\"2336\" data-end=\"2364\" data-col-size=\"sm\">Hizmet \u00d6mr\u00fc<\/td>\n<td data-col-size=\"md\" data-start=\"2364\" data-end=\"2416\">&gt;10 y\u0131l (normal ortam)<\/td>\n<\/tr>\n<tr data-start=\"2417\" data-end=\"2517\">\n<td data-start=\"2417\" data-end=\"2437\" data-col-size=\"sm\">Ki\u015fiselle\u015ftirme<\/td>\n<td data-col-size=\"sm\" data-start=\"2437\" data-end=\"2465\">Renk\/Biti\u015f<\/td>\n<td data-col-size=\"md\" data-start=\"2465\" data-end=\"2517\">\u00d6zelle\u015ftirilmi\u015f renkler; logo\/kimlik\/QR\/barkod bask\u0131s\u0131<\/td>\n<\/tr>\n<tr data-start=\"2518\" data-end=\"2618\">\n<td data-start=\"2518\" data-end=\"2538\" data-col-size=\"sm\">IC Se\u00e7enekleri<\/td>\n<td data-start=\"2538\" data-end=\"2566\" data-col-size=\"sm\">Cipsler<\/td>\n<td data-col-size=\"md\" data-start=\"2566\" data-end=\"2618\">UCODE 8\/9; Uzayl\u0131 H3\/H4\/H9<\/td>\n<\/tr>\n<tr data-start=\"2619\" data-end=\"2719\">\n<td data-start=\"2619\" data-end=\"2639\" data-col-size=\"sm\">Varyant (HF)<\/td>\n<td data-start=\"2639\" data-end=\"2667\" data-col-size=\"sm\">\u0130ste\u011fe ba\u011fl\u0131<\/td>\n<td data-start=\"2667\" data-end=\"2719\" data-col-size=\"md\">13,56 MHz; ISO 14443A (talep \u00fczerine)<\/td>\n<\/tr>\n<tr data-start=\"2720\" data-end=\"2820\">\n<td data-start=\"2720\" data-end=\"2740\" data-col-size=\"sm\">Kullan\u0131m \u00d6rnekleri<\/td>\n<td data-col-size=\"sm\" data-start=\"2740\" data-end=\"2768\">Uygulamalar<\/td>\n<td data-col-size=\"md\" data-start=\"2768\" data-end=\"2820\">Eri\u015fim, varl\u0131klar, lojistik, perakende, evcil hayvan\/e\u015fyalar<\/td>\n<\/tr>\n<tr data-start=\"2821\" data-end=\"2921\">\n<td data-start=\"2821\" data-end=\"2841\" data-col-size=\"sm\">Minimum Sipari\u015f Adedi<\/td>\n<td data-col-size=\"sm\" data-start=\"2841\" data-end=\"2869\">Minimum Sipari\u015f<\/td>\n<td data-col-size=\"md\" data-start=\"2869\" data-end=\"2921\">200 adet<\/td>\n<\/tr>\n<tr data-start=\"2922\" data-end=\"3022\">\n<td data-start=\"2922\" data-end=\"2942\" data-col-size=\"sm\">\u00d6zel \u00d6zellikler<\/td>\n<td data-col-size=\"sm\" data-start=\"2942\" data-end=\"2970\">Nitelikler<\/td>\n<td data-col-size=\"md\" data-start=\"2970\" data-end=\"3022\">Su ge\u00e7irmez\/Hava ko\u015fullar\u0131na dayan\u0131kl\u0131; mini etiket<\/td>\n<\/tr>\n<tr data-start=\"3023\" data-end=\"3123\">\n<td data-start=\"3023\" data-end=\"3043\" data-col-size=\"sm\">K\u00f6keni<\/td>\n<td data-col-size=\"sm\" data-start=\"3043\" data-end=\"3071\">Men\u015fe Yeri<\/td>\n<td data-col-size=\"md\" data-start=\"3071\" data-end=\"3123\">Guangdong, \u00c7in<\/td>\n<\/tr>\n<\/tbody>\n<\/table>\n<\/div>\n<\/div>","protected":false},"excerpt":{"rendered":"<p>Varl\u0131klar ve eri\u015fim i\u00e7in ABS UHF RFID anahtarl\u0131k\u2014860\u2013960 MHz EPC Gen2, 3\u201310 m okuma, \u00e7oklu etiket kimli\u011fi, kompakt 50\u00d730\u00d75 mm tasar\u0131m, \u00f6zelle\u015ftirilebilir renkler\/bask\u0131 ve iste\u011fe ba\u011fl\u0131 IP65\/67.<\/p>","protected":false},"featured_media":998,"template":"","meta":{"_gspb_post_css":""},"product_brand":[],"product_cat":[30],"product_tag":[],"class_list":{"0":"post-995","1":"product","2":"type-product","3":"status-publish","4":"has-post-thumbnail","6":"product_cat-rfid-keyfobs","8":"first","9":"instock","10":"shipping-taxable","11":"purchasable","12":"product-type-simple"},"_links":{"self":[{"href":"https:\/\/www.cxjsmartcard.com\/tr\/wp-json\/wp\/v2\/product\/995","targetHints":{"allow":["GET"]}}],"collection":[{"href":"https:\/\/www.cxjsmartcard.com\/tr\/wp-json\/wp\/v2\/product"}],"about":[{"href":"https:\/\/www.cxjsmartcard.com\/tr\/wp-json\/wp\/v2\/types\/product"}],"wp:featuredmedia":[{"embeddable":true,"href":"https:\/\/www.cxjsmartcard.com\/tr\/wp-json\/wp\/v2\/media\/998"}],"wp:attachment":[{"href":"https:\/\/www.cxjsmartcard.com\/tr\/wp-json\/wp\/v2\/media?parent=995"}],"wp:term":[{"taxonomy":"product_brand","embeddable":true,"href":"https:\/\/www.cxjsmartcard.com\/tr\/wp-json\/wp\/v2\/product_brand?post=995"},{"taxonomy":"product_cat","embeddable":true,"href":"https:\/\/www.cxjsmartcard.com\/tr\/wp-json\/wp\/v2\/product_cat?post=995"},{"taxonomy":"product_tag","embeddable":true,"href":"https:\/\/www.cxjsmartcard.com\/tr\/wp-json\/wp\/v2\/product_tag?post=995"}],"curies":[{"name":"wp","href":"https:\/\/api.w.org\/{rel}","templated":true}]}}