{"id":990,"date":"2025-11-03T09:44:33","date_gmt":"2025-11-03T09:44:33","guid":{"rendered":"https:\/\/www.cxjsmartcard.com\/?post_type=product&#038;p=990"},"modified":"2025-12-29T01:27:06","modified_gmt":"2025-12-29T01:27:06","slug":"rfid-keychain-waterproof-key-fob-tag","status":"publish","type":"product","link":"https:\/\/www.cxjsmartcard.com\/tr\/rfid-keychain-waterproof-key-fob-tag\/","title":{"rendered":"RFID Anahtarl\u0131k Su Ge\u00e7irmez Anahtarl\u0131k Etiketi"},"content":{"rendered":"<p data-start=\"48\" data-end=\"312\">G\u00fcnl\u00fck eri\u015fim ve tan\u0131mlama i\u00e7in dayan\u0131kl\u0131 RFID\/NFC anahtarl\u0131k. PVC\/ABS\/epoksi g\u00f6vdeler su ge\u00e7irmezdir ve \u00f6zel bask\u0131 ve seri numaralar\u0131n\u0131 destekler. Yeni veya eski sistemlerle uyumlu olmas\u0131 i\u00e7in LF, HF ve UHF&#039;de mevcuttur.<\/p>\n<p data-start=\"314\" data-end=\"328\"><strong data-start=\"314\" data-end=\"326\">\u00d6zellikler<\/strong><\/p>\n<ul data-start=\"329\" data-end=\"596\">\n<li data-start=\"329\" data-end=\"359\">\n<p data-start=\"331\" data-end=\"359\">Malzemeler: PVC, ABS, epoksi<\/p>\n<\/li>\n<li data-start=\"360\" data-end=\"410\">\n<p data-start=\"362\" data-end=\"410\">Frekanslar: 125 kHz \u2022 13,56 MHz \u2022 860\u2013960 MHz<\/p>\n<\/li>\n<li data-start=\"411\" data-end=\"447\">\n<p data-start=\"413\" data-end=\"447\">Bask\u0131: logo ve seri numaras\u0131<\/p>\n<\/li>\n<li data-start=\"448\" data-end=\"552\">\n<p data-start=\"450\" data-end=\"552\">\u00c7ip se\u00e7enekleri: RFID 1K (MIFARE 1K), NTAG213\/215, H9, NXP UCODE 9, TK4100, EM4305, EM4200, T5577, vb.<\/p>\n<\/li>\n<li data-start=\"553\" data-end=\"596\">\n<p data-start=\"555\" data-end=\"596\">Renkler: siyah, beyaz, ye\u015fil, mavi, di\u011ferleri<\/p>\n<\/li>\n<\/ul>\n<p data-start=\"598\" data-end=\"769\"><strong data-start=\"598\" data-end=\"614\">Uygulamalar<\/strong><br data-start=\"614\" data-end=\"617\" \/>Eri\u015fim kontrol\u00fc, kat\u0131l\u0131m, kimlik, lojistik, end\u00fcstriyel otomasyon, biletler, \u00fcyelik, toplu ta\u015f\u0131ma, temass\u0131z \u00f6deme, y\u00fczme havuzlar\u0131, \u00e7ama\u015f\u0131rhane.<\/p>\n<p data-start=\"771\" data-end=\"803\"><strong data-start=\"771\" data-end=\"801\">Notlar (genel da\u011f\u0131t\u0131mlar)<\/strong><\/p>\n<ul data-start=\"804\" data-end=\"1010\">\n<li data-start=\"804\" data-end=\"911\">\n<p data-start=\"806\" data-end=\"911\"><strong data-start=\"806\" data-end=\"820\">125 kHz LF<\/strong>: sosyal tesis kap\u0131lar\u0131, asans\u00f6rler, bina giri\u015fi\u2014ATA5577, TK4100, EM4200, EM4305 gibi \u00e7ipler.<\/p>\n<\/li>\n<li data-start=\"912\" data-end=\"1010\">\n<p data-start=\"914\" data-end=\"1010\"><strong data-start=\"914\" data-end=\"943\">13,56 MHz HF (ISO 14443A)<\/strong>: bireysel daire\/kap\u0131 kilitleri\u2014MIFARE 1K, NTAG213 gibi \u00e7ipler.<\/p>\n<\/li>\n<\/ul>\n<h2 data-start=\"1012\" data-end=\"1037\">Tablo (\u00d6zellikler)<\/h2>\n<div class=\"_tableContainer_1rjym_1\">\n<div class=\"group _tableWrapper_1rjym_13 flex w-fit flex-col-reverse\" tabindex=\"-1\">\n<table class=\"w-fit min-w-(--thread-content-width)\" data-start=\"1039\" data-end=\"2203\">\n<thead data-start=\"1039\" data-end=\"1135\">\n<tr data-start=\"1039\" data-end=\"1135\">\n<th data-start=\"1039\" data-end=\"1057\" data-col-size=\"sm\">Kategori<\/th>\n<th data-start=\"1057\" data-end=\"1077\" data-col-size=\"sm\">Parametre<\/th>\n<th data-start=\"1077\" data-end=\"1135\" data-col-size=\"lg\">De\u011fer<\/th>\n<\/tr>\n<\/thead>\n<tbody data-start=\"1233\" data-end=\"2203\">\n<tr data-start=\"1233\" data-end=\"1329\">\n<td data-start=\"1233\" data-end=\"1251\" data-col-size=\"sm\">\u00dcr\u00fcn<\/td>\n<td data-col-size=\"sm\" data-start=\"1251\" data-end=\"1271\">Tip<\/td>\n<td data-col-size=\"lg\" data-start=\"1271\" data-end=\"1329\">Su ge\u00e7irmez RFID anahtarl\u0131k<\/td>\n<\/tr>\n<tr data-start=\"1330\" data-end=\"1426\">\n<td data-start=\"1330\" data-end=\"1348\" data-col-size=\"sm\">Malzemeler<\/td>\n<td data-start=\"1348\" data-end=\"1368\" data-col-size=\"sm\">Konut<\/td>\n<td data-col-size=\"lg\" data-start=\"1368\" data-end=\"1426\">PVC, ABS, Epoksi<\/td>\n<\/tr>\n<tr data-start=\"1427\" data-end=\"1523\">\n<td data-start=\"1427\" data-end=\"1445\" data-col-size=\"sm\">RF Bantlar\u0131<\/td>\n<td data-start=\"1445\" data-end=\"1465\" data-col-size=\"sm\">S\u0131kl\u0131k<\/td>\n<td data-start=\"1465\" data-end=\"1523\" data-col-size=\"lg\">125 kHz; 13,56 MHz; 860\u2013960 MHz<\/td>\n<\/tr>\n<tr data-start=\"1524\" data-end=\"1620\">\n<td data-start=\"1524\" data-end=\"1542\" data-col-size=\"sm\">Ki\u015fiselle\u015ftirme<\/td>\n<td data-start=\"1542\" data-end=\"1562\" data-col-size=\"sm\">Bask\u0131<\/td>\n<td data-start=\"1562\" data-end=\"1620\" data-col-size=\"lg\">Logo bask\u0131s\u0131; seri numaralar\u0131<\/td>\n<\/tr>\n<tr data-start=\"1621\" data-end=\"1739\">\n<td data-start=\"1621\" data-end=\"1639\" data-col-size=\"sm\">IC Se\u00e7enekleri<\/td>\n<td data-start=\"1639\" data-end=\"1659\" data-col-size=\"sm\">Cipsler<\/td>\n<td data-col-size=\"lg\" data-start=\"1659\" data-end=\"1739\">RFID 1K; NTAG213\/215; H9; NXP UCODE 9; TK4100; EM4305; EM4200; T5577; di\u011ferleri<\/td>\n<\/tr>\n<tr data-start=\"1740\" data-end=\"1836\">\n<td data-start=\"1740\" data-end=\"1758\" data-col-size=\"sm\">Renkler<\/td>\n<td data-col-size=\"sm\" data-start=\"1758\" data-end=\"1778\">Varyantlar<\/td>\n<td data-col-size=\"lg\" data-start=\"1778\" data-end=\"1836\">Siyah, Beyaz, Ye\u015fil, Mavi vb.<\/td>\n<\/tr>\n<tr data-start=\"1837\" data-end=\"2009\">\n<td data-start=\"1837\" data-end=\"1855\" data-col-size=\"sm\">Uygulamalar<\/td>\n<td data-col-size=\"sm\" data-start=\"1855\" data-end=\"1875\">Kullan\u0131m \u00d6rnekleri<\/td>\n<td data-col-size=\"lg\" data-start=\"1875\" data-end=\"2009\">Eri\u015fim kontrol\u00fc; kat\u0131l\u0131m; kimlik; lojistik; end\u00fcstriyel otomasyon; biletler; \u00fcyelik; toplu ta\u015f\u0131ma; e-\u00f6deme; havuzlar; \u00e7ama\u015f\u0131rhane<\/td>\n<\/tr>\n<tr data-start=\"2010\" data-end=\"2106\">\n<td data-start=\"2010\" data-end=\"2028\" data-col-size=\"sm\">Rehberlik<\/td>\n<td data-col-size=\"sm\" data-start=\"2028\" data-end=\"2048\">Tipik LF Kullan\u0131m\u0131<\/td>\n<td data-col-size=\"lg\" data-start=\"2048\" data-end=\"2106\">Olanaklar (kap\u0131lar, asans\u00f6rler, binalar)<\/td>\n<\/tr>\n<tr data-start=\"2107\" data-end=\"2203\">\n<td data-start=\"2107\" data-end=\"2125\" data-col-size=\"sm\">Rehberlik<\/td>\n<td data-start=\"2125\" data-end=\"2145\" data-col-size=\"sm\">Tipik HF Kullan\u0131m\u0131<\/td>\n<td data-col-size=\"lg\" data-start=\"2145\" data-end=\"2203\">Daire\/oda kap\u0131 kilitleri (ISO 14443A)<\/td>\n<\/tr>\n<\/tbody>\n<\/table>\n<\/div>\n<\/div>","protected":false},"excerpt":{"rendered":"<p>PVC\/ABS\/epoksi malzemeden \u00fcretilmi\u015f, \u00f6zel bask\u0131ya sahip su ge\u00e7irmez RFID\/NFC anahtarl\u0131k. Eri\u015fim ve kimlik do\u011frulama i\u00e7in geni\u015f \u00e7ip se\u00e7enekleriyle LF 125 kHz, HF 13,56 MHz ve UHF 860\u2013960 MHz&#039;i destekler.<\/p>","protected":false},"featured_media":993,"template":"","meta":{"_gspb_post_css":""},"product_brand":[],"product_cat":[30],"product_tag":[],"class_list":{"0":"post-990","1":"product","2":"type-product","3":"status-publish","4":"has-post-thumbnail","6":"product_cat-rfid-keyfobs","8":"first","9":"instock","10":"shipping-taxable","11":"purchasable","12":"product-type-simple"},"_links":{"self":[{"href":"https:\/\/www.cxjsmartcard.com\/tr\/wp-json\/wp\/v2\/product\/990","targetHints":{"allow":["GET"]}}],"collection":[{"href":"https:\/\/www.cxjsmartcard.com\/tr\/wp-json\/wp\/v2\/product"}],"about":[{"href":"https:\/\/www.cxjsmartcard.com\/tr\/wp-json\/wp\/v2\/types\/product"}],"wp:featuredmedia":[{"embeddable":true,"href":"https:\/\/www.cxjsmartcard.com\/tr\/wp-json\/wp\/v2\/media\/993"}],"wp:attachment":[{"href":"https:\/\/www.cxjsmartcard.com\/tr\/wp-json\/wp\/v2\/media?parent=990"}],"wp:term":[{"taxonomy":"product_brand","embeddable":true,"href":"https:\/\/www.cxjsmartcard.com\/tr\/wp-json\/wp\/v2\/product_brand?post=990"},{"taxonomy":"product_cat","embeddable":true,"href":"https:\/\/www.cxjsmartcard.com\/tr\/wp-json\/wp\/v2\/product_cat?post=990"},{"taxonomy":"product_tag","embeddable":true,"href":"https:\/\/www.cxjsmartcard.com\/tr\/wp-json\/wp\/v2\/product_tag?post=990"}],"curies":[{"name":"wp","href":"https:\/\/api.w.org\/{rel}","templated":true}]}}