{"id":985,"date":"2025-11-03T09:43:06","date_gmt":"2025-11-03T09:43:06","guid":{"rendered":"https:\/\/www.cxjsmartcard.com\/?post_type=product&#038;p=985"},"modified":"2025-12-29T01:27:06","modified_gmt":"2025-12-29T01:27:06","slug":"ntag213-nfc-keychain-key-fob","status":"publish","type":"product","link":"https:\/\/www.cxjsmartcard.com\/tr\/ntag213-nfc-keychain-key-fob\/","title":{"rendered":"NTAG213 NFC Anahtarl\u0131k"},"content":{"rendered":"<p data-start=\"40\" data-end=\"315\">G\u00fcnl\u00fck eri\u015fim ve ak\u0131ll\u0131 telefonlarla h\u0131zl\u0131 dokunu\u015flar i\u00e7in NXP NTAG213 \u00f6zellikli dayan\u0131kl\u0131 NFC anahtarl\u0131k. Su ge\u00e7irmez ABS g\u00f6vde, metal bir b\u00f6lme halkas\u0131 i\u00e7erir ve eri\u015fim kontrol\u00fc ve sosyal medya kullan\u0131m\u0131nda kolay kullan\u0131m i\u00e7in \u00f6zel bask\u0131, barkod\/QR ve veri kodlamay\u0131 destekler.<\/p>\n<p data-start=\"317\" data-end=\"335\"><strong data-start=\"317\" data-end=\"333\">Temel \u00d6zellikler<\/strong><\/p>\n<ul data-start=\"336\" data-end=\"625\">\n<li data-start=\"336\" data-end=\"374\">\n<p data-start=\"338\" data-end=\"374\">HF 13,56 MHz, ISO\/IEC 14443A (NFC)<\/p>\n<\/li>\n<li data-start=\"375\" data-end=\"422\">\n<p data-start=\"377\" data-end=\"422\">144 bayt kullan\u0131c\u0131 belle\u011fi; \u2265100.000 yazma d\u00f6ng\u00fcs\u00fc<\/p>\n<\/li>\n<li data-start=\"423\" data-end=\"480\">\n<p data-start=\"425\" data-end=\"480\">Tipik okuma aral\u0131\u011f\u0131: 2\u20133 cm (cihaza\/antene ba\u011fl\u0131)<\/p>\n<\/li>\n<li data-start=\"481\" data-end=\"521\">\n<p data-start=\"483\" data-end=\"521\">ABS\/plastik g\u00f6vde; birden fazla renk<\/p>\n<\/li>\n<li data-start=\"522\" data-end=\"584\">\n<p data-start=\"524\" data-end=\"584\">Tek veya \u00e7ok renkli bask\u0131; barkod\/QR; veri kodlama<\/p>\n<\/li>\n<li data-start=\"585\" data-end=\"625\">\n<p data-start=\"587\" data-end=\"625\">Standart boyut 41 \u00d7 32 mm; \u00f6zelle\u015ftirilebilir<\/p>\n<\/li>\n<\/ul>\n<p data-start=\"627\" data-end=\"761\"><strong data-start=\"627\" data-end=\"643\">Uygulamalar<\/strong><br data-start=\"643\" data-end=\"646\" \/>Eri\u015fim kontrol\u00fc ve kap\u0131 kilitleri \u2022 Sosyal medya ve ak\u0131ll\u0131 ba\u011flant\u0131lar \u2022 Etkinlik kayd\u0131 \u2022 G\u00fcnl\u00fck kimlik ve \u00fcyelik etiketleme.<\/p>\n<h2 data-start=\"763\" data-end=\"788\">Tablo (\u00d6zellikler)<\/h2>\n<div class=\"_tableContainer_1rjym_1\">\n<div class=\"group _tableWrapper_1rjym_13 flex w-fit flex-col-reverse\" tabindex=\"-1\">\n<table class=\"w-fit min-w-(--thread-content-width)\" data-start=\"790\" data-end=\"2082\">\n<thead data-start=\"790\" data-end=\"873\">\n<tr data-start=\"790\" data-end=\"873\">\n<th data-start=\"790\" data-end=\"808\" data-col-size=\"sm\">Kategori<\/th>\n<th data-start=\"808\" data-end=\"830\" data-col-size=\"sm\">Parametre<\/th>\n<th data-start=\"830\" data-end=\"873\" data-col-size=\"md\">De\u011fer<\/th>\n<\/tr>\n<\/thead>\n<tbody data-start=\"958\" data-end=\"2082\">\n<tr data-start=\"958\" data-end=\"1041\">\n<td data-start=\"958\" data-end=\"976\" data-col-size=\"sm\">\u00dcr\u00fcn<\/td>\n<td data-start=\"976\" data-end=\"998\" data-col-size=\"sm\">\u0130sim<\/td>\n<td data-col-size=\"md\" data-start=\"998\" data-end=\"1041\">NTAG213 NFC Anahtarl\u0131k<\/td>\n<\/tr>\n<tr data-start=\"1042\" data-end=\"1125\">\n<td data-start=\"1042\" data-end=\"1060\" data-col-size=\"sm\">RF<\/td>\n<td data-start=\"1060\" data-end=\"1082\" data-col-size=\"sm\">S\u0131kl\u0131k<\/td>\n<td data-start=\"1082\" data-end=\"1125\" data-col-size=\"md\">13,56 MHz (HF)<\/td>\n<\/tr>\n<tr data-start=\"1126\" data-end=\"1209\">\n<td data-start=\"1126\" data-end=\"1144\" data-col-size=\"sm\"><\/td>\n<td data-col-size=\"sm\" data-start=\"1144\" data-end=\"1166\">Protokol<\/td>\n<td data-col-size=\"md\" data-start=\"1166\" data-end=\"1209\">ISO\/IEC 14443A<\/td>\n<\/tr>\n<tr data-start=\"1210\" data-end=\"1293\">\n<td data-start=\"1210\" data-end=\"1228\" data-col-size=\"sm\">Haf\u0131za<\/td>\n<td data-start=\"1228\" data-end=\"1250\" data-col-size=\"sm\">Kullan\u0131c\u0131 Kapasitesi<\/td>\n<td data-start=\"1250\" data-end=\"1293\" data-col-size=\"md\">144 bayt<\/td>\n<\/tr>\n<tr data-start=\"1294\" data-end=\"1377\">\n<td data-start=\"1294\" data-end=\"1312\" data-col-size=\"sm\">Dayan\u0131kl\u0131l\u0131k<\/td>\n<td data-start=\"1312\" data-end=\"1334\" data-col-size=\"sm\">Yazma D\u00f6ng\u00fcleri<\/td>\n<td data-col-size=\"md\" data-start=\"1334\" data-end=\"1377\">\u2265100.000<\/td>\n<\/tr>\n<tr data-start=\"1378\" data-end=\"1461\">\n<td data-start=\"1378\" data-end=\"1396\" data-col-size=\"sm\">Performans<\/td>\n<td data-col-size=\"sm\" data-start=\"1396\" data-end=\"1418\">Okuma Aral\u0131\u011f\u0131<\/td>\n<td data-col-size=\"md\" data-start=\"1418\" data-end=\"1461\">2\u20133 cm<\/td>\n<\/tr>\n<tr data-start=\"1462\" data-end=\"1545\">\n<td data-start=\"1462\" data-end=\"1480\" data-col-size=\"sm\">Malzemeler<\/td>\n<td data-col-size=\"sm\" data-start=\"1480\" data-end=\"1502\">Konut<\/td>\n<td data-col-size=\"md\" data-start=\"1502\" data-end=\"1545\">ABS \/ Plastik (su ge\u00e7irmez)<\/td>\n<\/tr>\n<tr data-start=\"1546\" data-end=\"1629\">\n<td data-start=\"1546\" data-end=\"1564\" data-col-size=\"sm\">Boyutlar<\/td>\n<td data-start=\"1564\" data-end=\"1586\" data-col-size=\"sm\">Boyut<\/td>\n<td data-col-size=\"md\" data-start=\"1586\" data-end=\"1629\">41 \u00d7 32 mm (\u00f6zelle\u015ftirilebilir)<\/td>\n<\/tr>\n<tr data-start=\"1630\" data-end=\"1722\">\n<td data-start=\"1630\" data-end=\"1648\" data-col-size=\"sm\">Renkler<\/td>\n<td data-col-size=\"sm\" data-start=\"1648\" data-end=\"1670\">Se\u00e7enekler<\/td>\n<td data-col-size=\"md\" data-start=\"1670\" data-end=\"1722\">Siyah, Sar\u0131, K\u0131rm\u0131z\u0131, Ye\u015fil, Mavi, Pembe veya \u00f6zel<\/td>\n<\/tr>\n<tr data-start=\"1723\" data-end=\"1821\">\n<td data-start=\"1723\" data-end=\"1741\" data-col-size=\"sm\">Ki\u015fiselle\u015ftirme<\/td>\n<td data-col-size=\"sm\" data-start=\"1741\" data-end=\"1763\">Zanaat<\/td>\n<td data-col-size=\"md\" data-start=\"1763\" data-end=\"1821\">Tek\/\u00c7ok renkli bask\u0131; Barkod\/QR; Veri kodlama<\/td>\n<\/tr>\n<tr data-start=\"1822\" data-end=\"1906\">\n<td data-start=\"1822\" data-end=\"1840\" data-col-size=\"sm\">\u00c7evre<\/td>\n<td data-start=\"1840\" data-end=\"1862\" data-col-size=\"sm\">\u00c7al\u0131\u015fma S\u0131cakl\u0131\u011f\u0131<\/td>\n<td data-start=\"1862\" data-end=\"1906\" data-col-size=\"md\">-20 \u2103 ila +55 \u2103<\/td>\n<\/tr>\n<tr data-start=\"1907\" data-end=\"1990\">\n<td data-start=\"1907\" data-end=\"1925\" data-col-size=\"sm\">Ambalajlama<\/td>\n<td data-col-size=\"sm\" data-start=\"1925\" data-end=\"1947\">Teslimat Format\u0131<\/td>\n<td data-col-size=\"md\" data-start=\"1947\" data-end=\"1990\">100 adet\/torba; 10 torba\/karton<\/td>\n<\/tr>\n<tr data-start=\"1991\" data-end=\"2082\">\n<td data-start=\"1991\" data-end=\"2009\" data-col-size=\"sm\">Kullan\u0131m \u00d6rnekleri<\/td>\n<td data-start=\"2009\" data-end=\"2031\" data-col-size=\"sm\">Tipik Uygulamalar<\/td>\n<td data-col-size=\"md\" data-start=\"2031\" data-end=\"2082\">Sosyal medya, eri\u015fim kontrol\u00fc, kap\u0131 kilit sistemleri<\/td>\n<\/tr>\n<\/tbody>\n<\/table>\n<\/div>\n<\/div>","protected":false},"excerpt":{"rendered":"<p>NTAG213\u201413,56 MHz, 144 bayt bellek, 2\u20133 cm okuma, su ge\u00e7irmez g\u00f6vde, \u00f6zel renkler\/bask\u0131 ve eri\u015fim ve ak\u0131ll\u0131 ba\u011flant\u0131lar i\u00e7in veri kodlama \u00f6zelliklerine sahip ABS NFC anahtarl\u0131k.<\/p>","protected":false},"featured_media":986,"template":"","meta":{"_gspb_post_css":""},"product_brand":[],"product_cat":[30],"product_tag":[],"class_list":{"0":"post-985","1":"product","2":"type-product","3":"status-publish","4":"has-post-thumbnail","6":"product_cat-rfid-keyfobs","8":"first","9":"instock","10":"shipping-taxable","11":"purchasable","12":"product-type-simple"},"_links":{"self":[{"href":"https:\/\/www.cxjsmartcard.com\/tr\/wp-json\/wp\/v2\/product\/985","targetHints":{"allow":["GET"]}}],"collection":[{"href":"https:\/\/www.cxjsmartcard.com\/tr\/wp-json\/wp\/v2\/product"}],"about":[{"href":"https:\/\/www.cxjsmartcard.com\/tr\/wp-json\/wp\/v2\/types\/product"}],"wp:featuredmedia":[{"embeddable":true,"href":"https:\/\/www.cxjsmartcard.com\/tr\/wp-json\/wp\/v2\/media\/986"}],"wp:attachment":[{"href":"https:\/\/www.cxjsmartcard.com\/tr\/wp-json\/wp\/v2\/media?parent=985"}],"wp:term":[{"taxonomy":"product_brand","embeddable":true,"href":"https:\/\/www.cxjsmartcard.com\/tr\/wp-json\/wp\/v2\/product_brand?post=985"},{"taxonomy":"product_cat","embeddable":true,"href":"https:\/\/www.cxjsmartcard.com\/tr\/wp-json\/wp\/v2\/product_cat?post=985"},{"taxonomy":"product_tag","embeddable":true,"href":"https:\/\/www.cxjsmartcard.com\/tr\/wp-json\/wp\/v2\/product_tag?post=985"}],"curies":[{"name":"wp","href":"https:\/\/api.w.org\/{rel}","templated":true}]}}