{"id":980,"date":"2025-11-03T09:41:24","date_gmt":"2025-11-03T09:41:24","guid":{"rendered":"https:\/\/www.cxjsmartcard.com\/?post_type=product&#038;p=980"},"modified":"2025-12-29T01:27:06","modified_gmt":"2025-12-29T01:27:06","slug":"125khz-tk4100-rfid-key-fob-tag","status":"publish","type":"product","link":"https:\/\/www.cxjsmartcard.com\/tr\/125khz-tk4100-rfid-key-fob-tag\/","title":{"rendered":"125kHz TK4100 RFID Anahtarl\u0131k Etiketi"},"content":{"rendered":"<p data-start=\"42\" data-end=\"301\">G\u00fcnl\u00fck eri\u015fim ve tan\u0131mlama i\u00e7in pasif LF anahtarl\u0131k. Dayan\u0131kl\u0131 g\u00f6vdelere (PPS\/ABS\/epoksi) sahip 125 kHz teknolojisi \u00fczerine kurulu olan bu anahtarl\u0131k, kap\u0131lar, ge\u00e7itler ve ortak kullan\u0131m alanlar\u0131nda sorunsuz da\u011f\u0131t\u0131m i\u00e7in \u00f6zel bask\u0131 ve \u00e7oklu \u00e7ip se\u00e7eneklerini destekler.<\/p>\n<p data-start=\"303\" data-end=\"317\"><strong data-start=\"303\" data-end=\"315\">\u00d6zellikler<\/strong><\/p>\n<ul data-start=\"318\" data-end=\"565\">\n<li data-start=\"318\" data-end=\"363\">\n<p data-start=\"320\" data-end=\"363\">K\u0131sa menzilli musluklar i\u00e7in 125 kHz LF \u00e7al\u0131\u015fmas\u0131<\/p>\n<\/li>\n<li data-start=\"364\" data-end=\"407\">\n<p data-start=\"366\" data-end=\"407\">Dayan\u0131kl\u0131 g\u00f6vdeler: PPS, ABS, epoksi vb.<\/p>\n<\/li>\n<li data-start=\"408\" data-end=\"458\">\n<p data-start=\"410\" data-end=\"458\">\u00d6zelle\u015ftirme: logo ve seri numaras\u0131 bask\u0131s\u0131<\/p>\n<\/li>\n<li data-start=\"459\" data-end=\"510\">\n<p data-start=\"461\" data-end=\"510\">Mevcut sistemlere uyum sa\u011flayacak \u00e7oklu \u00e7ip se\u00e7enekleri<\/p>\n<\/li>\n<li data-start=\"511\" data-end=\"565\">\n<p data-start=\"513\" data-end=\"565\">Geni\u015f renk se\u00e7enekleri (siyah, beyaz, ye\u015fil, mavi vb.)<\/p>\n<\/li>\n<\/ul>\n<p data-start=\"567\" data-end=\"792\"><strong data-start=\"567\" data-end=\"591\">Tipik Uygulamalar<\/strong><br data-start=\"591\" data-end=\"594\" \/>Eri\u015fim kontrol sistemleri \u2022 Kat\u0131l\u0131m kontrol\u00fc \u2022 Kimlik tespiti \u2022 Lojistik ve end\u00fcstriyel otomasyon \u2022 Bilet ve \u00fcyelik \u2022 Toplu ta\u015f\u0131ma \u2022 Nakitsiz e-\u00f6deme \u2022 Y\u00fczme havuzlar\u0131 ve \u00e7ama\u015f\u0131rhaneler.<\/p>\n<p data-start=\"794\" data-end=\"1112\"><strong data-start=\"794\" data-end=\"823\">Yayg\u0131n Anahtarl\u0131klar Hakk\u0131nda Notlar<\/strong><br data-start=\"823\" data-end=\"826\" \/>\u00c7o\u011fu apartman\/daire anahtarl\u0131\u011f\u0131 (havuzlar, spor salonlar\u0131, asans\u00f6rler) \u015funlar\u0131 kullan\u0131r: <strong data-start=\"894\" data-end=\"919\">d\u00fc\u015f\u00fck frekansl\u0131 125 kHz<\/strong> Pasif RFID (\u00f6rne\u011fin, TK4100, T5577, EM4200\/EM4305). Bir anahtarl\u0131k kap\u0131y\u0131 a\u00e7arsa <strong data-start=\"994\" data-end=\"1028\">bireysel daire \u00fcnitesi kap\u0131s\u0131<\/strong>, bu genellikle bir <strong data-start=\"1047\" data-end=\"1075\">y\u00fcksek frekansl\u0131 13,56 MHz<\/strong> sistem (\u00f6rne\u011fin, MIFARE 1K veya NTAG213).<\/p>\n<h2 data-start=\"1114\" data-end=\"1139\">Tablo (\u00d6zellikler)<\/h2>\n<div class=\"_tableContainer_1rjym_1\">\n<div class=\"group _tableWrapper_1rjym_13 flex w-fit flex-col-reverse\" tabindex=\"-1\">\n<table class=\"w-fit min-w-(--thread-content-width)\" data-start=\"1141\" data-end=\"2038\">\n<thead data-start=\"1141\" data-end=\"1230\">\n<tr data-start=\"1141\" data-end=\"1230\">\n<th data-start=\"1141\" data-end=\"1156\" data-col-size=\"sm\">Kategori<\/th>\n<th data-start=\"1156\" data-end=\"1175\" data-col-size=\"sm\">Parametre<\/th>\n<th data-start=\"1175\" data-end=\"1230\" data-col-size=\"lg\">De\u011fer<\/th>\n<\/tr>\n<\/thead>\n<tbody data-start=\"1321\" data-end=\"2038\">\n<tr data-start=\"1321\" data-end=\"1410\">\n<td data-start=\"1321\" data-end=\"1336\" data-col-size=\"sm\">\u00dcr\u00fcn<\/td>\n<td data-start=\"1336\" data-end=\"1355\" data-col-size=\"sm\">Tip<\/td>\n<td data-start=\"1355\" data-end=\"1410\" data-col-size=\"lg\">125kHz TK4100 RFID Anahtarl\u0131k Etiketi<\/td>\n<\/tr>\n<tr data-start=\"1411\" data-end=\"1500\">\n<td data-start=\"1411\" data-end=\"1426\" data-col-size=\"sm\">Malzemeler<\/td>\n<td data-start=\"1426\" data-end=\"1445\" data-col-size=\"sm\">Konut<\/td>\n<td data-start=\"1445\" data-end=\"1500\" data-col-size=\"lg\">PPS, ABS, Epoksi vb.<\/td>\n<\/tr>\n<tr data-start=\"1501\" data-end=\"1590\">\n<td data-start=\"1501\" data-end=\"1516\" data-col-size=\"sm\">RF<\/td>\n<td data-start=\"1516\" data-end=\"1535\" data-col-size=\"sm\">S\u0131kl\u0131k<\/td>\n<td data-start=\"1535\" data-end=\"1590\" data-col-size=\"lg\">125 kHz (LF)<\/td>\n<\/tr>\n<tr data-start=\"1591\" data-end=\"1680\">\n<td data-start=\"1591\" data-end=\"1606\" data-col-size=\"sm\">Bask\u0131<\/td>\n<td data-start=\"1606\" data-end=\"1625\" data-col-size=\"sm\">Se\u00e7enekler<\/td>\n<td data-start=\"1625\" data-end=\"1680\" data-col-size=\"lg\">Logo bask\u0131s\u0131; seri numaralar\u0131<\/td>\n<\/tr>\n<tr data-start=\"1681\" data-end=\"1770\">\n<td data-start=\"1681\" data-end=\"1696\" data-col-size=\"sm\">IC Se\u00e7enekleri<\/td>\n<td data-start=\"1696\" data-end=\"1715\" data-col-size=\"sm\">Mevcut Cipsler<\/td>\n<td data-start=\"1715\" data-end=\"1770\" data-col-size=\"lg\">TK4100; EM4305; EM4200; T5577; di\u011ferleri<\/td>\n<\/tr>\n<tr data-start=\"1771\" data-end=\"1860\">\n<td data-start=\"1771\" data-end=\"1786\" data-col-size=\"sm\">Renkler<\/td>\n<td data-start=\"1786\" data-end=\"1805\" data-col-size=\"sm\">Varyantlar<\/td>\n<td data-start=\"1805\" data-end=\"1860\" data-col-size=\"lg\">Siyah; Beyaz; Ye\u015fil; Mavi; vb.<\/td>\n<\/tr>\n<tr data-start=\"1861\" data-end=\"2038\">\n<td data-start=\"1861\" data-end=\"1876\" data-col-size=\"sm\">Uygulamalar<\/td>\n<td data-start=\"1876\" data-end=\"1895\" data-col-size=\"sm\">Kullan\u0131m \u00d6rnekleri<\/td>\n<td data-start=\"1895\" data-end=\"2038\" data-col-size=\"lg\">Eri\u015fim kontrol\u00fc; kat\u0131l\u0131m; kimlik; lojistik; end\u00fcstriyel otomasyon; biletler; \u00fcyelik; toplu ta\u015f\u0131ma; e-\u00f6deme; y\u00fczme havuzlar\u0131; \u00e7ama\u015f\u0131rhane<\/td>\n<\/tr>\n<\/tbody>\n<\/table>\n<\/div>\n<\/div>","protected":false},"excerpt":{"rendered":"<p>Eri\u015fim kontrol\u00fc ve kimlik i\u00e7in dayan\u0131kl\u0131 125 kHz LF anahtarl\u0131k\u2014PPS\/ABS\/epoksi muhafazalar, \u00e7oklu \u00e7ip se\u00e7enekleri (TK4100\/T5577\/EM serisi), \u00f6zel logo\/seri bask\u0131 ve \u00e7e\u015fitli renkler.<\/p>","protected":false},"featured_media":981,"template":"","meta":{"_gspb_post_css":""},"product_brand":[],"product_cat":[30],"product_tag":[],"class_list":{"0":"post-980","1":"product","2":"type-product","3":"status-publish","4":"has-post-thumbnail","6":"product_cat-rfid-keyfobs","8":"first","9":"instock","10":"shipping-taxable","11":"purchasable","12":"product-type-simple"},"_links":{"self":[{"href":"https:\/\/www.cxjsmartcard.com\/tr\/wp-json\/wp\/v2\/product\/980","targetHints":{"allow":["GET"]}}],"collection":[{"href":"https:\/\/www.cxjsmartcard.com\/tr\/wp-json\/wp\/v2\/product"}],"about":[{"href":"https:\/\/www.cxjsmartcard.com\/tr\/wp-json\/wp\/v2\/types\/product"}],"wp:featuredmedia":[{"embeddable":true,"href":"https:\/\/www.cxjsmartcard.com\/tr\/wp-json\/wp\/v2\/media\/981"}],"wp:attachment":[{"href":"https:\/\/www.cxjsmartcard.com\/tr\/wp-json\/wp\/v2\/media?parent=980"}],"wp:term":[{"taxonomy":"product_brand","embeddable":true,"href":"https:\/\/www.cxjsmartcard.com\/tr\/wp-json\/wp\/v2\/product_brand?post=980"},{"taxonomy":"product_cat","embeddable":true,"href":"https:\/\/www.cxjsmartcard.com\/tr\/wp-json\/wp\/v2\/product_cat?post=980"},{"taxonomy":"product_tag","embeddable":true,"href":"https:\/\/www.cxjsmartcard.com\/tr\/wp-json\/wp\/v2\/product_tag?post=980"}],"curies":[{"name":"wp","href":"https:\/\/api.w.org\/{rel}","templated":true}]}}