{"id":973,"date":"2025-11-03T09:39:57","date_gmt":"2025-11-03T09:39:57","guid":{"rendered":"https:\/\/www.cxjsmartcard.com\/?post_type=product&#038;p=973"},"modified":"2025-12-29T01:27:07","modified_gmt":"2025-12-29T01:27:07","slug":"125khz-t5577-rfid-key-fob-for-access-control","status":"publish","type":"product","link":"https:\/\/www.cxjsmartcard.com\/tr\/125khz-t5577-rfid-key-fob-for-access-control\/","title":{"rendered":"Eri\u015fim Kontrol\u00fc i\u00e7in 125kHz T5577 RFID Anahtarl\u0131k"},"content":{"rendered":"<p data-start=\"56\" data-end=\"324\">G\u00fcvenilir, k\u0131sa menzilli eri\u015fim kontrol\u00fc i\u00e7in T5577 \u00e7ipine dayal\u0131 kompakt LF anahtarl\u0131k. ABS\/PVC\/silikon\/epoksi g\u00f6vdeler g\u00fcnl\u00fck a\u015f\u0131nmaya dayan\u0131kl\u0131d\u0131r, \u00f6zel bask\u0131 ve veri kodlamas\u0131 ise da\u011f\u0131t\u0131m\u0131 h\u0131zl\u0131 ve tutarl\u0131 hale getirir.<\/p>\n<p data-start=\"326\" data-end=\"340\"><strong data-start=\"326\" data-end=\"338\">\u00d6zellikler<\/strong><\/p>\n<ul data-start=\"341\" data-end=\"654\">\n<li data-start=\"341\" data-end=\"385\">\n<p data-start=\"343\" data-end=\"385\">125 kHz LF (T5577), 1\u20132 cm okuma mesafesi<\/p>\n<\/li>\n<li data-start=\"386\" data-end=\"431\">\n<p data-start=\"388\" data-end=\"431\">Dayan\u0131kl\u0131 muhafazalar (ABS\/PVC\/silikon\/epoksi)<\/p>\n<\/li>\n<li data-start=\"432\" data-end=\"495\">\n<p data-start=\"434\" data-end=\"495\">\u00d6zel sanat eseri: serigrafi veya lazer; iste\u011fe ba\u011fl\u0131 UID\/seri\/QR<\/p>\n<\/li>\n<li data-start=\"496\" data-end=\"544\">\n<p data-start=\"498\" data-end=\"544\">Veri hizmetleri: Kimlik kayd\u0131 ve \u00f6n kodlama<\/p>\n<\/li>\n<li data-start=\"545\" data-end=\"586\">\n<p data-start=\"547\" data-end=\"586\">\u00c7al\u0131\u015fma s\u0131cakl\u0131\u011f\u0131 -25 \u00b0C ila 75 \u00b0C<\/p>\n<\/li>\n<li data-start=\"587\" data-end=\"654\">\n<p data-start=\"589\" data-end=\"654\">Talep \u00fczerine OEM se\u00e7enekleri ve geni\u015f \u00e7ip\/frekans deste\u011fi mevcuttur<\/p>\n<\/li>\n<\/ul>\n<p data-start=\"656\" data-end=\"859\"><strong data-start=\"656\" data-end=\"672\">Uygulamalar<\/strong><br data-start=\"672\" data-end=\"675\" \/>Kap\u0131 ve kap\u0131 eri\u015fimi \u2022 E-bilet \u2022 Nakitsiz\/kapal\u0131 devre \u00f6deme \u2022 Zaman ve kat\u0131l\u0131m \u2022 \u00dcyelik\/sadakat \u2022 Toplu ta\u015f\u0131ma \u2022 Havuzlar ve \u00e7ama\u015f\u0131rhane \u2022 Lojistik ve end\u00fcstriyel otomasyon.<\/p>\n<h2 data-start=\"861\" data-end=\"886\">Tablo (\u00d6zellikler)<\/h2>\n<div class=\"_tableContainer_1rjym_1\">\n<div class=\"group _tableWrapper_1rjym_13 flex w-fit flex-col-reverse\" tabindex=\"-1\">\n<table class=\"w-fit min-w-(--thread-content-width)\" data-start=\"888\" data-end=\"1920\">\n<thead data-start=\"888\" data-end=\"971\">\n<tr data-start=\"888\" data-end=\"971\">\n<th data-start=\"888\" data-end=\"906\" data-col-size=\"sm\">Kategori<\/th>\n<th data-start=\"906\" data-end=\"928\" data-col-size=\"sm\">Parametre<\/th>\n<th data-start=\"928\" data-end=\"971\" data-col-size=\"md\">De\u011fer<\/th>\n<\/tr>\n<\/thead>\n<tbody data-start=\"1056\" data-end=\"1920\">\n<tr data-start=\"1056\" data-end=\"1139\">\n<td data-start=\"1056\" data-end=\"1074\" data-col-size=\"sm\">\u00dcr\u00fcn<\/td>\n<td data-col-size=\"sm\" data-start=\"1074\" data-end=\"1096\">Tip<\/td>\n<td data-col-size=\"md\" data-start=\"1096\" data-end=\"1139\">RFID anahtarl\u0131k \/ anahtar etiketi<\/td>\n<\/tr>\n<tr data-start=\"1140\" data-end=\"1223\">\n<td data-start=\"1140\" data-end=\"1158\" data-col-size=\"sm\">Malzemeler<\/td>\n<td data-col-size=\"sm\" data-start=\"1158\" data-end=\"1180\">Konut<\/td>\n<td data-col-size=\"md\" data-start=\"1180\" data-end=\"1223\">ABS \/ PVC \/ Silikon \/ Epoksi<\/td>\n<\/tr>\n<tr data-start=\"1224\" data-end=\"1307\">\n<td data-start=\"1224\" data-end=\"1242\" data-col-size=\"sm\">Boyutlar<\/td>\n<td data-col-size=\"sm\" data-start=\"1242\" data-end=\"1264\">Boyut<\/td>\n<td data-col-size=\"md\" data-start=\"1264\" data-end=\"1307\">38 \u00d7 30 \u00d7 6 mm (\u00f6zelle\u015ftirilebilir)<\/td>\n<\/tr>\n<tr data-start=\"1308\" data-end=\"1392\">\n<td data-start=\"1308\" data-end=\"1326\" data-col-size=\"sm\">\u00c7evre<\/td>\n<td data-col-size=\"sm\" data-start=\"1326\" data-end=\"1348\">\u00c7al\u0131\u015fma S\u0131cakl\u0131\u011f\u0131<\/td>\n<td data-col-size=\"md\" data-start=\"1348\" data-end=\"1392\">-25 \u00b0C ila 75 \u00b0C<\/td>\n<\/tr>\n<tr data-start=\"1393\" data-end=\"1476\">\n<td data-start=\"1393\" data-end=\"1411\" data-col-size=\"sm\">RF<\/td>\n<td data-col-size=\"sm\" data-start=\"1411\" data-end=\"1433\">S\u0131kl\u0131k<\/td>\n<td data-col-size=\"md\" data-start=\"1433\" data-end=\"1476\">125 kHz (LF)<\/td>\n<\/tr>\n<tr data-start=\"1477\" data-end=\"1560\">\n<td data-start=\"1477\" data-end=\"1495\" data-col-size=\"sm\">\u00c7ip<\/td>\n<td data-start=\"1495\" data-end=\"1517\" data-col-size=\"sm\">Model<\/td>\n<td data-col-size=\"md\" data-start=\"1517\" data-end=\"1560\">T5577<\/td>\n<\/tr>\n<tr data-start=\"1561\" data-end=\"1644\">\n<td data-start=\"1561\" data-end=\"1579\" data-col-size=\"sm\">Performans<\/td>\n<td data-start=\"1579\" data-end=\"1601\" data-col-size=\"sm\">Okuma Mesafesi<\/td>\n<td data-start=\"1601\" data-end=\"1644\" data-col-size=\"md\">1\u20132 cm (okuyucuya ba\u011fl\u0131)<\/td>\n<\/tr>\n<tr data-start=\"1645\" data-end=\"1728\">\n<td data-start=\"1645\" data-end=\"1663\" data-col-size=\"sm\">Ki\u015fiselle\u015ftirme<\/td>\n<td data-col-size=\"sm\" data-start=\"1663\" data-end=\"1685\">Bask\u0131<\/td>\n<td data-col-size=\"md\" data-start=\"1685\" data-end=\"1728\">Serigrafi veya lazer<\/td>\n<\/tr>\n<tr data-start=\"1729\" data-end=\"1812\">\n<td data-start=\"1729\" data-end=\"1747\" data-col-size=\"sm\">Veri Hizmetleri<\/td>\n<td data-col-size=\"sm\" data-start=\"1747\" data-end=\"1769\">Se\u00e7enekler<\/td>\n<td data-col-size=\"md\" data-start=\"1769\" data-end=\"1812\">UID\/seri\/QR; veri kodlama\/kimlik kayd\u0131<\/td>\n<\/tr>\n<tr data-start=\"1813\" data-end=\"1920\">\n<td data-start=\"1813\" data-end=\"1831\" data-col-size=\"sm\">Kullan\u0131m \u00d6rnekleri<\/td>\n<td data-start=\"1831\" data-end=\"1853\" data-col-size=\"sm\">Tipik Uygulamalar<\/td>\n<td data-col-size=\"md\" data-start=\"1853\" data-end=\"1920\">Eri\u015fim kontrol\u00fc, e-bilet, \u00f6deme, kat\u0131l\u0131m, kimlik, lojistik<\/td>\n<\/tr>\n<\/tbody>\n<\/table>\n<\/div>\n<\/div>","protected":false},"excerpt":{"rendered":"<p>1\u20132 cm okuma mesafesine sahip dayan\u0131kl\u0131 125 kHz T5577 RFID anahtarl\u0131k. ABS\/PVC\/silikon\/epoksi g\u00f6vdeler, \u00f6zel bask\u0131 (lazer\/serigrafi) ve g\u00fcvenli eri\u015fim kontrol\u00fc i\u00e7in veri kodlama.<\/p>","protected":false},"featured_media":974,"template":"","meta":{"_gspb_post_css":""},"product_brand":[],"product_cat":[30],"product_tag":[],"class_list":{"0":"post-973","1":"product","2":"type-product","3":"status-publish","4":"has-post-thumbnail","6":"product_cat-rfid-keyfobs","8":"first","9":"instock","10":"shipping-taxable","11":"purchasable","12":"product-type-simple"},"_links":{"self":[{"href":"https:\/\/www.cxjsmartcard.com\/tr\/wp-json\/wp\/v2\/product\/973","targetHints":{"allow":["GET"]}}],"collection":[{"href":"https:\/\/www.cxjsmartcard.com\/tr\/wp-json\/wp\/v2\/product"}],"about":[{"href":"https:\/\/www.cxjsmartcard.com\/tr\/wp-json\/wp\/v2\/types\/product"}],"wp:featuredmedia":[{"embeddable":true,"href":"https:\/\/www.cxjsmartcard.com\/tr\/wp-json\/wp\/v2\/media\/974"}],"wp:attachment":[{"href":"https:\/\/www.cxjsmartcard.com\/tr\/wp-json\/wp\/v2\/media?parent=973"}],"wp:term":[{"taxonomy":"product_brand","embeddable":true,"href":"https:\/\/www.cxjsmartcard.com\/tr\/wp-json\/wp\/v2\/product_brand?post=973"},{"taxonomy":"product_cat","embeddable":true,"href":"https:\/\/www.cxjsmartcard.com\/tr\/wp-json\/wp\/v2\/product_cat?post=973"},{"taxonomy":"product_tag","embeddable":true,"href":"https:\/\/www.cxjsmartcard.com\/tr\/wp-json\/wp\/v2\/product_tag?post=973"}],"curies":[{"name":"wp","href":"https:\/\/api.w.org\/{rel}","templated":true}]}}