{"id":968,"date":"2025-11-03T09:36:20","date_gmt":"2025-11-03T09:36:20","guid":{"rendered":"https:\/\/www.cxjsmartcard.com\/?post_type=product&#038;p=968"},"modified":"2025-12-29T01:27:07","modified_gmt":"2025-12-29T01:27:07","slug":"on-duty-rfid-nfc-token-for-patrol-checkpoint","status":"publish","type":"product","link":"https:\/\/www.cxjsmartcard.com\/tr\/on-duty-rfid-nfc-token-for-patrol-checkpoint\/","title":{"rendered":"Devriye Kontrol Noktas\u0131 i\u00e7in G\u00f6rev Ba\u015f\u0131nda RFID NFC Jetonu"},"content":{"rendered":"<p data-start=\"56\" data-end=\"363\">ABS g\u00f6vdeli, sa\u011flam NFC\/HF devriye jetonu, d\u0131\u015f mekan kontrol noktalar\u0131 ve zorlu ortamlar i\u00e7in tasarlanm\u0131\u015ft\u0131r. UV \u0131\u015f\u0131nlar\u0131na, suya ve korozyona dayan\u0131kl\u0131d\u0131r, ortas\u0131ndaki vida deli\u011fi veya yap\u0131\u015fkanl\u0131 arka y\u00fczeyi ile monte edilir ve telefonlar veya ISO 14443A okuyucularla h\u0131zl\u0131 bir \u015fekilde okunur.<\/p>\n<p data-start=\"365\" data-end=\"383\"><strong data-start=\"365\" data-end=\"381\">Temel \u00d6zellikler<\/strong><\/p>\n<ul data-start=\"384\" data-end=\"728\">\n<li data-start=\"384\" data-end=\"444\">\n<p data-start=\"386\" data-end=\"444\">ABS g\u00f6vde; UV \u0131\u015f\u0131nlar\u0131na dayan\u0131kl\u0131, su ge\u00e7irmez, hava ko\u015fullar\u0131na dayan\u0131kl\u0131<\/p>\n<\/li>\n<li data-start=\"445\" data-end=\"517\">\n<p data-start=\"447\" data-end=\"517\">\u00c7elik y\u00fczeylerde g\u00fcvenilir okumalar i\u00e7in iste\u011fe ba\u011fl\u0131 metal \u00fcst\u00fc uyumluluk<\/p>\n<\/li>\n<li data-start=\"518\" data-end=\"569\">\n<p data-start=\"520\" data-end=\"569\">B\u00f6lge\/rota kodlamas\u0131 i\u00e7in birden fazla boyut ve renk<\/p>\n<\/li>\n<li data-start=\"570\" data-end=\"616\">\n<p data-start=\"572\" data-end=\"616\">Serigrafi veya lazerle kaz\u0131nm\u0131\u015f logo\/numaraland\u0131rma<\/p>\n<\/li>\n<li data-start=\"617\" data-end=\"676\">\n<p data-start=\"619\" data-end=\"676\">Okuma aral\u0131\u011f\u0131 (HF): 2\u201310 cm (okuyucuya\/ortama ba\u011fl\u0131)<\/p>\n<\/li>\n<li data-start=\"677\" data-end=\"728\">\n<p data-start=\"679\" data-end=\"728\">LF\/HF\/UHF da\u011f\u0131t\u0131mlar\u0131 i\u00e7in mevcut \u00e7ip aileleri<\/p>\n<\/li>\n<\/ul>\n<p data-start=\"730\" data-end=\"912\"><strong data-start=\"730\" data-end=\"746\">Uygulamalar<\/strong><br data-start=\"746\" data-end=\"749\" \/>Muhaf\u0131z turu kontrol noktalar\u0131 \u2022 Bak\u0131m ve denetim noktalar\u0131 \u2022 Lojistik, kamu hizmetleri, demiryollar\u0131, petrol sahalar\u0131, bankalar, m\u00fczeler, havaalanlar\u0131 ve daha fazlas\u0131nda varl\u0131k\/kap\u0131\/ge\u00e7it kimlikleri.<\/p>\n<p data-start=\"914\" data-end=\"1035\"><strong data-start=\"914\" data-end=\"930\">Kurulum<\/strong><br data-start=\"930\" data-end=\"933\" \/>Kal\u0131c\u0131 montaj i\u00e7in ortadaki delikten vidalay\u0131n veya yap\u0131\u015fkanl\u0131 k\u0131sm\u0131 temiz ve kuru y\u00fczeylerde kullan\u0131n.<\/p>\n<p data-start=\"1037\" data-end=\"1277\"><strong data-start=\"1037\" data-end=\"1050\">H\u0131zl\u0131 SSS<\/strong><br data-start=\"1050\" data-end=\"1053\" \/><strong data-start=\"1053\" data-end=\"1083\">\u0130phone&#039;da okunabilir mi?<\/strong> Evet, modern iPhone&#039;lar standart NFC etiketlerini tarar.<br data-start=\"1126\" data-end=\"1129\" \/><strong data-start=\"1129\" data-end=\"1159\">Kaplamal\u0131 \u00e7elik \u00fczerine uygulanabilir mi?<\/strong> Evet, koruma katman\u0131 okumalar\u0131 sabit tutar.<br data-start=\"1203\" data-end=\"1206\" \/><strong data-start=\"1206\" data-end=\"1227\">Su ge\u00e7irmez mi?<\/strong> Evet, kapal\u0131 ABS kabuk d\u0131\u015f hava ko\u015fullar\u0131na dayan\u0131kl\u0131d\u0131r.<\/p>\n<h2 data-start=\"1279\" data-end=\"1304\">Tablo (\u00d6zellikler)<\/h2>\n<div class=\"_tableContainer_1rjym_1\">\n<div class=\"group _tableWrapper_1rjym_13 flex w-fit flex-col-reverse\" tabindex=\"-1\">\n<table class=\"w-fit min-w-(--thread-content-width)\" data-start=\"1306\" data-end=\"3019\">\n<thead data-start=\"1306\" data-end=\"1420\">\n<tr data-start=\"1306\" data-end=\"1420\">\n<th data-start=\"1306\" data-end=\"1324\" data-col-size=\"sm\">Kategori<\/th>\n<th data-start=\"1324\" data-end=\"1347\" data-col-size=\"sm\">Parametre<\/th>\n<th data-start=\"1347\" data-end=\"1420\" data-col-size=\"md\">De\u011fer<\/th>\n<\/tr>\n<\/thead>\n<tbody data-start=\"1536\" data-end=\"3019\">\n<tr data-start=\"1536\" data-end=\"1649\">\n<td data-start=\"1536\" data-end=\"1554\" data-col-size=\"sm\">\u00dcr\u00fcn<\/td>\n<td data-start=\"1554\" data-end=\"1577\" data-col-size=\"sm\">Form Fakt\u00f6r\u00fc<\/td>\n<td data-start=\"1577\" data-end=\"1649\" data-col-size=\"md\">ABS RFID\/NFC devriye jetonu<\/td>\n<\/tr>\n<tr data-start=\"1650\" data-end=\"1763\">\n<td data-start=\"1650\" data-end=\"1668\" data-col-size=\"sm\">Malzemeler<\/td>\n<td data-start=\"1668\" data-end=\"1691\" data-col-size=\"sm\">Konut<\/td>\n<td data-col-size=\"md\" data-start=\"1691\" data-end=\"1763\">ABS, s\u0131zd\u0131rmaz, UV \u0131\u015f\u0131nlar\u0131na dayan\u0131kl\u0131, su ge\u00e7irmez<\/td>\n<\/tr>\n<tr data-start=\"1764\" data-end=\"1878\">\n<td data-start=\"1764\" data-end=\"1782\" data-col-size=\"sm\">Metal \u00dczerinde<\/td>\n<td data-col-size=\"sm\" data-start=\"1782\" data-end=\"1805\">Uyumluluk<\/td>\n<td data-col-size=\"md\" data-start=\"1805\" data-end=\"1878\">\u0130ste\u011fe ba\u011fl\u0131 koruma katman\u0131<\/td>\n<\/tr>\n<tr data-start=\"1879\" data-end=\"1992\">\n<td data-start=\"1879\" data-end=\"1897\" data-col-size=\"sm\">Boyutlar<\/td>\n<td data-start=\"1897\" data-end=\"1920\" data-col-size=\"sm\">\u00c7ap Se\u00e7enekleri<\/td>\n<td data-start=\"1920\" data-end=\"1992\" data-col-size=\"md\">\u00d835 \/ \u00d830 \/ \u00d828 \/ \u00d820 \/ \u00d812 mm<\/td>\n<\/tr>\n<tr data-start=\"1993\" data-end=\"2106\">\n<td data-start=\"1993\" data-end=\"2011\" data-col-size=\"sm\">Renkler<\/td>\n<td data-col-size=\"sm\" data-start=\"2011\" data-end=\"2034\">Standart Se\u00e7enekler<\/td>\n<td data-col-size=\"md\" data-start=\"2034\" data-end=\"2106\">Beyaz, Siyah, Mavi, Ye\u015fil, Sar\u0131, K\u0131rm\u0131z\u0131, Turuncu, Gri<\/td>\n<\/tr>\n<tr data-start=\"2107\" data-end=\"2220\">\n<td data-start=\"2107\" data-end=\"2125\" data-col-size=\"sm\">RF (HF\/NFC)<\/td>\n<td data-start=\"2125\" data-end=\"2148\" data-col-size=\"sm\">Frekans \/ Standart<\/td>\n<td data-start=\"2148\" data-end=\"2220\" data-col-size=\"md\">13,56 MHz; ISO 14443A<\/td>\n<\/tr>\n<tr data-start=\"2221\" data-end=\"2334\">\n<td data-start=\"2221\" data-end=\"2239\" data-col-size=\"sm\">Cipsler (HF)<\/td>\n<td data-col-size=\"sm\" data-start=\"2239\" data-end=\"2262\">Se\u00e7enekler<\/td>\n<td data-col-size=\"md\" data-start=\"2262\" data-end=\"2334\">S50 (MIFARE Klasik 1K), NTAG213 \/ NTAG215 \/ NTAG216<\/td>\n<\/tr>\n<tr data-start=\"2335\" data-end=\"2448\">\n<td data-start=\"2335\" data-end=\"2353\" data-col-size=\"sm\">Okuma Aral\u0131\u011f\u0131<\/td>\n<td data-col-size=\"sm\" data-start=\"2353\" data-end=\"2376\">Mesafe (HF)<\/td>\n<td data-col-size=\"md\" data-start=\"2376\" data-end=\"2448\">2\u201310 cm (cihaza\/ortama ba\u011fl\u0131)<\/td>\n<\/tr>\n<tr data-start=\"2449\" data-end=\"2562\">\n<td data-start=\"2449\" data-end=\"2467\" data-col-size=\"sm\">Di\u011fer Gruplar<\/td>\n<td data-start=\"2467\" data-end=\"2490\" data-col-size=\"sm\">Se\u00e7enekler<\/td>\n<td data-col-size=\"md\" data-start=\"2490\" data-end=\"2562\">125 kHz (LF) veya 860\u2013960 MHz (UHF) mevcuttur<\/td>\n<\/tr>\n<tr data-start=\"2563\" data-end=\"2676\">\n<td data-start=\"2563\" data-end=\"2581\" data-col-size=\"sm\">Ki\u015fiselle\u015ftirme<\/td>\n<td data-start=\"2581\" data-end=\"2604\" data-col-size=\"sm\">Bask\u0131\/\u0130\u015faretleme<\/td>\n<td data-col-size=\"md\" data-start=\"2604\" data-end=\"2676\">Serigrafi veya lazer logo\/numaraland\u0131rma<\/td>\n<\/tr>\n<tr data-start=\"2677\" data-end=\"2791\">\n<td data-start=\"2677\" data-end=\"2695\" data-col-size=\"sm\">Montaj<\/td>\n<td data-start=\"2695\" data-end=\"2718\" data-col-size=\"sm\">Y\u00f6ntemler<\/td>\n<td data-col-size=\"md\" data-start=\"2718\" data-end=\"2791\">Orta vida deli\u011fi veya yap\u0131\u015fkan arka taraf<\/td>\n<\/tr>\n<tr data-start=\"2792\" data-end=\"2905\">\n<td data-start=\"2792\" data-end=\"2810\" data-col-size=\"sm\">Nitelikler<\/td>\n<td data-col-size=\"sm\" data-start=\"2810\" data-end=\"2833\">Koruma<\/td>\n<td data-col-size=\"md\" data-start=\"2833\" data-end=\"2905\">Su ge\u00e7irmez, hava ko\u015fullar\u0131na dayan\u0131kl\u0131, korozyona dayan\u0131kl\u0131<\/td>\n<\/tr>\n<tr data-start=\"2906\" data-end=\"3019\">\n<td data-start=\"2906\" data-end=\"2924\" data-col-size=\"sm\">Kullan\u0131m \u00d6rnekleri<\/td>\n<td data-start=\"2924\" data-end=\"2947\" data-col-size=\"sm\">Tipik End\u00fcstriler<\/td>\n<td data-col-size=\"md\" data-start=\"2947\" data-end=\"3019\">Lojistik, g\u00fcvenlik, kamu hizmetleri, transit, petrol ve gaz, emlak y\u00f6netimi.<\/td>\n<\/tr>\n<\/tbody>\n<\/table>\n<\/div>\n<\/div>","protected":false},"excerpt":{"rendered":"<p>Muhaf\u0131z turlar\u0131 i\u00e7in ABS devriye jetonu\u2014NFC\/HF ISO 14443A, 2\u201310 cm okuma, UV \u0131\u015f\u0131nlar\u0131na dayan\u0131kl\u0131 ve su ge\u00e7irmez, iste\u011fe ba\u011fl\u0131 metal \u00fczeri tasar\u0131m, vidal\u0131 veya yap\u0131\u015fkanl\u0131 montaj, birden fazla boyut\/renk.<\/p>","protected":false},"featured_media":970,"template":"","meta":{"_gspb_post_css":""},"product_brand":[],"product_cat":[29],"product_tag":[],"class_list":{"0":"post-968","1":"product","2":"type-product","3":"status-publish","4":"has-post-thumbnail","6":"product_cat-nfc-tags","8":"first","9":"instock","10":"shipping-taxable","11":"purchasable","12":"product-type-simple"},"_links":{"self":[{"href":"https:\/\/www.cxjsmartcard.com\/tr\/wp-json\/wp\/v2\/product\/968","targetHints":{"allow":["GET"]}}],"collection":[{"href":"https:\/\/www.cxjsmartcard.com\/tr\/wp-json\/wp\/v2\/product"}],"about":[{"href":"https:\/\/www.cxjsmartcard.com\/tr\/wp-json\/wp\/v2\/types\/product"}],"wp:featuredmedia":[{"embeddable":true,"href":"https:\/\/www.cxjsmartcard.com\/tr\/wp-json\/wp\/v2\/media\/970"}],"wp:attachment":[{"href":"https:\/\/www.cxjsmartcard.com\/tr\/wp-json\/wp\/v2\/media?parent=968"}],"wp:term":[{"taxonomy":"product_brand","embeddable":true,"href":"https:\/\/www.cxjsmartcard.com\/tr\/wp-json\/wp\/v2\/product_brand?post=968"},{"taxonomy":"product_cat","embeddable":true,"href":"https:\/\/www.cxjsmartcard.com\/tr\/wp-json\/wp\/v2\/product_cat?post=968"},{"taxonomy":"product_tag","embeddable":true,"href":"https:\/\/www.cxjsmartcard.com\/tr\/wp-json\/wp\/v2\/product_tag?post=968"}],"curies":[{"name":"wp","href":"https:\/\/api.w.org\/{rel}","templated":true}]}}