{"id":961,"date":"2025-11-03T09:31:55","date_gmt":"2025-11-03T09:31:55","guid":{"rendered":"https:\/\/www.cxjsmartcard.com\/?post_type=product&#038;p=961"},"modified":"2025-12-29T01:27:07","modified_gmt":"2025-12-29T01:27:07","slug":"nxp-ntag213-215-216-nfc-sticker-labels","status":"publish","type":"product","link":"https:\/\/www.cxjsmartcard.com\/tr\/nxp-ntag213-215-216-nfc-sticker-labels\/","title":{"rendered":"NXP NTAG213\/215\/216 NFC Etiket Etiketleri"},"content":{"rendered":"<p data-start=\"50\" data-end=\"436\">Ak\u0131ll\u0131 telefonlar ve ISO 14443A okuyucularla h\u0131zl\u0131 ve g\u00fcvenilir ileti\u015fim i\u00e7in NXP NTAG213\/215\/216 tabanl\u0131 NFC etiket etiketleri. NDEF deste\u011fiyle NFC Forum Tip 2 Etiketi ile tamamen uyumlu olan bu etiketler, ak\u0131ll\u0131 pazarlama, \u00fcr\u00fcn kimlik do\u011frulama, raf etiketleri, biletler ve etkinlikler i\u00e7in idealdir. Kompakt boyutlar\u0131, y\u00fcksek RF performans\u0131 ve g\u00fc\u00e7l\u00fc g\u00fcvenlik \u00f6zellikleri, \u00f6l\u00e7eklenebilir bir \u015fekilde da\u011f\u0131t\u0131lmalar\u0131n\u0131 kolayla\u015ft\u0131r\u0131r.<\/p>\n<p data-start=\"438\" data-end=\"456\"><strong data-start=\"438\" data-end=\"454\">Temel \u00d6zellikler<\/strong><\/p>\n<ul data-start=\"457\" data-end=\"964\">\n<li data-start=\"457\" data-end=\"517\">\n<p data-start=\"459\" data-end=\"517\">HF 13,56 MHz; ISO\/IEC 14443 Tip A; NFC Forum Tip 2 Etiketi<\/p>\n<\/li>\n<li data-start=\"518\" data-end=\"590\">\n<p data-start=\"520\" data-end=\"590\">\u00c7oklu etiket ortamlar\u0131 i\u00e7in \u00e7arp\u0131\u015fma \u00f6nleme \u00f6zelli\u011fine sahip y\u00fcksek tarama g\u00fcvenilirli\u011fi<\/p>\n<\/li>\n<li data-start=\"591\" data-end=\"707\">\n<p data-start=\"593\" data-end=\"707\">G\u00fcvenlik: \u00fcretici 7 bayt UID, ECC \u00f6zg\u00fcnl\u00fck imzas\u0131, 32 bit parola, OTP bitleri, sahada programlanabilir kilit<\/p>\n<\/li>\n<li data-start=\"708\" data-end=\"798\">\n<p data-start=\"710\" data-end=\"798\">Veri h\u0131z\u0131 106 kbit\/s; URL&#039;ler, kimlikler, Wi-Fi\/Bluetooth e\u015fle\u015ftirmesi, ki\u015fi kartlar\u0131 i\u00e7in NDEF uyumlu<\/p>\n<\/li>\n<li data-start=\"799\" data-end=\"874\">\n<p data-start=\"801\" data-end=\"874\">Malzemeler: PVC\/ka\u011f\u0131t\/kaplamal\u0131 ka\u011f\u0131t; rulo halinde veya tek par\u00e7a halinde temin edilir<\/p>\n<\/li>\n<li data-start=\"875\" data-end=\"964\">\n<p data-start=\"877\" data-end=\"964\">\u00d6zel bask\u0131 ve veri hizmetleri: logo, grafik, seri\/UID, QR\/barkod, \u00f6n kodlama<\/p>\n<\/li>\n<\/ul>\n<p data-start=\"966\" data-end=\"1138\"><strong data-start=\"966\" data-end=\"982\">Uygulamalar<\/strong><br data-start=\"982\" data-end=\"985\" \/>Ak\u0131ll\u0131 pazarlama ve reklamc\u0131l\u0131k \u2022 \u00dcr\u00fcn kimlik do\u011frulamas\u0131 \u2022 NFC raf etiketleri \u2022 Kartvizitler ve \u00fcyelik\/etkinlik ge\u00e7i\u015fleri \u2022 H\u0131zl\u0131 Bluetooth\/Wi-Fi e\u015fle\u015ftirmesi.<\/p>\n<h2 data-start=\"1140\" data-end=\"1165\">Tablo (\u00d6zellikler)<\/h2>\n<div class=\"_tableContainer_1rjym_1\">\n<div class=\"group _tableWrapper_1rjym_13 flex w-fit flex-col-reverse\" tabindex=\"-1\">\n<table class=\"w-fit min-w-(--thread-content-width)\" data-start=\"1167\" data-end=\"3012\">\n<thead data-start=\"1167\" data-end=\"1289\">\n<tr data-start=\"1167\" data-end=\"1289\">\n<th data-start=\"1167\" data-end=\"1188\" data-col-size=\"sm\">Kategori<\/th>\n<th data-start=\"1188\" data-end=\"1216\" data-col-size=\"sm\">Parametre<\/th>\n<th data-start=\"1216\" data-end=\"1289\" data-col-size=\"md\">De\u011fer<\/th>\n<\/tr>\n<\/thead>\n<tbody data-start=\"1413\" data-end=\"3012\">\n<tr data-start=\"1413\" data-end=\"1534\">\n<td data-start=\"1413\" data-end=\"1434\" data-col-size=\"sm\">\u00dcr\u00fcn<\/td>\n<td data-start=\"1434\" data-end=\"1462\" data-col-size=\"sm\">\u0130sim<\/td>\n<td data-col-size=\"md\" data-start=\"1462\" data-end=\"1534\">NXP NTAG213 \/ NTAG215 \/ NTAG216 NFC Etiket Etiketi<\/td>\n<\/tr>\n<tr data-start=\"1535\" data-end=\"1657\">\n<td data-start=\"1535\" data-end=\"1556\" data-col-size=\"sm\">IC<\/td>\n<td data-col-size=\"sm\" data-start=\"1556\" data-end=\"1584\">\u00c7ip Modelleri<\/td>\n<td data-col-size=\"md\" data-start=\"1584\" data-end=\"1657\">NTAG213, NTAG215, NTAG216 (\u00f6zel se\u00e7enekler mevcuttur)<\/td>\n<\/tr>\n<tr data-start=\"1658\" data-end=\"1781\">\n<td data-start=\"1658\" data-end=\"1679\" data-col-size=\"sm\">RF<\/td>\n<td data-start=\"1679\" data-end=\"1707\" data-col-size=\"sm\">S\u0131kl\u0131k<\/td>\n<td data-start=\"1707\" data-end=\"1781\" data-col-size=\"md\">13,56 MHz (HF)<\/td>\n<\/tr>\n<tr data-start=\"1782\" data-end=\"1904\">\n<td data-start=\"1782\" data-end=\"1803\" data-col-size=\"sm\"><\/td>\n<td data-col-size=\"sm\" data-start=\"1803\" data-end=\"1831\">Protokol<\/td>\n<td data-col-size=\"md\" data-start=\"1831\" data-end=\"1904\">ISO\/IEC 14443 Tip A; NFC Forum Tip 2 Etiketi<\/td>\n<\/tr>\n<tr data-start=\"1905\" data-end=\"2028\">\n<td data-start=\"1905\" data-end=\"1926\" data-col-size=\"sm\">Performans<\/td>\n<td data-col-size=\"sm\" data-start=\"1926\" data-end=\"1954\">\u0130leti\u015fim Oran\u0131<\/td>\n<td data-col-size=\"md\" data-start=\"1954\" data-end=\"2028\">106 kbit\/s<\/td>\n<\/tr>\n<tr data-start=\"2029\" data-end=\"2151\">\n<td data-start=\"2029\" data-end=\"2050\" data-col-size=\"sm\">\u00c7arp\u0131\u015fma \u00f6nleme<\/td>\n<td data-start=\"2050\" data-end=\"2078\" data-col-size=\"sm\">\u00c7oklu Etiket Deste\u011fi<\/td>\n<td data-start=\"2078\" data-end=\"2151\" data-col-size=\"md\">Evet\u2014alandaki etiketleri tek tek se\u00e7er<\/td>\n<\/tr>\n<tr data-start=\"2152\" data-end=\"2274\">\n<td data-start=\"2152\" data-end=\"2173\" data-col-size=\"sm\">G\u00fcvenlik<\/td>\n<td data-col-size=\"sm\" data-start=\"2173\" data-end=\"2201\">\u00d6zellikler<\/td>\n<td data-col-size=\"md\" data-start=\"2201\" data-end=\"2274\">7 bayt UID; ECC \u00f6zg\u00fcnl\u00fck imzas\u0131; 32 bit parola; OTP; kilit bitleri<\/td>\n<\/tr>\n<tr data-start=\"2275\" data-end=\"2397\">\n<td data-start=\"2275\" data-end=\"2296\" data-col-size=\"sm\">Malzemeler<\/td>\n<td data-col-size=\"sm\" data-start=\"2296\" data-end=\"2324\">Y\u00fcz\/Alt Tabaka<\/td>\n<td data-col-size=\"md\" data-start=\"2324\" data-end=\"2397\">PVC, ka\u011f\u0131t, ku\u015fe ka\u011f\u0131t<\/td>\n<\/tr>\n<tr data-start=\"2398\" data-end=\"2520\">\n<td data-start=\"2398\" data-end=\"2419\" data-col-size=\"sm\">Boyutlar<\/td>\n<td data-col-size=\"sm\" data-start=\"2419\" data-end=\"2447\">Standart Boyutlar<\/td>\n<td data-col-size=\"md\" data-start=\"2447\" data-end=\"2520\">\u00d825 \/ 30 \/ 35 \/ 40 \/ 45 \/ 50 mm; \u00f6zel \u00f6l\u00e7\u00fc ve \u015fekillerde<\/td>\n<\/tr>\n<tr data-start=\"2521\" data-end=\"2643\">\n<td data-start=\"2521\" data-end=\"2542\" data-col-size=\"sm\">Ki\u015fiselle\u015ftirme<\/td>\n<td data-col-size=\"sm\" data-start=\"2542\" data-end=\"2570\">Bask\u0131\/Ambalaj<\/td>\n<td data-col-size=\"md\" data-start=\"2570\" data-end=\"2643\">Logo, grafik, QR, seri numaras\u0131; makaral\u0131 veya tek par\u00e7al\u0131 ambalaj<\/td>\n<\/tr>\n<tr data-start=\"2644\" data-end=\"2766\">\n<td data-start=\"2644\" data-end=\"2665\" data-col-size=\"sm\">Veri Hizmetleri<\/td>\n<td data-start=\"2665\" data-end=\"2693\" data-col-size=\"sm\">Kodlama<\/td>\n<td data-col-size=\"md\" data-start=\"2693\" data-end=\"2766\">NDEF\/EPC \u00f6n kodlamas\u0131 mevcuttur<\/td>\n<\/tr>\n<tr data-start=\"2767\" data-end=\"2889\">\n<td data-start=\"2767\" data-end=\"2788\" data-col-size=\"sm\">Avantajlar\u0131<\/td>\n<td data-col-size=\"sm\" data-start=\"2788\" data-end=\"2816\">\u00d6nemli Noktalar<\/td>\n<td data-col-size=\"md\" data-start=\"2816\" data-end=\"2889\">K\u00fc\u00e7\u00fck ayak izi, h\u0131zl\u0131 okuma, y\u00fcksek RF performans\u0131, g\u00fcvenli, esnek<\/td>\n<\/tr>\n<tr data-start=\"2890\" data-end=\"3012\">\n<td data-start=\"2890\" data-end=\"2911\" data-col-size=\"sm\">Uygulamalar<\/td>\n<td data-col-size=\"sm\" data-start=\"2911\" data-end=\"2939\">Tipik Kullan\u0131m \u00d6rnekleri<\/td>\n<td data-col-size=\"md\" data-start=\"2939\" data-end=\"3012\">Pazarlama, kimlik do\u011frulama, raf etiketleri, kartlar, e\u015fle\u015ftirme<\/td>\n<\/tr>\n<\/tbody>\n<\/table>\n<\/div>\n<\/div>","protected":false},"excerpt":{"rendered":"<p>Pazarlama, kimlik do\u011frulama ve etkinlikler i\u00e7in NXP NTAG213\/215\/216\u201413,56 MHz, ISO 14443A, g\u00fcvenli \u00f6zellikler, NDEF haz\u0131rl\u0131\u011f\u0131 ve \u00f6zelle\u015ftirilebilir bask\u0131\/kodlama \u00f6zelliklerine sahip NFC etiket etiketleri.<\/p>","protected":false},"featured_media":962,"template":"","meta":{"_gspb_post_css":""},"product_brand":[],"product_cat":[29],"product_tag":[],"class_list":{"0":"post-961","1":"product","2":"type-product","3":"status-publish","4":"has-post-thumbnail","6":"product_cat-nfc-tags","8":"first","9":"instock","10":"shipping-taxable","11":"purchasable","12":"product-type-simple"},"_links":{"self":[{"href":"https:\/\/www.cxjsmartcard.com\/tr\/wp-json\/wp\/v2\/product\/961","targetHints":{"allow":["GET"]}}],"collection":[{"href":"https:\/\/www.cxjsmartcard.com\/tr\/wp-json\/wp\/v2\/product"}],"about":[{"href":"https:\/\/www.cxjsmartcard.com\/tr\/wp-json\/wp\/v2\/types\/product"}],"wp:featuredmedia":[{"embeddable":true,"href":"https:\/\/www.cxjsmartcard.com\/tr\/wp-json\/wp\/v2\/media\/962"}],"wp:attachment":[{"href":"https:\/\/www.cxjsmartcard.com\/tr\/wp-json\/wp\/v2\/media?parent=961"}],"wp:term":[{"taxonomy":"product_brand","embeddable":true,"href":"https:\/\/www.cxjsmartcard.com\/tr\/wp-json\/wp\/v2\/product_brand?post=961"},{"taxonomy":"product_cat","embeddable":true,"href":"https:\/\/www.cxjsmartcard.com\/tr\/wp-json\/wp\/v2\/product_cat?post=961"},{"taxonomy":"product_tag","embeddable":true,"href":"https:\/\/www.cxjsmartcard.com\/tr\/wp-json\/wp\/v2\/product_tag?post=961"}],"curies":[{"name":"wp","href":"https:\/\/api.w.org\/{rel}","templated":true}]}}