{"id":954,"date":"2025-11-03T09:30:20","date_gmt":"2025-11-03T09:30:20","guid":{"rendered":"https:\/\/www.cxjsmartcard.com\/?post_type=product&#038;p=954"},"modified":"2025-12-29T01:27:07","modified_gmt":"2025-12-29T01:27:07","slug":"nxp-mifare-ultralight-ev1-nfc-sticker","status":"publish","type":"product","link":"https:\/\/www.cxjsmartcard.com\/tr\/nxp-mifare-ultralight-ev1-nfc-sticker\/","title":{"rendered":"NXP MIFARE Ultralight EV1 NFC Etiketi"},"content":{"rendered":"<p data-start=\"49\" data-end=\"419\">G\u00fcvenli, h\u0131zl\u0131 ve telefonla uyumlu dokunma deneyimleri i\u00e7in MIFARE Ultralight\u00ae EV1 tabanl\u0131 NFC etiketleri. Mobil \u00f6demeler, eri\u015fim kontrol\u00fc, e-bilet, sadakat, pazarlama ve \u00fcr\u00fcn do\u011frulamas\u0131 i\u00e7in idealdir. Her etiket \u00e7arp\u0131\u015fma \u00f6nleme \u00f6zelli\u011fini destekler ve 7 baytl\u0131k UID, OTP belle\u011fi, tek y\u00f6nl\u00fc saya\u00e7lar, ECC orijinallik imzas\u0131 ve iste\u011fe ba\u011fl\u0131 parola korumas\u0131 sunar.<\/p>\n<p data-start=\"421\" data-end=\"560\"><strong data-start=\"421\" data-end=\"445\">Malzemeler ve Bask\u0131<\/strong><br data-start=\"445\" data-end=\"448\" \/>Ka\u011f\u0131t, kendinden yap\u0131\u015fkanl\u0131 ka\u011f\u0131t, PVC, yumu\u015fak plastik veya PET \u00fczerine tam renkli bask\u0131 (logolar, grafikler, de\u011fi\u015fken veriler).<\/p>\n<p data-start=\"562\" data-end=\"655\"><strong data-start=\"562\" data-end=\"586\">Boyutlar (\u00f6zelle\u015ftirilebilir)<\/strong><br data-start=\"586\" data-end=\"589\" \/>\u00d825 mm, 25\u00d725 mm, 30\u00d730 mm, 40\u00d740 mm, 50\u00d750 mm ve \u00f6zel \u015fekiller.<\/p>\n<p data-start=\"657\" data-end=\"752\"><strong data-start=\"657\" data-end=\"690\">Uyumlu \u00c7ipler (talep \u00fczerine)<\/strong><br data-start=\"690\" data-end=\"693\" \/>MIFARE Ultralight\u00ae \/ Ultralight\u00ae C \u2022 NTAG\u00ae 203 \/ 213 \/ 216.<\/p>\n<p data-start=\"754\" data-end=\"946\"><strong data-start=\"754\" data-end=\"770\">Uygulamalar<\/strong><br data-start=\"770\" data-end=\"773\" \/>Temass\u0131z mobil \u00f6demeler \u2022 Eri\u015fim kontrol\u00fc \u2022 Etkinlik e-biletleri ve g\u00fcnl\u00fck ge\u00e7i\u015fler \u2022 Sadakat programlar\u0131 ve pazarlama kampanyalar\u0131 \u2022 \u00dcr\u00fcn kimlik do\u011frulamas\u0131 ve dijital i\u00e7erik eri\u015fimi.<\/p>\n<p data-start=\"948\" data-end=\"1144\"><strong data-start=\"948\" data-end=\"964\">Temel Faydalar<\/strong><br data-start=\"964\" data-end=\"967\" \/>H\u0131zl\u0131 i\u015flemler (&lt;35 ms) \u2022 G\u00fcvenli, kurcalamaya dayan\u0131kl\u0131 tasar\u0131m \u2022 Biletlere, kartlara ve etiketlere esnek entegrasyon \u2022 Toplu da\u011f\u0131t\u0131mlar ve y\u00fcksek trafikli ortamlar i\u00e7in \u00f6l\u00e7eklenebilir.<\/p>\n<h2 data-start=\"1146\" data-end=\"1171\">Tablo (\u00d6zellikler)<\/h2>\n<div class=\"_tableContainer_1rjym_1\">\n<div class=\"group _tableWrapper_1rjym_13 flex w-fit flex-col-reverse\" tabindex=\"-1\">\n<table class=\"w-fit min-w-(--thread-content-width)\" data-start=\"1173\" data-end=\"2573\">\n<thead data-start=\"1173\" data-end=\"1278\">\n<tr data-start=\"1173\" data-end=\"1278\">\n<th data-start=\"1173\" data-end=\"1191\" data-col-size=\"sm\">Kategori<\/th>\n<th data-start=\"1191\" data-end=\"1214\" data-col-size=\"sm\">Parametre<\/th>\n<th data-start=\"1214\" data-end=\"1278\" data-col-size=\"md\">De\u011fer<\/th>\n<\/tr>\n<\/thead>\n<tbody data-start=\"1385\" data-end=\"2573\">\n<tr data-start=\"1385\" data-end=\"1490\">\n<td data-start=\"1385\" data-end=\"1403\" data-col-size=\"sm\">\u00dcr\u00fcn<\/td>\n<td data-start=\"1403\" data-end=\"1426\" data-col-size=\"sm\">Tip<\/td>\n<td data-start=\"1426\" data-end=\"1490\" data-col-size=\"md\">NFC \u00e7\u0131kartmas\u0131 \/ etiketi<\/td>\n<\/tr>\n<tr data-start=\"1491\" data-end=\"1596\">\n<td data-start=\"1491\" data-end=\"1509\" data-col-size=\"sm\">RF<\/td>\n<td data-start=\"1509\" data-end=\"1532\" data-col-size=\"sm\">S\u0131kl\u0131k<\/td>\n<td data-col-size=\"md\" data-start=\"1532\" data-end=\"1596\">13,56 MHz<\/td>\n<\/tr>\n<tr data-start=\"1597\" data-end=\"1702\">\n<td data-start=\"1597\" data-end=\"1616\" data-col-size=\"sm\"><\/td>\n<td data-col-size=\"sm\" data-start=\"1616\" data-end=\"1638\">Protokol<\/td>\n<td data-col-size=\"md\" data-start=\"1638\" data-end=\"1702\">ISO\/IEC 14443 Tip A<\/td>\n<\/tr>\n<tr data-start=\"1703\" data-end=\"1808\">\n<td data-start=\"1703\" data-end=\"1721\" data-col-size=\"sm\">IC<\/td>\n<td data-start=\"1721\" data-end=\"1744\" data-col-size=\"sm\">Varsay\u0131lan<\/td>\n<td data-col-size=\"md\" data-start=\"1744\" data-end=\"1808\">MIFARE Ultralight\u00ae EV1<\/td>\n<\/tr>\n<tr data-start=\"1809\" data-end=\"1935\">\n<td data-start=\"1809\" data-end=\"1827\" data-col-size=\"sm\">G\u00fcvenlik<\/td>\n<td data-start=\"1827\" data-end=\"1850\" data-col-size=\"sm\">\u00d6zellikler<\/td>\n<td data-col-size=\"md\" data-start=\"1850\" data-end=\"1935\">7 bayt UID; OTP; tek y\u00f6nl\u00fc saya\u00e7lar; ECC \u00f6zg\u00fcnl\u00fck imzas\u0131; parola korumas\u0131<\/td>\n<\/tr>\n<tr data-start=\"1936\" data-end=\"2041\">\n<td data-start=\"1936\" data-end=\"1954\" data-col-size=\"sm\">\u00c7arp\u0131\u015fma \u00f6nleme<\/td>\n<td data-col-size=\"sm\" data-start=\"1954\" data-end=\"1977\">\u00c7oklu Etiket Okumalar\u0131<\/td>\n<td data-col-size=\"md\" data-start=\"1977\" data-end=\"2041\">Desteklendi<\/td>\n<\/tr>\n<tr data-start=\"2042\" data-end=\"2147\">\n<td data-start=\"2042\" data-end=\"2060\" data-col-size=\"sm\">Malzemeler<\/td>\n<td data-col-size=\"sm\" data-start=\"2060\" data-end=\"2083\">Y\u00fcz\/Alt Tabaka<\/td>\n<td data-col-size=\"md\" data-start=\"2083\" data-end=\"2147\">Ka\u011f\u0131t, kendinden yap\u0131\u015fkanl\u0131 ka\u011f\u0131t, PVC, yumu\u015fak plastik, PET<\/td>\n<\/tr>\n<tr data-start=\"2148\" data-end=\"2253\">\n<td data-start=\"2148\" data-end=\"2166\" data-col-size=\"sm\">Boyutlar<\/td>\n<td data-col-size=\"sm\" data-start=\"2166\" data-end=\"2189\">Standart Boyutlar<\/td>\n<td data-col-size=\"md\" data-start=\"2189\" data-end=\"2253\">\u00d825 mm; 25\u00d725; 30\u00d730; 40\u00d740; 50\u00d750 mm; \u00f6zel<\/td>\n<\/tr>\n<tr data-start=\"2254\" data-end=\"2359\">\n<td data-start=\"2254\" data-end=\"2272\" data-col-size=\"sm\">Bask\u0131<\/td>\n<td data-col-size=\"sm\" data-start=\"2272\" data-end=\"2295\">Y\u00f6ntemler<\/td>\n<td data-col-size=\"md\" data-start=\"2295\" data-end=\"2359\">Tam renkli (logolar, grafikler, de\u011fi\u015fken veriler)<\/td>\n<\/tr>\n<tr data-start=\"2360\" data-end=\"2465\">\n<td data-start=\"2360\" data-end=\"2378\" data-col-size=\"sm\">Se\u00e7enekler<\/td>\n<td data-col-size=\"sm\" data-start=\"2378\" data-end=\"2401\">Alternatif \u00c7ipler<\/td>\n<td data-col-size=\"md\" data-start=\"2401\" data-end=\"2465\">Ultra Hafif C; NTAG 203\/213\/216<\/td>\n<\/tr>\n<tr data-start=\"2466\" data-end=\"2573\">\n<td data-start=\"2466\" data-end=\"2484\" data-col-size=\"sm\">Kullan\u0131m \u00d6rnekleri<\/td>\n<td data-start=\"2484\" data-end=\"2507\" data-col-size=\"sm\">Uygulamalar<\/td>\n<td data-col-size=\"md\" data-start=\"2507\" data-end=\"2573\">\u00d6demeler, eri\u015fim, e-biletler, sadakat\/pazarlama, kimlik do\u011frulama<\/td>\n<\/tr>\n<\/tbody>\n<\/table>\n<\/div>\n<\/div>","protected":false},"excerpt":{"rendered":"<p>MIFARE Ultralight EV1\u2014ISO 14443A, h\u0131zl\u0131 ve g\u00fcvenli dokunu\u015flar, \u00e7arp\u0131\u015fma \u00f6nleyici ve \u00f6demeler, eri\u015fim, e-bilet ve marka kampanyalar\u0131 i\u00e7in tam renkli yazd\u0131r\u0131labilir y\u00fczlere sahip NFC \u00e7\u0131kartmalar\u0131.<\/p>","protected":false},"featured_media":955,"template":"","meta":{"_gspb_post_css":""},"product_brand":[],"product_cat":[29],"product_tag":[],"class_list":{"0":"post-954","1":"product","2":"type-product","3":"status-publish","4":"has-post-thumbnail","6":"product_cat-nfc-tags","8":"first","9":"instock","10":"shipping-taxable","11":"purchasable","12":"product-type-simple"},"_links":{"self":[{"href":"https:\/\/www.cxjsmartcard.com\/tr\/wp-json\/wp\/v2\/product\/954","targetHints":{"allow":["GET"]}}],"collection":[{"href":"https:\/\/www.cxjsmartcard.com\/tr\/wp-json\/wp\/v2\/product"}],"about":[{"href":"https:\/\/www.cxjsmartcard.com\/tr\/wp-json\/wp\/v2\/types\/product"}],"wp:featuredmedia":[{"embeddable":true,"href":"https:\/\/www.cxjsmartcard.com\/tr\/wp-json\/wp\/v2\/media\/955"}],"wp:attachment":[{"href":"https:\/\/www.cxjsmartcard.com\/tr\/wp-json\/wp\/v2\/media?parent=954"}],"wp:term":[{"taxonomy":"product_brand","embeddable":true,"href":"https:\/\/www.cxjsmartcard.com\/tr\/wp-json\/wp\/v2\/product_brand?post=954"},{"taxonomy":"product_cat","embeddable":true,"href":"https:\/\/www.cxjsmartcard.com\/tr\/wp-json\/wp\/v2\/product_cat?post=954"},{"taxonomy":"product_tag","embeddable":true,"href":"https:\/\/www.cxjsmartcard.com\/tr\/wp-json\/wp\/v2\/product_tag?post=954"}],"curies":[{"name":"wp","href":"https:\/\/api.w.org\/{rel}","templated":true}]}}