{"id":943,"date":"2025-11-03T09:28:48","date_gmt":"2025-11-03T09:28:48","guid":{"rendered":"https:\/\/www.cxjsmartcard.com\/?post_type=product&#038;p=943"},"modified":"2025-12-29T01:27:07","modified_gmt":"2025-12-29T01:27:07","slug":"ntag213-nfc-keychain-abs-rfid-keyfob","status":"publish","type":"product","link":"https:\/\/www.cxjsmartcard.com\/tr\/ntag213-nfc-keychain-abs-rfid-keyfob\/","title":{"rendered":"NTAG213 NFC Anahtarl\u0131k ABS RFID Anahtarl\u0131k"},"content":{"rendered":"<p data-start=\"48\" data-end=\"332\">G\u00fcnl\u00fck eri\u015fim kontrol\u00fc ve tan\u0131mlama i\u00e7in ABS malzemeden \u00fcretilmi\u015f kompakt ve dayan\u0131kl\u0131 NFC anahtarl\u0131k. NTAG213 (HF 13,56 MHz) \u00e7ekirdek, ak\u0131ll\u0131 telefonlar ve ISO 14443A okuyucularla h\u0131zl\u0131 ve g\u00fcvenilir dinleme sa\u011flar. Anahtarl\u0131kta kolayca ta\u015f\u0131nabilir ve renk, bask\u0131 ve \u00e7ip se\u00e7enekleriyle \u00f6zelle\u015ftirilebilir.<\/p>\n<p data-start=\"334\" data-end=\"352\"><strong data-start=\"334\" data-end=\"350\">Temel \u00d6zellikler<\/strong><\/p>\n<ul data-start=\"353\" data-end=\"614\">\n<li data-start=\"353\" data-end=\"390\">\n<p data-start=\"355\" data-end=\"390\">Su ge\u00e7irmez, hava ko\u015fullar\u0131na dayan\u0131kl\u0131 mini etiket<\/p>\n<\/li>\n<li data-start=\"391\" data-end=\"429\">\n<p data-start=\"393\" data-end=\"429\">13,56 MHz NFC\/RFID, ISO\/IEC 14443A<\/p>\n<\/li>\n<li data-start=\"430\" data-end=\"489\">\n<p data-start=\"432\" data-end=\"489\">Tipik okuma mesafesi: 2\u20135 cm (okuyucuya\/cihaza ba\u011fl\u0131)<\/p>\n<\/li>\n<li data-start=\"490\" data-end=\"545\">\n<p data-start=\"492\" data-end=\"545\">\u00d6zelle\u015ftirilebilir renkler, logolar, seri\/UID, QR\/barkodlar<\/p>\n<\/li>\n<li data-start=\"546\" data-end=\"599\">\n<p data-start=\"548\" data-end=\"599\">G\u00fcvenlik ve bellek ihtiya\u00e7lar\u0131 i\u00e7in birden fazla IC se\u00e7ene\u011fi<\/p>\n<\/li>\n<li data-start=\"600\" data-end=\"614\">\n<p data-start=\"602\" data-end=\"614\">Minimum Sipari\u015f Adedi: 200 adet<\/p>\n<\/li>\n<\/ul>\n<p data-start=\"616\" data-end=\"778\"><strong data-start=\"616\" data-end=\"632\">Uygulamalar<\/strong><br data-start=\"632\" data-end=\"635\" \/>Eri\u015fim kontrol\u00fc \u2022 Toplu ta\u015f\u0131ma \u2022 Nakitsiz\/kapal\u0131 devre \u00f6deme \u2022 Zaman ve kat\u0131l\u0131m \u2022 \u00dcyelik ve ziyaret\u00e7i y\u00f6netimi \u2022 Ak\u0131ll\u0131 giri\u015f.<\/p>\n<h2 data-start=\"780\" data-end=\"805\">Tablo (\u00d6zellikler)<\/h2>\n<div class=\"_tableContainer_1rjym_1\">\n<div class=\"group _tableWrapper_1rjym_13 flex w-fit flex-col-reverse\" tabindex=\"-1\">\n<table class=\"w-fit min-w-(--thread-content-width)\" data-start=\"807\" data-end=\"3398\">\n<thead data-start=\"807\" data-end=\"929\">\n<tr data-start=\"807\" data-end=\"929\">\n<th data-start=\"807\" data-end=\"829\" data-col-size=\"sm\">Kategori<\/th>\n<th data-start=\"829\" data-end=\"856\" data-col-size=\"sm\">Parametre<\/th>\n<th data-start=\"856\" data-end=\"929\" data-col-size=\"md\">De\u011fer<\/th>\n<\/tr>\n<\/thead>\n<tbody data-start=\"1052\" data-end=\"3398\">\n<tr data-start=\"1052\" data-end=\"1173\">\n<td data-start=\"1052\" data-end=\"1073\" data-col-size=\"sm\">\u00dcr\u00fcn<\/td>\n<td data-col-size=\"sm\" data-start=\"1073\" data-end=\"1100\">\u0130sim<\/td>\n<td data-col-size=\"md\" data-start=\"1100\" data-end=\"1173\">ABS RFID Anahtarl\u0131k<\/td>\n<\/tr>\n<tr data-start=\"1174\" data-end=\"1295\">\n<td data-start=\"1174\" data-end=\"1195\" data-col-size=\"sm\">Form Fakt\u00f6r\u00fc<\/td>\n<td data-col-size=\"sm\" data-start=\"1195\" data-end=\"1222\">Stil<\/td>\n<td data-col-size=\"md\" data-start=\"1222\" data-end=\"1295\">Anahtarl\u0131k anahtarl\u0131k (mini etiket)<\/td>\n<\/tr>\n<tr data-start=\"1296\" data-end=\"1417\">\n<td data-start=\"1296\" data-end=\"1317\" data-col-size=\"sm\">Malzemeler<\/td>\n<td data-col-size=\"sm\" data-start=\"1317\" data-end=\"1344\">V\u00fccut<\/td>\n<td data-col-size=\"md\" data-start=\"1344\" data-end=\"1417\">ABS (plastik)<\/td>\n<\/tr>\n<tr data-start=\"1418\" data-end=\"1539\">\n<td data-start=\"1418\" data-end=\"1439\" data-col-size=\"sm\">Boyutlar<\/td>\n<td data-col-size=\"sm\" data-start=\"1439\" data-end=\"1466\">Boyut<\/td>\n<td data-col-size=\"md\" data-start=\"1466\" data-end=\"1539\">Yakla\u015f\u0131k 2,36 \u00d7 1,18 \u00d7 0,16 in\u00e7<\/td>\n<\/tr>\n<tr data-start=\"1540\" data-end=\"1661\">\n<td data-start=\"1540\" data-end=\"1561\" data-col-size=\"sm\">RF Aray\u00fcz\u00fc<\/td>\n<td data-start=\"1561\" data-end=\"1588\" data-col-size=\"sm\">S\u0131kl\u0131k<\/td>\n<td data-start=\"1588\" data-end=\"1661\" data-col-size=\"md\">13,56 MHz (HF)<\/td>\n<\/tr>\n<tr data-start=\"1662\" data-end=\"1783\">\n<td data-start=\"1662\" data-end=\"1683\" data-col-size=\"sm\"><\/td>\n<td data-start=\"1683\" data-end=\"1710\" data-col-size=\"sm\">Protokol<\/td>\n<td data-start=\"1710\" data-end=\"1783\" data-col-size=\"md\">ISO\/IEC 14443A<\/td>\n<\/tr>\n<tr data-start=\"1784\" data-end=\"1905\">\n<td data-start=\"1784\" data-end=\"1805\" data-col-size=\"sm\">\u0130leti\u015fim<\/td>\n<td data-col-size=\"sm\" data-start=\"1805\" data-end=\"1832\">Aray\u00fczler<\/td>\n<td data-col-size=\"md\" data-start=\"1832\" data-end=\"1905\">RFID, NFC<\/td>\n<\/tr>\n<tr data-start=\"1906\" data-end=\"2028\">\n<td data-start=\"1906\" data-end=\"1927\" data-col-size=\"sm\">Varsay\u0131lan \u00c7ip<\/td>\n<td data-col-size=\"sm\" data-start=\"1927\" data-end=\"1955\">IC<\/td>\n<td data-col-size=\"md\" data-start=\"1955\" data-end=\"2028\">NTAG213<\/td>\n<\/tr>\n<tr data-start=\"2029\" data-end=\"2168\">\n<td data-start=\"2029\" data-end=\"2050\" data-col-size=\"sm\">\u00c7ip Se\u00e7enekleri (HF)<\/td>\n<td data-col-size=\"sm\" data-start=\"2050\" data-end=\"2077\">NTAG Ailesi<\/td>\n<td data-col-size=\"md\" data-start=\"2077\" data-end=\"2168\">NTAG213 (180 B), NTAG215 (540 B), NTAG216 (924 B), EtiketTamper, 424 DNA\/424 DNA EtiketTamper<\/td>\n<\/tr>\n<tr data-start=\"2169\" data-end=\"2290\">\n<td data-start=\"2169\" data-end=\"2190\" data-col-size=\"sm\"><\/td>\n<td data-start=\"2190\" data-end=\"2217\" data-col-size=\"sm\">MIFARE Klasik<\/td>\n<td data-col-size=\"md\" data-start=\"2217\" data-end=\"2290\">1K, 4K<\/td>\n<\/tr>\n<tr data-start=\"2291\" data-end=\"2412\">\n<td data-start=\"2291\" data-end=\"2312\" data-col-size=\"sm\"><\/td>\n<td data-col-size=\"sm\" data-start=\"2312\" data-end=\"2339\">MIFARE Plus<\/td>\n<td data-col-size=\"md\" data-start=\"2339\" data-end=\"2412\">Art\u0131 EV2 (2K\/4K), Art\u0131 SE (1K)<\/td>\n<\/tr>\n<tr data-start=\"2413\" data-end=\"2534\">\n<td data-start=\"2413\" data-end=\"2434\" data-col-size=\"sm\"><\/td>\n<td data-start=\"2434\" data-end=\"2461\" data-col-size=\"sm\">MIFARE DESFire<\/td>\n<td data-col-size=\"md\" data-start=\"2461\" data-end=\"2534\">EV1 \/ EV2 \/ EV3 (2K\/4K\/8K)<\/td>\n<\/tr>\n<tr data-start=\"2535\" data-end=\"2666\">\n<td data-start=\"2535\" data-end=\"2556\" data-col-size=\"sm\"><\/td>\n<td data-col-size=\"sm\" data-start=\"2556\" data-end=\"2583\">ICODE (ISO 15693)<\/td>\n<td data-col-size=\"md\" data-start=\"2583\" data-end=\"2666\">SLI (1024 bit), SLIX, SLIX2 (2560 bit), SLIX-S (2048 bit), SLIX-L (512 bit)<\/td>\n<\/tr>\n<tr data-start=\"2667\" data-end=\"2788\">\n<td data-start=\"2667\" data-end=\"2688\" data-col-size=\"sm\">Performans<\/td>\n<td data-col-size=\"sm\" data-start=\"2688\" data-end=\"2715\">Okuma Mesafesi<\/td>\n<td data-col-size=\"md\" data-start=\"2715\" data-end=\"2788\">2\u20135 cm (cihaz\/antene ba\u011fl\u0131)<\/td>\n<\/tr>\n<tr data-start=\"2789\" data-end=\"2910\">\n<td data-start=\"2789\" data-end=\"2810\" data-col-size=\"sm\">Dayan\u0131kl\u0131l\u0131k<\/td>\n<td data-start=\"2810\" data-end=\"2837\" data-col-size=\"sm\">\u00d6zel \u00d6zellikler<\/td>\n<td data-col-size=\"md\" data-start=\"2837\" data-end=\"2910\">Su ge\u00e7irmez \/ Hava ko\u015fullar\u0131na dayan\u0131kl\u0131; sa\u011flam ABS g\u00f6vde<\/td>\n<\/tr>\n<tr data-start=\"2911\" data-end=\"3032\">\n<td data-start=\"2911\" data-end=\"2932\" data-col-size=\"sm\">Ki\u015fiselle\u015ftirme<\/td>\n<td data-start=\"2932\" data-end=\"2959\" data-col-size=\"sm\">Renkli\/Bask\u0131<\/td>\n<td data-col-size=\"md\" data-start=\"2959\" data-end=\"3032\">\u00d6zel renkler; logo\/metin; lazer\/bask\u0131; UID\/seri, QR\/barkod<\/td>\n<\/tr>\n<tr data-start=\"3033\" data-end=\"3154\">\n<td data-start=\"3033\" data-end=\"3054\" data-col-size=\"sm\">Ambalajlama<\/td>\n<td data-col-size=\"sm\" data-start=\"3054\" data-end=\"3081\">Minimum Sipari\u015f Adedi<\/td>\n<td data-col-size=\"md\" data-start=\"3081\" data-end=\"3154\">200 adet<\/td>\n<\/tr>\n<tr data-start=\"3155\" data-end=\"3276\">\n<td data-start=\"3155\" data-end=\"3176\" data-col-size=\"sm\">K\u00f6keni<\/td>\n<td data-col-size=\"sm\" data-start=\"3176\" data-end=\"3203\">Men\u015fe Yeri<\/td>\n<td data-col-size=\"md\" data-start=\"3203\" data-end=\"3276\">\u00c7in<\/td>\n<\/tr>\n<tr data-start=\"3277\" data-end=\"3398\">\n<td data-start=\"3277\" data-end=\"3298\" data-col-size=\"sm\">Kullan\u0131m \u00d6rnekleri<\/td>\n<td data-col-size=\"sm\" data-start=\"3298\" data-end=\"3325\">Uygulamalar<\/td>\n<td data-col-size=\"md\" data-start=\"3325\" data-end=\"3398\">Eri\u015fim kontrol\u00fc, ula\u015f\u0131m, \u00f6deme, kimlik, \u00fcyelik, kat\u0131l\u0131m<\/td>\n<\/tr>\n<\/tbody>\n<\/table>\n<\/div>\n<\/div>","protected":false},"excerpt":{"rendered":"<p>NTAG213 \u00f6zellikli dayan\u0131kl\u0131 ABS NFC anahtarl\u0131k\u2014eri\u015fim kontrol\u00fc ve g\u00fcnl\u00fck kimlik tespiti i\u00e7in su ge\u00e7irmez mini etiket. 13,56 MHz ISO 14443A, 2\u20135 cm okuma, \u00f6zelle\u015ftirilebilir renkler ve bask\u0131.<\/p>","protected":false},"featured_media":949,"template":"","meta":{"_gspb_post_css":""},"product_brand":[],"product_cat":[29],"product_tag":[],"class_list":{"0":"post-943","1":"product","2":"type-product","3":"status-publish","4":"has-post-thumbnail","6":"product_cat-nfc-tags","8":"first","9":"instock","10":"shipping-taxable","11":"purchasable","12":"product-type-simple"},"_links":{"self":[{"href":"https:\/\/www.cxjsmartcard.com\/tr\/wp-json\/wp\/v2\/product\/943","targetHints":{"allow":["GET"]}}],"collection":[{"href":"https:\/\/www.cxjsmartcard.com\/tr\/wp-json\/wp\/v2\/product"}],"about":[{"href":"https:\/\/www.cxjsmartcard.com\/tr\/wp-json\/wp\/v2\/types\/product"}],"wp:featuredmedia":[{"embeddable":true,"href":"https:\/\/www.cxjsmartcard.com\/tr\/wp-json\/wp\/v2\/media\/949"}],"wp:attachment":[{"href":"https:\/\/www.cxjsmartcard.com\/tr\/wp-json\/wp\/v2\/media?parent=943"}],"wp:term":[{"taxonomy":"product_brand","embeddable":true,"href":"https:\/\/www.cxjsmartcard.com\/tr\/wp-json\/wp\/v2\/product_brand?post=943"},{"taxonomy":"product_cat","embeddable":true,"href":"https:\/\/www.cxjsmartcard.com\/tr\/wp-json\/wp\/v2\/product_cat?post=943"},{"taxonomy":"product_tag","embeddable":true,"href":"https:\/\/www.cxjsmartcard.com\/tr\/wp-json\/wp\/v2\/product_tag?post=943"}],"curies":[{"name":"wp","href":"https:\/\/api.w.org\/{rel}","templated":true}]}}