{"id":935,"date":"2025-11-03T09:24:58","date_gmt":"2025-11-03T09:24:58","guid":{"rendered":"https:\/\/www.cxjsmartcard.com\/?post_type=product&#038;p=935"},"modified":"2025-12-29T01:27:07","modified_gmt":"2025-12-29T01:27:07","slug":"uhf-rfid-label-for-logistics-warehouse-management","status":"publish","type":"product","link":"https:\/\/www.cxjsmartcard.com\/tr\/uhf-rfid-label-for-logistics-warehouse-management\/","title":{"rendered":"Lojistik ve Depo Y\u00f6netimi i\u00e7in UHF RFID Etiketi"},"content":{"rendered":"<p data-start=\"63\" data-end=\"390\">Paletler, kartonlar ve raflar aras\u0131nda h\u0131zl\u0131 ve g\u00fcvenilir \u00e7oklu okuma taramas\u0131 i\u00e7in geni\u015f formatl\u0131 UHF RFID lojistik etiketi. NXP UCODE 9 tabanl\u0131 ve termal ka\u011f\u0131t, PET veya PP y\u00fczey se\u00e7enekleriyle sunulan bu etiket, y\u00fcksek hacimli bask\u0131\/kodlama i\u015f ak\u0131\u015flar\u0131n\u0131 ve gerekti\u011finde \u015feritsiz bask\u0131y\u0131 destekler.<\/p>\n<p data-start=\"392\" data-end=\"410\"><strong data-start=\"392\" data-end=\"408\">Temel \u00d6zellikler<\/strong><\/p>\n<ul data-start=\"411\" data-end=\"673\">\n<li data-start=\"411\" data-end=\"452\">\n<p data-start=\"413\" data-end=\"452\">EPC Gen2 \/ ISO\/IEC 18000-6C uyumlu<\/p>\n<\/li>\n<li data-start=\"453\" data-end=\"523\">\n<p data-start=\"455\" data-end=\"523\">UCODE 9 performans\u0131: h\u0131zl\u0131 envanter, toplu okumalar ve izlenebilirlik<\/p>\n<\/li>\n<li data-start=\"524\" data-end=\"602\">\n<p data-start=\"526\" data-end=\"602\">Bask\u0131ya haz\u0131r y\u00fczeyler: termal ka\u011f\u0131t, ku\u015fe ka\u011f\u0131t, PET, PP sentetik ka\u011f\u0131t<\/p>\n<\/li>\n<li data-start=\"603\" data-end=\"673\">\n<p data-start=\"605\" data-end=\"673\">\u00d6zel boyutlar ve anten d\u00fczenleri; veri ba\u015flatma (EPC kodlamas\u0131)<\/p>\n<\/li>\n<\/ul>\n<p data-start=\"675\" data-end=\"836\"><strong data-start=\"675\" data-end=\"691\">Uygulamalar<\/strong><br data-start=\"691\" data-end=\"694\" \/>Depo ve DC etiketleme \u2022 Paletler, kasalar ve kutular \u2022 \u00c7apraz y\u00fckleme ve kald\u0131rma \u2022 \u015eerit kurulumunun uygun olmad\u0131\u011f\u0131 durumlarda nakliye etiketleri.<\/p>\n<p data-start=\"838\" data-end=\"966\"><strong data-start=\"838\" data-end=\"861\">Yazd\u0131rma ve Kodlama<\/strong><br data-start=\"861\" data-end=\"864\" \/>Anahtar teslim kurulum i\u00e7in EPC \u00f6n kodlamal\u0131 termal transfer, serigrafi ve di\u011fer \u00f6zel bask\u0131lar.<\/p>\n<h2 data-start=\"968\" data-end=\"993\">Tablo (\u00d6zellikler)<\/h2>\n<div class=\"_tableContainer_1rjym_1\">\n<div class=\"group _tableWrapper_1rjym_13 flex w-fit flex-col-reverse\" tabindex=\"-1\">\n<table class=\"w-fit min-w-(--thread-content-width)\" data-start=\"995\" data-end=\"2418\">\n<thead data-start=\"995\" data-end=\"1087\">\n<tr data-start=\"995\" data-end=\"1087\">\n<th data-start=\"995\" data-end=\"1014\" data-col-size=\"sm\">Kategori<\/th>\n<th data-start=\"1014\" data-end=\"1040\" data-col-size=\"sm\">Parametre<\/th>\n<th data-start=\"1040\" data-end=\"1087\" data-col-size=\"md\">De\u011fer<\/th>\n<\/tr>\n<\/thead>\n<tbody data-start=\"1181\" data-end=\"2418\">\n<tr data-start=\"1181\" data-end=\"1289\">\n<td data-start=\"1181\" data-end=\"1200\" data-col-size=\"sm\">\u00dcr\u00fcn<\/td>\n<td data-start=\"1200\" data-end=\"1226\" data-col-size=\"sm\">\u0130sim<\/td>\n<td data-col-size=\"md\" data-start=\"1226\" data-end=\"1289\">Lojistik ve Depo Y\u00f6netimi i\u00e7in UHF RFID Etiket Etiketi<\/td>\n<\/tr>\n<tr data-start=\"1290\" data-end=\"1382\">\n<td data-start=\"1290\" data-end=\"1309\" data-col-size=\"sm\">IC<\/td>\n<td data-col-size=\"sm\" data-start=\"1309\" data-end=\"1335\">\u00c7ip<\/td>\n<td data-col-size=\"md\" data-start=\"1335\" data-end=\"1382\">NXP UCODE 9 (\u00f6zelle\u015ftirilebilir)<\/td>\n<\/tr>\n<tr data-start=\"1383\" data-end=\"1475\">\n<td data-start=\"1383\" data-end=\"1402\" data-col-size=\"sm\">RF<\/td>\n<td data-start=\"1402\" data-end=\"1428\" data-col-size=\"sm\">Protokol<\/td>\n<td data-col-size=\"md\" data-start=\"1428\" data-end=\"1475\">ISO\/IEC 18000-6C; EPCglobal S\u0131n\u0131f 1 Nesil 2<\/td>\n<\/tr>\n<tr data-start=\"1476\" data-end=\"1568\">\n<td data-start=\"1476\" data-end=\"1495\" data-col-size=\"sm\">Haf\u0131za<\/td>\n<td data-start=\"1495\" data-end=\"1521\" data-col-size=\"sm\">TID \/ EPC \/ Kullan\u0131c\u0131<\/td>\n<td data-col-size=\"md\" data-start=\"1521\" data-end=\"1568\">96 bit \/ 96 bit \/ 0 bit<\/td>\n<\/tr>\n<tr data-start=\"1569\" data-end=\"1661\">\n<td data-start=\"1569\" data-end=\"1588\" data-col-size=\"sm\">Etiket<\/td>\n<td data-col-size=\"sm\" data-start=\"1588\" data-end=\"1614\">Boyut<\/td>\n<td data-col-size=\"md\" data-start=\"1614\" data-end=\"1661\">152 \u00d7 101 mm (di\u011fer boyutlar mevcuttur)<\/td>\n<\/tr>\n<tr data-start=\"1662\" data-end=\"1754\">\n<td data-start=\"1662\" data-end=\"1681\" data-col-size=\"sm\">Anten<\/td>\n<td data-col-size=\"sm\" data-start=\"1681\" data-end=\"1707\">Boyut<\/td>\n<td data-col-size=\"md\" data-start=\"1707\" data-end=\"1754\">94,8 \u00d7 8,14 mm (referans tasar\u0131m)<\/td>\n<\/tr>\n<tr data-start=\"1755\" data-end=\"1856\">\n<td data-start=\"1755\" data-end=\"1774\" data-col-size=\"sm\">Y\u00fcz Malzemeleri<\/td>\n<td data-col-size=\"sm\" data-start=\"1774\" data-end=\"1800\">Se\u00e7enekler<\/td>\n<td data-col-size=\"md\" data-start=\"1800\" data-end=\"1856\">Termal ka\u011f\u0131t; kaplamal\u0131 ka\u011f\u0131t; PET; PP sentetik ka\u011f\u0131t<\/td>\n<\/tr>\n<tr data-start=\"1857\" data-end=\"1949\">\n<td data-start=\"1857\" data-end=\"1876\" data-col-size=\"sm\">Bask\u0131<\/td>\n<td data-col-size=\"sm\" data-start=\"1876\" data-end=\"1902\">Y\u00f6ntemler<\/td>\n<td data-col-size=\"md\" data-start=\"1902\" data-end=\"1949\">Termal transfer; ipek ekran; \u00f6zel<\/td>\n<\/tr>\n<tr data-start=\"1950\" data-end=\"2043\">\n<td data-start=\"1950\" data-end=\"1969\" data-col-size=\"sm\">Veri Hizmetleri<\/td>\n<td data-start=\"1969\" data-end=\"1995\" data-col-size=\"sm\">Ba\u015flatma<\/td>\n<td data-col-size=\"md\" data-start=\"1995\" data-end=\"2043\">EPC kodlamas\u0131<\/td>\n<\/tr>\n<tr data-start=\"2044\" data-end=\"2137\">\n<td data-start=\"2044\" data-end=\"2063\" data-col-size=\"sm\">\u00c7evre<\/td>\n<td data-col-size=\"sm\" data-start=\"2063\" data-end=\"2089\">\u0130\u015fletme<\/td>\n<td data-col-size=\"md\" data-start=\"2089\" data-end=\"2137\">0\u201360 \u2103; 20\u201380% RH<\/td>\n<\/tr>\n<tr data-start=\"2138\" data-end=\"2231\">\n<td data-start=\"2138\" data-end=\"2157\" data-col-size=\"sm\"><\/td>\n<td data-start=\"2157\" data-end=\"2183\" data-col-size=\"sm\">Depolamak<\/td>\n<td data-col-size=\"md\" data-start=\"2183\" data-end=\"2231\">20\u201330 \u2103; 20\u201360% RH<\/td>\n<\/tr>\n<tr data-start=\"2232\" data-end=\"2324\">\n<td data-start=\"2232\" data-end=\"2251\" data-col-size=\"sm\">Faydalar<\/td>\n<td data-col-size=\"sm\" data-start=\"2251\" data-end=\"2277\">\u00d6nemli Noktalar<\/td>\n<td data-col-size=\"md\" data-start=\"2277\" data-end=\"2324\">H\u0131zl\u0131 okuma; \u00e7oklu okuma; izlenebilirlik<\/td>\n<\/tr>\n<tr data-start=\"2325\" data-end=\"2418\">\n<td data-start=\"2325\" data-end=\"2344\" data-col-size=\"sm\">Kullan\u0131m \u00d6rnekleri<\/td>\n<td data-col-size=\"sm\" data-start=\"2344\" data-end=\"2370\">Tipik Uygulamalar<\/td>\n<td data-col-size=\"md\" data-start=\"2370\" data-end=\"2418\">Lojistik, depolama, kurdelesiz bask\u0131<\/td>\n<\/tr>\n<\/tbody>\n<\/table>\n<\/div>\n<\/div>","protected":false},"excerpt":{"rendered":"<p>H\u0131zl\u0131 ve do\u011fru \u00e7oklu okumalar i\u00e7in UCODE 9&#039;lu b\u00fcy\u00fck UHF RFID lojistik etiketi. 152\u00d7101 mm format, termal\/PET\/PP y\u00fczeyler ve y\u00fcksek hacimli depolama i\u00e7in EPC kodlamas\u0131.<\/p>","protected":false},"featured_media":936,"template":"","meta":{"_gspb_post_css":""},"product_brand":[],"product_cat":[31],"product_tag":[],"class_list":{"0":"post-935","1":"product","2":"type-product","3":"status-publish","4":"has-post-thumbnail","6":"product_cat-rfid-sticker-labels","8":"first","9":"instock","10":"shipping-taxable","11":"purchasable","12":"product-type-simple"},"_links":{"self":[{"href":"https:\/\/www.cxjsmartcard.com\/tr\/wp-json\/wp\/v2\/product\/935","targetHints":{"allow":["GET"]}}],"collection":[{"href":"https:\/\/www.cxjsmartcard.com\/tr\/wp-json\/wp\/v2\/product"}],"about":[{"href":"https:\/\/www.cxjsmartcard.com\/tr\/wp-json\/wp\/v2\/types\/product"}],"wp:featuredmedia":[{"embeddable":true,"href":"https:\/\/www.cxjsmartcard.com\/tr\/wp-json\/wp\/v2\/media\/936"}],"wp:attachment":[{"href":"https:\/\/www.cxjsmartcard.com\/tr\/wp-json\/wp\/v2\/media?parent=935"}],"wp:term":[{"taxonomy":"product_brand","embeddable":true,"href":"https:\/\/www.cxjsmartcard.com\/tr\/wp-json\/wp\/v2\/product_brand?post=935"},{"taxonomy":"product_cat","embeddable":true,"href":"https:\/\/www.cxjsmartcard.com\/tr\/wp-json\/wp\/v2\/product_cat?post=935"},{"taxonomy":"product_tag","embeddable":true,"href":"https:\/\/www.cxjsmartcard.com\/tr\/wp-json\/wp\/v2\/product_tag?post=935"}],"curies":[{"name":"wp","href":"https:\/\/api.w.org\/{rel}","templated":true}]}}