{"id":930,"date":"2025-11-03T09:22:49","date_gmt":"2025-11-03T09:22:49","guid":{"rendered":"https:\/\/www.cxjsmartcard.com\/?post_type=product&#038;p=930"},"modified":"2025-12-29T01:27:07","modified_gmt":"2025-12-29T01:27:07","slug":"uv-resistant-rfid-zip-cable-ties-self-locking","status":"publish","type":"product","link":"https:\/\/www.cxjsmartcard.com\/tr\/uv-resistant-rfid-zip-cable-ties-self-locking\/","title":{"rendered":"UV I\u015f\u0131nlar\u0131na Dayan\u0131kl\u0131 RFID Fermuarl\u0131 Kablo Ba\u011flar\u0131 (Kendinden Kilitli)"},"content":{"rendered":"<p data-start=\"59\" data-end=\"334\">UHF ve NFC tan\u0131mlamas\u0131yla kurcalamaya kar\u015f\u0131 korumal\u0131 bir contay\u0131 birle\u015ftiren, kendili\u011finden kilitlenen RFID kablo ba\u011flar\u0131. UV ve hava ko\u015fullar\u0131na dayan\u0131kl\u0131 ABS\/PP g\u00f6vdesi, d\u0131\u015f mekan kullan\u0131m\u0131 i\u00e7in IP68 derecesine sahiptir ve g\u00f6m\u00fcl\u00fc \u00e7ip, varl\u0131klar, konteynerler ve kablo demetleri i\u00e7in h\u0131zl\u0131 taramay\u0131 destekler.<\/p>\n<p data-start=\"336\" data-end=\"354\"><strong data-start=\"336\" data-end=\"352\">Temel \u00d6zellikler<\/strong><\/p>\n<ul data-start=\"355\" data-end=\"676\">\n<li data-start=\"355\" data-end=\"420\">\n<p data-start=\"357\" data-end=\"420\">\u00c7ift RF se\u00e7enekleri: UHF 860\u2013960 MHz (EPC C1G2) ve NFC 13,56 MHz<\/p>\n<\/li>\n<li data-start=\"421\" data-end=\"474\">\n<p data-start=\"423\" data-end=\"474\">Ultrasonik kaps\u00fclleme ile bozulmaya kar\u015f\u0131 dayan\u0131kl\u0131 m\u00fch\u00fcr<\/p>\n<\/li>\n<li data-start=\"475\" data-end=\"530\">\n<p data-start=\"477\" data-end=\"530\">2\u20135 m UHF okuma aral\u0131\u011f\u0131 (ortama\/okuyucuya ba\u011fl\u0131)<\/p>\n<\/li>\n<li data-start=\"531\" data-end=\"601\">\n<p data-start=\"533\" data-end=\"601\">Dayan\u0131kl\u0131: yang\u0131na ve aside dayan\u0131kl\u0131; ya\u015flanmaya kar\u015f\u0131 dayan\u0131kl\u0131; UV ve hava ko\u015fullar\u0131na dayan\u0131kl\u0131<\/p>\n<\/li>\n<li data-start=\"602\" data-end=\"676\">\n<p data-start=\"604\" data-end=\"676\">\u00d6zelle\u015ftirilebilir: bask\u0131\/lazer markalama, QR\/barkod\/numaraland\u0131rma, EPC kodlama<\/p>\n<\/li>\n<\/ul>\n<p data-start=\"678\" data-end=\"809\"><strong data-start=\"678\" data-end=\"694\">Uygulamalar<\/strong><br data-start=\"694\" data-end=\"697\" \/>Gaz tanklar\u0131 ve konteynerleri \u2022 Kablo\/tel y\u00f6netimi \u2022 Giyim ve tekstil paketleme \u2022 Varl\u0131k ve lojistik takibi.<\/p>\n<p data-start=\"811\" data-end=\"961\"><strong data-start=\"811\" data-end=\"827\">Kurulum<\/strong><br data-start=\"827\" data-end=\"830\" \/>Kravat\u0131 nesnenin i\u00e7inden ge\u00e7irin ve \u00e7ekerek kilitleyin. As\u0131l\u0131 tan\u0131mlama i\u00e7in, gerekti\u011finde asmak veya ba\u011flamak i\u00e7in yerle\u015fik yuvay\u0131 kullan\u0131n.<\/p>\n<h2 data-start=\"963\" data-end=\"988\">Tablo (\u00d6zellikler)<\/h2>\n<div class=\"_tableContainer_1rjym_1\">\n<div class=\"group _tableWrapper_1rjym_13 flex w-fit flex-col-reverse\" tabindex=\"-1\">\n<table class=\"w-fit min-w-(--thread-content-width)\" data-start=\"990\" data-end=\"3617\">\n<thead data-start=\"990\" data-end=\"1103\">\n<tr data-start=\"990\" data-end=\"1103\">\n<th data-start=\"990\" data-end=\"1014\" data-col-size=\"sm\">Kategori<\/th>\n<th data-start=\"1014\" data-end=\"1042\" data-col-size=\"sm\">Parametre<\/th>\n<th data-start=\"1042\" data-end=\"1103\" data-col-size=\"md\">De\u011fer<\/th>\n<\/tr>\n<\/thead>\n<tbody data-start=\"1218\" data-end=\"3617\">\n<tr data-start=\"1218\" data-end=\"1331\">\n<td data-start=\"1218\" data-end=\"1242\" data-col-size=\"sm\">\u00dcr\u00fcn<\/td>\n<td data-start=\"1242\" data-end=\"1270\" data-col-size=\"sm\">Tip<\/td>\n<td data-start=\"1270\" data-end=\"1331\" data-col-size=\"md\">RFID Fermuarl\u0131 Ba\u011flama \/ M\u00fch\u00fcr Etiketi<\/td>\n<\/tr>\n<tr data-start=\"1332\" data-end=\"1445\">\n<td data-start=\"1332\" data-end=\"1356\" data-col-size=\"sm\">Konut<\/td>\n<td data-start=\"1356\" data-end=\"1384\" data-col-size=\"sm\">Boyut<\/td>\n<td data-start=\"1384\" data-end=\"1445\" data-col-size=\"md\">88 \u00d7 28 mm<\/td>\n<\/tr>\n<tr data-start=\"1446\" data-end=\"1559\">\n<td data-start=\"1446\" data-end=\"1470\" data-col-size=\"sm\">Kablo Ba\u011f\u0131<\/td>\n<td data-col-size=\"sm\" data-start=\"1470\" data-end=\"1498\">Uzunluk<\/td>\n<td data-col-size=\"md\" data-start=\"1498\" data-end=\"1559\">300 mm<\/td>\n<\/tr>\n<tr data-start=\"1560\" data-end=\"1673\">\n<td data-start=\"1560\" data-end=\"1584\" data-col-size=\"sm\">Malzemeler<\/td>\n<td data-start=\"1584\" data-end=\"1612\" data-col-size=\"sm\">V\u00fccut<\/td>\n<td data-start=\"1612\" data-end=\"1673\" data-col-size=\"md\">ABS \/ PP<\/td>\n<\/tr>\n<tr data-start=\"1674\" data-end=\"1787\">\n<td data-start=\"1674\" data-end=\"1698\" data-col-size=\"sm\">A\u011f\u0131rl\u0131k<\/td>\n<td data-col-size=\"sm\" data-start=\"1698\" data-end=\"1726\">Yakla\u015f\u0131k.<\/td>\n<td data-col-size=\"md\" data-start=\"1726\" data-end=\"1787\">5 gr<\/td>\n<\/tr>\n<tr data-start=\"1788\" data-end=\"1901\">\n<td data-start=\"1788\" data-end=\"1812\" data-col-size=\"sm\">Renkler<\/td>\n<td data-start=\"1812\" data-end=\"1840\" data-col-size=\"sm\">Se\u00e7enekler<\/td>\n<td data-col-size=\"md\" data-start=\"1840\" data-end=\"1901\">Siyah, Mavi, K\u0131rm\u0131z\u0131, Sar\u0131<\/td>\n<\/tr>\n<tr data-start=\"1902\" data-end=\"2015\">\n<td data-start=\"1902\" data-end=\"1926\" data-col-size=\"sm\">RF (UHF)<\/td>\n<td data-col-size=\"sm\" data-start=\"1926\" data-end=\"1954\">Frekans \/ Protokol<\/td>\n<td data-col-size=\"md\" data-start=\"1954\" data-end=\"2015\">860\u2013960 MHz; ISO\/IEC 18000-6C, EPC S\u0131n\u0131f 1 Nesil 2<\/td>\n<\/tr>\n<tr data-start=\"2016\" data-end=\"2129\">\n<td data-start=\"2016\" data-end=\"2040\" data-col-size=\"sm\">RF (NFC)<\/td>\n<td data-col-size=\"sm\" data-start=\"2040\" data-end=\"2068\">Frekans \/ Protokol<\/td>\n<td data-col-size=\"md\" data-start=\"2068\" data-end=\"2129\">13,56 MHz; ISO\/IEC 14443\/15693 (\u00e7ipe ba\u011fl\u0131)<\/td>\n<\/tr>\n<tr data-start=\"2130\" data-end=\"2247\">\n<td data-start=\"2130\" data-end=\"2154\" data-col-size=\"sm\">IC Se\u00e7enekleri<\/td>\n<td data-start=\"2154\" data-end=\"2182\" data-col-size=\"sm\">Cipsler<\/td>\n<td data-col-size=\"md\" data-start=\"2182\" data-end=\"2247\">UCODE 9 (varsay\u0131lan); NTAG213\/215\/216; Alien H3\/H4; Impinj Monza<\/td>\n<\/tr>\n<tr data-start=\"2248\" data-end=\"2361\">\n<td data-start=\"2248\" data-end=\"2272\" data-col-size=\"sm\">Haf\u0131za<\/td>\n<td data-col-size=\"sm\" data-start=\"2272\" data-end=\"2300\">EPC (UHF)<\/td>\n<td data-col-size=\"md\" data-start=\"2300\" data-end=\"2361\">128 bit<\/td>\n<\/tr>\n<tr data-start=\"2362\" data-end=\"2475\">\n<td data-start=\"2362\" data-end=\"2386\" data-col-size=\"sm\">Performans<\/td>\n<td data-start=\"2386\" data-end=\"2414\" data-col-size=\"sm\">Okuma Aral\u0131\u011f\u0131 (UHF)<\/td>\n<td data-col-size=\"md\" data-start=\"2414\" data-end=\"2475\">2\u20135 m (okuyucuya\/ortama ba\u011fl\u0131)<\/td>\n<\/tr>\n<tr data-start=\"2476\" data-end=\"2589\">\n<td data-start=\"2476\" data-end=\"2500\" data-col-size=\"sm\">G\u00fcvenilirlik<\/td>\n<td data-col-size=\"sm\" data-start=\"2500\" data-end=\"2528\">Veri Saklama<\/td>\n<td data-col-size=\"md\" data-start=\"2528\" data-end=\"2589\">&gt;10 y\u0131l<\/td>\n<\/tr>\n<tr data-start=\"2590\" data-end=\"2703\">\n<td data-start=\"2590\" data-end=\"2614\" data-col-size=\"sm\">Dayan\u0131kl\u0131l\u0131k<\/td>\n<td data-col-size=\"sm\" data-start=\"2614\" data-end=\"2642\">Yeniden yazmalar<\/td>\n<td data-col-size=\"md\" data-start=\"2642\" data-end=\"2703\">100.000 kez<\/td>\n<\/tr>\n<tr data-start=\"2704\" data-end=\"2817\">\n<td data-start=\"2704\" data-end=\"2728\" data-col-size=\"sm\">Koruma<\/td>\n<td data-col-size=\"sm\" data-start=\"2728\" data-end=\"2756\">Su Ge\u00e7irmezlik Derecesi<\/td>\n<td data-col-size=\"md\" data-start=\"2756\" data-end=\"2817\">IP68<\/td>\n<\/tr>\n<tr data-start=\"2818\" data-end=\"2931\">\n<td data-start=\"2818\" data-end=\"2842\" data-col-size=\"sm\">\u00c7evre<\/td>\n<td data-start=\"2842\" data-end=\"2870\" data-col-size=\"sm\">\u00c7al\u0131\u015fma S\u0131cakl\u0131\u011f\u0131<\/td>\n<td data-col-size=\"md\" data-start=\"2870\" data-end=\"2931\">-20 \u2103 ila +80 \u2103<\/td>\n<\/tr>\n<tr data-start=\"2932\" data-end=\"3045\">\n<td data-start=\"2932\" data-end=\"2956\" data-col-size=\"sm\">\u0130\u015fleme<\/td>\n<td data-col-size=\"sm\" data-start=\"2956\" data-end=\"2984\">Kaps\u00fclleme<\/td>\n<td data-col-size=\"md\" data-start=\"2984\" data-end=\"3045\">Ultrasonik<\/td>\n<\/tr>\n<tr data-start=\"3046\" data-end=\"3159\">\n<td data-start=\"3046\" data-end=\"3070\" data-col-size=\"sm\">Uyumluluk<\/td>\n<td data-col-size=\"sm\" data-start=\"3070\" data-end=\"3098\">\u00c7evre Standartlar\u0131<\/td>\n<td data-col-size=\"md\" data-start=\"3098\" data-end=\"3159\">RoHS uyumlu<\/td>\n<\/tr>\n<tr data-start=\"3160\" data-end=\"3273\">\n<td data-start=\"3160\" data-end=\"3184\" data-col-size=\"sm\">Ki\u015fiselle\u015ftirme<\/td>\n<td data-col-size=\"sm\" data-start=\"3184\" data-end=\"3212\">Bask\u0131\/\u0130\u015faretleme<\/td>\n<td data-col-size=\"md\" data-start=\"3212\" data-end=\"3273\">Logo, metin, QR, barkod, seri; EPC\/veri yaz\u0131m\u0131<\/td>\n<\/tr>\n<tr data-start=\"3274\" data-end=\"3387\">\n<td data-start=\"3274\" data-end=\"3298\" data-col-size=\"sm\">Montaj<\/td>\n<td data-col-size=\"sm\" data-start=\"3298\" data-end=\"3326\">Y\u00f6ntemler<\/td>\n<td data-col-size=\"md\" data-start=\"3326\" data-end=\"3387\">Demet kilitleme veya s\u00fcspansiyon<\/td>\n<\/tr>\n<tr data-start=\"3388\" data-end=\"3501\">\n<td data-start=\"3388\" data-end=\"3412\" data-col-size=\"sm\">Hizmet \u00d6mr\u00fc<\/td>\n<td data-col-size=\"sm\" data-start=\"3412\" data-end=\"3440\">Tipik<\/td>\n<td data-col-size=\"md\" data-start=\"3440\" data-end=\"3501\">&gt;2 y\u0131l<\/td>\n<\/tr>\n<tr data-start=\"3502\" data-end=\"3617\">\n<td data-start=\"3502\" data-end=\"3526\" data-col-size=\"sm\">Temel Nitelikler<\/td>\n<td data-col-size=\"sm\" data-start=\"3526\" data-end=\"3554\">Dayan\u0131kl\u0131l\u0131k<\/td>\n<td data-col-size=\"md\" data-start=\"3554\" data-end=\"3617\">UV \u0131\u015f\u0131nlar\u0131na dayan\u0131kl\u0131; toz ge\u00e7irmez; yang\u0131na ve aside dayan\u0131kl\u0131; ya\u015flanmaya kar\u015f\u0131 dayan\u0131kl\u0131<\/td>\n<\/tr>\n<\/tbody>\n<\/table>\n<\/div>\n<\/div>","protected":false},"excerpt":{"rendered":"<p>IP68 korumas\u0131na sahip UV \u0131\u015f\u0131nlar\u0131na dayan\u0131kl\u0131 RFID fermuarl\u0131 ba\u011flant\u0131 etiketi\u2014UHF ve NFC se\u00e7enekleri, 2\u20135 m okuma, kurcalamaya kar\u015f\u0131 korumal\u0131 tasar\u0131m ve varl\u0131klar, konteynerler ve kablo demetleri i\u00e7in \u00f6zelle\u015ftirilebilir bask\u0131.<\/p>","protected":false},"featured_media":933,"template":"","meta":{"_gspb_post_css":""},"product_brand":[],"product_cat":[31],"product_tag":[],"class_list":{"0":"post-930","1":"product","2":"type-product","3":"status-publish","4":"has-post-thumbnail","6":"product_cat-rfid-sticker-labels","8":"first","9":"instock","10":"shipping-taxable","11":"purchasable","12":"product-type-simple"},"_links":{"self":[{"href":"https:\/\/www.cxjsmartcard.com\/tr\/wp-json\/wp\/v2\/product\/930","targetHints":{"allow":["GET"]}}],"collection":[{"href":"https:\/\/www.cxjsmartcard.com\/tr\/wp-json\/wp\/v2\/product"}],"about":[{"href":"https:\/\/www.cxjsmartcard.com\/tr\/wp-json\/wp\/v2\/types\/product"}],"wp:featuredmedia":[{"embeddable":true,"href":"https:\/\/www.cxjsmartcard.com\/tr\/wp-json\/wp\/v2\/media\/933"}],"wp:attachment":[{"href":"https:\/\/www.cxjsmartcard.com\/tr\/wp-json\/wp\/v2\/media?parent=930"}],"wp:term":[{"taxonomy":"product_brand","embeddable":true,"href":"https:\/\/www.cxjsmartcard.com\/tr\/wp-json\/wp\/v2\/product_brand?post=930"},{"taxonomy":"product_cat","embeddable":true,"href":"https:\/\/www.cxjsmartcard.com\/tr\/wp-json\/wp\/v2\/product_cat?post=930"},{"taxonomy":"product_tag","embeddable":true,"href":"https:\/\/www.cxjsmartcard.com\/tr\/wp-json\/wp\/v2\/product_tag?post=930"}],"curies":[{"name":"wp","href":"https:\/\/api.w.org\/{rel}","templated":true}]}}