{"id":926,"date":"2025-11-03T09:20:40","date_gmt":"2025-11-03T09:20:40","guid":{"rendered":"https:\/\/www.cxjsmartcard.com\/?post_type=product&#038;p=926"},"modified":"2025-12-29T01:27:07","modified_gmt":"2025-12-29T01:27:07","slug":"rfid-jeans-hang-tag-860-960-mhz","status":"publish","type":"product","link":"https:\/\/www.cxjsmartcard.com\/tr\/rfid-jeans-hang-tag-860-960-mhz\/","title":{"rendered":"RFID Kot Pantolon Ask\u0131 Etiketi (860\u2013960 MHz)"},"content":{"rendered":"<p data-start=\"45\" data-end=\"330\">Kot pantolon ve giysiler i\u00e7in h\u0131zl\u0131 \u00e7oklu okuma EPC Gen2 performans\u0131na sahip \u00f6zel UHF RFID ask\u0131l\u0131 etiketler. Giyim envanteri, tedarik zinciri ve perakende operasyonlar\u0131 i\u00e7in tasarlanan bu etiketler, sorunsuz ma\u011faza ve depo i\u015f ak\u0131\u015flar\u0131 i\u00e7in 128 bit EPC kodlamas\u0131n\u0131 ve markalanabilir y\u00fczey malzemelerini destekler.<\/p>\n<p data-start=\"332\" data-end=\"350\"><strong data-start=\"332\" data-end=\"348\">Temel \u00d6zellikler<\/strong><\/p>\n<ul data-start=\"351\" data-end=\"869\">\n<li data-start=\"351\" data-end=\"414\">\n<p data-start=\"353\" data-end=\"414\"><strong data-start=\"353\" data-end=\"370\">UHF Standard\u0131:<\/strong> ISO\/IEC 18000-6C, EPCglobal S\u0131n\u0131f 1 Nesil 2<\/p>\n<\/li>\n<li data-start=\"415\" data-end=\"453\">\n<p data-start=\"417\" data-end=\"453\"><strong data-start=\"417\" data-end=\"427\">Cipsler:<\/strong> M730, U9 (\u00f6zelle\u015ftirilebilir)<\/p>\n<\/li>\n<li data-start=\"454\" data-end=\"557\">\n<p data-start=\"456\" data-end=\"557\"><strong data-start=\"456\" data-end=\"477\">Performans\u0131 Okuyun:<\/strong> H\u0131zl\u0131 okuma ve g\u00fcvenilir \u00e7oklu etiket okuma; u\u00e7tan uca izlenebilirli\u011fi destekler<\/p>\n<\/li>\n<li data-start=\"558\" data-end=\"626\">\n<p data-start=\"560\" data-end=\"626\"><strong data-start=\"560\" data-end=\"576\">Form Fakt\u00f6r\u00fc:<\/strong> 70 \u00d7 14 mm &quot;kemer&quot; antenli 83 \u00d7 25 mm etiket<\/p>\n<\/li>\n<li data-start=\"627\" data-end=\"713\">\n<p data-start=\"629\" data-end=\"713\"><strong data-start=\"629\" data-end=\"648\">Y\u00fcz Malzemeleri:<\/strong> Sanat ka\u011f\u0131d\u0131, PET, PP sentetik ka\u011f\u0131t; di\u011fer malzemeler talep \u00fczerine<\/p>\n<\/li>\n<li data-start=\"714\" data-end=\"803\">\n<p data-start=\"716\" data-end=\"803\"><strong data-start=\"716\" data-end=\"729\">Bask\u0131:<\/strong> Termal transfer, serigrafi ve \u00f6zel bask\u0131 (logo\/metin\/grafik)<\/p>\n<\/li>\n<li data-start=\"804\" data-end=\"869\">\n<p data-start=\"806\" data-end=\"869\"><strong data-start=\"806\" data-end=\"824\">Veri Hizmetleri:<\/strong> EPC kodlamas\u0131 \/ veri ba\u015flatma mevcuttur<\/p>\n<\/li>\n<\/ul>\n<p data-start=\"871\" data-end=\"982\"><strong data-start=\"871\" data-end=\"887\">Uygulamalar<\/strong><br data-start=\"887\" data-end=\"890\" \/>Giyim ve ayakkab\u0131 envanter y\u00f6netimi \u2022 Giyim tedarik zinciri \u2022 Giyim perakende y\u00f6netimi.<\/p>\n<p data-start=\"984\" data-end=\"1073\"><strong data-start=\"984\" data-end=\"1007\">\u0130\u015fletme ve Depolama<\/strong><br data-start=\"1007\" data-end=\"1010\" \/>\u00c7al\u0131\u015fma: 20\u201380% RH&#039;de 0\u201360 \u2103 \u2022 Depolama: 20\u201360% RH&#039;de 20\u201330 \u2103.<\/p>\n<h2 data-start=\"1075\" data-end=\"1100\">Tablo (\u00d6zellikler)<\/h2>\n<div class=\"_tableContainer_1rjym_1\">\n<div class=\"group _tableWrapper_1rjym_13 flex w-fit flex-col-reverse\" tabindex=\"-1\">\n<table class=\"w-fit min-w-(--thread-content-width)\" data-start=\"1102\" data-end=\"2831\">\n<thead data-start=\"1102\" data-end=\"1209\">\n<tr data-start=\"1102\" data-end=\"1209\">\n<th data-start=\"1102\" data-end=\"1120\" data-col-size=\"sm\">Kategori<\/th>\n<th data-start=\"1120\" data-end=\"1148\" data-col-size=\"sm\">Parametre<\/th>\n<th data-start=\"1148\" data-end=\"1209\" data-col-size=\"md\">De\u011fer<\/th>\n<\/tr>\n<\/thead>\n<tbody data-start=\"1318\" data-end=\"2831\">\n<tr data-start=\"1318\" data-end=\"1425\">\n<td data-start=\"1318\" data-end=\"1336\" data-col-size=\"sm\">\u00dcr\u00fcn<\/td>\n<td data-col-size=\"sm\" data-start=\"1336\" data-end=\"1364\">\u0130sim<\/td>\n<td data-col-size=\"md\" data-start=\"1364\" data-end=\"1425\">Giysi Takibi i\u00e7in RFID Ask\u0131l\u0131 Etiketler<\/td>\n<\/tr>\n<tr data-start=\"1426\" data-end=\"1533\">\n<td data-start=\"1426\" data-end=\"1444\" data-col-size=\"sm\">RF<\/td>\n<td data-start=\"1444\" data-end=\"1472\" data-col-size=\"sm\">S\u0131kl\u0131k<\/td>\n<td data-col-size=\"md\" data-start=\"1472\" data-end=\"1533\">860\u2013960 MHz (UHF)<\/td>\n<\/tr>\n<tr data-start=\"1534\" data-end=\"1641\">\n<td data-start=\"1534\" data-end=\"1552\" data-col-size=\"sm\"><\/td>\n<td data-start=\"1552\" data-end=\"1580\" data-col-size=\"sm\">Protokol<\/td>\n<td data-col-size=\"md\" data-start=\"1580\" data-end=\"1641\">ISO\/IEC 18000-6C; EPCglobal S\u0131n\u0131f 1 Nesil 2<\/td>\n<\/tr>\n<tr data-start=\"1642\" data-end=\"1749\">\n<td data-start=\"1642\" data-end=\"1660\" data-col-size=\"sm\">IC Se\u00e7enekleri<\/td>\n<td data-start=\"1660\" data-end=\"1688\" data-col-size=\"sm\">\u00c7ip<\/td>\n<td data-col-size=\"md\" data-start=\"1688\" data-end=\"1749\">M730; U9 (di\u011ferleri \u00f6zelle\u015ftirilebilir)<\/td>\n<\/tr>\n<tr data-start=\"1750\" data-end=\"1857\">\n<td data-start=\"1750\" data-end=\"1768\" data-col-size=\"sm\">Haf\u0131za<\/td>\n<td data-col-size=\"sm\" data-start=\"1768\" data-end=\"1796\">EPC \/ Kullan\u0131c\u0131<\/td>\n<td data-col-size=\"md\" data-start=\"1796\" data-end=\"1857\">128 bit \/ 0 bit<\/td>\n<\/tr>\n<tr data-start=\"1858\" data-end=\"1965\">\n<td data-start=\"1858\" data-end=\"1876\" data-col-size=\"sm\">Boyutlar<\/td>\n<td data-col-size=\"sm\" data-start=\"1876\" data-end=\"1904\">Etiket Boyutu<\/td>\n<td data-col-size=\"md\" data-start=\"1904\" data-end=\"1965\">83 \u00d7 25 mm (\u00f6zelle\u015ftirilebilir)<\/td>\n<\/tr>\n<tr data-start=\"1966\" data-end=\"2073\">\n<td data-start=\"1966\" data-end=\"1984\" data-col-size=\"sm\">Anten<\/td>\n<td data-col-size=\"sm\" data-start=\"1984\" data-end=\"2012\">Boyut \/ Stil<\/td>\n<td data-col-size=\"md\" data-start=\"2012\" data-end=\"2073\">70 \u00d7 14 mm; &quot;kemer&quot; d\u00fczeni<\/td>\n<\/tr>\n<tr data-start=\"2074\" data-end=\"2181\">\n<td data-start=\"2074\" data-end=\"2092\" data-col-size=\"sm\">Malzemeler<\/td>\n<td data-col-size=\"sm\" data-start=\"2092\" data-end=\"2120\">Y\u00fcz Se\u00e7enekleri<\/td>\n<td data-col-size=\"md\" data-start=\"2120\" data-end=\"2181\">Sanat ka\u011f\u0131d\u0131; PET; PP sentetik ka\u011f\u0131t; \u00f6zel<\/td>\n<\/tr>\n<tr data-start=\"2182\" data-end=\"2289\">\n<td data-start=\"2182\" data-end=\"2200\" data-col-size=\"sm\">Bask\u0131<\/td>\n<td data-col-size=\"sm\" data-start=\"2200\" data-end=\"2228\">Y\u00f6ntemler<\/td>\n<td data-col-size=\"md\" data-start=\"2228\" data-end=\"2289\">Termal transfer; serigrafi; di\u011fer \u00f6zel bask\u0131lar<\/td>\n<\/tr>\n<tr data-start=\"2290\" data-end=\"2397\">\n<td data-start=\"2290\" data-end=\"2308\" data-col-size=\"sm\">Ki\u015fiselle\u015ftirme<\/td>\n<td data-col-size=\"sm\" data-start=\"2308\" data-end=\"2336\">Veri Ba\u015flatma<\/td>\n<td data-col-size=\"md\" data-start=\"2336\" data-end=\"2397\">EPC kodlamas\u0131<\/td>\n<\/tr>\n<tr data-start=\"2398\" data-end=\"2505\">\n<td data-start=\"2398\" data-end=\"2416\" data-col-size=\"sm\">\u00c7evre<\/td>\n<td data-start=\"2416\" data-end=\"2444\" data-col-size=\"sm\">\u00c7al\u0131\u015fma Ko\u015fullar\u0131<\/td>\n<td data-col-size=\"md\" data-start=\"2444\" data-end=\"2505\">0\u201360 \u2103; 20\u201380% RH<\/td>\n<\/tr>\n<tr data-start=\"2506\" data-end=\"2613\">\n<td data-start=\"2506\" data-end=\"2524\" data-col-size=\"sm\"><\/td>\n<td data-start=\"2524\" data-end=\"2552\" data-col-size=\"sm\">Depolama Ko\u015fullar\u0131<\/td>\n<td data-col-size=\"md\" data-start=\"2552\" data-end=\"2613\">20\u201330 \u2103; 20\u201360% RH<\/td>\n<\/tr>\n<tr data-start=\"2614\" data-end=\"2721\">\n<td data-start=\"2614\" data-end=\"2632\" data-col-size=\"sm\">Faydalar<\/td>\n<td data-col-size=\"sm\" data-start=\"2632\" data-end=\"2660\">\u00d6nemli Noktalar<\/td>\n<td data-col-size=\"md\" data-start=\"2660\" data-end=\"2721\">H\u0131zl\u0131 okuma; \u00e7oklu okuma; izlenebilirlik<\/td>\n<\/tr>\n<tr data-start=\"2722\" data-end=\"2831\">\n<td data-start=\"2722\" data-end=\"2740\" data-col-size=\"sm\">Kullan\u0131m \u00d6rnekleri<\/td>\n<td data-start=\"2740\" data-end=\"2768\" data-col-size=\"sm\">Tipik Uygulamalar<\/td>\n<td data-col-size=\"md\" data-start=\"2768\" data-end=\"2831\">Giyim ve ayakkab\u0131 envanteri; giyim tedarik zinciri; perakende<\/td>\n<\/tr>\n<\/tbody>\n<\/table>\n<\/div>\n<\/div>","protected":false},"excerpt":{"rendered":"<p>Kot pantolon ve giyim e\u015fyalar\u0131 i\u00e7in UHF EPC Gen2 ask\u0131l\u0131 etiket\u201470 \u00d7 14 mm anten, M730\/U9 \u00e7ipler, 128 bit EPC, h\u0131zl\u0131 \u00e7oklu okuma ve \u00f6zelle\u015ftirilebilir bask\u0131\/kodlama \u00f6zelliklerine sahip 83 \u00d7 25 mm etiket.<\/p>","protected":false},"featured_media":927,"template":"","meta":{"_gspb_post_css":""},"product_brand":[],"product_cat":[31],"product_tag":[],"class_list":{"0":"post-926","1":"product","2":"type-product","3":"status-publish","4":"has-post-thumbnail","6":"product_cat-rfid-sticker-labels","8":"first","9":"instock","10":"shipping-taxable","11":"purchasable","12":"product-type-simple"},"_links":{"self":[{"href":"https:\/\/www.cxjsmartcard.com\/tr\/wp-json\/wp\/v2\/product\/926","targetHints":{"allow":["GET"]}}],"collection":[{"href":"https:\/\/www.cxjsmartcard.com\/tr\/wp-json\/wp\/v2\/product"}],"about":[{"href":"https:\/\/www.cxjsmartcard.com\/tr\/wp-json\/wp\/v2\/types\/product"}],"wp:featuredmedia":[{"embeddable":true,"href":"https:\/\/www.cxjsmartcard.com\/tr\/wp-json\/wp\/v2\/media\/927"}],"wp:attachment":[{"href":"https:\/\/www.cxjsmartcard.com\/tr\/wp-json\/wp\/v2\/media?parent=926"}],"wp:term":[{"taxonomy":"product_brand","embeddable":true,"href":"https:\/\/www.cxjsmartcard.com\/tr\/wp-json\/wp\/v2\/product_brand?post=926"},{"taxonomy":"product_cat","embeddable":true,"href":"https:\/\/www.cxjsmartcard.com\/tr\/wp-json\/wp\/v2\/product_cat?post=926"},{"taxonomy":"product_tag","embeddable":true,"href":"https:\/\/www.cxjsmartcard.com\/tr\/wp-json\/wp\/v2\/product_tag?post=926"}],"curies":[{"name":"wp","href":"https:\/\/api.w.org\/{rel}","templated":true}]}}