{"id":922,"date":"2025-11-03T09:18:04","date_gmt":"2025-11-03T09:18:04","guid":{"rendered":"https:\/\/www.cxjsmartcard.com\/?post_type=product&#038;p=922"},"modified":"2025-12-29T01:27:07","modified_gmt":"2025-12-29T01:27:07","slug":"led-light-uhf-rfid-label-sticker","status":"publish","type":"product","link":"https:\/\/www.cxjsmartcard.com\/tr\/led-light-uhf-rfid-label-sticker\/","title":{"rendered":"LED I\u015f\u0131k UHF RFID Etiket Etiketi"},"content":{"rendered":"<p data-start=\"44\" data-end=\"365\">An\u0131nda g\u00f6rsel konum tespiti i\u00e7in dahili LED&#039;li uzun menzilli UHF RFID etiketi. 10 metreden fazla mesafede h\u0131zl\u0131 toplu okumalar i\u00e7in tasarlanm\u0131\u015ft\u0131r ve raflardaki, kutulardaki veya raflardaki \u00fcr\u00fcnleri tam olarak belirlemek i\u00e7in etiket \u00fczerinde ger\u00e7ek zamanl\u0131 LED ipu\u00e7lar\u0131 sa\u011flar. Dayan\u0131kl\u0131 ve tekrar kullan\u0131labilir yap\u0131s\u0131, y\u00fcksek hacimli lojistik, perakende, sa\u011fl\u0131k ve etkinlik operasyonlar\u0131n\u0131 destekler.<\/p>\n<p data-start=\"367\" data-end=\"385\"><strong data-start=\"367\" data-end=\"383\">Neden yard\u0131mc\u0131 olur?<\/strong><\/p>\n<ul data-start=\"386\" data-end=\"981\">\n<li data-start=\"386\" data-end=\"474\">\n<p data-start=\"388\" data-end=\"474\"><strong data-start=\"388\" data-end=\"422\">Verimli uzun menzilli tarama:<\/strong> 10 metreden \u00f6teye toplu, g\u00f6r\u00fc\u015f hatt\u0131 gerektirmeyen okumalar.<\/p>\n<\/li>\n<li data-start=\"475\" data-end=\"584\">\n<p data-start=\"477\" data-end=\"584\"><strong data-start=\"477\" data-end=\"502\">Ger\u00e7ek zamanl\u0131 g\u00f6r\u00fcn\u00fcrl\u00fck:<\/strong> LED yan\u0131p s\u00f6nme desenleri konumu veya durumu (\u00f6rne\u011fin, alma\/yerle\u015ftirme, d\u00fc\u015f\u00fck stok) g\u00f6sterir.<\/p>\n<\/li>\n<li data-start=\"585\" data-end=\"663\">\n<p data-start=\"587\" data-end=\"663\"><strong data-start=\"587\" data-end=\"607\">Daha y\u00fcksek do\u011fruluk:<\/strong> Manuel hatalar\u0131 azalt\u0131n; otomatik i\u015f ak\u0131\u015flar\u0131n\u0131 kolayla\u015ft\u0131r\u0131n.<\/p>\n<\/li>\n<li data-start=\"664\" data-end=\"756\">\n<p data-start=\"666\" data-end=\"756\"><strong data-start=\"666\" data-end=\"695\">Programlanabilir esneklik:<\/strong> Farkl\u0131 senaryolara uyum sa\u011flayacak \u015fekilde LED davran\u0131\u015f\u0131n\u0131n uzaktan kontrol\u00fc.<\/p>\n<\/li>\n<li data-start=\"757\" data-end=\"846\">\n<p data-start=\"759\" data-end=\"846\"><strong data-start=\"759\" data-end=\"785\">End\u00fcstriyel dayan\u0131kl\u0131l\u0131k:<\/strong> Sabit RF ve LED performans\u0131yla tekrar tekrar kullan\u0131ma uygun olarak \u00fcretilmi\u015ftir.<\/p>\n<\/li>\n<li data-start=\"847\" data-end=\"921\">\n<p data-start=\"849\" data-end=\"921\"><strong data-start=\"849\" data-end=\"872\">\u00c7oklu senaryo kullan\u0131m\u0131:<\/strong> Depolama, perakende, t\u0131bbi varl\u0131klar ve daha fazlas\u0131.<\/p>\n<\/li>\n<li data-start=\"922\" data-end=\"981\">\n<p data-start=\"924\" data-end=\"981\"><strong data-start=\"924\" data-end=\"942\">Uzun vadeli yat\u0131r\u0131m getirisi:<\/strong> Daha az i\u015f g\u00fcc\u00fc ve k\u00fc\u00e7\u00fclme; daha h\u0131zl\u0131 denetimler.<\/p>\n<\/li>\n<\/ul>\n<p data-start=\"983\" data-end=\"1203\"><strong data-start=\"983\" data-end=\"1007\">Tipik uygulamalar<\/strong><br data-start=\"1007\" data-end=\"1010\" \/>G\u00fcvenli giri\u015f kontrol\u00fc \u2022 Nakitsiz \u00fcyelik\/sadakat \u2022 Etkinlik eri\u015fimi ve markala\u015fma \u2022 Sosyal\/pazarlama musluklar\u0131 \u2022 Perakende operasyonlar\u0131 \u2022 Elektronik ve ticaret fuarlar\u0131 \u2022 Oyunlar ve oyuncaklar \u2022 Ak\u0131ll\u0131 kartvizitler.<\/p>\n<h2 data-start=\"1205\" data-end=\"1230\">Tablo (\u00d6zellikler)<\/h2>\n<div class=\"_tableContainer_1rjym_1\">\n<div class=\"group _tableWrapper_1rjym_13 flex w-fit flex-col-reverse\" tabindex=\"-1\">\n<table class=\"w-fit min-w-(--thread-content-width)\" data-start=\"1232\" data-end=\"3463\">\n<thead data-start=\"1232\" data-end=\"1355\">\n<tr data-start=\"1232\" data-end=\"1355\">\n<th data-start=\"1232\" data-end=\"1258\" data-col-size=\"sm\">Kategori<\/th>\n<th data-start=\"1258\" data-end=\"1294\" data-col-size=\"sm\">Parametre<\/th>\n<th data-start=\"1294\" data-end=\"1355\" data-col-size=\"md\">De\u011fer<\/th>\n<\/tr>\n<\/thead>\n<tbody data-start=\"1480\" data-end=\"3463\">\n<tr data-start=\"1480\" data-end=\"1603\">\n<td data-start=\"1480\" data-end=\"1506\" data-col-size=\"sm\">\u00dcr\u00fcn<\/td>\n<td data-col-size=\"sm\" data-start=\"1506\" data-end=\"1542\">Tip<\/td>\n<td data-col-size=\"md\" data-start=\"1542\" data-end=\"1603\">LED I\u015f\u0131k UHF RFID Etiket Etiketi<\/td>\n<\/tr>\n<tr data-start=\"1604\" data-end=\"1727\">\n<td data-start=\"1604\" data-end=\"1630\" data-col-size=\"sm\">IC<\/td>\n<td data-start=\"1630\" data-end=\"1666\" data-col-size=\"sm\">\u00c7ip<\/td>\n<td data-start=\"1666\" data-end=\"1727\" data-col-size=\"md\">KX2005X-BL<\/td>\n<\/tr>\n<tr data-start=\"1728\" data-end=\"1851\">\n<td data-start=\"1728\" data-end=\"1754\" data-col-size=\"sm\">RF<\/td>\n<td data-start=\"1754\" data-end=\"1790\" data-col-size=\"sm\">S\u0131kl\u0131k<\/td>\n<td data-col-size=\"md\" data-start=\"1790\" data-end=\"1851\">860\u2013960 MHz<\/td>\n<\/tr>\n<tr data-start=\"1852\" data-end=\"1975\">\n<td data-start=\"1852\" data-end=\"1878\" data-col-size=\"sm\"><\/td>\n<td data-col-size=\"sm\" data-start=\"1878\" data-end=\"1914\">Protokol<\/td>\n<td data-col-size=\"md\" data-start=\"1914\" data-end=\"1975\">ISO\/IEC 18000-6C, EPC S\u0131n\u0131f 1 Gen 2<\/td>\n<\/tr>\n<tr data-start=\"1976\" data-end=\"2099\">\n<td data-start=\"1976\" data-end=\"2002\" data-col-size=\"sm\">Operasyon<\/td>\n<td data-col-size=\"sm\" data-start=\"2002\" data-end=\"2038\">\u00c7al\u0131\u015fma Modu<\/td>\n<td data-col-size=\"md\" data-start=\"2038\" data-end=\"2099\">Pasif<\/td>\n<\/tr>\n<tr data-start=\"2100\" data-end=\"2223\">\n<td data-start=\"2100\" data-end=\"2126\" data-col-size=\"sm\">Performans\u0131 Oku<\/td>\n<td data-start=\"2126\" data-end=\"2162\" data-col-size=\"sm\">Tipik Aral\u0131k<\/td>\n<td data-col-size=\"md\" data-start=\"2162\" data-end=\"2223\">10 m+ (okuyucu\/ortama ba\u011fl\u0131)<\/td>\n<\/tr>\n<tr data-start=\"2224\" data-end=\"2347\">\n<td data-start=\"2224\" data-end=\"2250\" data-col-size=\"sm\">Anten<\/td>\n<td data-col-size=\"sm\" data-start=\"2250\" data-end=\"2286\">Tip \/ Boyut<\/td>\n<td data-col-size=\"md\" data-start=\"2286\" data-end=\"2347\">Al\u00fcminyum a\u015f\u0131nd\u0131rma, 95 \u00d7 18,5 mm<\/td>\n<\/tr>\n<tr data-start=\"2348\" data-end=\"2471\">\n<td data-start=\"2348\" data-end=\"2374\" data-col-size=\"sm\">Bi\u00e7im<\/td>\n<td data-col-size=\"sm\" data-start=\"2374\" data-end=\"2410\">Islak Yerle\u015ftirme \/ Etiket Boyutu<\/td>\n<td data-col-size=\"md\" data-start=\"2410\" data-end=\"2471\">100 \u00d7 52 mm (\u00f6zelle\u015ftirilebilir)<\/td>\n<\/tr>\n<tr data-start=\"2472\" data-end=\"2595\">\n<td data-start=\"2472\" data-end=\"2498\" data-col-size=\"sm\">Malzemeler<\/td>\n<td data-start=\"2498\" data-end=\"2534\" data-col-size=\"sm\">Y\u00fcz \/ Yap\u0131lar<\/td>\n<td data-col-size=\"md\" data-start=\"2534\" data-end=\"2595\">Kaplamal\u0131 ka\u011f\u0131t, PET, sentetik ka\u011f\u0131t, termal ka\u011f\u0131t, \u00f6zel<\/td>\n<\/tr>\n<tr data-start=\"2596\" data-end=\"2719\">\n<td data-start=\"2596\" data-end=\"2622\" data-col-size=\"sm\">Bask\u0131 ve Markalama<\/td>\n<td data-col-size=\"sm\" data-start=\"2622\" data-end=\"2658\">Y\u00f6ntemler<\/td>\n<td data-col-size=\"md\" data-start=\"2658\" data-end=\"2719\">Tam renkli bask\u0131, logo, barkod, QR, seri numaras\u0131<\/td>\n<\/tr>\n<tr data-start=\"2720\" data-end=\"2843\">\n<td data-start=\"2720\" data-end=\"2746\" data-col-size=\"sm\">G\u00fcvenilirlik<\/td>\n<td data-col-size=\"sm\" data-start=\"2746\" data-end=\"2782\">IC Ya\u015fam<\/td>\n<td data-col-size=\"md\" data-start=\"2782\" data-end=\"2843\">100.000 programlama d\u00f6ng\u00fcs\u00fc; 10 y\u0131ll\u0131k veri saklama<\/td>\n<\/tr>\n<tr data-start=\"2844\" data-end=\"2967\">\n<td data-start=\"2844\" data-end=\"2870\" data-col-size=\"sm\">\u00c7evre (Kullan\u0131m)<\/td>\n<td data-col-size=\"sm\" data-start=\"2870\" data-end=\"2906\">\u00c7al\u0131\u015fma S\u0131cakl\u0131\u011f\u0131 \/ Nem<\/td>\n<td data-col-size=\"md\" data-start=\"2906\" data-end=\"2967\">-25 ila +50 \u2103 \/ 20\u201380% RH<\/td>\n<\/tr>\n<tr data-start=\"2968\" data-end=\"3091\">\n<td data-start=\"2968\" data-end=\"2994\" data-col-size=\"sm\">\u00c7evre (Depolama)<\/td>\n<td data-col-size=\"sm\" data-start=\"2994\" data-end=\"3030\">Depolama S\u0131cakl\u0131\u011f\u0131 \/ Nem<\/td>\n<td data-col-size=\"md\" data-start=\"3030\" data-end=\"3091\">+23 \u2103 \u00b15 \u2103 \/ 50% \u00b110% RH (yo\u011fu\u015fma yok)<\/td>\n<\/tr>\n<tr data-start=\"3092\" data-end=\"3215\">\n<td data-start=\"3092\" data-end=\"3118\" data-col-size=\"sm\">Ambalajlama<\/td>\n<td data-col-size=\"sm\" data-start=\"3118\" data-end=\"3154\">Rulo \/ Karton<\/td>\n<td data-col-size=\"md\" data-start=\"3154\" data-end=\"3215\">Rulo ba\u015f\u0131na 1.000\u20135.000 adet; karton ba\u015f\u0131na 4 rulo<\/td>\n<\/tr>\n<tr data-start=\"3216\" data-end=\"3339\">\n<td data-start=\"3216\" data-end=\"3242\" data-col-size=\"sm\">\u00d6rnekler<\/td>\n<td data-start=\"3242\" data-end=\"3278\" data-col-size=\"sm\">Kullan\u0131labilirlik<\/td>\n<td data-col-size=\"md\" data-start=\"3278\" data-end=\"3339\">Kalite testi i\u00e7in \u00fccretsiz numune<\/td>\n<\/tr>\n<tr data-start=\"3340\" data-end=\"3463\">\n<td data-start=\"3340\" data-end=\"3366\" data-col-size=\"sm\">\u00c7\u00f6z\u00fcmler<\/td>\n<td data-start=\"3366\" data-end=\"3402\" data-col-size=\"sm\">\u00d6rnek Da\u011f\u0131t\u0131mlar<\/td>\n<td data-col-size=\"md\" data-start=\"3402\" data-end=\"3463\">Depolama, perakende, t\u0131bbi varl\u0131k takibi, etkinlikler<\/td>\n<\/tr>\n<\/tbody>\n<\/table>\n<\/div>\n<\/div>","protected":false},"excerpt":{"rendered":"<p>10 m+ okuma ve an\u0131nda g\u00f6rsel konumland\u0131rma i\u00e7in entegre LED&#039;li UHF RFID etiketi; perakende, depo, sa\u011fl\u0131k ve etkinlikler i\u00e7in pasif EPC Gen2 tasar\u0131m\u0131, yazd\u0131r\u0131labilir y\u00fcz ve dayan\u0131kl\u0131 yap\u0131.<\/p>","protected":false},"featured_media":923,"template":"","meta":{"_gspb_post_css":""},"product_brand":[],"product_cat":[31],"product_tag":[],"class_list":{"0":"post-922","1":"product","2":"type-product","3":"status-publish","4":"has-post-thumbnail","6":"product_cat-rfid-sticker-labels","8":"first","9":"instock","10":"shipping-taxable","11":"purchasable","12":"product-type-simple"},"_links":{"self":[{"href":"https:\/\/www.cxjsmartcard.com\/tr\/wp-json\/wp\/v2\/product\/922","targetHints":{"allow":["GET"]}}],"collection":[{"href":"https:\/\/www.cxjsmartcard.com\/tr\/wp-json\/wp\/v2\/product"}],"about":[{"href":"https:\/\/www.cxjsmartcard.com\/tr\/wp-json\/wp\/v2\/types\/product"}],"wp:featuredmedia":[{"embeddable":true,"href":"https:\/\/www.cxjsmartcard.com\/tr\/wp-json\/wp\/v2\/media\/923"}],"wp:attachment":[{"href":"https:\/\/www.cxjsmartcard.com\/tr\/wp-json\/wp\/v2\/media?parent=922"}],"wp:term":[{"taxonomy":"product_brand","embeddable":true,"href":"https:\/\/www.cxjsmartcard.com\/tr\/wp-json\/wp\/v2\/product_brand?post=922"},{"taxonomy":"product_cat","embeddable":true,"href":"https:\/\/www.cxjsmartcard.com\/tr\/wp-json\/wp\/v2\/product_cat?post=922"},{"taxonomy":"product_tag","embeddable":true,"href":"https:\/\/www.cxjsmartcard.com\/tr\/wp-json\/wp\/v2\/product_tag?post=922"}],"curies":[{"name":"wp","href":"https:\/\/api.w.org\/{rel}","templated":true}]}}