{"id":917,"date":"2025-11-03T09:15:33","date_gmt":"2025-11-03T09:15:33","guid":{"rendered":"https:\/\/www.cxjsmartcard.com\/?post_type=product&#038;p=917"},"modified":"2025-12-29T01:27:07","modified_gmt":"2025-12-29T01:27:07","slug":"dogbone-uhf-rfid-wet-inlay-tags-for-marathon-race-timing","status":"publish","type":"product","link":"https:\/\/www.cxjsmartcard.com\/tr\/dogbone-uhf-rfid-wet-inlay-tags-for-marathon-race-timing\/","title":{"rendered":"Maraton Yar\u0131\u015f\u0131 Zamanlamas\u0131 i\u00e7in K\u00f6pek Kemi\u011fi UHF RFID Islak Etiket"},"content":{"rendered":"<p data-start=\"68\" data-end=\"357\">G\u00fcvenilir toplu kat\u0131l\u0131mc\u0131 zamanlamas\u0131 i\u00e7in optimize edilmi\u015f, k\u00f6pek kemi\u011fi antenli UHF EPC Gen2 \u0131slak etiket. 94 \u00d7 24 mm k\u00f6pek kemi\u011fi antenli 97 \u00d7 27 mm PET etiket, yar\u0131\u015f numaralar\u0131 ve giysilerde h\u0131zl\u0131 \u00e7oklu okuma performans\u0131 sunar ve y\u00fcksek hacimli bask\u0131\/kodlama i\u015f ak\u0131\u015flar\u0131na kolayca entegre olur.<\/p>\n<p data-start=\"359\" data-end=\"377\"><strong data-start=\"359\" data-end=\"375\">Temel \u00d6zellikler<\/strong><\/p>\n<ul data-start=\"378\" data-end=\"690\">\n<li data-start=\"378\" data-end=\"419\">\n<p data-start=\"380\" data-end=\"419\">Geni\u015f \u00e7al\u0131\u015fma frekans\u0131: 840\u2013960 MHz<\/p>\n<\/li>\n<li data-start=\"420\" data-end=\"465\">\n<p data-start=\"422\" data-end=\"465\">UHF EPC Gen2 \/ ISO\/IEC 18000-6C uyumlu<\/p>\n<\/li>\n<li data-start=\"466\" data-end=\"543\">\n<p data-start=\"468\" data-end=\"543\">Ko\u015fucular\u0131n \u00f6nl\u00fckleri\/k\u0131yafetleri \u00fczerinde g\u00fc\u00e7l\u00fc ve istikrarl\u0131 okumalar i\u00e7in k\u00f6pek kemi\u011fi anten d\u00fczeni<\/p>\n<\/li>\n<li data-start=\"544\" data-end=\"608\">\n<p data-start=\"546\" data-end=\"608\">\u015eeffaf PET y\u00fczey; \u0131slak dolgu (yap\u0131\u015fkan astar) olarak tedarik edilir<\/p>\n<\/li>\n<li data-start=\"609\" data-end=\"690\">\n<p data-start=\"611\" data-end=\"690\">Bask\u0131\/kodlamaya haz\u0131r: termal transfer veya serigrafi; EPC \u00f6n kodlama desteklenir<\/p>\n<\/li>\n<\/ul>\n<p data-start=\"692\" data-end=\"858\"><strong data-start=\"692\" data-end=\"708\">Uygulamalar<\/strong><br data-start=\"708\" data-end=\"711\" \/>Maraton ve yol yar\u0131\u015f\u0131 zamanlamas\u0131 \u2022 Triatlon\/bisiklet etkinlikleri \u2022 Numara ve ayakkab\u0131 etiketleme \u2022 H\u0131zl\u0131 \u00e7oklu okuma gerektiren zorlu ortam varl\u0131k etiketleri.<\/p>\n<p data-start=\"860\" data-end=\"949\"><strong data-start=\"860\" data-end=\"883\">\u0130\u015fletme ve Depolama<\/strong><br data-start=\"883\" data-end=\"886\" \/>\u00c7al\u0131\u015fma: 20\u201380% RH&#039;de 0\u201360 \u2103 \u2022 Depolama: 20\u201360% RH&#039;de 20\u201330 \u2103.<\/p>\n<h2 data-start=\"951\" data-end=\"976\">Tablo (\u00d6zellikler)<\/h2>\n<div class=\"_tableContainer_1rjym_1\">\n<div class=\"group _tableWrapper_1rjym_13 flex w-fit flex-col-reverse\" tabindex=\"-1\">\n<table class=\"w-fit min-w-(--thread-content-width)\" data-start=\"978\" data-end=\"2352\">\n<thead data-start=\"978\" data-end=\"1062\">\n<tr data-start=\"978\" data-end=\"1062\">\n<th data-start=\"978\" data-end=\"996\" data-col-size=\"sm\">Kategori<\/th>\n<th data-start=\"996\" data-end=\"1019\" data-col-size=\"sm\">Parametre<\/th>\n<th data-start=\"1019\" data-end=\"1062\" data-col-size=\"md\">De\u011fer<\/th>\n<\/tr>\n<\/thead>\n<tbody data-start=\"1148\" data-end=\"2352\">\n<tr data-start=\"1148\" data-end=\"1232\">\n<td data-start=\"1148\" data-end=\"1166\" data-col-size=\"sm\">\u00dcr\u00fcn<\/td>\n<td data-start=\"1166\" data-end=\"1189\" data-col-size=\"sm\">\u0130sim<\/td>\n<td data-start=\"1189\" data-end=\"1232\" data-col-size=\"md\">K\u00f6pek Kemi\u011fi UHF RFID Islak Kaplama<\/td>\n<\/tr>\n<tr data-start=\"1233\" data-end=\"1318\">\n<td data-start=\"1233\" data-end=\"1251\" data-col-size=\"sm\">IC<\/td>\n<td data-start=\"1251\" data-end=\"1274\" data-col-size=\"sm\">\u00c7ip<\/td>\n<td data-col-size=\"md\" data-start=\"1274\" data-end=\"1318\">U8<\/td>\n<\/tr>\n<tr data-start=\"1319\" data-end=\"1404\">\n<td data-start=\"1319\" data-end=\"1337\" data-col-size=\"sm\">RF<\/td>\n<td data-col-size=\"sm\" data-start=\"1337\" data-end=\"1360\">S\u0131kl\u0131k<\/td>\n<td data-col-size=\"md\" data-start=\"1360\" data-end=\"1404\">840\u2013960 MHz<\/td>\n<\/tr>\n<tr data-start=\"1405\" data-end=\"1490\">\n<td data-start=\"1405\" data-end=\"1423\" data-col-size=\"sm\"><\/td>\n<td data-col-size=\"sm\" data-start=\"1423\" data-end=\"1446\">Protokol<\/td>\n<td data-col-size=\"md\" data-start=\"1446\" data-end=\"1490\">ISO\/IEC 18000-6C; EPCglobal S\u0131n\u0131f 1 Nesil 2<\/td>\n<\/tr>\n<tr data-start=\"1491\" data-end=\"1576\">\n<td data-start=\"1491\" data-end=\"1509\" data-col-size=\"sm\">Haf\u0131za<\/td>\n<td data-col-size=\"sm\" data-start=\"1509\" data-end=\"1532\">TID \/ EPC \/ Kullan\u0131c\u0131<\/td>\n<td data-col-size=\"md\" data-start=\"1532\" data-end=\"1576\">48 bit \/ 128 bit \/ 0 bit<\/td>\n<\/tr>\n<tr data-start=\"1577\" data-end=\"1662\">\n<td data-start=\"1577\" data-end=\"1595\" data-col-size=\"sm\">Etiket<\/td>\n<td data-start=\"1595\" data-end=\"1618\" data-col-size=\"sm\">Boyut<\/td>\n<td data-start=\"1618\" data-end=\"1662\" data-col-size=\"md\">97 \u00d7 27 mm<\/td>\n<\/tr>\n<tr data-start=\"1663\" data-end=\"1748\">\n<td data-start=\"1663\" data-end=\"1681\" data-col-size=\"sm\">Anten<\/td>\n<td data-col-size=\"sm\" data-start=\"1681\" data-end=\"1704\">Boyut \/ \u015eekil<\/td>\n<td data-col-size=\"md\" data-start=\"1704\" data-end=\"1748\">94 \u00d7 24 mm, k\u00f6pek kemi\u011fi<\/td>\n<\/tr>\n<tr data-start=\"1749\" data-end=\"1834\">\n<td data-start=\"1749\" data-end=\"1767\" data-col-size=\"sm\">Y\u00fcz<\/td>\n<td data-start=\"1767\" data-end=\"1790\" data-col-size=\"sm\">Malzeme<\/td>\n<td data-col-size=\"md\" data-start=\"1790\" data-end=\"1834\">\u015eeffaf PET<\/td>\n<\/tr>\n<tr data-start=\"1835\" data-end=\"1920\">\n<td data-start=\"1835\" data-end=\"1853\" data-col-size=\"sm\">Bask\u0131<\/td>\n<td data-start=\"1853\" data-end=\"1876\" data-col-size=\"sm\">Y\u00f6ntemler<\/td>\n<td data-start=\"1876\" data-end=\"1920\" data-col-size=\"md\">Termal transfer; ipek ekran<\/td>\n<\/tr>\n<tr data-start=\"1921\" data-end=\"2007\">\n<td data-start=\"1921\" data-end=\"1939\" data-col-size=\"sm\">Veri<\/td>\n<td data-col-size=\"sm\" data-start=\"1939\" data-end=\"1962\">Ba\u015flatma<\/td>\n<td data-col-size=\"md\" data-start=\"1962\" data-end=\"2007\">EPC kodlamas\u0131 mevcuttur<\/td>\n<\/tr>\n<tr data-start=\"2008\" data-end=\"2093\">\n<td data-start=\"2008\" data-end=\"2026\" data-col-size=\"sm\">\u00c7evre<\/td>\n<td data-start=\"2026\" data-end=\"2049\" data-col-size=\"sm\">\u0130\u015fletme<\/td>\n<td data-col-size=\"md\" data-start=\"2049\" data-end=\"2093\">0\u201360 \u2103; 20\u201380% RH<\/td>\n<\/tr>\n<tr data-start=\"2094\" data-end=\"2180\">\n<td data-start=\"2094\" data-end=\"2112\" data-col-size=\"sm\"><\/td>\n<td data-start=\"2112\" data-end=\"2135\" data-col-size=\"sm\">Depolamak<\/td>\n<td data-col-size=\"md\" data-start=\"2135\" data-end=\"2180\">20\u201330 \u2103; 20\u201360% RH<\/td>\n<\/tr>\n<tr data-start=\"2181\" data-end=\"2266\">\n<td data-start=\"2181\" data-end=\"2199\" data-col-size=\"sm\">Faydalar<\/td>\n<td data-col-size=\"sm\" data-start=\"2199\" data-end=\"2222\">\u00d6nemli Noktalar<\/td>\n<td data-col-size=\"md\" data-start=\"2222\" data-end=\"2266\">H\u0131zl\u0131 okuma; \u00e7oklu okuma; izlenebilirlik<\/td>\n<\/tr>\n<tr data-start=\"2267\" data-end=\"2352\">\n<td data-start=\"2267\" data-end=\"2285\" data-col-size=\"sm\">Kullan\u0131m \u00d6rnekleri<\/td>\n<td data-col-size=\"sm\" data-start=\"2285\" data-end=\"2308\">Tipik Uygulamalar<\/td>\n<td data-col-size=\"md\" data-start=\"2308\" data-end=\"2352\">Yar\u0131\u015f zamanlamas\u0131, numara\/ayakkab\u0131 etiketi, varl\u0131klar<\/td>\n<\/tr>\n<\/tbody>\n<\/table>\n<\/div>\n<\/div>","protected":false},"excerpt":{"rendered":"<p>Maraton zamanlamas\u0131 i\u00e7in k\u00f6pek kemi\u011fi UHF EPC Gen2 \u0131slak ek par\u00e7a\u201494 \u00d7 24 mm k\u00f6pek kemi\u011fi antenli 97 \u00d7 27 mm PET etiket, U8 \u00e7ip, h\u0131zl\u0131 \u00e7oklu okuma performans\u0131 i\u00e7in bask\u0131\/kodlamaya haz\u0131r.<\/p>","protected":false},"featured_media":918,"template":"","meta":{"_gspb_post_css":""},"product_brand":[],"product_cat":[31],"product_tag":[],"class_list":{"0":"post-917","1":"product","2":"type-product","3":"status-publish","4":"has-post-thumbnail","6":"product_cat-rfid-sticker-labels","8":"first","9":"instock","10":"shipping-taxable","11":"purchasable","12":"product-type-simple"},"_links":{"self":[{"href":"https:\/\/www.cxjsmartcard.com\/tr\/wp-json\/wp\/v2\/product\/917","targetHints":{"allow":["GET"]}}],"collection":[{"href":"https:\/\/www.cxjsmartcard.com\/tr\/wp-json\/wp\/v2\/product"}],"about":[{"href":"https:\/\/www.cxjsmartcard.com\/tr\/wp-json\/wp\/v2\/types\/product"}],"wp:featuredmedia":[{"embeddable":true,"href":"https:\/\/www.cxjsmartcard.com\/tr\/wp-json\/wp\/v2\/media\/918"}],"wp:attachment":[{"href":"https:\/\/www.cxjsmartcard.com\/tr\/wp-json\/wp\/v2\/media?parent=917"}],"wp:term":[{"taxonomy":"product_brand","embeddable":true,"href":"https:\/\/www.cxjsmartcard.com\/tr\/wp-json\/wp\/v2\/product_brand?post=917"},{"taxonomy":"product_cat","embeddable":true,"href":"https:\/\/www.cxjsmartcard.com\/tr\/wp-json\/wp\/v2\/product_cat?post=917"},{"taxonomy":"product_tag","embeddable":true,"href":"https:\/\/www.cxjsmartcard.com\/tr\/wp-json\/wp\/v2\/product_tag?post=917"}],"curies":[{"name":"wp","href":"https:\/\/api.w.org\/{rel}","templated":true}]}}