{"id":913,"date":"2025-11-03T09:13:58","date_gmt":"2025-11-03T09:13:58","guid":{"rendered":"https:\/\/www.cxjsmartcard.com\/?post_type=product&#038;p=913"},"modified":"2025-12-29T01:27:07","modified_gmt":"2025-12-29T01:27:07","slug":"dogbone-m830-rfid-foam-tags-for-marathon-timing","status":"publish","type":"product","link":"https:\/\/www.cxjsmartcard.com\/tr\/dogbone-m830-rfid-foam-tags-for-marathon-timing\/","title":{"rendered":"Maraton Zamanlamas\u0131 i\u00e7in DogBone M830 RFID K\u00f6p\u00fck Etiketleri"},"content":{"rendered":"<p data-start=\"59\" data-end=\"320\">Yar\u0131\u015f kontrol noktalar\u0131nda h\u0131zl\u0131 ve do\u011fru okumalar i\u00e7in DogBone M830 i\u00e7 par\u00e7al\u0131 UHF EPC Gen2 k\u00f6p\u00fck zamanlama etiketleri. K\u00f6p\u00fck ara par\u00e7as\u0131, insan v\u00fccudundaki performans\u0131 art\u0131rarak zorlu d\u0131\u015f mekan ko\u015fullar\u0131nda numara veya ayakkab\u0131 etiketlerinde g\u00fcvenilir \u00e7oklu okuma zamanlamas\u0131 sa\u011flar.<\/p>\n<p data-start=\"322\" data-end=\"340\"><strong data-start=\"322\" data-end=\"338\">Temel \u00d6zellikler<\/strong><\/p>\n<ul data-start=\"341\" data-end=\"655\">\n<li data-start=\"341\" data-end=\"403\">\n<p data-start=\"343\" data-end=\"403\">M830 UHF ek par\u00e7as\u0131, EPCglobal S\u0131n\u0131f 1 Gen 2 \/ ISO\/IEC 18000-6C<\/p>\n<\/li>\n<li data-start=\"404\" data-end=\"451\">\n<p data-start=\"406\" data-end=\"451\">48 bit TID, 128 bit EPC (0 bit Kullan\u0131c\u0131 belle\u011fi)<\/p>\n<\/li>\n<li data-start=\"452\" data-end=\"515\">\n<p data-start=\"454\" data-end=\"515\">H\u0131z ve hassasiyet i\u00e7in optimize edilmi\u015f k\u00f6pek kemi\u011fi anten d\u00fczeni<\/p>\n<\/li>\n<li data-start=\"516\" data-end=\"591\">\n<p data-start=\"518\" data-end=\"591\">Termal transfer veya serigrafi se\u00e7enekleriyle bask\u0131ya haz\u0131r y\u00fczey malzemeleri<\/p>\n<\/li>\n<li data-start=\"592\" data-end=\"655\">\n<p data-start=\"594\" data-end=\"655\">Kitlesel kat\u0131l\u0131mc\u0131 zamanlamas\u0131 i\u00e7in tutarl\u0131 \u00e7oklu okuma performans\u0131<\/p>\n<\/li>\n<\/ul>\n<p data-start=\"657\" data-end=\"818\"><strong data-start=\"657\" data-end=\"673\">Uygulamalar<\/strong><br data-start=\"673\" data-end=\"676\" \/>Maraton ve yol yar\u0131\u015f\u0131 zamanlamas\u0131 \u2022 Triatlon ve bisiklet etkinlikleri \u2022 Kitlesel kat\u0131l\u0131mc\u0131 kayd\u0131 ve tur zamanlamas\u0131 \u2022 Zorlu ortamlar i\u00e7in varl\u0131k etiketleri.<\/p>\n<p data-start=\"820\" data-end=\"938\"><strong data-start=\"820\" data-end=\"843\">Yazd\u0131rma ve Kodlama<\/strong><br data-start=\"843\" data-end=\"846\" \/>Toplu da\u011f\u0131t\u0131m i\u00e7in bib numaraland\u0131rma, etkinlik logolar\u0131, barkodlar\/QR ve EPC \u00f6n kodlamas\u0131n\u0131 destekler.<\/p>\n<p data-start=\"940\" data-end=\"1015\"><strong data-start=\"940\" data-end=\"964\">\u00c7al\u0131\u015fma Ko\u015fullar\u0131<\/strong><br data-start=\"964\" data-end=\"967\" \/>0\u201360 \u2103 \/ 20\u201380% RH; depolama 20\u201330 \u2103 \/ 20\u201360% RH.<\/p>\n<h2 data-start=\"1017\" data-end=\"1042\">Tablo (\u00d6zellikler)<\/h2>\n<div class=\"_tableContainer_1rjym_1\">\n<div class=\"group _tableWrapper_1rjym_13 flex w-fit flex-col-reverse\" tabindex=\"-1\">\n<table class=\"w-fit min-w-(--thread-content-width)\" data-start=\"1044\" data-end=\"2297\">\n<thead data-start=\"1044\" data-end=\"1132\">\n<tr data-start=\"1044\" data-end=\"1132\">\n<th data-start=\"1044\" data-end=\"1062\" data-col-size=\"sm\">Kategori<\/th>\n<th data-start=\"1062\" data-end=\"1085\" data-col-size=\"sm\">Parametre<\/th>\n<th data-start=\"1085\" data-end=\"1132\" data-col-size=\"md\">De\u011fer<\/th>\n<\/tr>\n<\/thead>\n<tbody data-start=\"1222\" data-end=\"2297\">\n<tr data-start=\"1222\" data-end=\"1310\">\n<td data-start=\"1222\" data-end=\"1240\" data-col-size=\"sm\">\u00dcr\u00fcn<\/td>\n<td data-col-size=\"sm\" data-start=\"1240\" data-end=\"1263\">\u0130sim<\/td>\n<td data-col-size=\"md\" data-start=\"1263\" data-end=\"1310\">DogBone M830 RFID K\u00f6p\u00fck Etiketi<\/td>\n<\/tr>\n<tr data-start=\"1311\" data-end=\"1399\">\n<td data-start=\"1311\" data-end=\"1329\" data-col-size=\"sm\">IC<\/td>\n<td data-col-size=\"sm\" data-start=\"1329\" data-end=\"1352\">\u00c7ip<\/td>\n<td data-col-size=\"md\" data-start=\"1352\" data-end=\"1399\">M830<\/td>\n<\/tr>\n<tr data-start=\"1400\" data-end=\"1488\">\n<td data-start=\"1400\" data-end=\"1418\" data-col-size=\"sm\">RF<\/td>\n<td data-col-size=\"sm\" data-start=\"1418\" data-end=\"1441\">Protokol<\/td>\n<td data-col-size=\"md\" data-start=\"1441\" data-end=\"1488\">ISO\/IEC 18000-6C, EPCglobal S\u0131n\u0131f 1 Nesil 2<\/td>\n<\/tr>\n<tr data-start=\"1489\" data-end=\"1577\">\n<td data-start=\"1489\" data-end=\"1507\" data-col-size=\"sm\">Haf\u0131za<\/td>\n<td data-col-size=\"sm\" data-start=\"1507\" data-end=\"1530\">TID \/ EPC \/ Kullan\u0131c\u0131<\/td>\n<td data-col-size=\"md\" data-start=\"1530\" data-end=\"1577\">48 bit \/ 128 bit \/ 0 bit<\/td>\n<\/tr>\n<tr data-start=\"1578\" data-end=\"1667\">\n<td data-start=\"1578\" data-end=\"1596\" data-col-size=\"sm\">Etiket<\/td>\n<td data-col-size=\"sm\" data-start=\"1596\" data-end=\"1619\">Boyut<\/td>\n<td data-col-size=\"md\" data-start=\"1619\" data-end=\"1667\">97 \u00d7 27 mm<\/td>\n<\/tr>\n<tr data-start=\"1668\" data-end=\"1757\">\n<td data-start=\"1668\" data-end=\"1686\" data-col-size=\"sm\">Anten<\/td>\n<td data-col-size=\"sm\" data-start=\"1686\" data-end=\"1709\">Boyut \/ \u015eekil<\/td>\n<td data-col-size=\"md\" data-start=\"1709\" data-end=\"1757\">94 \u00d7 24 mm, k\u00f6pek kemi\u011fi<\/td>\n<\/tr>\n<tr data-start=\"1758\" data-end=\"1847\">\n<td data-start=\"1758\" data-end=\"1776\" data-col-size=\"sm\">Y\u00fcz<\/td>\n<td data-start=\"1776\" data-end=\"1799\" data-col-size=\"sm\">Malzemeler<\/td>\n<td data-col-size=\"md\" data-start=\"1799\" data-end=\"1847\">Sanat ka\u011f\u0131d\u0131, PET, PP sentetik ka\u011f\u0131t<\/td>\n<\/tr>\n<tr data-start=\"1848\" data-end=\"1937\">\n<td data-start=\"1848\" data-end=\"1866\" data-col-size=\"sm\">Bask\u0131<\/td>\n<td data-col-size=\"sm\" data-start=\"1866\" data-end=\"1889\">Y\u00f6ntemler<\/td>\n<td data-col-size=\"md\" data-start=\"1889\" data-end=\"1937\">Termal transfer; ipek ekran; \u00f6zel<\/td>\n<\/tr>\n<tr data-start=\"1938\" data-end=\"2027\">\n<td data-start=\"1938\" data-end=\"1956\" data-col-size=\"sm\">Performans<\/td>\n<td data-start=\"1956\" data-end=\"1979\" data-col-size=\"sm\">Temel Faydalar<\/td>\n<td data-col-size=\"md\" data-start=\"1979\" data-end=\"2027\">H\u0131zl\u0131 okuma; \u00e7oklu okuma; izlenebilirlik<\/td>\n<\/tr>\n<tr data-start=\"2028\" data-end=\"2117\">\n<td data-start=\"2028\" data-end=\"2046\" data-col-size=\"sm\">\u00c7evre<\/td>\n<td data-start=\"2046\" data-end=\"2069\" data-col-size=\"sm\">\u0130\u015fletme<\/td>\n<td data-start=\"2069\" data-end=\"2117\" data-col-size=\"md\">0\u201360 \u2103 \/ 20\u201380% RH<\/td>\n<\/tr>\n<tr data-start=\"2118\" data-end=\"2207\">\n<td data-start=\"2118\" data-end=\"2136\" data-col-size=\"sm\"><\/td>\n<td data-col-size=\"sm\" data-start=\"2136\" data-end=\"2159\">Depolamak<\/td>\n<td data-col-size=\"md\" data-start=\"2159\" data-end=\"2207\">20\u201330 \u2103 \/ 20\u201360% RH<\/td>\n<\/tr>\n<tr data-start=\"2208\" data-end=\"2297\">\n<td data-start=\"2208\" data-end=\"2226\" data-col-size=\"sm\">Kullan\u0131m \u00d6rnekleri<\/td>\n<td data-col-size=\"sm\" data-start=\"2226\" data-end=\"2249\">Tipik Uygulamalar<\/td>\n<td data-col-size=\"md\" data-start=\"2249\" data-end=\"2297\">Maraton zamanlamas\u0131; zorlu \u00e7evre etiketlemesi<\/td>\n<\/tr>\n<\/tbody>\n<\/table>\n<\/div>\n<\/div>","protected":false},"excerpt":{"rendered":"<p>DogBone M830 UHF k\u00f6p\u00fck zamanlama etiketi\u2014h\u0131zl\u0131 \u00e7oklu okuma yar\u0131\u015f zamanlamas\u0131 i\u00e7in 48 bit TID ve 128 bit EPC&#039;ye sahip 97\u00d727 mm etiket; bask\u0131ya haz\u0131r y\u00fczey ve g\u00f6vde \u00fczerinde tutarl\u0131 performans.<\/p>","protected":false},"featured_media":914,"template":"","meta":{"_gspb_post_css":""},"product_brand":[],"product_cat":[31],"product_tag":[],"class_list":{"0":"post-913","1":"product","2":"type-product","3":"status-publish","4":"has-post-thumbnail","6":"product_cat-rfid-sticker-labels","8":"first","9":"instock","10":"shipping-taxable","11":"purchasable","12":"product-type-simple"},"_links":{"self":[{"href":"https:\/\/www.cxjsmartcard.com\/tr\/wp-json\/wp\/v2\/product\/913","targetHints":{"allow":["GET"]}}],"collection":[{"href":"https:\/\/www.cxjsmartcard.com\/tr\/wp-json\/wp\/v2\/product"}],"about":[{"href":"https:\/\/www.cxjsmartcard.com\/tr\/wp-json\/wp\/v2\/types\/product"}],"wp:featuredmedia":[{"embeddable":true,"href":"https:\/\/www.cxjsmartcard.com\/tr\/wp-json\/wp\/v2\/media\/914"}],"wp:attachment":[{"href":"https:\/\/www.cxjsmartcard.com\/tr\/wp-json\/wp\/v2\/media?parent=913"}],"wp:term":[{"taxonomy":"product_brand","embeddable":true,"href":"https:\/\/www.cxjsmartcard.com\/tr\/wp-json\/wp\/v2\/product_brand?post=913"},{"taxonomy":"product_cat","embeddable":true,"href":"https:\/\/www.cxjsmartcard.com\/tr\/wp-json\/wp\/v2\/product_cat?post=913"},{"taxonomy":"product_tag","embeddable":true,"href":"https:\/\/www.cxjsmartcard.com\/tr\/wp-json\/wp\/v2\/product_tag?post=913"}],"curies":[{"name":"wp","href":"https:\/\/api.w.org\/{rel}","templated":true}]}}