{"id":906,"date":"2025-11-03T09:11:46","date_gmt":"2025-11-03T09:11:46","guid":{"rendered":"https:\/\/www.cxjsmartcard.com\/?post_type=product&#038;p=906"},"modified":"2025-12-29T01:27:07","modified_gmt":"2025-12-29T01:27:07","slug":"arc-certified-m730-uhf-rfid-clothing-hang-tag","status":"publish","type":"product","link":"https:\/\/www.cxjsmartcard.com\/tr\/arc-certified-m730-uhf-rfid-clothing-hang-tag\/","title":{"rendered":"ARC Sertifikal\u0131 M730 UHF RFID Giyim Ask\u0131 Etiketi"},"content":{"rendered":"<p data-start=\"57\" data-end=\"327\">H\u0131zl\u0131 ve do\u011fru giyim takibi i\u00e7in M730 \u00e7ip \u00fczerine kurulu ARC sertifikal\u0131 UHF ask\u0131l\u0131 etiketler. Y\u00fcksek hacimli perakende operasyonlar\u0131 i\u00e7in tasarlanan bu etiketler, h\u0131zl\u0131 \u00e7oklu okuma taramas\u0131n\u0131 m\u00fcmk\u00fcn k\u0131lar, envanter do\u011frulu\u011funu art\u0131r\u0131r ve tedarik zinciri genelinde marka korumas\u0131n\u0131 g\u00fc\u00e7lendirir.<\/p>\n<p data-start=\"329\" data-end=\"347\"><strong data-start=\"329\" data-end=\"345\">Temel \u00d6zellikler<\/strong><\/p>\n<ul data-start=\"348\" data-end=\"673\">\n<li data-start=\"348\" data-end=\"403\">\n<p data-start=\"350\" data-end=\"403\">128 bit EPC belle\u011fe sahip EPC Gen2 (ISO\/IEC 18000-6C)<\/p>\n<\/li>\n<li data-start=\"404\" data-end=\"455\">\n<p data-start=\"406\" data-end=\"455\">Perakende program uyumlulu\u011fu i\u00e7in ARC sertifikas\u0131<\/p>\n<\/li>\n<li data-start=\"456\" data-end=\"521\">\n<p data-start=\"458\" data-end=\"521\">Raflarda ve kartonlarda h\u0131zl\u0131, g\u00fcvenilir \u00e7oklu okuma performans\u0131<\/p>\n<\/li>\n<li data-start=\"522\" data-end=\"584\">\n<p data-start=\"524\" data-end=\"584\">\u00d6zelle\u015ftirilebilir y\u00fcz malzemeleri, boyutlar\u0131, bask\u0131 ve kodlama<\/p>\n<\/li>\n<li data-start=\"585\" data-end=\"673\">\n<p data-start=\"587\" data-end=\"673\">Fabrikadan ma\u011fazaya kadar izlenebilirlik; termal transfer ve serigrafi bask\u0131y\u0131 destekler<\/p>\n<\/li>\n<\/ul>\n<p data-start=\"675\" data-end=\"816\"><strong data-start=\"675\" data-end=\"691\">Uygulamalar<\/strong><br data-start=\"691\" data-end=\"694\" \/>Giyim ve ayakkab\u0131 envanter y\u00f6netimi \u2022 Giyim tedarik zinciri takibi \u2022 Giyim perakende operasyonlar\u0131 ve marka korumas\u0131.<\/p>\n<h2 data-start=\"818\" data-end=\"843\">Tablo (\u00d6zellikler)<\/h2>\n<div class=\"_tableContainer_1rjym_1\">\n<div class=\"group _tableWrapper_1rjym_13 flex w-fit flex-col-reverse\" tabindex=\"-1\">\n<table class=\"w-fit min-w-(--thread-content-width)\" data-start=\"845\" data-end=\"2509\">\n<thead data-start=\"845\" data-end=\"955\">\n<tr data-start=\"845\" data-end=\"955\">\n<th data-start=\"845\" data-end=\"863\" data-col-size=\"sm\">Kategori<\/th>\n<th data-start=\"863\" data-end=\"894\" data-col-size=\"sm\">Parametre<\/th>\n<th data-start=\"894\" data-end=\"955\" data-col-size=\"md\">De\u011fer<\/th>\n<\/tr>\n<\/thead>\n<tbody data-start=\"1067\" data-end=\"2509\">\n<tr data-start=\"1067\" data-end=\"1177\">\n<td data-start=\"1067\" data-end=\"1085\" data-col-size=\"sm\">\u00dcr\u00fcn<\/td>\n<td data-col-size=\"sm\" data-start=\"1085\" data-end=\"1116\">\u0130sim<\/td>\n<td data-col-size=\"md\" data-start=\"1116\" data-end=\"1177\">Giysi Takibi i\u00e7in RFID Ask\u0131l\u0131 Etiketler<\/td>\n<\/tr>\n<tr data-start=\"1178\" data-end=\"1288\">\n<td data-start=\"1178\" data-end=\"1196\" data-col-size=\"sm\">IC<\/td>\n<td data-col-size=\"sm\" data-start=\"1196\" data-end=\"1227\">\u00c7ip<\/td>\n<td data-col-size=\"md\" data-start=\"1227\" data-end=\"1288\">M730<\/td>\n<\/tr>\n<tr data-start=\"1289\" data-end=\"1399\">\n<td data-start=\"1289\" data-end=\"1307\" data-col-size=\"sm\">RF<\/td>\n<td data-start=\"1307\" data-end=\"1338\" data-col-size=\"sm\">Protokol<\/td>\n<td data-col-size=\"md\" data-start=\"1338\" data-end=\"1399\">ISO\/IEC 18000-6C, EPCglobal S\u0131n\u0131f 1 Nesil 2<\/td>\n<\/tr>\n<tr data-start=\"1400\" data-end=\"1510\">\n<td data-start=\"1400\" data-end=\"1418\" data-col-size=\"sm\">Haf\u0131za<\/td>\n<td data-col-size=\"sm\" data-start=\"1418\" data-end=\"1449\">EPC \/ Kullan\u0131c\u0131<\/td>\n<td data-col-size=\"md\" data-start=\"1449\" data-end=\"1510\">128 bit \/ 0 bit<\/td>\n<\/tr>\n<tr data-start=\"1511\" data-end=\"1621\">\n<td data-start=\"1511\" data-end=\"1529\" data-col-size=\"sm\">Boyutlar<\/td>\n<td data-start=\"1529\" data-end=\"1560\" data-col-size=\"sm\">Etiket Boyutu<\/td>\n<td data-start=\"1560\" data-end=\"1621\" data-col-size=\"md\">83 \u00d7 25 mm<\/td>\n<\/tr>\n<tr data-start=\"1622\" data-end=\"1732\">\n<td data-start=\"1622\" data-end=\"1640\" data-col-size=\"sm\">Anten<\/td>\n<td data-col-size=\"sm\" data-start=\"1640\" data-end=\"1671\">Boyut Se\u00e7enekleri<\/td>\n<td data-col-size=\"md\" data-start=\"1671\" data-end=\"1732\">70 \u00d7 14 mm; 70 \u00d7 10 mm; 50 \u00d7 30 mm<\/td>\n<\/tr>\n<tr data-start=\"1733\" data-end=\"1843\">\n<td data-start=\"1733\" data-end=\"1751\" data-col-size=\"sm\">Malzemeler<\/td>\n<td data-start=\"1751\" data-end=\"1782\" data-col-size=\"sm\">Y\u00fcz Malzemesi<\/td>\n<td data-col-size=\"md\" data-start=\"1782\" data-end=\"1843\">Sanat ka\u011f\u0131d\u0131, PET, PP sentetik ka\u011f\u0131t veya \u00f6zel<\/td>\n<\/tr>\n<tr data-start=\"1844\" data-end=\"1954\">\n<td data-start=\"1844\" data-end=\"1862\" data-col-size=\"sm\">\u00c7evre<\/td>\n<td data-col-size=\"sm\" data-start=\"1862\" data-end=\"1893\">\u00c7al\u0131\u015fma S\u0131cakl\u0131\u011f\u0131 \/ Nem<\/td>\n<td data-col-size=\"md\" data-start=\"1893\" data-end=\"1954\">0 \u2103 ~ 60 \u2103 \/ 20% ~ 80% Ba\u011f\u0131l Nem<\/td>\n<\/tr>\n<tr data-start=\"1955\" data-end=\"2065\">\n<td data-start=\"1955\" data-end=\"1973\" data-col-size=\"sm\"><\/td>\n<td data-start=\"1973\" data-end=\"2004\" data-col-size=\"sm\">Depolama S\u0131cakl\u0131\u011f\u0131 \/ Nem<\/td>\n<td data-col-size=\"md\" data-start=\"2004\" data-end=\"2065\">20 \u2103 ~ 30 \u2103 \/ 20% ~ 60% Ba\u011f\u0131l Nem<\/td>\n<\/tr>\n<tr data-start=\"2066\" data-end=\"2176\">\n<td data-start=\"2066\" data-end=\"2084\" data-col-size=\"sm\">Bask\u0131<\/td>\n<td data-col-size=\"sm\" data-start=\"2084\" data-end=\"2115\">Y\u00f6ntemler<\/td>\n<td data-col-size=\"md\" data-start=\"2115\" data-end=\"2176\">Termal transfer, ipek ekran<\/td>\n<\/tr>\n<tr data-start=\"2177\" data-end=\"2287\">\n<td data-start=\"2177\" data-end=\"2195\" data-col-size=\"sm\">Ki\u015fiselle\u015ftirme<\/td>\n<td data-start=\"2195\" data-end=\"2226\" data-col-size=\"sm\">\u00d6zelle\u015ftirme<\/td>\n<td data-col-size=\"md\" data-start=\"2226\" data-end=\"2287\">Etiket boyutu, bask\u0131 (logo\/metin\/grafik), EPC kodlamas\u0131<\/td>\n<\/tr>\n<tr data-start=\"2288\" data-end=\"2398\">\n<td data-start=\"2288\" data-end=\"2306\" data-col-size=\"sm\">Faydalar<\/td>\n<td data-col-size=\"sm\" data-start=\"2306\" data-end=\"2337\">\u00d6nemli Noktalar<\/td>\n<td data-col-size=\"md\" data-start=\"2337\" data-end=\"2398\">H\u0131zl\u0131 okuma, \u00e7oklu okuma, giyim izlenebilirli\u011fi<\/td>\n<\/tr>\n<tr data-start=\"2399\" data-end=\"2509\">\n<td data-start=\"2399\" data-end=\"2417\" data-col-size=\"sm\">Kullan\u0131m \u00d6rnekleri<\/td>\n<td data-col-size=\"sm\" data-start=\"2417\" data-end=\"2448\">Tipik Uygulamalar<\/td>\n<td data-col-size=\"md\" data-start=\"2448\" data-end=\"2509\">Giyim ve ayakkab\u0131 envanteri, tedarik zinciri, perakende<\/td>\n<\/tr>\n<\/tbody>\n<\/table>\n<\/div>\n<\/div>","protected":false},"excerpt":{"rendered":"<p>Giyim i\u00e7in ARC sertifikal\u0131 M730 UHF RFID ask\u0131l\u0131 etiket\u2014128 bit EPC, h\u0131zl\u0131 \u00e7oklu okuma performans\u0131 ve \u00f6zelle\u015ftirilebilir malzemeler, boyutlar, bask\u0131 ve kodlamaya sahip EPC Gen2.<\/p>","protected":false},"featured_media":908,"template":"","meta":{"_gspb_post_css":""},"product_brand":[],"product_cat":[31],"product_tag":[],"class_list":{"0":"post-906","1":"product","2":"type-product","3":"status-publish","4":"has-post-thumbnail","6":"product_cat-rfid-sticker-labels","8":"first","9":"instock","10":"shipping-taxable","11":"purchasable","12":"product-type-simple"},"_links":{"self":[{"href":"https:\/\/www.cxjsmartcard.com\/tr\/wp-json\/wp\/v2\/product\/906","targetHints":{"allow":["GET"]}}],"collection":[{"href":"https:\/\/www.cxjsmartcard.com\/tr\/wp-json\/wp\/v2\/product"}],"about":[{"href":"https:\/\/www.cxjsmartcard.com\/tr\/wp-json\/wp\/v2\/types\/product"}],"wp:featuredmedia":[{"embeddable":true,"href":"https:\/\/www.cxjsmartcard.com\/tr\/wp-json\/wp\/v2\/media\/908"}],"wp:attachment":[{"href":"https:\/\/www.cxjsmartcard.com\/tr\/wp-json\/wp\/v2\/media?parent=906"}],"wp:term":[{"taxonomy":"product_brand","embeddable":true,"href":"https:\/\/www.cxjsmartcard.com\/tr\/wp-json\/wp\/v2\/product_brand?post=906"},{"taxonomy":"product_cat","embeddable":true,"href":"https:\/\/www.cxjsmartcard.com\/tr\/wp-json\/wp\/v2\/product_cat?post=906"},{"taxonomy":"product_tag","embeddable":true,"href":"https:\/\/www.cxjsmartcard.com\/tr\/wp-json\/wp\/v2\/product_tag?post=906"}],"curies":[{"name":"wp","href":"https:\/\/api.w.org\/{rel}","templated":true}]}}