{"id":901,"date":"2025-11-03T09:07:10","date_gmt":"2025-11-03T09:07:10","guid":{"rendered":"https:\/\/www.cxjsmartcard.com\/?post_type=product&#038;p=901"},"modified":"2025-12-29T01:27:08","modified_gmt":"2025-12-29T01:27:08","slug":"866-868mhz-u8-rfid-anti-metal-label-etsi","status":"publish","type":"product","link":"https:\/\/www.cxjsmartcard.com\/tr\/866-868mhz-u8-rfid-anti-metal-label-etsi\/","title":{"rendered":"866\u2013868MHz U8 RFID Anti-Metal Etiketi (ETSI)"},"content":{"rendered":"<p data-start=\"54\" data-end=\"340\">ETSI band\u0131 (866\u2013868 MHz) i\u00e7in ayarlanm\u0131\u015f ince ve esnek UHF anti-metal etiket. PET y\u00fczeyli ve entegre metal izolasyonlu NXP\u00ae UCODE 8\/9 \u00fczerine kurulu bu etiket, \u00e7elik varl\u0131klarda h\u0131zl\u0131 ve g\u00fcvenilir okumalar sa\u011flarken, y\u00fcksek hacimli da\u011f\u0131t\u0131m i\u00e7in yazd\u0131r\u0131labilir ve kodlamas\u0131 kolayd\u0131r.<\/p>\n<p data-start=\"342\" data-end=\"371\"><strong data-start=\"342\" data-end=\"369\">Temel \u00d6zellikler ve Avantajlar<\/strong><\/p>\n<ul data-start=\"372\" data-end=\"835\">\n<li data-start=\"372\" data-end=\"458\">\n<p data-start=\"374\" data-end=\"458\"><strong data-start=\"374\" data-end=\"401\">ETSI ayarl\u0131 performans:<\/strong> 866\u2013868 MHz, EPCglobal S\u0131n\u0131f 1 Gen2 \/ ISO\/IEC 18000-6C<\/p>\n<\/li>\n<li data-start=\"459\" data-end=\"558\">\n<p data-start=\"461\" data-end=\"558\"><strong data-start=\"461\" data-end=\"484\">Metal \u00fczerinde optimize edilmi\u015f:<\/strong> Metal \u00fczerinde 4 m okuma (tipik), plastik \u00fczerinde 3,5 m, s\u0131v\u0131 kaplar\u0131nda 3 m<\/p>\n<\/li>\n<li data-start=\"559\" data-end=\"676\">\n<p data-start=\"561\" data-end=\"676\"><strong data-start=\"561\" data-end=\"577\">Bask\u0131ya haz\u0131r:<\/strong> End\u00fcstriyel RFID yaz\u0131c\u0131larla uyumludur (\u00f6rne\u011fin, Sato CL4NX, Zebra ZT410 Silverline, Boside TX3R)<\/p>\n<\/li>\n<li data-start=\"677\" data-end=\"754\">\n<p data-start=\"679\" data-end=\"754\"><strong data-start=\"679\" data-end=\"705\">Esnek yap\u0131:<\/strong> Kavisli veya d\u00fczensiz metal y\u00fczeylere uygundur<\/p>\n<\/li>\n<li data-start=\"755\" data-end=\"835\">\n<p data-start=\"757\" data-end=\"835\"><strong data-start=\"757\" data-end=\"777\">H\u0131zl\u0131 \u00e7oklu okuma:<\/strong> Toplu tarama, izlenebilirlik ve h\u0131zl\u0131 envanteri destekler<\/p>\n<\/li>\n<\/ul>\n<p data-start=\"837\" data-end=\"1033\"><strong data-start=\"837\" data-end=\"853\">Uygulamalar<\/strong><br data-start=\"853\" data-end=\"856\" \/>Kapal\u0131 alan varl\u0131klar\u0131 ve ofis ekipmanlar\u0131 \u2022 BT donan\u0131m\u0131 ve elektroni\u011fi \u2022 Lojistik ve depo \u00fcr\u00fcnleri \u2022 De\u011ferli e\u015fyalar i\u00e7in sahtecili\u011fe kar\u015f\u0131 etiketleme \u2022 Metal kaplar, aletler ve yedek par\u00e7alar.<\/p>\n<p data-start=\"1035\" data-end=\"1163\"><strong data-start=\"1035\" data-end=\"1060\">\u00d6zelle\u015ftirme Se\u00e7enekleri<\/strong><br data-start=\"1060\" data-end=\"1063\" \/>\u00d6zel ebatlar; renk\/logo bask\u0131s\u0131; metin, barkod ve QR kodu; EPC kodlama ve veri ba\u015flatma.<\/p>\n<h2 data-start=\"1165\" data-end=\"1190\">Tablo (\u00d6zellikler)<\/h2>\n<div class=\"_tableContainer_1rjym_1\">\n<div class=\"group _tableWrapper_1rjym_13 flex w-fit flex-col-reverse\" tabindex=\"-1\">\n<table class=\"w-fit min-w-(--thread-content-width)\" data-start=\"1192\" data-end=\"2778\">\n<thead data-start=\"1192\" data-end=\"1290\">\n<tr data-start=\"1192\" data-end=\"1290\">\n<th data-start=\"1192\" data-end=\"1210\" data-col-size=\"sm\">Kategori<\/th>\n<th data-start=\"1210\" data-end=\"1236\" data-col-size=\"sm\">Parametre<\/th>\n<th data-start=\"1236\" data-end=\"1290\" data-col-size=\"md\">De\u011fer<\/th>\n<\/tr>\n<\/thead>\n<tbody data-start=\"1390\" data-end=\"2778\">\n<tr data-start=\"1390\" data-end=\"1487\">\n<td data-start=\"1390\" data-end=\"1408\" data-col-size=\"sm\">\u00dcr\u00fcn<\/td>\n<td data-start=\"1408\" data-end=\"1434\" data-col-size=\"sm\">\u0130sim<\/td>\n<td data-col-size=\"md\" data-start=\"1434\" data-end=\"1487\">866\u2013868MHz (ETSI) RFID Anti-Metal Etiketi<\/td>\n<\/tr>\n<tr data-start=\"1488\" data-end=\"1586\">\n<td data-start=\"1488\" data-end=\"1506\" data-col-size=\"sm\">RF<\/td>\n<td data-col-size=\"sm\" data-start=\"1506\" data-end=\"1532\">S\u0131kl\u0131k<\/td>\n<td data-col-size=\"md\" data-start=\"1532\" data-end=\"1586\">866\u2013868 MHz (ETSI UHF)<\/td>\n<\/tr>\n<tr data-start=\"1587\" data-end=\"1685\">\n<td data-start=\"1587\" data-end=\"1605\" data-col-size=\"sm\"><\/td>\n<td data-col-size=\"sm\" data-start=\"1605\" data-end=\"1631\">Protokol<\/td>\n<td data-col-size=\"md\" data-start=\"1631\" data-end=\"1685\">ISO\/IEC 18000-6C, EPCglobal S\u0131n\u0131f 1 Nesil 2<\/td>\n<\/tr>\n<tr data-start=\"1686\" data-end=\"1784\">\n<td data-start=\"1686\" data-end=\"1704\" data-col-size=\"sm\">IC Se\u00e7enekleri<\/td>\n<td data-col-size=\"sm\" data-start=\"1704\" data-end=\"1730\">\u00c7ip<\/td>\n<td data-col-size=\"md\" data-start=\"1730\" data-end=\"1784\">NXP UCODE 8 \/ UCODE 9<\/td>\n<\/tr>\n<tr data-start=\"1785\" data-end=\"1883\">\n<td data-start=\"1785\" data-end=\"1803\" data-col-size=\"sm\">Haf\u0131za<\/td>\n<td data-col-size=\"sm\" data-start=\"1803\" data-end=\"1829\">EPC \/ Kullan\u0131c\u0131<\/td>\n<td data-col-size=\"md\" data-start=\"1829\" data-end=\"1883\">128 bit \/ 0 bit<\/td>\n<\/tr>\n<tr data-start=\"1884\" data-end=\"1982\">\n<td data-start=\"1884\" data-end=\"1902\" data-col-size=\"sm\">Mekanik<\/td>\n<td data-col-size=\"sm\" data-start=\"1902\" data-end=\"1928\">Y\u00fcz Malzemesi<\/td>\n<td data-col-size=\"md\" data-start=\"1928\" data-end=\"1982\">EV HAYVANI<\/td>\n<\/tr>\n<tr data-start=\"1983\" data-end=\"2081\">\n<td data-start=\"1983\" data-end=\"2001\" data-col-size=\"sm\">Boyutlar<\/td>\n<td data-col-size=\"sm\" data-start=\"2001\" data-end=\"2027\">Etiket Boyutu (U\u00d7G\u00d7T)<\/td>\n<td data-col-size=\"md\" data-start=\"2027\" data-end=\"2081\">50 \u00d7 15 \u00d7 1,26 mm<\/td>\n<\/tr>\n<tr data-start=\"2082\" data-end=\"2181\">\n<td data-start=\"2082\" data-end=\"2100\" data-col-size=\"sm\">Performans<\/td>\n<td data-col-size=\"sm\" data-start=\"2100\" data-end=\"2126\">Okuma Mesafesi<\/td>\n<td data-col-size=\"md\" data-start=\"2126\" data-end=\"2181\">4 m (metal \u00fczerinde); 3,5 m (plastik \u00fczerinde); 3 m (s\u0131v\u0131 \u00fczerinde)<\/td>\n<\/tr>\n<tr data-start=\"2182\" data-end=\"2280\">\n<td data-start=\"2182\" data-end=\"2200\" data-col-size=\"sm\">Bask\u0131<\/td>\n<td data-col-size=\"sm\" data-start=\"2200\" data-end=\"2226\">Yaz\u0131c\u0131 Uyumlulu\u011fu<\/td>\n<td data-col-size=\"md\" data-start=\"2226\" data-end=\"2280\">Sato CL4NX; Zebra ZT410 Silverline; Boside TX3R<\/td>\n<\/tr>\n<tr data-start=\"2281\" data-end=\"2381\">\n<td data-start=\"2281\" data-end=\"2299\" data-col-size=\"sm\">Ki\u015fiselle\u015ftirme<\/td>\n<td data-col-size=\"sm\" data-start=\"2299\" data-end=\"2325\">Veri\/\u0130\u015faretleme<\/td>\n<td data-col-size=\"md\" data-start=\"2325\" data-end=\"2381\">Metin, barkod, QR, renkli\/logo bask\u0131; EPC kodlama<\/td>\n<\/tr>\n<tr data-start=\"2382\" data-end=\"2480\">\n<td data-start=\"2382\" data-end=\"2400\" data-col-size=\"sm\">\u00c7evre<\/td>\n<td data-start=\"2400\" data-end=\"2426\" data-col-size=\"sm\">\u00c7al\u0131\u015fma S\u0131cakl\u0131\u011f\u0131<\/td>\n<td data-col-size=\"md\" data-start=\"2426\" data-end=\"2480\">-40 ila +85 \u2103<\/td>\n<\/tr>\n<tr data-start=\"2481\" data-end=\"2579\">\n<td data-start=\"2481\" data-end=\"2499\" data-col-size=\"sm\"><\/td>\n<td data-col-size=\"sm\" data-start=\"2499\" data-end=\"2525\">Depolama S\u0131cakl\u0131\u011f\u0131<\/td>\n<td data-col-size=\"md\" data-start=\"2525\" data-end=\"2579\">-40 ila +85 \u2103<\/td>\n<\/tr>\n<tr data-start=\"2580\" data-end=\"2678\">\n<td data-start=\"2580\" data-end=\"2598\" data-col-size=\"sm\">Faydalar<\/td>\n<td data-col-size=\"sm\" data-start=\"2598\" data-end=\"2624\">\u00d6nemli Noktalar<\/td>\n<td data-col-size=\"md\" data-start=\"2624\" data-end=\"2678\">Esnek etiket; \u00e7oklu okuma; izlenebilirlik<\/td>\n<\/tr>\n<tr data-start=\"2679\" data-end=\"2778\">\n<td data-start=\"2679\" data-end=\"2697\" data-col-size=\"sm\">Kullan\u0131m \u00d6rnekleri<\/td>\n<td data-col-size=\"sm\" data-start=\"2697\" data-end=\"2723\">Tipik Uygulamalar<\/td>\n<td data-col-size=\"md\" data-start=\"2723\" data-end=\"2778\">BT varl\u0131klar\u0131, ofis ekipmanlar\u0131, metal kaplar\/ara\u00e7lar<\/td>\n<\/tr>\n<\/tbody>\n<\/table>\n<\/div>\n<\/div>","protected":false},"excerpt":{"rendered":"<p>ETSI ayarl\u0131 UHF anti-metal etiket, metal \u00fczerinde UCODE 8\/9\u20144 m okuma, esnek PET yap\u0131s\u0131 ve h\u0131zl\u0131 varl\u0131k takibi i\u00e7in yaz\u0131c\u0131\/kodlamaya haz\u0131r.<\/p>","protected":false},"featured_media":903,"template":"","meta":{"_gspb_post_css":""},"product_brand":[],"product_cat":[31],"product_tag":[],"class_list":{"0":"post-901","1":"product","2":"type-product","3":"status-publish","4":"has-post-thumbnail","6":"product_cat-rfid-sticker-labels","8":"first","9":"instock","10":"shipping-taxable","11":"purchasable","12":"product-type-simple"},"_links":{"self":[{"href":"https:\/\/www.cxjsmartcard.com\/tr\/wp-json\/wp\/v2\/product\/901","targetHints":{"allow":["GET"]}}],"collection":[{"href":"https:\/\/www.cxjsmartcard.com\/tr\/wp-json\/wp\/v2\/product"}],"about":[{"href":"https:\/\/www.cxjsmartcard.com\/tr\/wp-json\/wp\/v2\/types\/product"}],"wp:featuredmedia":[{"embeddable":true,"href":"https:\/\/www.cxjsmartcard.com\/tr\/wp-json\/wp\/v2\/media\/903"}],"wp:attachment":[{"href":"https:\/\/www.cxjsmartcard.com\/tr\/wp-json\/wp\/v2\/media?parent=901"}],"wp:term":[{"taxonomy":"product_brand","embeddable":true,"href":"https:\/\/www.cxjsmartcard.com\/tr\/wp-json\/wp\/v2\/product_brand?post=901"},{"taxonomy":"product_cat","embeddable":true,"href":"https:\/\/www.cxjsmartcard.com\/tr\/wp-json\/wp\/v2\/product_cat?post=901"},{"taxonomy":"product_tag","embeddable":true,"href":"https:\/\/www.cxjsmartcard.com\/tr\/wp-json\/wp\/v2\/product_tag?post=901"}],"curies":[{"name":"wp","href":"https:\/\/api.w.org\/{rel}","templated":true}]}}