{"id":894,"date":"2025-11-03T09:04:37","date_gmt":"2025-11-03T09:04:37","guid":{"rendered":"https:\/\/www.cxjsmartcard.com\/?post_type=product&#038;p=894"},"modified":"2025-12-29T01:27:08","modified_gmt":"2025-12-29T01:27:08","slug":"nfc-coin-on-metal-rfid-tag","status":"publish","type":"product","link":"https:\/\/www.cxjsmartcard.com\/tr\/nfc-coin-on-metal-rfid-tag\/","title":{"rendered":"NFC Madeni Para \u00dcst\u00fc Metal RFID Etiketi"},"content":{"rendered":"<p data-start=\"38\" data-end=\"337\">\u00c7elik ve di\u011fer iletken y\u00fczeylere tak\u0131lmak \u00fczere tasarlanm\u0131\u015f PVC metal y\u00fczeyli NFC madeni para etiketi. G\u00f6m\u00fcl\u00fc anti-metal bariyer okuma performans\u0131n\u0131 korurken, y\u00fcksek yap\u0131\u015fma \u00f6zelli\u011fine sahip 3M yap\u0131\u015ft\u0131r\u0131c\u0131 metal ve d\u00fc\u015f\u00fck y\u00fczey enerjili plastiklerde g\u00fc\u00e7l\u00fc bir yap\u0131\u015fma sa\u011flar. NFC \u00f6zellikli telefonlarla tamamen uyumludur.<\/p>\n<p data-start=\"339\" data-end=\"518\"><strong data-start=\"339\" data-end=\"360\">Yap\u0131 ve Malzemeler<\/strong><br data-start=\"360\" data-end=\"363\" \/>Metal \u00f6nleyici bariyerli ve opsiyonel 3M9080 yap\u0131\u015ft\u0131r\u0131c\u0131l\u0131 PVC \u00fcst katman. 30 mm \u00e7ap, 1 mm kal\u0131nl\u0131k\u2014alet, raf ve makine muhafazalar\u0131 i\u00e7in yeterince kompakt.<\/p>\n<p data-start=\"520\" data-end=\"538\"><strong data-start=\"520\" data-end=\"536\">Temel \u00d6zellikler<\/strong><\/p>\n<ul data-start=\"539\" data-end=\"863\">\n<li data-start=\"539\" data-end=\"595\">\n<p data-start=\"541\" data-end=\"595\">Entegre anti-metal tabakas\u0131 sayesinde metal \u00fczerinde \u00e7al\u0131\u015f\u0131r<\/p>\n<\/li>\n<li data-start=\"596\" data-end=\"649\">\n<p data-start=\"598\" data-end=\"649\">Su ge\u00e7irmez\/hava ko\u015fullar\u0131na dayan\u0131kl\u0131 mini sert etiket form fakt\u00f6r\u00fc<\/p>\n<\/li>\n<li data-start=\"650\" data-end=\"692\">\n<p data-start=\"652\" data-end=\"692\">Telefonla okunabilir (ISO 14443A, 13,56 MHz)<\/p>\n<\/li>\n<li data-start=\"693\" data-end=\"732\">\n<p data-start=\"695\" data-end=\"732\">Y\u00fczeyde iste\u011fe ba\u011fl\u0131 lazerle kaz\u0131nm\u0131\u015f kimlik<\/p>\n<\/li>\n<li data-start=\"733\" data-end=\"789\">\n<p data-start=\"735\" data-end=\"789\">\u00d6zel bask\u0131: tam renkli sanat, QR kodlar\u0131, seri\/kimlik<\/p>\n<\/li>\n<li data-start=\"790\" data-end=\"863\">\n<p data-start=\"792\" data-end=\"863\">Talep \u00fczerine daha geni\u015f platform kullan\u0131labilirli\u011fi (LF 125 kHz \/ UHF 860\u2013960 MHz)<\/p>\n<\/li>\n<\/ul>\n<p data-start=\"865\" data-end=\"1040\"><strong data-start=\"865\" data-end=\"881\">Uygulamalar<\/strong><br data-start=\"881\" data-end=\"884\" \/>Metal \u00fczerinde varl\u0131k ve ara\u00e7 tan\u0131mlama \u2022 Depo raflar\u0131 ve kutular\u0131 \u2022 BT raflar\u0131 ve muhafazalar\u0131 \u2022 Ekipman servis kontrol noktalar\u0131 \u2022 T\u00fcketici temas noktalar\u0131 (URL\/NDEF lansman\u0131).<\/p>\n<p data-start=\"1042\" data-end=\"1204\"><strong data-start=\"1042\" data-end=\"1054\">Montaj<\/strong><br data-start=\"1054\" data-end=\"1057\" \/>Temiz ve kuru y\u00fczeylerde y\u00fcksek yap\u0131\u015fma g\u00fcc\u00fcne sahip yap\u0131\u015ft\u0131r\u0131c\u0131 ile soyulup yap\u0131\u015ft\u0131r\u0131labilir. Kavisli veya y\u00fcksek a\u015f\u0131nmaya maruz kalan alanlar i\u00e7in mekanik tutma veya end\u00fcstriyel \u00e7e\u015fitlerini de\u011ferlendirin.<\/p>\n<h2 data-start=\"1206\" data-end=\"1231\">Tablo (\u00d6zellikler)<\/h2>\n<div class=\"_tableContainer_1rjym_1\">\n<div class=\"group _tableWrapper_1rjym_13 flex w-fit flex-col-reverse\" tabindex=\"-1\">\n<table class=\"w-fit min-w-(--thread-content-width)\" data-start=\"1233\" data-end=\"2692\">\n<thead data-start=\"1233\" data-end=\"1329\">\n<tr data-start=\"1233\" data-end=\"1329\">\n<th data-start=\"1233\" data-end=\"1251\" data-col-size=\"sm\">Kategori<\/th>\n<th data-start=\"1251\" data-end=\"1274\" data-col-size=\"sm\">Parametre<\/th>\n<th data-start=\"1274\" data-end=\"1329\" data-col-size=\"md\">De\u011fer<\/th>\n<\/tr>\n<\/thead>\n<tbody data-start=\"1427\" data-end=\"2692\">\n<tr data-start=\"1427\" data-end=\"1523\">\n<td data-start=\"1427\" data-end=\"1445\" data-col-size=\"sm\">\u00dcr\u00fcn<\/td>\n<td data-col-size=\"sm\" data-start=\"1445\" data-end=\"1468\">Tip<\/td>\n<td data-col-size=\"md\" data-start=\"1468\" data-end=\"1523\">NFC madeni paral\u0131 metal PVC disk<\/td>\n<\/tr>\n<tr data-start=\"1524\" data-end=\"1620\">\n<td data-start=\"1524\" data-end=\"1542\" data-col-size=\"sm\">Malzemeler<\/td>\n<td data-col-size=\"sm\" data-start=\"1542\" data-end=\"1565\">Y\u0131\u011f\u0131n<\/td>\n<td data-col-size=\"md\" data-start=\"1565\" data-end=\"1620\">PVC + anti-metal bariyer + iste\u011fe ba\u011fl\u0131 3M9080 yap\u0131\u015ft\u0131r\u0131c\u0131<\/td>\n<\/tr>\n<tr data-start=\"1621\" data-end=\"1717\">\n<td data-start=\"1621\" data-end=\"1639\" data-col-size=\"sm\">Boyutlar<\/td>\n<td data-start=\"1639\" data-end=\"1662\" data-col-size=\"sm\">Boyut<\/td>\n<td data-col-size=\"md\" data-start=\"1662\" data-end=\"1717\">\u00d830 mm \u00d7 1 mm<\/td>\n<\/tr>\n<tr data-start=\"1718\" data-end=\"1814\">\n<td data-start=\"1718\" data-end=\"1736\" data-col-size=\"sm\">RF<\/td>\n<td data-start=\"1736\" data-end=\"1759\" data-col-size=\"sm\">Aray\u00fcz\/Standart<\/td>\n<td data-start=\"1759\" data-end=\"1814\" data-col-size=\"md\">ISO 14443A (HF 13,56 MHz)<\/td>\n<\/tr>\n<tr data-start=\"1815\" data-end=\"1911\">\n<td data-start=\"1815\" data-end=\"1833\" data-col-size=\"sm\">\u00c7ip Se\u00e7enekleri<\/td>\n<td data-col-size=\"sm\" data-start=\"1833\" data-end=\"1856\">IC&#039;ler<\/td>\n<td data-col-size=\"md\" data-start=\"1856\" data-end=\"1911\">NTAG\u00ae 213 \/ NTAG\u00ae 215 \/ NTAG\u00ae 216<\/td>\n<\/tr>\n<tr data-start=\"1912\" data-end=\"2008\">\n<td data-start=\"1912\" data-end=\"1930\" data-col-size=\"sm\">Haf\u0131za<\/td>\n<td data-col-size=\"sm\" data-start=\"1930\" data-end=\"1953\">Kullan\u0131c\u0131 Kapasitesi<\/td>\n<td data-col-size=\"md\" data-start=\"1953\" data-end=\"2008\">144 \/ 504 \/ 888 bayt (\u00e7ip ba\u011f\u0131ml\u0131)<\/td>\n<\/tr>\n<tr data-start=\"2009\" data-end=\"2105\">\n<td data-start=\"2009\" data-end=\"2027\" data-col-size=\"sm\">Bask\u0131<\/td>\n<td data-col-size=\"sm\" data-start=\"2027\" data-end=\"2050\">Ki\u015fiselle\u015ftirme<\/td>\n<td data-col-size=\"md\" data-start=\"2050\" data-end=\"2105\">Tam renkli bask\u0131, QR kodu, seri\/ID (iste\u011fe ba\u011fl\u0131)<\/td>\n<\/tr>\n<tr data-start=\"2106\" data-end=\"2202\">\n<td data-start=\"2106\" data-end=\"2124\" data-col-size=\"sm\">Okunabilirlik<\/td>\n<td data-col-size=\"sm\" data-start=\"2124\" data-end=\"2147\">Cihazlar<\/td>\n<td data-col-size=\"md\" data-start=\"2147\" data-end=\"2202\">NFC ak\u0131ll\u0131 telefonlar ve ISO 14443A okuyucular<\/td>\n<\/tr>\n<tr data-start=\"2203\" data-end=\"2299\">\n<td data-start=\"2203\" data-end=\"2221\" data-col-size=\"sm\">Metal \u00dczerinde<\/td>\n<td data-col-size=\"sm\" data-start=\"2221\" data-end=\"2244\">Bariyer<\/td>\n<td data-col-size=\"md\" data-start=\"2244\" data-end=\"2299\">Entegre anti-metal tabakas\u0131<\/td>\n<\/tr>\n<tr data-start=\"2300\" data-end=\"2396\">\n<td data-start=\"2300\" data-end=\"2318\" data-col-size=\"sm\">Yap\u0131\u015ft\u0131r\u0131c\u0131<\/td>\n<td data-start=\"2318\" data-end=\"2341\" data-col-size=\"sm\">Destek<\/td>\n<td data-col-size=\"md\" data-start=\"2341\" data-end=\"2396\">Y\u00fcksek yap\u0131\u015fkanl\u0131 3M9080<\/td>\n<\/tr>\n<tr data-start=\"2397\" data-end=\"2498\">\n<td data-start=\"2397\" data-end=\"2415\" data-col-size=\"sm\">Koruma<\/td>\n<td data-col-size=\"sm\" data-start=\"2415\" data-end=\"2438\">Nitelikler<\/td>\n<td data-col-size=\"md\" data-start=\"2438\" data-end=\"2498\">Su ge\u00e7irmez \/ hava ko\u015fullar\u0131na dayan\u0131kl\u0131 (end\u00fcstriyel se\u00e7enekler mevcuttur)<\/td>\n<\/tr>\n<tr data-start=\"2499\" data-end=\"2595\">\n<td data-start=\"2499\" data-end=\"2517\" data-col-size=\"sm\">Se\u00e7enekler<\/td>\n<td data-start=\"2517\" data-end=\"2540\" data-col-size=\"sm\">Di\u011fer Frekanslar<\/td>\n<td data-col-size=\"md\" data-start=\"2540\" data-end=\"2595\">125 kHz LF veya 860\u2013960 MHz UHF (talep \u00fczerine)<\/td>\n<\/tr>\n<tr data-start=\"2596\" data-end=\"2692\">\n<td data-start=\"2596\" data-end=\"2614\" data-col-size=\"sm\">Renkler<\/td>\n<td data-start=\"2614\" data-end=\"2637\" data-col-size=\"sm\">Y\u00fczey<\/td>\n<td data-col-size=\"md\" data-start=\"2637\" data-end=\"2692\">Bo\u015f veya \u00f6zel bask\u0131l\u0131<\/td>\n<\/tr>\n<\/tbody>\n<\/table>\n<\/div>\n<\/div>","protected":false},"excerpt":{"rendered":"<p>30 mm PVC NFC madeni para etiketi, metale kar\u015f\u0131 bariyerli ve y\u00fcksek yap\u0131\u015fma \u00f6zelli\u011fine sahip 3M yap\u0131\u015ft\u0131r\u0131c\u0131 ile \u00e7elik \u00fczerinde kullan\u0131labilir, telefonla okunabilir (ISO 14443A), su ge\u00e7irmez\/hava ko\u015fullar\u0131na dayan\u0131kl\u0131d\u0131r ve \u00f6zel bask\u0131 se\u00e7eneklerine sahiptir.<\/p>","protected":false},"featured_media":899,"template":"","meta":{"_gspb_post_css":""},"product_brand":[],"product_cat":[24,27],"product_tag":[],"class_list":{"0":"post-894","1":"product","2":"type-product","3":"status-publish","4":"has-post-thumbnail","6":"product_cat-rfid-tags","7":"product_cat-rfid-patrol-tags","9":"first","10":"instock","11":"shipping-taxable","12":"purchasable","13":"product-type-simple"},"_links":{"self":[{"href":"https:\/\/www.cxjsmartcard.com\/tr\/wp-json\/wp\/v2\/product\/894","targetHints":{"allow":["GET"]}}],"collection":[{"href":"https:\/\/www.cxjsmartcard.com\/tr\/wp-json\/wp\/v2\/product"}],"about":[{"href":"https:\/\/www.cxjsmartcard.com\/tr\/wp-json\/wp\/v2\/types\/product"}],"wp:featuredmedia":[{"embeddable":true,"href":"https:\/\/www.cxjsmartcard.com\/tr\/wp-json\/wp\/v2\/media\/899"}],"wp:attachment":[{"href":"https:\/\/www.cxjsmartcard.com\/tr\/wp-json\/wp\/v2\/media?parent=894"}],"wp:term":[{"taxonomy":"product_brand","embeddable":true,"href":"https:\/\/www.cxjsmartcard.com\/tr\/wp-json\/wp\/v2\/product_brand?post=894"},{"taxonomy":"product_cat","embeddable":true,"href":"https:\/\/www.cxjsmartcard.com\/tr\/wp-json\/wp\/v2\/product_cat?post=894"},{"taxonomy":"product_tag","embeddable":true,"href":"https:\/\/www.cxjsmartcard.com\/tr\/wp-json\/wp\/v2\/product_tag?post=894"}],"curies":[{"name":"wp","href":"https:\/\/api.w.org\/{rel}","templated":true}]}}