{"id":881,"date":"2025-11-03T08:58:46","date_gmt":"2025-11-03T08:58:46","guid":{"rendered":"https:\/\/www.cxjsmartcard.com\/?post_type=product&#038;p=881"},"modified":"2025-12-29T01:27:08","modified_gmt":"2025-12-29T01:27:08","slug":"uhf-rfid-abs-anti-metal-tag","status":"publish","type":"product","link":"https:\/\/www.cxjsmartcard.com\/tr\/uhf-rfid-abs-anti-metal-tag\/","title":{"rendered":"UHF RFID ABS Anti-Metal Etiketi"},"content":{"rendered":"<p data-start=\"39\" data-end=\"339\">Zorlu i\u00e7\/d\u0131\u015f ortamlarda metalik varl\u0131klar\u0131n g\u00fcvenilir takibi i\u00e7in tasarlanm\u0131\u015f, sa\u011flam UHF metal kar\u015f\u0131t\u0131 etiket. Pasif EPC Gen2v2 performans\u0131yla 860\u2013960 MHz frekanslar\u0131nda \u00e7al\u0131\u015fan bu etiket, end\u00fcstriyel ekipmanlar, BT donan\u0131mlar\u0131, aletler ve sabit makineler i\u00e7in uygundur.<\/p>\n<p data-start=\"341\" data-end=\"359\"><strong data-start=\"341\" data-end=\"357\">Temel \u00d6zellikler<\/strong><\/p>\n<ul data-start=\"360\" data-end=\"695\">\n<li data-start=\"360\" data-end=\"424\">\n<p data-start=\"362\" data-end=\"424\">Metal y\u00fczeylerde \u00e7al\u0131\u015f\u0131r; su ge\u00e7irmez\/hava ko\u015fullar\u0131na dayan\u0131kl\u0131 ABS g\u00f6vde<\/p>\n<\/li>\n<li data-start=\"425\" data-end=\"475\">\n<p data-start=\"427\" data-end=\"475\">Pasif UHF EPC S\u0131n\u0131f 1 Gen 2v2 (ISO 18000-6C)<\/p>\n<\/li>\n<li data-start=\"476\" data-end=\"540\">\n<p data-start=\"478\" data-end=\"540\">Standart boyut 135 \u00d7 22 \u00d7 12 mm; toplu \u00f6zelle\u015ftirme mevcuttur<\/p>\n<\/li>\n<li data-start=\"541\" data-end=\"600\">\n<p data-start=\"543\" data-end=\"600\">Bellek profili: TID 64 bit, EPC 96 bit, Kullan\u0131c\u0131 512 bit<\/p>\n<\/li>\n<li data-start=\"601\" data-end=\"648\">\n<p data-start=\"603\" data-end=\"648\">Geni\u015f s\u0131cakl\u0131k tolerans\u0131 -40 \u2103 ila +150 \u2103<\/p>\n<\/li>\n<li data-start=\"649\" data-end=\"695\">\n<p data-start=\"651\" data-end=\"695\">Mevcut \u00f6rnek paketleriyle kullan\u0131ma uygun<\/p>\n<\/li>\n<\/ul>\n<p data-start=\"697\" data-end=\"826\"><strong data-start=\"697\" data-end=\"713\">Uygulamalar<\/strong><br data-start=\"713\" data-end=\"716\" \/>End\u00fcstriyel varl\u0131klar ve paletler \u2022 BT ekipmanlar\u0131 ve raflar\u0131 \u2022 Aletler ve tesisatlar \u2022 D\u0131\u015f mekan metalik altyap\u0131s\u0131.<\/p>\n<p data-start=\"828\" data-end=\"1146\"><strong data-start=\"828\" data-end=\"836\">SSS<\/strong><br data-start=\"836\" data-end=\"839\" \/><strong data-start=\"839\" data-end=\"846\">S1:<\/strong> \u00dccretsiz numuneler mevcut mu?<br data-start=\"874\" data-end=\"877\" \/><strong data-start=\"877\" data-end=\"883\">A:<\/strong> Evet, da\u011f\u0131t\u0131mdan \u00f6nce test ama\u00e7l\u0131 \u00f6rnek paketler sunulmaktad\u0131r.<br data-start=\"943\" data-end=\"946\" \/><strong data-start=\"946\" data-end=\"953\">S2:<\/strong> D\u0131\u015f mekan kullan\u0131m\u0131na uygun mudur?<br data-start=\"985\" data-end=\"988\" \/><strong data-start=\"988\" data-end=\"994\">A:<\/strong> Evet, ABS g\u00f6vde d\u0131\u015f mekan ko\u015fullar\u0131na dayan\u0131kl\u0131d\u0131r.<br data-start=\"1051\" data-end=\"1054\" \/><strong data-start=\"1054\" data-end=\"1061\">S3:<\/strong> Boyut \u00f6zelle\u015ftirilebilir mi?<br data-start=\"1089\" data-end=\"1092\" \/><strong data-start=\"1092\" data-end=\"1098\">A:<\/strong> Evet, toplu sipari\u015flerde \u00f6zel \u00f6l\u00e7\u00fcler mevcuttur.<\/p>\n<h2 data-start=\"1148\" data-end=\"1173\">Tablo (\u00d6zellikler)<\/h2>\n<div class=\"_tableContainer_1rjym_1\">\n<div class=\"group _tableWrapper_1rjym_13 flex w-fit flex-col-reverse\" tabindex=\"-1\">\n<table class=\"w-fit min-w-(--thread-content-width)\" data-start=\"1175\" data-end=\"2516\">\n<thead data-start=\"1175\" data-end=\"1264\">\n<tr data-start=\"1175\" data-end=\"1264\">\n<th data-start=\"1175\" data-end=\"1197\" data-col-size=\"sm\">Kategori<\/th>\n<th data-start=\"1197\" data-end=\"1222\" data-col-size=\"sm\">Parametre<\/th>\n<th data-start=\"1222\" data-end=\"1264\" data-col-size=\"md\">De\u011fer<\/th>\n<\/tr>\n<\/thead>\n<tbody data-start=\"1354\" data-end=\"2516\">\n<tr data-start=\"1354\" data-end=\"1442\">\n<td data-start=\"1354\" data-end=\"1375\" data-col-size=\"sm\">\u00dcr\u00fcn<\/td>\n<td data-start=\"1375\" data-end=\"1400\" data-col-size=\"sm\">\u0130sim<\/td>\n<td data-col-size=\"md\" data-start=\"1400\" data-end=\"1442\">ABS Anti-Metal RFID Etiketi<\/td>\n<\/tr>\n<tr data-start=\"1443\" data-end=\"1531\">\n<td data-start=\"1443\" data-end=\"1464\" data-col-size=\"sm\">Model<\/td>\n<td data-col-size=\"sm\" data-start=\"1464\" data-end=\"1489\">Say\u0131<\/td>\n<td data-col-size=\"md\" data-start=\"1489\" data-end=\"1531\">ABS anti-metal etiketi<\/td>\n<\/tr>\n<tr data-start=\"1532\" data-end=\"1620\">\n<td data-start=\"1532\" data-end=\"1553\" data-col-size=\"sm\">RF<\/td>\n<td data-col-size=\"sm\" data-start=\"1553\" data-end=\"1578\">S\u0131kl\u0131k<\/td>\n<td data-col-size=\"md\" data-start=\"1578\" data-end=\"1620\">860\u2013960 MHz<\/td>\n<\/tr>\n<tr data-start=\"1621\" data-end=\"1709\">\n<td data-start=\"1621\" data-end=\"1642\" data-col-size=\"sm\"><\/td>\n<td data-col-size=\"sm\" data-start=\"1642\" data-end=\"1667\">Protokol<\/td>\n<td data-col-size=\"md\" data-start=\"1667\" data-end=\"1709\">ISO 18000-6C \/ EPC S\u0131n\u0131f 1 Gen 2v2<\/td>\n<\/tr>\n<tr data-start=\"1710\" data-end=\"1798\">\n<td data-start=\"1710\" data-end=\"1731\" data-col-size=\"sm\">Operasyon<\/td>\n<td data-col-size=\"sm\" data-start=\"1731\" data-end=\"1756\">Mod<\/td>\n<td data-col-size=\"md\" data-start=\"1756\" data-end=\"1798\">Pasif<\/td>\n<\/tr>\n<tr data-start=\"1799\" data-end=\"1887\">\n<td data-start=\"1799\" data-end=\"1820\" data-col-size=\"sm\">Mekanik<\/td>\n<td data-col-size=\"sm\" data-start=\"1820\" data-end=\"1845\">Konut Malzemesi<\/td>\n<td data-col-size=\"md\" data-start=\"1845\" data-end=\"1887\">ABS<\/td>\n<\/tr>\n<tr data-start=\"1888\" data-end=\"1976\">\n<td data-start=\"1888\" data-end=\"1909\" data-col-size=\"sm\">Boyutlar<\/td>\n<td data-start=\"1909\" data-end=\"1934\" data-col-size=\"sm\">Boyut<\/td>\n<td data-col-size=\"md\" data-start=\"1934\" data-end=\"1976\">135 \u00d7 22 \u00d7 12 mm<\/td>\n<\/tr>\n<tr data-start=\"1977\" data-end=\"2065\">\n<td data-start=\"1977\" data-end=\"1998\" data-col-size=\"sm\">Haf\u0131za<\/td>\n<td data-col-size=\"sm\" data-start=\"1998\" data-end=\"2023\">TID \/ EPC \/ Kullan\u0131c\u0131<\/td>\n<td data-col-size=\"md\" data-start=\"2023\" data-end=\"2065\">64 bit \/ 96 bit \/ 512 bit<\/td>\n<\/tr>\n<tr data-start=\"2066\" data-end=\"2154\">\n<td data-start=\"2066\" data-end=\"2087\" data-col-size=\"sm\">Aray\u00fcz<\/td>\n<td data-start=\"2087\" data-end=\"2112\" data-col-size=\"sm\">\u0130leti\u015fim<\/td>\n<td data-col-size=\"md\" data-start=\"2112\" data-end=\"2154\">RFID<\/td>\n<\/tr>\n<tr data-start=\"2155\" data-end=\"2243\">\n<td data-start=\"2155\" data-end=\"2176\" data-col-size=\"sm\">\u00c7evre<\/td>\n<td data-col-size=\"sm\" data-start=\"2176\" data-end=\"2201\">Uygulama S\u0131cakl\u0131\u011f\u0131<\/td>\n<td data-col-size=\"md\" data-start=\"2201\" data-end=\"2243\">-40 \u2103 ila +150 \u2103<\/td>\n<\/tr>\n<tr data-start=\"2244\" data-end=\"2332\">\n<td data-start=\"2244\" data-end=\"2265\" data-col-size=\"sm\">Koruma<\/td>\n<td data-col-size=\"sm\" data-start=\"2265\" data-end=\"2290\">\u00d6zel \u00d6zellikler<\/td>\n<td data-col-size=\"md\" data-start=\"2290\" data-end=\"2332\">Su ge\u00e7irmez \/ Hava ko\u015fullar\u0131na dayan\u0131kl\u0131<\/td>\n<\/tr>\n<tr data-start=\"2333\" data-end=\"2421\">\n<td data-start=\"2333\" data-end=\"2354\" data-col-size=\"sm\">Ki\u015fiselle\u015ftirme<\/td>\n<td data-col-size=\"sm\" data-start=\"2354\" data-end=\"2379\">Se\u00e7enekler<\/td>\n<td data-col-size=\"md\" data-start=\"2379\" data-end=\"2421\">Toplu sipari\u015fler i\u00e7in boyut \u00f6zelle\u015ftirmesi<\/td>\n<\/tr>\n<tr data-start=\"2422\" data-end=\"2516\">\n<td data-start=\"2422\" data-end=\"2443\" data-col-size=\"sm\">Kullan\u0131m \u00d6rnekleri<\/td>\n<td data-col-size=\"sm\" data-start=\"2443\" data-end=\"2468\">Tipik Uygulamalar<\/td>\n<td data-col-size=\"md\" data-start=\"2468\" data-end=\"2516\">Metal varl\u0131klar, ara\u00e7lar, BT ekipmanlar\u0131, makineler<\/td>\n<\/tr>\n<\/tbody>\n<\/table>\n<\/div>\n<\/div>","protected":false},"excerpt":{"rendered":"<p>Metal varl\u0131klar i\u00e7in ABS UHF anti-metal RFID etiketi\u2014EPC Gen2v2, pasif, hava ko\u015fullar\u0131na dayan\u0131kl\u0131 ABS g\u00f6vde, -40 \u2103 ila +150 \u2103, \u00f6zelle\u015ftirilebilir se\u00e7eneklerle standart 135\u00d722\u00d712 mm.<\/p>","protected":false},"featured_media":879,"template":"","meta":{"_gspb_post_css":""},"product_brand":[],"product_cat":[24,26],"product_tag":[],"class_list":{"0":"post-881","1":"product","2":"type-product","3":"status-publish","4":"has-post-thumbnail","6":"product_cat-rfid-tags","7":"product_cat-anti-metal-abs-uhf-rfid-tags","9":"first","10":"instock","11":"shipping-taxable","12":"purchasable","13":"product-type-simple"},"_links":{"self":[{"href":"https:\/\/www.cxjsmartcard.com\/tr\/wp-json\/wp\/v2\/product\/881","targetHints":{"allow":["GET"]}}],"collection":[{"href":"https:\/\/www.cxjsmartcard.com\/tr\/wp-json\/wp\/v2\/product"}],"about":[{"href":"https:\/\/www.cxjsmartcard.com\/tr\/wp-json\/wp\/v2\/types\/product"}],"wp:featuredmedia":[{"embeddable":true,"href":"https:\/\/www.cxjsmartcard.com\/tr\/wp-json\/wp\/v2\/media\/879"}],"wp:attachment":[{"href":"https:\/\/www.cxjsmartcard.com\/tr\/wp-json\/wp\/v2\/media?parent=881"}],"wp:term":[{"taxonomy":"product_brand","embeddable":true,"href":"https:\/\/www.cxjsmartcard.com\/tr\/wp-json\/wp\/v2\/product_brand?post=881"},{"taxonomy":"product_cat","embeddable":true,"href":"https:\/\/www.cxjsmartcard.com\/tr\/wp-json\/wp\/v2\/product_cat?post=881"},{"taxonomy":"product_tag","embeddable":true,"href":"https:\/\/www.cxjsmartcard.com\/tr\/wp-json\/wp\/v2\/product_tag?post=881"}],"curies":[{"name":"wp","href":"https:\/\/api.w.org\/{rel}","templated":true}]}}