{"id":873,"date":"2025-11-03T08:55:50","date_gmt":"2025-11-03T08:55:50","guid":{"rendered":"https:\/\/www.cxjsmartcard.com\/?post_type=product&#038;p=873"},"modified":"2025-12-29T01:27:08","modified_gmt":"2025-12-29T01:27:08","slug":"rewritable-long-range-abs-uhf-rfid-anti-metal-tag","status":"publish","type":"product","link":"https:\/\/www.cxjsmartcard.com\/tr\/rewritable-long-range-abs-uhf-rfid-anti-metal-tag\/","title":{"rendered":"Yeniden Yaz\u0131labilir Uzun Menzilli ABS UHF RFID Anti-Metal Etiketi"},"content":{"rendered":"<p data-start=\"61\" data-end=\"323\">Metal varl\u0131klara montaj i\u00e7in optimize edilmi\u015f, sa\u011flam ABS UHF metal kar\u015f\u0131t\u0131 etiket. Uzun menzilli okumalar ve zorlu ortamlar i\u00e7in tasarlanan bu etiket, eri\u015fim kontrol\u00fc, lojistik, envanter ve end\u00fcstriyel varl\u0131k takibi i\u00e7in iletken y\u00fczeylerde istikrarl\u0131 performans sunar.<\/p>\n<p data-start=\"325\" data-end=\"343\"><strong data-start=\"325\" data-end=\"341\">Temel Faydalar<\/strong><\/p>\n<ul data-start=\"344\" data-end=\"715\">\n<li data-start=\"344\" data-end=\"413\">\n<p data-start=\"346\" data-end=\"413\"><strong data-start=\"346\" data-end=\"361\">Uzun menzil:<\/strong> 6\u201312 m (okuyucu\/anten ve ortama ba\u011fl\u0131)<\/p>\n<\/li>\n<li data-start=\"414\" data-end=\"487\">\n<p data-start=\"416\" data-end=\"487\"><strong data-start=\"416\" data-end=\"441\">Metal \u00fczerindeki performans:<\/strong> Metal y\u00fczeyler i\u00e7in ayarlanm\u0131\u015f i\u00e7 yap\u0131<\/p>\n<\/li>\n<li data-start=\"488\" data-end=\"557\">\n<p data-start=\"490\" data-end=\"557\"><strong data-start=\"490\" data-end=\"512\">Yeniden yaz\u0131labilir bellek:<\/strong> Varl\u0131k ya\u015fam d\u00f6ng\u00fcs\u00fc boyunca verileri g\u00fcncelleyin<\/p>\n<\/li>\n<li data-start=\"558\" data-end=\"651\">\n<p data-start=\"560\" data-end=\"651\"><strong data-start=\"560\" data-end=\"577\">Hava ko\u015fullar\u0131na dayan\u0131kl\u0131:<\/strong> Kompakt &quot;mini etiket&quot; form fakt\u00f6r\u00fcnde su ge\u00e7irmez\/hava ko\u015fullar\u0131na dayan\u0131kl\u0131 ABS g\u00f6vde<\/p>\n<\/li>\n<li data-start=\"652\" data-end=\"715\">\n<p data-start=\"654\" data-end=\"715\"><strong data-start=\"654\" data-end=\"674\">Standartlara haz\u0131r:<\/strong> EPC C1G2 \/ ISO\/IEC 18000-6C, 860\u2013960 MHz<\/p>\n<\/li>\n<\/ul>\n<p data-start=\"717\" data-end=\"865\"><strong data-start=\"717\" data-end=\"733\">Uygulamalar<\/strong><br data-start=\"733\" data-end=\"736\" \/>Eri\u015fim kontrol\u00fc ve kap\u0131lar \u2022 Metal alet ve ekipman takibi \u2022 Otel ve tesis operasyonlar\u0131 \u2022 Lojistik ve depo envanteri.<\/p>\n<p data-start=\"867\" data-end=\"1105\"><strong data-start=\"867\" data-end=\"875\">SSS<\/strong><br data-start=\"875\" data-end=\"878\" \/><strong data-start=\"878\" data-end=\"924\">S1: Metal alet ve aparatlar\u0131 takip edebilir mi?<\/strong> Evet, metal \u00fczerinde kullan\u0131m i\u00e7in tasarlanm\u0131\u015ft\u0131r.<br data-start=\"957\" data-end=\"960\" \/><strong data-start=\"960\" data-end=\"985\">S2: Yeniden yaz\u0131labilir mi?<\/strong> Evet\u2014zaman i\u00e7inde veri g\u00fcncellemelerini destekler.<br data-start=\"1022\" data-end=\"1025\" \/><strong data-start=\"1025\" data-end=\"1055\">S3: Numuneler mevcut mu?<\/strong> Evet, pilot testler i\u00e7in numune paketleri mevcuttur.<\/p>\n<h2 data-start=\"1107\" data-end=\"1132\">Tablo (\u00d6zellikler)<\/h2>\n<div class=\"_tableContainer_1rjym_1\">\n<div class=\"group _tableWrapper_1rjym_13 flex w-fit flex-col-reverse\" tabindex=\"-1\">\n<table class=\"w-fit min-w-(--thread-content-width)\" data-start=\"1134\" data-end=\"2492\">\n<thead data-start=\"1134\" data-end=\"1231\">\n<tr data-start=\"1134\" data-end=\"1231\">\n<th data-start=\"1134\" data-end=\"1156\" data-col-size=\"sm\">Kategori<\/th>\n<th data-start=\"1156\" data-end=\"1181\" data-col-size=\"sm\">Parametre<\/th>\n<th data-start=\"1181\" data-end=\"1231\" data-col-size=\"md\">De\u011fer<\/th>\n<\/tr>\n<\/thead>\n<tbody data-start=\"1329\" data-end=\"2492\">\n<tr data-start=\"1329\" data-end=\"1425\">\n<td data-start=\"1329\" data-end=\"1350\" data-col-size=\"sm\">\u00dcr\u00fcn<\/td>\n<td data-col-size=\"sm\" data-start=\"1350\" data-end=\"1375\">\u0130sim<\/td>\n<td data-col-size=\"md\" data-start=\"1375\" data-end=\"1425\">Yeniden Yaz\u0131labilir UHF Anti-Metal Etiketi (Mini)<\/td>\n<\/tr>\n<tr data-start=\"1426\" data-end=\"1522\">\n<td data-start=\"1426\" data-end=\"1447\" data-col-size=\"sm\">IC Se\u00e7enekleri<\/td>\n<td data-col-size=\"sm\" data-start=\"1447\" data-end=\"1472\">\u00c7ip<\/td>\n<td data-col-size=\"md\" data-start=\"1472\" data-end=\"1522\">Higgs 9; \u00f6zel se\u00e7enekler (Impinj\/Monza aileleri)<\/td>\n<\/tr>\n<tr data-start=\"1523\" data-end=\"1619\">\n<td data-start=\"1523\" data-end=\"1544\" data-col-size=\"sm\">RF<\/td>\n<td data-start=\"1544\" data-end=\"1569\" data-col-size=\"sm\">S\u0131kl\u0131k<\/td>\n<td data-col-size=\"md\" data-start=\"1569\" data-end=\"1619\">860\u2013960 MHz<\/td>\n<\/tr>\n<tr data-start=\"1620\" data-end=\"1716\">\n<td data-start=\"1620\" data-end=\"1641\" data-col-size=\"sm\"><\/td>\n<td data-col-size=\"sm\" data-start=\"1641\" data-end=\"1666\">Protokol<\/td>\n<td data-col-size=\"md\" data-start=\"1666\" data-end=\"1716\">ISO\/IEC 18000-6C; EPC S\u0131n\u0131f 1 Nesil 2<\/td>\n<\/tr>\n<tr data-start=\"1717\" data-end=\"1813\">\n<td data-start=\"1717\" data-end=\"1738\" data-col-size=\"sm\">Performans<\/td>\n<td data-col-size=\"sm\" data-start=\"1738\" data-end=\"1763\">Okuma Mesafesi<\/td>\n<td data-col-size=\"md\" data-start=\"1763\" data-end=\"1813\">6\u201312 m (okuyucu\/anten\/ortama ba\u011fl\u0131)<\/td>\n<\/tr>\n<tr data-start=\"1814\" data-end=\"1910\">\n<td data-start=\"1814\" data-end=\"1835\" data-col-size=\"sm\">Mekanik<\/td>\n<td data-col-size=\"sm\" data-start=\"1835\" data-end=\"1860\">Konut Malzemesi<\/td>\n<td data-col-size=\"md\" data-start=\"1860\" data-end=\"1910\">End\u00fcstri s\u0131n\u0131f\u0131 ABS<\/td>\n<\/tr>\n<tr data-start=\"1911\" data-end=\"2007\">\n<td data-start=\"1911\" data-end=\"1932\" data-col-size=\"sm\">Koruma<\/td>\n<td data-col-size=\"sm\" data-start=\"1932\" data-end=\"1957\">\u00c7evresel<\/td>\n<td data-col-size=\"md\" data-start=\"1957\" data-end=\"2007\">Su ge\u00e7irmez \/ Hava ko\u015fullar\u0131na dayan\u0131kl\u0131<\/td>\n<\/tr>\n<tr data-start=\"2008\" data-end=\"2104\">\n<td data-start=\"2008\" data-end=\"2029\" data-col-size=\"sm\">Aray\u00fcz<\/td>\n<td data-col-size=\"sm\" data-start=\"2029\" data-end=\"2054\">\u0130leti\u015fim<\/td>\n<td data-col-size=\"md\" data-start=\"2054\" data-end=\"2104\">Pasif UHF RFID<\/td>\n<\/tr>\n<tr data-start=\"2105\" data-end=\"2201\">\n<td data-start=\"2105\" data-end=\"2126\" data-col-size=\"sm\">Form Fakt\u00f6r\u00fc<\/td>\n<td data-start=\"2126\" data-end=\"2151\" data-col-size=\"sm\">Tip<\/td>\n<td data-start=\"2151\" data-end=\"2201\" data-col-size=\"md\">Mini metal \u00fcst\u00fc etiket<\/td>\n<\/tr>\n<tr data-start=\"2202\" data-end=\"2298\">\n<td data-start=\"2202\" data-end=\"2223\" data-col-size=\"sm\">Ambalajlama<\/td>\n<td data-col-size=\"sm\" data-start=\"2223\" data-end=\"2248\">Tedarik<\/td>\n<td data-col-size=\"md\" data-start=\"2248\" data-end=\"2298\">Ambalaj kutular\u0131<\/td>\n<\/tr>\n<tr data-start=\"2299\" data-end=\"2395\">\n<td data-start=\"2299\" data-end=\"2320\" data-col-size=\"sm\">K\u00f6keni<\/td>\n<td data-col-size=\"sm\" data-start=\"2320\" data-end=\"2345\">Men\u015fe Yeri<\/td>\n<td data-col-size=\"md\" data-start=\"2345\" data-end=\"2395\">Guangdong, \u00c7in<\/td>\n<\/tr>\n<tr data-start=\"2396\" data-end=\"2492\">\n<td data-start=\"2396\" data-end=\"2417\" data-col-size=\"sm\">Uygulamalar<\/td>\n<td data-col-size=\"sm\" data-start=\"2417\" data-end=\"2442\">Tipik Kullan\u0131m \u00d6rnekleri<\/td>\n<td data-col-size=\"md\" data-start=\"2442\" data-end=\"2492\">Eri\u015fim kontrol\u00fc, otel, lojistik, envanter<\/td>\n<\/tr>\n<\/tbody>\n<\/table>\n<\/div>\n<\/div>","protected":false},"excerpt":{"rendered":"<p>Metal varl\u0131klar i\u00e7in uzun menzilli (6\u201312 m) yeniden yaz\u0131labilir ABS UHF metal kar\u015f\u0131t\u0131 etiket\u2014EPC Gen2\/ISO 18000-6C, su ge\u00e7irmez\/hava ko\u015fullar\u0131na dayan\u0131kl\u0131 g\u00f6vde ve end\u00fcstriyel izleme i\u00e7in kompakt form fakt\u00f6r\u00fc.<\/p>","protected":false},"featured_media":876,"template":"","meta":{"_gspb_post_css":""},"product_brand":[],"product_cat":[24,26],"product_tag":[],"class_list":{"0":"post-873","1":"product","2":"type-product","3":"status-publish","4":"has-post-thumbnail","6":"product_cat-rfid-tags","7":"product_cat-anti-metal-abs-uhf-rfid-tags","9":"first","10":"instock","11":"shipping-taxable","12":"purchasable","13":"product-type-simple"},"_links":{"self":[{"href":"https:\/\/www.cxjsmartcard.com\/tr\/wp-json\/wp\/v2\/product\/873","targetHints":{"allow":["GET"]}}],"collection":[{"href":"https:\/\/www.cxjsmartcard.com\/tr\/wp-json\/wp\/v2\/product"}],"about":[{"href":"https:\/\/www.cxjsmartcard.com\/tr\/wp-json\/wp\/v2\/types\/product"}],"wp:featuredmedia":[{"embeddable":true,"href":"https:\/\/www.cxjsmartcard.com\/tr\/wp-json\/wp\/v2\/media\/876"}],"wp:attachment":[{"href":"https:\/\/www.cxjsmartcard.com\/tr\/wp-json\/wp\/v2\/media?parent=873"}],"wp:term":[{"taxonomy":"product_brand","embeddable":true,"href":"https:\/\/www.cxjsmartcard.com\/tr\/wp-json\/wp\/v2\/product_brand?post=873"},{"taxonomy":"product_cat","embeddable":true,"href":"https:\/\/www.cxjsmartcard.com\/tr\/wp-json\/wp\/v2\/product_cat?post=873"},{"taxonomy":"product_tag","embeddable":true,"href":"https:\/\/www.cxjsmartcard.com\/tr\/wp-json\/wp\/v2\/product_tag?post=873"}],"curies":[{"name":"wp","href":"https:\/\/api.w.org\/{rel}","templated":true}]}}