{"id":868,"date":"2025-11-03T08:53:46","date_gmt":"2025-11-03T08:53:46","guid":{"rendered":"https:\/\/www.cxjsmartcard.com\/?post_type=product&#038;p=868"},"modified":"2025-12-29T01:27:08","modified_gmt":"2025-12-29T01:27:08","slug":"860-960mhz-uhf-anti-metal-abs-rfid-tag","status":"publish","type":"product","link":"https:\/\/www.cxjsmartcard.com\/tr\/860-960mhz-uhf-anti-metal-abs-rfid-tag\/","title":{"rendered":"860\u2013960MHz UHF Anti-Metal ABS RFID Etiketi"},"content":{"rendered":"<p data-start=\"50\" data-end=\"354\">Metal varl\u0131klar, paletler ve ekipmanlar i\u00e7in tasarlanm\u0131\u015f sa\u011flam UHF metal kar\u015f\u0131t\u0131 etiket. Dahili yast\u0131klamal\u0131 ABS g\u00f6vdesi, suya, darbeye ve kimyasallara kar\u015f\u0131 dayan\u0131kl\u0131l\u0131k sa\u011flarken metal \u00fczerindeki okuma performans\u0131n\u0131 korur. Ayarlanm\u0131\u015f UHF sistemlerinde tipik okuma mesafesi 8 metreye kadard\u0131r (ortama\/okuyucuya ba\u011fl\u0131d\u0131r).<\/p>\n<p data-start=\"356\" data-end=\"374\"><strong data-start=\"356\" data-end=\"372\">Temel \u00d6zellikler<\/strong><\/p>\n<ul data-start=\"375\" data-end=\"713\">\n<li data-start=\"375\" data-end=\"427\">\n<p data-start=\"377\" data-end=\"427\">860\u2013960 MHz, EPC S\u0131n\u0131f 1 Gen2 (ISO\/IEC 18000-6C)<\/p>\n<\/li>\n<li data-start=\"428\" data-end=\"495\">\n<p data-start=\"430\" data-end=\"495\">ABS + i\u00e7 s\u00fcnger yap\u0131s\u0131; su ge\u00e7irmez\/hava ko\u015fullar\u0131na dayan\u0131kl\u0131 (IP65)<\/p>\n<\/li>\n<li data-start=\"496\" data-end=\"539\">\n<p data-start=\"498\" data-end=\"539\">8 m&#039;ye kadar okuma aral\u0131\u011f\u0131; \u00e7oklu etiket okuma<\/p>\n<\/li>\n<li data-start=\"540\" data-end=\"590\">\n<p data-start=\"542\" data-end=\"590\">\u00c7ip se\u00e7enekleri: Alien H3; Impinj M4D\/M4E\/M4QT\/M5<\/p>\n<\/li>\n<li data-start=\"591\" data-end=\"642\">\n<p data-start=\"593\" data-end=\"642\">\u2265100.000 yazma d\u00f6ng\u00fcs\u00fc; &gt;10 y\u0131l veri saklama<\/p>\n<\/li>\n<li data-start=\"643\" data-end=\"713\">\n<p data-start=\"645\" data-end=\"713\">Vida veya end\u00fcstriyel yap\u0131\u015ft\u0131r\u0131c\u0131 ile monte edin; yazd\u0131rma\/kodlamay\u0131 destekler<\/p>\n<\/li>\n<\/ul>\n<p data-start=\"715\" data-end=\"859\"><strong data-start=\"715\" data-end=\"731\">Uygulamalar<\/strong><br data-start=\"731\" data-end=\"734\" \/>Depo ve palet takibi \u2022 End\u00fcstriyel varl\u0131k y\u00f6netimi \u2022 Raf ve ekipman etiketleme \u2022 D\u0131\u015f mekan metalik varl\u0131k takibi.<\/p>\n<h2 data-start=\"861\" data-end=\"886\">Tablo (\u00d6zellikler)<\/h2>\n<div class=\"_tableContainer_1rjym_1\">\n<div class=\"group _tableWrapper_1rjym_13 flex w-fit flex-col-reverse\" tabindex=\"-1\">\n<table class=\"w-fit min-w-(--thread-content-width)\" data-start=\"888\" data-end=\"3241\">\n<thead data-start=\"888\" data-end=\"999\">\n<tr data-start=\"888\" data-end=\"999\">\n<th data-start=\"888\" data-end=\"910\" data-col-size=\"sm\">Kategori<\/th>\n<th data-start=\"910\" data-end=\"934\" data-col-size=\"sm\">Parametre<\/th>\n<th data-start=\"934\" data-end=\"999\" data-col-size=\"md\">De\u011fer<\/th>\n<\/tr>\n<\/thead>\n<tbody data-start=\"1112\" data-end=\"3241\">\n<tr data-start=\"1112\" data-end=\"1223\">\n<td data-start=\"1112\" data-end=\"1134\" data-col-size=\"sm\">\u00dcr\u00fcn<\/td>\n<td data-col-size=\"sm\" data-start=\"1134\" data-end=\"1158\">\u0130sim<\/td>\n<td data-col-size=\"md\" data-start=\"1158\" data-end=\"1223\">ABS UHF Anti-Metal RFID Etiketi<\/td>\n<\/tr>\n<tr data-start=\"1224\" data-end=\"1335\">\n<td data-start=\"1224\" data-end=\"1246\" data-col-size=\"sm\">RF<\/td>\n<td data-col-size=\"sm\" data-start=\"1246\" data-end=\"1270\">S\u0131kl\u0131k<\/td>\n<td data-col-size=\"md\" data-start=\"1270\" data-end=\"1335\">860\u2013960 MHz (UHF); iste\u011fe ba\u011fl\u0131 13,56 MHz varyant\u0131<\/td>\n<\/tr>\n<tr data-start=\"1336\" data-end=\"1447\">\n<td data-start=\"1336\" data-end=\"1358\" data-col-size=\"sm\"><\/td>\n<td data-col-size=\"sm\" data-start=\"1358\" data-end=\"1382\">Protokol<\/td>\n<td data-col-size=\"md\" data-start=\"1382\" data-end=\"1447\">EPC S\u0131n\u0131f 1 Gen2 \/ ISO\/IEC 18000-6C<\/td>\n<\/tr>\n<tr data-start=\"1448\" data-end=\"1559\">\n<td data-start=\"1448\" data-end=\"1470\" data-col-size=\"sm\">IC Se\u00e7enekleri<\/td>\n<td data-col-size=\"sm\" data-start=\"1470\" data-end=\"1494\">Cipsler<\/td>\n<td data-col-size=\"md\" data-start=\"1494\" data-end=\"1559\">Uzayl\u0131 H3; Impinj M4D\/M4E\/M4QT\/M5<\/td>\n<\/tr>\n<tr data-start=\"1560\" data-end=\"1671\">\n<td data-start=\"1560\" data-end=\"1582\" data-col-size=\"sm\">Anten<\/td>\n<td data-col-size=\"sm\" data-start=\"1582\" data-end=\"1606\">Tip<\/td>\n<td data-col-size=\"md\" data-start=\"1606\" data-end=\"1671\">Al\u00fcminyum kaz\u0131nm\u0131\u015f<\/td>\n<\/tr>\n<tr data-start=\"1672\" data-end=\"1783\">\n<td data-start=\"1672\" data-end=\"1694\" data-col-size=\"sm\">Mekanik<\/td>\n<td data-col-size=\"sm\" data-start=\"1694\" data-end=\"1718\">Konut Malzemesi<\/td>\n<td data-col-size=\"md\" data-start=\"1718\" data-end=\"1783\">ABS + jelatin s\u00fcnger<\/td>\n<\/tr>\n<tr data-start=\"1784\" data-end=\"1895\">\n<td data-start=\"1784\" data-end=\"1806\" data-col-size=\"sm\">Boyutlar<\/td>\n<td data-col-size=\"sm\" data-start=\"1806\" data-end=\"1830\">Boyut<\/td>\n<td data-col-size=\"md\" data-start=\"1830\" data-end=\"1895\">125 \u00d7 21,5 \u00d7 12,5 mm (\u00f6zelle\u015ftirilebilir)<\/td>\n<\/tr>\n<tr data-start=\"1896\" data-end=\"2007\">\n<td data-start=\"1896\" data-end=\"1918\" data-col-size=\"sm\">Performans<\/td>\n<td data-col-size=\"sm\" data-start=\"1918\" data-end=\"1942\">Okuma Mesafesi<\/td>\n<td data-col-size=\"md\" data-start=\"1942\" data-end=\"2007\">8 m&#039;ye kadar (okuyucuya\/ortama ba\u011fl\u0131)<\/td>\n<\/tr>\n<tr data-start=\"2008\" data-end=\"2119\">\n<td data-start=\"2008\" data-end=\"2030\" data-col-size=\"sm\">Dayan\u0131kl\u0131l\u0131k<\/td>\n<td data-col-size=\"sm\" data-start=\"2030\" data-end=\"2054\">Yazma D\u00f6ng\u00fcleri<\/td>\n<td data-col-size=\"md\" data-start=\"2054\" data-end=\"2119\">\u2265100.000<\/td>\n<\/tr>\n<tr data-start=\"2120\" data-end=\"2231\">\n<td data-start=\"2120\" data-end=\"2142\" data-col-size=\"sm\">Veri<\/td>\n<td data-col-size=\"sm\" data-start=\"2142\" data-end=\"2166\">Tutulma<\/td>\n<td data-col-size=\"md\" data-start=\"2166\" data-end=\"2231\">&gt;10 y\u0131l<\/td>\n<\/tr>\n<tr data-start=\"2232\" data-end=\"2343\">\n<td data-start=\"2232\" data-end=\"2254\" data-col-size=\"sm\">\u00c7evre<\/td>\n<td data-start=\"2254\" data-end=\"2278\" data-col-size=\"sm\">\u00c7al\u0131\u015fma S\u0131cakl\u0131\u011f\u0131<\/td>\n<td data-col-size=\"md\" data-start=\"2278\" data-end=\"2343\">-25 \u2103 ila +55 \u2103<\/td>\n<\/tr>\n<tr data-start=\"2344\" data-end=\"2455\">\n<td data-start=\"2344\" data-end=\"2366\" data-col-size=\"sm\"><\/td>\n<td data-col-size=\"sm\" data-start=\"2366\" data-end=\"2390\">Depolama S\u0131cakl\u0131\u011f\u0131<\/td>\n<td data-col-size=\"md\" data-start=\"2390\" data-end=\"2455\">-35 \u2103 ila +75 \u2103<\/td>\n<\/tr>\n<tr data-start=\"2456\" data-end=\"2567\">\n<td data-start=\"2456\" data-end=\"2478\" data-col-size=\"sm\">Koruma<\/td>\n<td data-col-size=\"sm\" data-start=\"2478\" data-end=\"2502\">Giri\u015f Derecelendirmesi<\/td>\n<td data-col-size=\"md\" data-start=\"2502\" data-end=\"2567\">IP65 (su ge\u00e7irmez\/hava ko\u015fullar\u0131na dayan\u0131kl\u0131)<\/td>\n<\/tr>\n<tr data-start=\"2568\" data-end=\"2680\">\n<td data-start=\"2568\" data-end=\"2590\" data-col-size=\"sm\">Montaj<\/td>\n<td data-col-size=\"sm\" data-start=\"2590\" data-end=\"2614\">Y\u00f6ntemler<\/td>\n<td data-col-size=\"md\" data-start=\"2614\" data-end=\"2680\">Vidalar veya end\u00fcstriyel yap\u0131\u015ft\u0131r\u0131c\u0131<\/td>\n<\/tr>\n<tr data-start=\"2681\" data-end=\"2793\">\n<td data-start=\"2681\" data-end=\"2703\" data-col-size=\"sm\">Ki\u015fiselle\u015ftirme<\/td>\n<td data-col-size=\"sm\" data-start=\"2703\" data-end=\"2727\">El Sanatlar\u0131 Se\u00e7enekleri<\/td>\n<td data-col-size=\"md\" data-start=\"2727\" data-end=\"2793\">Serigrafi\/m\u00fcrekkep p\u00fcsk\u00fcrtmeli bask\u0131; kodlama<\/td>\n<\/tr>\n<tr data-start=\"2794\" data-end=\"2905\">\n<td data-start=\"2794\" data-end=\"2816\" data-col-size=\"sm\">Ambalajlama<\/td>\n<td data-start=\"2816\" data-end=\"2840\" data-col-size=\"sm\">Paket Miktar\u0131<\/td>\n<td data-col-size=\"md\" data-start=\"2840\" data-end=\"2905\">10 adet\/torba; 500 adet\/kutu<\/td>\n<\/tr>\n<tr data-start=\"2906\" data-end=\"3017\">\n<td data-start=\"2906\" data-end=\"2928\" data-col-size=\"sm\">Minimum Sipari\u015f Adedi<\/td>\n<td data-start=\"2928\" data-end=\"2952\" data-col-size=\"sm\">Minimum Sipari\u015f<\/td>\n<td data-col-size=\"md\" data-start=\"2952\" data-end=\"3017\">100 adet<\/td>\n<\/tr>\n<tr data-start=\"3018\" data-end=\"3129\">\n<td data-start=\"3018\" data-end=\"3040\" data-col-size=\"sm\">K\u00f6keni<\/td>\n<td data-col-size=\"sm\" data-start=\"3040\" data-end=\"3064\">Men\u015fe Yeri<\/td>\n<td data-col-size=\"md\" data-start=\"3064\" data-end=\"3129\">Guangdong, \u00c7in<\/td>\n<\/tr>\n<tr data-start=\"3130\" data-end=\"3241\">\n<td data-start=\"3130\" data-end=\"3152\" data-col-size=\"sm\">Kullan\u0131m \u00d6rnekleri<\/td>\n<td data-col-size=\"sm\" data-start=\"3152\" data-end=\"3176\">Uygulamalar<\/td>\n<td data-col-size=\"md\" data-start=\"3176\" data-end=\"3241\">Depo, palet, raf, ekipman, d\u0131\u015f mekan metal varl\u0131klar\u0131<\/td>\n<\/tr>\n<\/tbody>\n<\/table>\n<\/div>\n<\/div>","protected":false},"excerpt":{"rendered":"<p>Sa\u011flam ABS UHF metale dayan\u0131kl\u0131 etiket\u2014IP65, 8 metreye kadar okuma, EPC Gen2 ve paletler, ekipman ve d\u0131\u015f mekan metal varl\u0131klar i\u00e7in vida\/yap\u0131\u015fkanl\u0131 montaj.<\/p>","protected":false},"featured_media":869,"template":"","meta":{"_gspb_post_css":""},"product_brand":[],"product_cat":[24,26],"product_tag":[],"class_list":{"0":"post-868","1":"product","2":"type-product","3":"status-publish","4":"has-post-thumbnail","6":"product_cat-rfid-tags","7":"product_cat-anti-metal-abs-uhf-rfid-tags","9":"first","10":"instock","11":"shipping-taxable","12":"purchasable","13":"product-type-simple"},"_links":{"self":[{"href":"https:\/\/www.cxjsmartcard.com\/tr\/wp-json\/wp\/v2\/product\/868","targetHints":{"allow":["GET"]}}],"collection":[{"href":"https:\/\/www.cxjsmartcard.com\/tr\/wp-json\/wp\/v2\/product"}],"about":[{"href":"https:\/\/www.cxjsmartcard.com\/tr\/wp-json\/wp\/v2\/types\/product"}],"wp:featuredmedia":[{"embeddable":true,"href":"https:\/\/www.cxjsmartcard.com\/tr\/wp-json\/wp\/v2\/media\/869"}],"wp:attachment":[{"href":"https:\/\/www.cxjsmartcard.com\/tr\/wp-json\/wp\/v2\/media?parent=868"}],"wp:term":[{"taxonomy":"product_brand","embeddable":true,"href":"https:\/\/www.cxjsmartcard.com\/tr\/wp-json\/wp\/v2\/product_brand?post=868"},{"taxonomy":"product_cat","embeddable":true,"href":"https:\/\/www.cxjsmartcard.com\/tr\/wp-json\/wp\/v2\/product_cat?post=868"},{"taxonomy":"product_tag","embeddable":true,"href":"https:\/\/www.cxjsmartcard.com\/tr\/wp-json\/wp\/v2\/product_tag?post=868"}],"curies":[{"name":"wp","href":"https:\/\/api.w.org\/{rel}","templated":true}]}}