{"id":867,"date":"2025-11-03T08:51:49","date_gmt":"2025-11-03T08:51:49","guid":{"rendered":"https:\/\/www.cxjsmartcard.com\/?post_type=product&#038;p=867"},"modified":"2025-12-29T01:27:08","modified_gmt":"2025-12-29T01:27:08","slug":"rfid-animal-transponder-glass-tube-tag-pet-identification-microchip","status":"publish","type":"product","link":"https:\/\/www.cxjsmartcard.com\/tr\/rfid-animal-transponder-glass-tube-tag-pet-identification-microchip\/","title":{"rendered":"RFID Hayvan Transponder Cam T\u00fcp Etiketi \u2013 Evcil Hayvan Tan\u0131mlama Mikro\u00e7ipi"},"content":{"rendered":"<p data-start=\"81\" data-end=\"343\">Evcil hayvanlar\u0131n kal\u0131c\u0131 olarak tan\u0131mlanmas\u0131 ve kurtar\u0131lmas\u0131 i\u00e7in cam kaps\u00fcll\u00fc LF mikro\u00e7ip. Pasif transponder (yakla\u015f\u0131k bir pirin\u00e7 tanesi b\u00fcy\u00fckl\u00fc\u011f\u00fcnde) deri alt\u0131na enjekte edilir ve kliniklerde, bar\u0131naklarda ve hayvan kontrol merkezlerinde kullan\u0131lan ISO uyumlu taray\u0131c\u0131lar taraf\u0131ndan okunur.<\/p>\n<p data-start=\"345\" data-end=\"553\"><strong data-start=\"345\" data-end=\"361\">Nas\u0131l \u00e7al\u0131\u015f\u0131r?<\/strong><br data-start=\"361\" data-end=\"364\" \/>Her steril \u015f\u0131r\u0131nga, benzersiz bir kimlik mikro\u00e7ipi i\u00e7erir. Bir evcil hayvan tarand\u0131\u011f\u0131nda, 15 haneli kod k\u0131sa mesafeden okunur ve kay\u0131t kay\u0131tlar\u0131yla e\u015fle\u015ftirilerek hayvanlar\u0131n sahipleriyle yeniden bir araya getirilmesine yard\u0131mc\u0131 olur.<\/p>\n<p data-start=\"555\" data-end=\"573\"><strong data-start=\"555\" data-end=\"571\">Temel \u00f6zellikler<\/strong><\/p>\n<ul data-start=\"574\" data-end=\"917\">\n<li data-start=\"574\" data-end=\"620\">\n<p data-start=\"576\" data-end=\"620\">FDX-B 134,2 kHz, ISO 11784\/11785 uyumlu<\/p>\n<\/li>\n<li data-start=\"621\" data-end=\"669\">\n<p data-start=\"623\" data-end=\"669\">Bak\u0131r antenli t\u0131bbi biyocam kaps\u00fcl<\/p>\n<\/li>\n<li data-start=\"670\" data-end=\"714\">\n<p data-start=\"672\" data-end=\"714\">EO gaz\u0131yla sterilize edilmi\u015f, parilen kaplamal\u0131<\/p>\n<\/li>\n<li data-start=\"715\" data-end=\"771\">\n<p data-start=\"717\" data-end=\"771\">~1\u201312 cm&#039;ye kadar okuma mesafesi (boyuta\/okuyucuya ba\u011fl\u0131)<\/p>\n<\/li>\n<li data-start=\"772\" data-end=\"840\">\n<p data-start=\"774\" data-end=\"840\">Antibakteriyel, antialerjik ve anti-reddedilme tasar\u0131m \u00f6\u011feleri<\/p>\n<\/li>\n<li data-start=\"841\" data-end=\"917\">\n<p data-start=\"843\" data-end=\"917\">Rastgele veya \u00f6zelle\u015ftirilmi\u015f kimlik se\u00e7enekleri; iste\u011fe ba\u011fl\u0131 NFC deste\u011fi (i\u015f ak\u0131\u015f\u0131na ba\u011fl\u0131)<\/p>\n<\/li>\n<\/ul>\n<p data-start=\"919\" data-end=\"1042\"><strong data-start=\"919\" data-end=\"938\">Neler dahildir?<\/strong><br data-start=\"938\" data-end=\"941\" \/>Mikro\u00e7ip i\u00e7eren \u00f6nceden y\u00fcklenmi\u015f steril polipropilen \u015f\u0131r\u0131nga\u2014profesyonel implantasyona haz\u0131r.<\/p>\n<h2 data-start=\"1044\" data-end=\"1069\">Tablo (\u00d6zellikler)<\/h2>\n<div class=\"_tableContainer_1rjym_1\">\n<div class=\"group _tableWrapper_1rjym_13 flex w-fit flex-col-reverse\" tabindex=\"-1\">\n<table class=\"w-fit min-w-(--thread-content-width)\" data-start=\"1071\" data-end=\"2736\">\n<thead data-start=\"1071\" data-end=\"1168\">\n<tr data-start=\"1071\" data-end=\"1168\">\n<th data-start=\"1071\" data-end=\"1089\" data-col-size=\"sm\">Kategori<\/th>\n<th data-start=\"1089\" data-end=\"1113\" data-col-size=\"sm\">Parametre<\/th>\n<th data-start=\"1113\" data-end=\"1168\" data-col-size=\"md\">De\u011fer<\/th>\n<\/tr>\n<\/thead>\n<tbody data-start=\"1267\" data-end=\"2736\">\n<tr data-start=\"1267\" data-end=\"1364\">\n<td data-start=\"1267\" data-end=\"1285\" data-col-size=\"sm\">\u00dcr\u00fcn<\/td>\n<td data-col-size=\"sm\" data-start=\"1285\" data-end=\"1309\">Tip<\/td>\n<td data-col-size=\"md\" data-start=\"1309\" data-end=\"1364\">RFID hayvan cam t\u00fcp etiketi mikro\u00e7ip<\/td>\n<\/tr>\n<tr data-start=\"1365\" data-end=\"1462\">\n<td data-start=\"1365\" data-end=\"1383\" data-col-size=\"sm\">S\u0131kl\u0131k<\/td>\n<td data-col-size=\"sm\" data-start=\"1383\" data-end=\"1407\">LF<\/td>\n<td data-col-size=\"md\" data-start=\"1407\" data-end=\"1462\">134,2 kHz (FDX-B)<\/td>\n<\/tr>\n<tr data-start=\"1463\" data-end=\"1560\">\n<td data-start=\"1463\" data-end=\"1481\" data-col-size=\"sm\">Standartlar<\/td>\n<td data-col-size=\"sm\" data-start=\"1481\" data-end=\"1505\">Protokol<\/td>\n<td data-col-size=\"md\" data-start=\"1505\" data-end=\"1560\">ISO 11784\/11785 (FDX-B)<\/td>\n<\/tr>\n<tr data-start=\"1561\" data-end=\"1658\">\n<td data-start=\"1561\" data-end=\"1579\" data-col-size=\"sm\">\u00c7ip<\/td>\n<td data-start=\"1579\" data-end=\"1603\" data-col-size=\"sm\">IC<\/td>\n<td data-col-size=\"md\" data-start=\"1603\" data-end=\"1658\">EM4305<\/td>\n<\/tr>\n<tr data-start=\"1659\" data-end=\"1756\">\n<td data-start=\"1659\" data-end=\"1677\" data-col-size=\"sm\">Boyutlar<\/td>\n<td data-col-size=\"sm\" data-start=\"1677\" data-end=\"1701\">Boyutlar<\/td>\n<td data-col-size=\"md\" data-start=\"1701\" data-end=\"1756\">1,25\u00d77 mm; 1,4\u00d78 mm; 2\u00d712 mm; 3\u00d715 mm<\/td>\n<\/tr>\n<tr data-start=\"1757\" data-end=\"1854\">\n<td data-start=\"1757\" data-end=\"1775\" data-col-size=\"sm\">Malzemeler<\/td>\n<td data-col-size=\"sm\" data-start=\"1775\" data-end=\"1799\">Kaps\u00fcl \/ Anten<\/td>\n<td data-col-size=\"md\" data-start=\"1799\" data-end=\"1854\">T\u0131bbi biyocam \/ Bak\u0131r<\/td>\n<\/tr>\n<tr data-start=\"1855\" data-end=\"1952\">\n<td data-start=\"1855\" data-end=\"1873\" data-col-size=\"sm\">Kaplama<\/td>\n<td data-col-size=\"sm\" data-start=\"1873\" data-end=\"1897\">Parilen<\/td>\n<td data-col-size=\"md\" data-start=\"1897\" data-end=\"1952\">Evet<\/td>\n<\/tr>\n<tr data-start=\"1953\" data-end=\"2050\">\n<td data-start=\"1953\" data-end=\"1971\" data-col-size=\"sm\">Sterilizasyon<\/td>\n<td data-col-size=\"sm\" data-start=\"1971\" data-end=\"1995\">Y\u00f6ntem<\/td>\n<td data-col-size=\"md\" data-start=\"1995\" data-end=\"2050\">Etilen oksit (EO) gaz\u0131<\/td>\n<\/tr>\n<tr data-start=\"2051\" data-end=\"2148\">\n<td data-start=\"2051\" data-end=\"2069\" data-col-size=\"sm\">Kimlik Se\u00e7enekleri<\/td>\n<td data-col-size=\"sm\" data-start=\"2069\" data-end=\"2093\">Numaralama<\/td>\n<td data-col-size=\"md\" data-start=\"2093\" data-end=\"2148\">Rastgele kimlik veya \u00f6zelle\u015ftirilmi\u015f kimlik<\/td>\n<\/tr>\n<tr data-start=\"2149\" data-end=\"2246\">\n<td data-start=\"2149\" data-end=\"2167\" data-col-size=\"sm\">Performans<\/td>\n<td data-col-size=\"sm\" data-start=\"2167\" data-end=\"2191\">Okuma Aral\u0131\u011f\u0131<\/td>\n<td data-col-size=\"md\" data-start=\"2191\" data-end=\"2246\">~1\u201312 cm (etiket boyutuna ve okuyucuya ba\u011fl\u0131)<\/td>\n<\/tr>\n<tr data-start=\"2247\" data-end=\"2344\">\n<td data-start=\"2247\" data-end=\"2265\" data-col-size=\"sm\">\u00c7evre<\/td>\n<td data-start=\"2265\" data-end=\"2289\" data-col-size=\"sm\">Ge\u00e7erlilik S\u00fcresi<\/td>\n<td data-col-size=\"md\" data-start=\"2289\" data-end=\"2344\">5 y\u0131l<\/td>\n<\/tr>\n<tr data-start=\"2345\" data-end=\"2442\">\n<td data-start=\"2345\" data-end=\"2363\" data-col-size=\"sm\">Teslimat<\/td>\n<td data-col-size=\"sm\" data-start=\"2363\" data-end=\"2387\">Aplikat\u00f6r<\/td>\n<td data-col-size=\"md\" data-start=\"2387\" data-end=\"2442\">\u00d6nceden y\u00fcklenmi\u015f steril \u015f\u0131r\u0131nga (polipropilen)<\/td>\n<\/tr>\n<tr data-start=\"2443\" data-end=\"2540\">\n<td data-start=\"2443\" data-end=\"2461\" data-col-size=\"sm\">Operasyon<\/td>\n<td data-col-size=\"sm\" data-start=\"2461\" data-end=\"2485\">G\u00fc\u00e7<\/td>\n<td data-col-size=\"md\" data-start=\"2485\" data-end=\"2540\">Pasif (pilsiz)<\/td>\n<\/tr>\n<tr data-start=\"2541\" data-end=\"2638\">\n<td data-start=\"2541\" data-end=\"2559\" data-col-size=\"sm\">Ba\u015fvuru<\/td>\n<td data-col-size=\"sm\" data-start=\"2559\" data-end=\"2583\">Kullan\u0131m \u00d6rnekleri<\/td>\n<td data-col-size=\"md\" data-start=\"2583\" data-end=\"2638\">Evcil hayvan tan\u0131mlama ve y\u00f6netimi (k\u00f6pekler, kediler, bal\u0131klar, egzotik hayvanlar)<\/td>\n<\/tr>\n<tr data-start=\"2639\" data-end=\"2736\">\n<td data-start=\"2639\" data-end=\"2657\" data-col-size=\"sm\">Ekstralar<\/td>\n<td data-col-size=\"sm\" data-start=\"2657\" data-end=\"2681\">Tasar\u0131m \u00d6zellikleri<\/td>\n<td data-col-size=\"md\" data-start=\"2681\" data-end=\"2736\">Antibakteriyel, antialerjik, antireddedilme<\/td>\n<\/tr>\n<\/tbody>\n<\/table>\n<\/div>\n<\/div>","protected":false},"excerpt":{"rendered":"<p>\u00d6nceden y\u00fcklenmi\u015f \u015f\u0131r\u0131ngal\u0131 steril cam LF PET mikro\u00e7ip (FDX-B 134,2 kHz)\u2014ISO 11784\/11785 uyumlu, 1\u201312 cm okuma, parilen kaplamal\u0131 t\u0131bbi biyocam kaps\u00fcl.<\/p>","protected":false},"featured_media":861,"template":"","meta":{"_gspb_post_css":""},"product_brand":[],"product_cat":[25,24],"product_tag":[],"class_list":{"0":"post-867","1":"product","2":"type-product","3":"status-publish","4":"has-post-thumbnail","6":"product_cat-rfid-animal-glass-tube-tag-pets-microchip","7":"product_cat-rfid-tags","9":"first","10":"instock","11":"shipping-taxable","12":"purchasable","13":"product-type-simple"},"_links":{"self":[{"href":"https:\/\/www.cxjsmartcard.com\/tr\/wp-json\/wp\/v2\/product\/867","targetHints":{"allow":["GET"]}}],"collection":[{"href":"https:\/\/www.cxjsmartcard.com\/tr\/wp-json\/wp\/v2\/product"}],"about":[{"href":"https:\/\/www.cxjsmartcard.com\/tr\/wp-json\/wp\/v2\/types\/product"}],"wp:featuredmedia":[{"embeddable":true,"href":"https:\/\/www.cxjsmartcard.com\/tr\/wp-json\/wp\/v2\/media\/861"}],"wp:attachment":[{"href":"https:\/\/www.cxjsmartcard.com\/tr\/wp-json\/wp\/v2\/media?parent=867"}],"wp:term":[{"taxonomy":"product_brand","embeddable":true,"href":"https:\/\/www.cxjsmartcard.com\/tr\/wp-json\/wp\/v2\/product_brand?post=867"},{"taxonomy":"product_cat","embeddable":true,"href":"https:\/\/www.cxjsmartcard.com\/tr\/wp-json\/wp\/v2\/product_cat?post=867"},{"taxonomy":"product_tag","embeddable":true,"href":"https:\/\/www.cxjsmartcard.com\/tr\/wp-json\/wp\/v2\/product_tag?post=867"}],"curies":[{"name":"wp","href":"https:\/\/api.w.org\/{rel}","templated":true}]}}