{"id":866,"date":"2025-11-03T08:37:44","date_gmt":"2025-11-03T08:37:44","guid":{"rendered":"https:\/\/www.cxjsmartcard.com\/?post_type=product&#038;p=866"},"modified":"2025-12-29T01:27:08","modified_gmt":"2025-12-29T01:27:08","slug":"pet-chip-134khz-rfid-em4305-animal-tracking-microchip-with-applicator","status":"publish","type":"product","link":"https:\/\/www.cxjsmartcard.com\/tr\/pet-chip-134khz-rfid-em4305-animal-tracking-microchip-with-applicator\/","title":{"rendered":"Evcil Hayvan \u00c7ipi 134kHz RFID EM4305 Aplikat\u00f6rl\u00fc Hayvan \u0130zleme Mikro\u00e7ipi"},"content":{"rendered":"<p data-start=\"81\" data-end=\"413\">Kal\u0131c\u0131 tan\u0131mlama ve kurtarma i\u00e7in LF hayvan mikro\u00e7ipi. Yakla\u015f\u0131k bir pirin\u00e7 tanesi b\u00fcy\u00fckl\u00fc\u011f\u00fcndeki etiket, birlikte verilen aplikat\u00f6r kullan\u0131larak deri alt\u0131na enjekte edilir. \u00c7ipin 15 haneli benzersiz kimli\u011fi, evcil hayvan\u0131n\u0131z\u0131 veterinerler, bar\u0131naklar ve hayvan kontrol merkezleri taraf\u0131ndan h\u0131zl\u0131 bir \u015fekilde yeniden bir araya getirilebilmesi i\u00e7in ileti\u015fim bilgilerinize ba\u011flar.<\/p>\n<p data-start=\"415\" data-end=\"620\"><strong data-start=\"415\" data-end=\"439\">Mikro\u00e7ip nedir?<\/strong><br data-start=\"439\" data-end=\"442\" \/>Veteriner hekim veya e\u011fitimli bir implant uzman\u0131 taraf\u0131ndan ger\u00e7ekle\u015ftirilen h\u0131zl\u0131 ve g\u00fcvenli bir i\u015flemdir. K\u00fc\u00e7\u00fck pasif transponder pil gerektirmez ve hayvan\u0131n \u00f6mr\u00fc boyunca dayanacak \u015fekilde tasarlanm\u0131\u015ft\u0131r.<\/p>\n<p data-start=\"622\" data-end=\"939\"><strong data-start=\"622\" data-end=\"657\">Kay\u0131p bir evcil hayvan\u0131 yeniden bir araya getirmeye nas\u0131l yard\u0131mc\u0131 olur?<\/strong><br data-start=\"657\" data-end=\"660\" \/>Bir evcil hayvan bulundu\u011funda, yetkili bir kullan\u0131c\u0131, hayvan\u0131 tarayarak benzersiz 15 haneli kodu okur. Kod, kay\u0131t veritaban\u0131yla kontrol edilir ve ard\u0131ndan sahibinin ileti\u015fim bilgileri yetkili ki\u015fiye iletilerek g\u00fcvenlik do\u011frulamas\u0131 yap\u0131l\u0131r ve b\u00f6ylece h\u0131zl\u0131 bir yeniden bulu\u015fma sa\u011flan\u0131r.<\/p>\n<p data-start=\"941\" data-end=\"958\"><strong data-start=\"941\" data-end=\"956\">\u00d6nemli ayr\u0131nt\u0131lar<\/strong><\/p>\n<ul data-start=\"959\" data-end=\"1313\">\n<li data-start=\"959\" data-end=\"1004\">\n<p data-start=\"961\" data-end=\"1004\"><strong data-start=\"961\" data-end=\"975\">S\u0131kl\u0131k:<\/strong> LF 125\/134,2 kHz (FDX\/HDX)<\/p>\n<\/li>\n<li data-start=\"1005\" data-end=\"1032\">\n<p data-start=\"1007\" data-end=\"1032\"><strong data-start=\"1007\" data-end=\"1023\">\u00c7ip se\u00e7ene\u011fi:<\/strong> EM4305<\/p>\n<\/li>\n<li data-start=\"1033\" data-end=\"1121\">\n<p data-start=\"1035\" data-end=\"1121\"><strong data-start=\"1035\" data-end=\"1050\">Okuma aral\u0131\u011f\u0131:<\/strong> LF 1\u201310 cm (okuyucuya ba\u011fl\u0131); HF 1\u20133 cm (HF sistemleriyle kullan\u0131ld\u0131\u011f\u0131nda)<\/p>\n<\/li>\n<li data-start=\"1122\" data-end=\"1202\">\n<p data-start=\"1124\" data-end=\"1202\"><strong data-start=\"1124\" data-end=\"1138\">Standartlar:<\/strong> ISO 11784\/11785 (FDX\/HDX); ISO 15693 (HF uyumlulu\u011fu not edildi)<\/p>\n<\/li>\n<li data-start=\"1203\" data-end=\"1313\">\n<p data-start=\"1205\" data-end=\"1313\"><strong data-start=\"1205\" data-end=\"1219\">Kullan\u0131m \u00f6rnekleri:<\/strong> Evcil hayvanlar (k\u00f6pekler, kediler, bal\u0131klar) ve yaban hayat\u0131\/egzotik hayvanlar (\u00f6rne\u011fin kaplan, aslan) i\u00e7in hayvan y\u00f6netimi ve kimliklendirme<\/p>\n<\/li>\n<\/ul>\n<p data-start=\"1315\" data-end=\"1406\"><strong data-start=\"1315\" data-end=\"1335\">Paket \u015funlar\u0131 i\u00e7erir:<\/strong><br data-start=\"1335\" data-end=\"1338\" \/>\u0130mplantasyona haz\u0131r mikro\u00e7ipli \u00f6nceden y\u00fcklenmi\u015f steril \u015f\u0131r\u0131nga.<\/p>\n<h2 data-start=\"1408\" data-end=\"1433\">Tablo (\u00d6zellikler)<\/h2>\n<div class=\"_tableContainer_1rjym_1\">\n<div class=\"group _tableWrapper_1rjym_13 flex w-fit flex-col-reverse\" tabindex=\"-1\">\n<table class=\"w-fit min-w-(--thread-content-width)\" data-start=\"1435\" data-end=\"3047\">\n<thead data-start=\"1435\" data-end=\"1549\">\n<tr data-start=\"1435\" data-end=\"1549\">\n<th data-start=\"1435\" data-end=\"1453\" data-col-size=\"sm\">Kategori<\/th>\n<th data-start=\"1453\" data-end=\"1476\" data-col-size=\"sm\">Parametre<\/th>\n<th data-start=\"1476\" data-end=\"1549\" data-col-size=\"md\">De\u011fer<\/th>\n<\/tr>\n<\/thead>\n<tbody data-start=\"1665\" data-end=\"3047\">\n<tr data-start=\"1665\" data-end=\"1779\">\n<td data-start=\"1665\" data-end=\"1683\" data-col-size=\"sm\">\u00dcr\u00fcn<\/td>\n<td data-col-size=\"sm\" data-start=\"1683\" data-end=\"1706\">Tip<\/td>\n<td data-col-size=\"md\" data-start=\"1706\" data-end=\"1779\">Aplikat\u00f6rl\u00fc LF RFID hayvan mikro\u00e7ipi<\/td>\n<\/tr>\n<tr data-start=\"1780\" data-end=\"1894\">\n<td data-start=\"1780\" data-end=\"1798\" data-col-size=\"sm\">S\u0131kl\u0131k<\/td>\n<td data-col-size=\"sm\" data-start=\"1798\" data-end=\"1821\">LF<\/td>\n<td data-col-size=\"md\" data-start=\"1821\" data-end=\"1894\">125\/134,2 kHz (FDX\/HDX)<\/td>\n<\/tr>\n<tr data-start=\"1895\" data-end=\"2010\">\n<td data-start=\"1895\" data-end=\"1913\" data-col-size=\"sm\">\u00c7ip<\/td>\n<td data-col-size=\"sm\" data-start=\"1913\" data-end=\"1936\">IC<\/td>\n<td data-col-size=\"md\" data-start=\"1936\" data-end=\"2010\">EM4305<\/td>\n<\/tr>\n<tr data-start=\"2011\" data-end=\"2125\">\n<td data-start=\"2011\" data-end=\"2029\" data-col-size=\"sm\">Protokoller<\/td>\n<td data-col-size=\"sm\" data-start=\"2029\" data-end=\"2052\">Uyumluluk<\/td>\n<td data-col-size=\"md\" data-start=\"2052\" data-end=\"2125\">ISO 11784\/11785 (FDX\/HDX); ISO 15693 (HF i\u015f ak\u0131\u015flar\u0131)<\/td>\n<\/tr>\n<tr data-start=\"2126\" data-end=\"2240\">\n<td data-start=\"2126\" data-end=\"2144\" data-col-size=\"sm\">Boyutlar<\/td>\n<td data-col-size=\"sm\" data-start=\"2144\" data-end=\"2167\">Kaps\u00fcl Boyutlar\u0131<\/td>\n<td data-col-size=\"md\" data-start=\"2167\" data-end=\"2240\">1,25\u00d77 mm; 1,4\u00d78 mm; 2,12\u00d78 mm; 2,12\u00d712 mm; 3\u00d715 mm; 4\u00d732 mm; \u00f6zel<\/td>\n<\/tr>\n<tr data-start=\"2241\" data-end=\"2355\">\n<td data-start=\"2241\" data-end=\"2259\" data-col-size=\"sm\">Performans<\/td>\n<td data-col-size=\"sm\" data-start=\"2259\" data-end=\"2282\">Okuma Mesafesi<\/td>\n<td data-col-size=\"md\" data-start=\"2282\" data-end=\"2355\">LF 1\u201310 cm; HF 1\u20133 cm<\/td>\n<\/tr>\n<tr data-start=\"2356\" data-end=\"2471\">\n<td data-start=\"2356\" data-end=\"2374\" data-col-size=\"sm\">\u00c7evre<\/td>\n<td data-start=\"2374\" data-end=\"2397\" data-col-size=\"sm\">\u00c7al\u0131\u015fma S\u0131cakl\u0131\u011f\u0131<\/td>\n<td data-col-size=\"md\" data-start=\"2397\" data-end=\"2471\">20 \u2103 ila 50 \u2103<\/td>\n<\/tr>\n<tr data-start=\"2472\" data-end=\"2587\">\n<td data-start=\"2472\" data-end=\"2490\" data-col-size=\"sm\"><\/td>\n<td data-start=\"2490\" data-end=\"2513\" data-col-size=\"sm\">Depolama S\u0131cakl\u0131\u011f\u0131<\/td>\n<td data-col-size=\"md\" data-start=\"2513\" data-end=\"2587\">-40 \u2103 ila +70 \u2103<\/td>\n<\/tr>\n<tr data-start=\"2588\" data-end=\"2702\">\n<td data-start=\"2588\" data-end=\"2606\" data-col-size=\"sm\">Teslimat<\/td>\n<td data-col-size=\"sm\" data-start=\"2606\" data-end=\"2629\">Bi\u00e7im<\/td>\n<td data-col-size=\"md\" data-start=\"2629\" data-end=\"2702\">\u00d6nceden y\u00fcklenmi\u015f steril \u015f\u0131r\u0131nga (aplikat\u00f6r)<\/td>\n<\/tr>\n<tr data-start=\"2703\" data-end=\"2817\">\n<td data-start=\"2703\" data-end=\"2721\" data-col-size=\"sm\">Operasyon<\/td>\n<td data-start=\"2721\" data-end=\"2744\" data-col-size=\"sm\">G\u00fc\u00e7<\/td>\n<td data-start=\"2744\" data-end=\"2817\" data-col-size=\"md\">Pasif (pilsiz)<\/td>\n<\/tr>\n<tr data-start=\"2818\" data-end=\"2932\">\n<td data-start=\"2818\" data-end=\"2836\" data-col-size=\"sm\">Ba\u015fvuru<\/td>\n<td data-start=\"2836\" data-end=\"2859\" data-col-size=\"sm\">Hayvanlar<\/td>\n<td data-start=\"2859\" data-end=\"2932\" data-col-size=\"md\">K\u00f6pekler, kediler, bal\u0131klar ve di\u011fer t\u00fcrler<\/td>\n<\/tr>\n<tr data-start=\"2933\" data-end=\"3047\">\n<td data-start=\"2933\" data-end=\"2951\" data-col-size=\"sm\">\u0130\u015flev<\/td>\n<td data-start=\"2951\" data-end=\"2974\" data-col-size=\"sm\">Benzersiz Kimlik<\/td>\n<td data-col-size=\"md\" data-start=\"2974\" data-end=\"3047\">Kay\u0131t ve kurtarma i\u00e7in 15 haneli kod<\/td>\n<\/tr>\n<\/tbody>\n<\/table>\n<\/div>\n<\/div>","protected":false},"excerpt":{"rendered":"<p>\u00d6nceden y\u00fcklenmi\u015f steril aplikat\u00f6rl\u00fc LF 125\/134.2 kHz EM4305 pet mikro\u00e7ipi\u2014ISO 11784\/11785 uyumlu, 1\u201310 cm okuma aral\u0131\u011f\u0131, kal\u0131c\u0131 hayvan tan\u0131mlamas\u0131 i\u00e7in birden fazla boyut.<\/p>","protected":false},"featured_media":864,"template":"","meta":{"_gspb_post_css":""},"product_brand":[],"product_cat":[24,25],"product_tag":[],"class_list":{"0":"post-866","1":"product","2":"type-product","3":"status-publish","4":"has-post-thumbnail","6":"product_cat-rfid-tags","7":"product_cat-rfid-animal-glass-tube-tag-pets-microchip","9":"first","10":"instock","11":"shipping-taxable","12":"purchasable","13":"product-type-simple"},"_links":{"self":[{"href":"https:\/\/www.cxjsmartcard.com\/tr\/wp-json\/wp\/v2\/product\/866","targetHints":{"allow":["GET"]}}],"collection":[{"href":"https:\/\/www.cxjsmartcard.com\/tr\/wp-json\/wp\/v2\/product"}],"about":[{"href":"https:\/\/www.cxjsmartcard.com\/tr\/wp-json\/wp\/v2\/types\/product"}],"wp:featuredmedia":[{"embeddable":true,"href":"https:\/\/www.cxjsmartcard.com\/tr\/wp-json\/wp\/v2\/media\/864"}],"wp:attachment":[{"href":"https:\/\/www.cxjsmartcard.com\/tr\/wp-json\/wp\/v2\/media?parent=866"}],"wp:term":[{"taxonomy":"product_brand","embeddable":true,"href":"https:\/\/www.cxjsmartcard.com\/tr\/wp-json\/wp\/v2\/product_brand?post=866"},{"taxonomy":"product_cat","embeddable":true,"href":"https:\/\/www.cxjsmartcard.com\/tr\/wp-json\/wp\/v2\/product_cat?post=866"},{"taxonomy":"product_tag","embeddable":true,"href":"https:\/\/www.cxjsmartcard.com\/tr\/wp-json\/wp\/v2\/product_tag?post=866"}],"curies":[{"name":"wp","href":"https:\/\/api.w.org\/{rel}","templated":true}]}}