{"id":860,"date":"2025-11-03T08:35:42","date_gmt":"2025-11-03T08:35:42","guid":{"rendered":"https:\/\/www.cxjsmartcard.com\/?post_type=product&#038;p=860"},"modified":"2025-12-29T01:27:08","modified_gmt":"2025-12-29T01:27:08","slug":"icar-certified-lf-fdx-b-134-2-khz-rfid-pet-chip-microchip-tag","status":"publish","type":"product","link":"https:\/\/www.cxjsmartcard.com\/tr\/icar-certified-lf-fdx-b-134-2-khz-rfid-pet-chip-microchip-tag\/","title":{"rendered":"ICAR Sertifikal\u0131 LF FDX-B 134,2 kHz RFID Evcil Hayvan \u00c7ipi Mikro\u00e7ip Etiketi"},"content":{"rendered":"<p data-start=\"73\" data-end=\"392\">Kal\u0131c\u0131 evcil hayvan tan\u0131mlama ve y\u00f6netimi i\u00e7in ICAR sertifikal\u0131 LF hayvan mikro\u00e7ipi. FDX-B 134,2 kHz standard\u0131na g\u00f6re \u00fcretilen ve steril biyocam i\u00e7inde muhafaza edilen bu k\u00fc\u00e7\u00fck transponder, deri alt\u0131na enjekte edilir ve veterinerler, bar\u0131naklar ve hayvan kontrol merkezleri taraf\u0131ndan h\u0131zl\u0131 birle\u015fme i\u00e7in kullan\u0131lan ISO uyumlu taray\u0131c\u0131lar taraf\u0131ndan okunur.<\/p>\n<p data-start=\"394\" data-end=\"607\"><strong data-start=\"394\" data-end=\"408\">Bu nedir?<\/strong><br data-start=\"408\" data-end=\"411\" \/>Pasif RFID cam mikro\u00e7ip i\u00e7eren \u00f6nceden sterilize edilmi\u015f bir \u015f\u0131r\u0131nga. Yerle\u015ftirildi\u011finde \u00e7ip, k\u00f6pekler, kediler, bal\u0131klar ve di\u011fer evcil hayvanlar\u0131n kay\u0131t verilerine ba\u011flanan benzersiz bir kimlik sa\u011flar.<\/p>\n<p data-start=\"609\" data-end=\"759\"><strong data-start=\"609\" data-end=\"635\">Standartlar ve uyumluluk<\/strong><br data-start=\"635\" data-end=\"638\" \/>ISO 11784\/11785 standard\u0131na uygun FDX-B, ICAR sertifikas\u0131na sahiptir. Belirli i\u015f ak\u0131\u015flar\u0131 i\u00e7in iste\u011fe ba\u011fl\u0131 HF\/NFC varyant\u0131 mevcuttur (ISO\/IEC 14443A).<\/p>\n<p data-start=\"761\" data-end=\"880\"><strong data-start=\"761\" data-end=\"774\">Kullan\u0131m durumlar\u0131<\/strong><br data-start=\"774\" data-end=\"777\" \/>Evcil hayvan tan\u0131mlama ve kurtarma \u2022 Kuduz ve a\u015f\u0131 kay\u0131tlar\u0131n\u0131n y\u00f6netimi \u2022 Hayvan ya\u015fam d\u00f6ng\u00fcs\u00fc takibi.<\/p>\n<h2 data-start=\"882\" data-end=\"907\">Tablo (\u00d6zellikler)<\/h2>\n<div class=\"_tableContainer_1rjym_1\">\n<div class=\"group _tableWrapper_1rjym_13 flex w-fit flex-col-reverse\" tabindex=\"-1\">\n<table class=\"w-fit min-w-(--thread-content-width)\" data-start=\"909\" data-end=\"2572\">\n<thead data-start=\"909\" data-end=\"1019\">\n<tr data-start=\"909\" data-end=\"1019\">\n<th data-start=\"909\" data-end=\"927\" data-col-size=\"sm\">Kategori<\/th>\n<th data-start=\"927\" data-end=\"946\" data-col-size=\"sm\">Parametre<\/th>\n<th data-start=\"946\" data-end=\"1019\" data-col-size=\"md\">De\u011fer<\/th>\n<\/tr>\n<\/thead>\n<tbody data-start=\"1131\" data-end=\"2572\">\n<tr data-start=\"1131\" data-end=\"1240\">\n<td data-start=\"1131\" data-end=\"1149\" data-col-size=\"sm\">\u00dcr\u00fcn<\/td>\n<td data-col-size=\"sm\" data-start=\"1149\" data-end=\"1168\">Tip<\/td>\n<td data-col-size=\"md\" data-start=\"1168\" data-end=\"1240\">RFID Hayvan Cam Mikro\u00e7ip<\/td>\n<\/tr>\n<tr data-start=\"1241\" data-end=\"1351\">\n<td data-start=\"1241\" data-end=\"1259\" data-col-size=\"sm\">Sertifikasyon<\/td>\n<td data-col-size=\"sm\" data-start=\"1259\" data-end=\"1278\">ICAR<\/td>\n<td data-col-size=\"md\" data-start=\"1278\" data-end=\"1351\">Evet<\/td>\n<\/tr>\n<tr data-start=\"1352\" data-end=\"1462\">\n<td data-start=\"1352\" data-end=\"1370\" data-col-size=\"sm\">S\u0131kl\u0131k<\/td>\n<td data-col-size=\"sm\" data-start=\"1370\" data-end=\"1389\">LF<\/td>\n<td data-col-size=\"md\" data-start=\"1389\" data-end=\"1462\">134,2 kHz (FDX-B)<\/td>\n<\/tr>\n<tr data-start=\"1463\" data-end=\"1573\">\n<td data-start=\"1463\" data-end=\"1481\" data-col-size=\"sm\">Protokol<\/td>\n<td data-col-size=\"sm\" data-start=\"1481\" data-end=\"1500\">Standartlar<\/td>\n<td data-col-size=\"md\" data-start=\"1500\" data-end=\"1573\">ISO 11784\/11785 (FDX-B); iste\u011fe ba\u011fl\u0131 ISO\/IEC 14443A (NFC varyant\u0131)<\/td>\n<\/tr>\n<tr data-start=\"1574\" data-end=\"1684\">\n<td data-start=\"1574\" data-end=\"1592\" data-col-size=\"sm\">\u00c7ip Se\u00e7enekleri<\/td>\n<td data-col-size=\"sm\" data-start=\"1592\" data-end=\"1611\">IC<\/td>\n<td data-col-size=\"md\" data-start=\"1611\" data-end=\"1684\">EM4305; NTAG213 (NFC213 se\u00e7ene\u011fi)<\/td>\n<\/tr>\n<tr data-start=\"1685\" data-end=\"1795\">\n<td data-start=\"1685\" data-end=\"1703\" data-col-size=\"sm\">Malzemeler<\/td>\n<td data-start=\"1703\" data-end=\"1722\" data-col-size=\"sm\">Kaps\u00fcl<\/td>\n<td data-col-size=\"md\" data-start=\"1722\" data-end=\"1795\">T\u0131bbi biyocam<\/td>\n<\/tr>\n<tr data-start=\"1796\" data-end=\"1906\">\n<td data-start=\"1796\" data-end=\"1814\" data-col-size=\"sm\">Boyutlar<\/td>\n<td data-col-size=\"sm\" data-start=\"1814\" data-end=\"1833\">Boyutlar<\/td>\n<td data-col-size=\"md\" data-start=\"1833\" data-end=\"1906\">1,25\u00d77 mm; 1,4\u00d78 mm; 2\u00d78 mm; 2,12\u00d712 mm; 3\u00d715 mm<\/td>\n<\/tr>\n<tr data-start=\"1907\" data-end=\"2017\">\n<td data-start=\"1907\" data-end=\"1925\" data-col-size=\"sm\">Sterilizasyon<\/td>\n<td data-col-size=\"sm\" data-start=\"1925\" data-end=\"1944\">Y\u00f6ntem<\/td>\n<td data-col-size=\"md\" data-start=\"1944\" data-end=\"2017\">100% t\u0131bbi s\u0131n\u0131f sterilizasyon<\/td>\n<\/tr>\n<tr data-start=\"2018\" data-end=\"2128\">\n<td data-start=\"2018\" data-end=\"2036\" data-col-size=\"sm\">Ge\u00e7erlilik<\/td>\n<td data-col-size=\"sm\" data-start=\"2036\" data-end=\"2055\">Hizmet \u00d6mr\u00fc<\/td>\n<td data-col-size=\"md\" data-start=\"2055\" data-end=\"2128\">5 y\u0131l<\/td>\n<\/tr>\n<tr data-start=\"2129\" data-end=\"2239\">\n<td data-start=\"2129\" data-end=\"2147\" data-col-size=\"sm\">Operasyon<\/td>\n<td data-col-size=\"sm\" data-start=\"2147\" data-end=\"2166\">G\u00fc\u00e7<\/td>\n<td data-col-size=\"md\" data-start=\"2166\" data-end=\"2239\">Pasif (pilsiz)<\/td>\n<\/tr>\n<tr data-start=\"2240\" data-end=\"2350\">\n<td data-start=\"2240\" data-end=\"2258\" data-col-size=\"sm\">Ba\u015fvuru<\/td>\n<td data-start=\"2258\" data-end=\"2277\" data-col-size=\"sm\">Hayvanlar<\/td>\n<td data-col-size=\"md\" data-start=\"2277\" data-end=\"2350\">K\u00f6pekler, kediler, bal\u0131klar ve di\u011fer evcil hayvanlar<\/td>\n<\/tr>\n<tr data-start=\"2351\" data-end=\"2461\">\n<td data-start=\"2351\" data-end=\"2369\" data-col-size=\"sm\">Teslimat<\/td>\n<td data-start=\"2369\" data-end=\"2388\" data-col-size=\"sm\">Bi\u00e7im<\/td>\n<td data-start=\"2388\" data-end=\"2461\" data-col-size=\"md\">Mikro\u00e7ipli \u00f6nceden y\u00fcklenmi\u015f steril \u015f\u0131r\u0131nga<\/td>\n<\/tr>\n<tr data-start=\"2462\" data-end=\"2572\">\n<td data-start=\"2462\" data-end=\"2480\" data-col-size=\"sm\">\u0130\u015flev<\/td>\n<td data-start=\"2480\" data-end=\"2499\" data-col-size=\"sm\">Ama\u00e7<\/td>\n<td data-col-size=\"md\" data-start=\"2499\" data-end=\"2572\">Evcil hayvan takibi\/tan\u0131mlama<\/td>\n<\/tr>\n<\/tbody>\n<\/table>\n<\/div>\n<\/div>","protected":false},"excerpt":{"rendered":"<p>Steril biyocamda ICAR sertifikal\u0131 FDX-B 134.2 kHz evcil hayvan mikro\u00e7ipi - k\u00f6pekler, kediler ve di\u011fer evcil hayvanlar i\u00e7in pasif, pilsiz kimlik; \u015f\u0131r\u0131nga uygulamas\u0131yla ISO 11784\/11785 uyumlu.<\/p>","protected":false},"featured_media":865,"template":"","meta":{"_gspb_post_css":""},"product_brand":[],"product_cat":[24,25],"product_tag":[],"class_list":{"0":"post-860","1":"product","2":"type-product","3":"status-publish","4":"has-post-thumbnail","6":"product_cat-rfid-tags","7":"product_cat-rfid-animal-glass-tube-tag-pets-microchip","9":"first","10":"instock","11":"shipping-taxable","12":"purchasable","13":"product-type-simple"},"_links":{"self":[{"href":"https:\/\/www.cxjsmartcard.com\/tr\/wp-json\/wp\/v2\/product\/860","targetHints":{"allow":["GET"]}}],"collection":[{"href":"https:\/\/www.cxjsmartcard.com\/tr\/wp-json\/wp\/v2\/product"}],"about":[{"href":"https:\/\/www.cxjsmartcard.com\/tr\/wp-json\/wp\/v2\/types\/product"}],"wp:featuredmedia":[{"embeddable":true,"href":"https:\/\/www.cxjsmartcard.com\/tr\/wp-json\/wp\/v2\/media\/865"}],"wp:attachment":[{"href":"https:\/\/www.cxjsmartcard.com\/tr\/wp-json\/wp\/v2\/media?parent=860"}],"wp:term":[{"taxonomy":"product_brand","embeddable":true,"href":"https:\/\/www.cxjsmartcard.com\/tr\/wp-json\/wp\/v2\/product_brand?post=860"},{"taxonomy":"product_cat","embeddable":true,"href":"https:\/\/www.cxjsmartcard.com\/tr\/wp-json\/wp\/v2\/product_cat?post=860"},{"taxonomy":"product_tag","embeddable":true,"href":"https:\/\/www.cxjsmartcard.com\/tr\/wp-json\/wp\/v2\/product_tag?post=860"}],"curies":[{"name":"wp","href":"https:\/\/api.w.org\/{rel}","templated":true}]}}