{"id":855,"date":"2025-11-03T08:32:04","date_gmt":"2025-11-03T08:32:04","guid":{"rendered":"https:\/\/www.cxjsmartcard.com\/?post_type=product&#038;p=855"},"modified":"2025-12-29T01:27:08","modified_gmt":"2025-12-29T01:27:08","slug":"uhf-rfid-inlay","status":"publish","type":"product","link":"https:\/\/www.cxjsmartcard.com\/tr\/uhf-rfid-inlay\/","title":{"rendered":"UHF RFID G\u00f6mme"},"content":{"rendered":"<p data-start=\"26\" data-end=\"302\">860\u2013960 MHz sistemler i\u00e7in PET + al\u00fcminyum kaz\u0131nm\u0131\u015f antenlere sahip UHF RFID ek par\u00e7alar\u0131. Kuru, \u0131slak veya beyaz-\u0131slak formatlarda mevcuttur ve kolayca etiketlere, biletlere, kartlara ve giyim etiketlerine d\u00f6n\u00fc\u015ft\u00fcr\u00fclebilir. Tipik okuma mesafesi 1\u201310 metredir (okuyucuya ve ortama ba\u011fl\u0131d\u0131r).<\/p>\n<p data-start=\"304\" data-end=\"322\"><strong data-start=\"304\" data-end=\"320\">Neden i\u015fe yar\u0131yor?<\/strong><\/p>\n<ul data-start=\"323\" data-end=\"723\">\n<li data-start=\"323\" data-end=\"398\">\n<p data-start=\"325\" data-end=\"398\"><strong data-start=\"325\" data-end=\"345\">Standartlara haz\u0131r:<\/strong> EPC S\u0131n\u0131f 1 Gen2 \/ ISO 18000-6C, pasif \u00e7al\u0131\u015fma<\/p>\n<\/li>\n<li data-start=\"399\" data-end=\"485\">\n<p data-start=\"401\" data-end=\"485\"><strong data-start=\"401\" data-end=\"419\">Dayan\u0131kl\u0131 yap\u0131:<\/strong> Al\u00fcminyumla kaplanm\u0131\u015f antenlere sahip PET veya kaplamal\u0131 ka\u011f\u0131t yap\u0131lar<\/p>\n<\/li>\n<li data-start=\"486\" data-end=\"579\">\n<p data-start=\"488\" data-end=\"579\"><strong data-start=\"488\" data-end=\"509\">Esnek formatlar:<\/strong> Kuru (laminasyon), \u0131slak (yap\u0131\u015fkan) ve beyaz-\u0131slak (bask\u0131 yap\u0131labilir y\u00fczey)<\/p>\n<\/li>\n<li data-start=\"580\" data-end=\"664\">\n<p data-start=\"582\" data-end=\"664\"><strong data-start=\"582\" data-end=\"606\">\u00dcretim dostu:<\/strong> Otomatik d\u00f6n\u00fc\u015ft\u00fcrme ve bask\u0131 i\u00e7in rulolar halinde tedarik edilir<\/p>\n<\/li>\n<li data-start=\"665\" data-end=\"723\">\n<p data-start=\"667\" data-end=\"723\"><strong data-start=\"667\" data-end=\"684\">\u00dccretsiz numuneler:<\/strong> Test i\u00e7in stokta numuneler mevcuttur<\/p>\n<\/li>\n<\/ul>\n<p data-start=\"725\" data-end=\"876\"><strong data-start=\"725\" data-end=\"741\">Uygulamalar<\/strong><br data-start=\"741\" data-end=\"744\" \/>Lojistik ve envanter \u2022 Giyim ve ayakkab\u0131 etiketleme \u2022 Eri\u015fim kontrol\u00fc ve etkinlik kimlik bilgileri \u2022 Depo ve so\u011fuk hava deposu etiketleme.<\/p>\n<h2 data-start=\"878\" data-end=\"903\">Tablo (\u00d6zellikler)<\/h2>\n<div class=\"_tableContainer_1rjym_1\">\n<div class=\"group _tableWrapper_1rjym_13 flex w-fit flex-col-reverse\" tabindex=\"-1\">\n<table class=\"w-fit min-w-(--thread-content-width)\" data-start=\"905\" data-end=\"2486\">\n<thead data-start=\"905\" data-end=\"1017\">\n<tr data-start=\"905\" data-end=\"1017\">\n<th data-start=\"905\" data-end=\"924\" data-col-size=\"sm\">Kategori<\/th>\n<th data-start=\"924\" data-end=\"944\" data-col-size=\"sm\">Parametre<\/th>\n<th data-start=\"944\" data-end=\"1017\" data-col-size=\"md\">De\u011fer<\/th>\n<\/tr>\n<\/thead>\n<tbody data-start=\"1131\" data-end=\"2486\">\n<tr data-start=\"1131\" data-end=\"1243\">\n<td data-start=\"1131\" data-end=\"1150\" data-col-size=\"sm\">RF<\/td>\n<td data-col-size=\"sm\" data-start=\"1150\" data-end=\"1170\">S\u0131kl\u0131k<\/td>\n<td data-col-size=\"md\" data-start=\"1170\" data-end=\"1243\">860\u2013960 MHz<\/td>\n<\/tr>\n<tr data-start=\"1244\" data-end=\"1356\">\n<td data-start=\"1244\" data-end=\"1263\" data-col-size=\"sm\"><\/td>\n<td data-col-size=\"sm\" data-start=\"1263\" data-end=\"1283\">Protokol<\/td>\n<td data-col-size=\"md\" data-start=\"1283\" data-end=\"1356\">EPC S\u0131n\u0131f 1 Gen2 \/ ISO 18000-6C<\/td>\n<\/tr>\n<tr data-start=\"1357\" data-end=\"1469\">\n<td data-start=\"1357\" data-end=\"1376\" data-col-size=\"sm\">Anten<\/td>\n<td data-col-size=\"sm\" data-start=\"1376\" data-end=\"1396\">Tip<\/td>\n<td data-col-size=\"md\" data-start=\"1396\" data-end=\"1469\">Al\u00fcminyum kaz\u0131nm\u0131\u015f<\/td>\n<\/tr>\n<tr data-start=\"1470\" data-end=\"1582\">\n<td data-start=\"1470\" data-end=\"1489\" data-col-size=\"sm\">Yap\u0131<\/td>\n<td data-col-size=\"sm\" data-start=\"1489\" data-end=\"1509\">Alt tabaka<\/td>\n<td data-col-size=\"md\" data-start=\"1509\" data-end=\"1582\">PET; kaplamal\u0131 ka\u011f\u0131t<\/td>\n<\/tr>\n<tr data-start=\"1583\" data-end=\"1695\">\n<td data-start=\"1583\" data-end=\"1602\" data-col-size=\"sm\">IC Se\u00e7enekleri<\/td>\n<td data-col-size=\"sm\" data-start=\"1602\" data-end=\"1622\">Cipsler<\/td>\n<td data-col-size=\"md\" data-start=\"1622\" data-end=\"1695\">Uzayl\u0131 H3, H9, H10; U9, U10, U7M; MR6-P<\/td>\n<\/tr>\n<tr data-start=\"1696\" data-end=\"1808\">\n<td data-start=\"1696\" data-end=\"1715\" data-col-size=\"sm\">Performans<\/td>\n<td data-col-size=\"sm\" data-start=\"1715\" data-end=\"1735\">Okuma Aral\u0131\u011f\u0131<\/td>\n<td data-col-size=\"md\" data-start=\"1735\" data-end=\"1808\">1\u201310 m (okuyucuya\/ortama ba\u011fl\u0131)<\/td>\n<\/tr>\n<tr data-start=\"1809\" data-end=\"1921\">\n<td data-start=\"1809\" data-end=\"1828\" data-col-size=\"sm\">Bi\u00e7imler<\/td>\n<td data-start=\"1828\" data-end=\"1848\" data-col-size=\"sm\">G\u00f6mme \u00c7e\u015fitleri<\/td>\n<td data-col-size=\"md\" data-start=\"1848\" data-end=\"1921\">Kuru (laminasyon); Islak (yap\u0131\u015fkanl\u0131); Beyaz-\u0131slak (bask\u0131ya uygun yap\u0131\u015ft\u0131r\u0131c\u0131)<\/td>\n<\/tr>\n<tr data-start=\"1922\" data-end=\"2034\">\n<td data-start=\"1922\" data-end=\"1941\" data-col-size=\"sm\">Boyutlar<\/td>\n<td data-col-size=\"sm\" data-start=\"1941\" data-end=\"1961\">Boyut Se\u00e7enekleri<\/td>\n<td data-col-size=\"md\" data-start=\"1961\" data-end=\"2034\">100\u00d715 mm; 99\u00d724 mm; 86\u00d754 mm; 80\u00d750 mm; 73\u00d723 mm<\/td>\n<\/tr>\n<tr data-start=\"2035\" data-end=\"2147\">\n<td data-start=\"2035\" data-end=\"2054\" data-col-size=\"sm\">Ambalajlama<\/td>\n<td data-start=\"2054\" data-end=\"2074\" data-col-size=\"sm\">Tedarik<\/td>\n<td data-col-size=\"md\" data-start=\"2074\" data-end=\"2147\">Otomatik d\u00f6n\u00fc\u015ft\u00fcrme i\u00e7in rulo bi\u00e7imi<\/td>\n<\/tr>\n<tr data-start=\"2148\" data-end=\"2260\">\n<td data-start=\"2148\" data-end=\"2167\" data-col-size=\"sm\">\u00d6rnekler<\/td>\n<td data-start=\"2167\" data-end=\"2187\" data-col-size=\"sm\">Kullan\u0131labilirlik<\/td>\n<td data-col-size=\"md\" data-start=\"2187\" data-end=\"2260\">\u00dccretsiz stok numuneleri<\/td>\n<\/tr>\n<tr data-start=\"2261\" data-end=\"2373\">\n<td data-start=\"2261\" data-end=\"2280\" data-col-size=\"sm\">K\u00f6keni<\/td>\n<td data-start=\"2280\" data-end=\"2300\" data-col-size=\"sm\">Men\u015fe Yeri<\/td>\n<td data-col-size=\"md\" data-start=\"2300\" data-end=\"2373\">Guangdong, \u00c7in<\/td>\n<\/tr>\n<tr data-start=\"2374\" data-end=\"2486\">\n<td data-start=\"2374\" data-end=\"2393\" data-col-size=\"sm\">Kullan\u0131m \u00d6rnekleri<\/td>\n<td data-col-size=\"sm\" data-start=\"2393\" data-end=\"2413\">Uygulamalar<\/td>\n<td data-col-size=\"md\" data-start=\"2413\" data-end=\"2486\">Lojistik, envanter, giyim etiketleme, eri\u015fim kontrol\u00fc<\/td>\n<\/tr>\n<\/tbody>\n<\/table>\n<\/div>\n<\/div>","protected":false},"excerpt":{"rendered":"<p>PET + al\u00fcminyum antenli UHF RFID ek par\u00e7alar\u0131 (860\u2013960 MHz)\u2014etiketler, biletler ve giyim etiketleri i\u00e7in kuru, \u0131slak veya beyaz-\u0131slak formatlar; 1\u201310 m okumalar ve \u00fccretsiz numuneler.<\/p>","protected":false},"featured_media":856,"template":"","meta":{"_gspb_post_css":""},"product_brand":[],"product_cat":[23],"product_tag":[],"class_list":{"0":"post-855","1":"product","2":"type-product","3":"status-publish","4":"has-post-thumbnail","6":"product_cat-rfid-nfc-inlay","8":"first","9":"instock","10":"shipping-taxable","11":"purchasable","12":"product-type-simple"},"_links":{"self":[{"href":"https:\/\/www.cxjsmartcard.com\/tr\/wp-json\/wp\/v2\/product\/855","targetHints":{"allow":["GET"]}}],"collection":[{"href":"https:\/\/www.cxjsmartcard.com\/tr\/wp-json\/wp\/v2\/product"}],"about":[{"href":"https:\/\/www.cxjsmartcard.com\/tr\/wp-json\/wp\/v2\/types\/product"}],"wp:featuredmedia":[{"embeddable":true,"href":"https:\/\/www.cxjsmartcard.com\/tr\/wp-json\/wp\/v2\/media\/856"}],"wp:attachment":[{"href":"https:\/\/www.cxjsmartcard.com\/tr\/wp-json\/wp\/v2\/media?parent=855"}],"wp:term":[{"taxonomy":"product_brand","embeddable":true,"href":"https:\/\/www.cxjsmartcard.com\/tr\/wp-json\/wp\/v2\/product_brand?post=855"},{"taxonomy":"product_cat","embeddable":true,"href":"https:\/\/www.cxjsmartcard.com\/tr\/wp-json\/wp\/v2\/product_cat?post=855"},{"taxonomy":"product_tag","embeddable":true,"href":"https:\/\/www.cxjsmartcard.com\/tr\/wp-json\/wp\/v2\/product_tag?post=855"}],"curies":[{"name":"wp","href":"https:\/\/api.w.org\/{rel}","templated":true}]}}