{"id":850,"date":"2025-11-03T08:28:47","date_gmt":"2025-11-03T08:28:47","guid":{"rendered":"https:\/\/www.cxjsmartcard.com\/?post_type=product&#038;p=850"},"modified":"2025-12-29T01:27:08","modified_gmt":"2025-12-29T01:27:08","slug":"uhf-rfid-dry-inlay-with-ucode-9","status":"publish","type":"product","link":"https:\/\/www.cxjsmartcard.com\/tr\/uhf-rfid-dry-inlay-with-ucode-9\/","title":{"rendered":"UCODE 9 ile UHF RFID Kuru Yerle\u015ftirme"},"content":{"rendered":"<p data-start=\"43\" data-end=\"468\">860\u2013960 MHz sistemler i\u00e7in UHF kuru ek par\u00e7a, bilet, etiket, kart ve rozetlere kolayca d\u00f6n\u00fc\u015ft\u00fcr\u00fclebilen yar\u0131 mamul bir bile\u015fen olarak tasarlanm\u0131\u015ft\u0131r. NXP\u00ae UCODE\u00ae 9 \u00fczerine in\u015fa edilen ek par\u00e7a, g\u00fcvenilir, y\u00fcksek hacimli d\u00f6n\u00fc\u015f\u00fcm ve tutarl\u0131 performans i\u00e7in ters \u00e7ip ba\u011flamal\u0131 PET \u00fczerine kaz\u0131nm\u0131\u015f al\u00fcminyum anten kullan\u0131r. \u0130yi ayarlanm\u0131\u015f UHF kurulumlar\u0131nda tipik okuma mesafesi ~10 ft&#039;ye (\u22483,3 m) kadard\u0131r.<\/p>\n<p data-start=\"470\" data-end=\"487\"><strong data-start=\"470\" data-end=\"485\">Neden uygun?<\/strong><\/p>\n<ul data-start=\"488\" data-end=\"829\">\n<li data-start=\"488\" data-end=\"568\">\n<p data-start=\"490\" data-end=\"568\"><strong data-start=\"490\" data-end=\"510\">Standartlara haz\u0131r:<\/strong> EPC S\u0131n\u0131f 1 Gen 2 \/ ISO\/IEC 18000-6C, pasif \u00e7al\u0131\u015fma<\/p>\n<\/li>\n<li data-start=\"569\" data-end=\"658\">\n<p data-start=\"571\" data-end=\"658\"><strong data-start=\"571\" data-end=\"589\">Dayan\u0131kl\u0131 yap\u0131:<\/strong> PET alt tabakas\u0131; a\u015f\u0131nmaya ve \u00e7\u00f6z\u00fcc\u00fcye dayan\u0131kl\u0131 etiket yap\u0131lar\u0131<\/p>\n<\/li>\n<li data-start=\"659\" data-end=\"746\">\n<p data-start=\"661\" data-end=\"746\"><strong data-start=\"661\" data-end=\"682\">Esnek formatlar:<\/strong> Kuru kakma (yap\u0131\u015fkan yok) veya \u0131slak kakma\/bitmi\u015f etiket haline getirilmi\u015f<\/p>\n<\/li>\n<li data-start=\"747\" data-end=\"829\">\n<p data-start=\"749\" data-end=\"829\"><strong data-start=\"749\" data-end=\"773\">\u00dcretim dostu:<\/strong> Otomatik d\u00f6n\u00fc\u015ft\u00fcrme ve bask\u0131 i\u00e7in rulolar halinde tedarik edilir<\/p>\n<\/li>\n<\/ul>\n<p data-start=\"831\" data-end=\"1027\"><strong data-start=\"831\" data-end=\"847\">Uygulamalar<\/strong><br data-start=\"847\" data-end=\"850\" \/>Tedarik zinciri (kartonlar, paletler, nakliye etiketleri) \u2022 Perakende ve lojistik (giyim ask\u0131 etiketleri, bagaj etiketleri, varl\u0131k takibi) \u2022 Belge\/dosya y\u00f6netimi \u2022 Etkinlik eri\u015fimi ve markalama.<\/p>\n<h2 data-start=\"1029\" data-end=\"1054\">Tablo (\u00d6zellikler)<\/h2>\n<div class=\"_tableContainer_1rjym_1\">\n<div class=\"group _tableWrapper_1rjym_13 flex w-fit flex-col-reverse\" tabindex=\"-1\">\n<table class=\"w-fit min-w-(--thread-content-width)\" data-start=\"1056\" data-end=\"3413\">\n<thead data-start=\"1056\" data-end=\"1167\">\n<tr data-start=\"1056\" data-end=\"1167\">\n<th data-start=\"1056\" data-end=\"1078\" data-col-size=\"sm\">Kategori<\/th>\n<th data-start=\"1078\" data-end=\"1107\" data-col-size=\"sm\">Parametre<\/th>\n<th data-start=\"1107\" data-end=\"1167\" data-col-size=\"md\">De\u011fer<\/th>\n<\/tr>\n<\/thead>\n<tbody data-start=\"1280\" data-end=\"3413\">\n<tr data-start=\"1280\" data-end=\"1391\">\n<td data-start=\"1280\" data-end=\"1302\" data-col-size=\"sm\">\u00dcr\u00fcn<\/td>\n<td data-start=\"1302\" data-end=\"1331\" data-col-size=\"sm\">Tip<\/td>\n<td data-col-size=\"md\" data-start=\"1331\" data-end=\"1391\">UHF RFID kuru ek par\u00e7a (\u0131slak\/etiketliye d\u00f6n\u00fc\u015ft\u00fcr\u00fclebilir)<\/td>\n<\/tr>\n<tr data-start=\"1392\" data-end=\"1503\">\n<td data-start=\"1392\" data-end=\"1414\" data-col-size=\"sm\">IC<\/td>\n<td data-col-size=\"sm\" data-start=\"1414\" data-end=\"1443\">\u00c7ip<\/td>\n<td data-col-size=\"md\" data-start=\"1443\" data-end=\"1503\">NXP\u00ae UCODE\u00ae 9<\/td>\n<\/tr>\n<tr data-start=\"1504\" data-end=\"1615\">\n<td data-start=\"1504\" data-end=\"1526\" data-col-size=\"sm\">RF<\/td>\n<td data-col-size=\"sm\" data-start=\"1526\" data-end=\"1555\">S\u0131kl\u0131k<\/td>\n<td data-col-size=\"md\" data-start=\"1555\" data-end=\"1615\">860\u2013960 MHz<\/td>\n<\/tr>\n<tr data-start=\"1616\" data-end=\"1727\">\n<td data-start=\"1616\" data-end=\"1638\" data-col-size=\"sm\"><\/td>\n<td data-col-size=\"sm\" data-start=\"1638\" data-end=\"1667\">Protokol<\/td>\n<td data-col-size=\"md\" data-start=\"1667\" data-end=\"1727\">ISO\/IEC 18000-6C, EPC S\u0131n\u0131f 1 Gen 2<\/td>\n<\/tr>\n<tr data-start=\"1728\" data-end=\"1839\">\n<td data-start=\"1728\" data-end=\"1750\" data-col-size=\"sm\">Operasyon<\/td>\n<td data-start=\"1750\" data-end=\"1779\" data-col-size=\"sm\">\u00c7al\u0131\u015fma Modu<\/td>\n<td data-col-size=\"md\" data-start=\"1779\" data-end=\"1839\">Pasif<\/td>\n<\/tr>\n<tr data-start=\"1840\" data-end=\"1951\">\n<td data-start=\"1840\" data-end=\"1862\" data-col-size=\"sm\">Anten<\/td>\n<td data-col-size=\"sm\" data-start=\"1862\" data-end=\"1891\">Yap\u0131<\/td>\n<td data-col-size=\"md\" data-start=\"1891\" data-end=\"1951\">Al\u00fcminyum a\u015f\u0131nd\u0131rma<\/td>\n<\/tr>\n<tr data-start=\"1952\" data-end=\"2063\">\n<td data-start=\"1952\" data-end=\"1974\" data-col-size=\"sm\"><\/td>\n<td data-col-size=\"sm\" data-start=\"1974\" data-end=\"2003\">Anten Boyutu<\/td>\n<td data-col-size=\"md\" data-start=\"2003\" data-end=\"2063\">40 \u00d7 10 mm<\/td>\n<\/tr>\n<tr data-start=\"2064\" data-end=\"2175\">\n<td data-start=\"2064\" data-end=\"2086\" data-col-size=\"sm\">Performans\u0131 Oku<\/td>\n<td data-start=\"2086\" data-end=\"2115\" data-col-size=\"sm\">Tipik Okuma Aral\u0131\u011f\u0131<\/td>\n<td data-col-size=\"md\" data-start=\"2115\" data-end=\"2175\">~10 ft&#039;ye (\u22483,3 m) kadar, okuyucuya\/ortama ba\u011fl\u0131d\u0131r<\/td>\n<\/tr>\n<tr data-start=\"2176\" data-end=\"2287\">\n<td data-start=\"2176\" data-end=\"2198\" data-col-size=\"sm\">Mekanik<\/td>\n<td data-col-size=\"sm\" data-start=\"2198\" data-end=\"2227\">Alt tabaka<\/td>\n<td data-col-size=\"md\" data-start=\"2227\" data-end=\"2287\">EV HAYVANI<\/td>\n<\/tr>\n<tr data-start=\"2288\" data-end=\"2404\">\n<td data-start=\"2288\" data-end=\"2310\" data-col-size=\"sm\">Etiket Malzemeleri<\/td>\n<td data-col-size=\"sm\" data-start=\"2310\" data-end=\"2339\">Y\u00fcz Se\u00e7enekleri<\/td>\n<td data-col-size=\"md\" data-start=\"2339\" data-end=\"2404\">Kaplamal\u0131 ka\u011f\u0131t \/ PET \/ Sentetik ka\u011f\u0131t \/ Termal ka\u011f\u0131t \/ \u00f6zel<\/td>\n<\/tr>\n<tr data-start=\"2405\" data-end=\"2516\">\n<td data-start=\"2405\" data-end=\"2427\" data-col-size=\"sm\">Bi\u00e7imler<\/td>\n<td data-col-size=\"sm\" data-start=\"2427\" data-end=\"2456\">Islak Yerle\u015ftirme \/ Etiket Boyutu<\/td>\n<td data-col-size=\"md\" data-start=\"2456\" data-end=\"2516\">43 \u00d7 18 mm (veya \u00f6zelle\u015ftirilmi\u015f)<\/td>\n<\/tr>\n<tr data-start=\"2517\" data-end=\"2628\">\n<td data-start=\"2517\" data-end=\"2539\" data-col-size=\"sm\">Bask\u0131<\/td>\n<td data-col-size=\"sm\" data-start=\"2539\" data-end=\"2568\">Se\u00e7enekler<\/td>\n<td data-col-size=\"md\" data-start=\"2568\" data-end=\"2628\">Tam renkli, logo, barkod, QR, de\u011fi\u015fken veri<\/td>\n<\/tr>\n<tr data-start=\"2629\" data-end=\"2740\">\n<td data-start=\"2629\" data-end=\"2651\" data-col-size=\"sm\">G\u00fcvenilirlik<\/td>\n<td data-col-size=\"sm\" data-start=\"2651\" data-end=\"2680\">IC Ya\u015fam<\/td>\n<td data-col-size=\"md\" data-start=\"2680\" data-end=\"2740\">100.000 programlama d\u00f6ng\u00fcs\u00fc; 10 y\u0131ll\u0131k veri saklama<\/td>\n<\/tr>\n<tr data-start=\"2741\" data-end=\"2852\">\n<td data-start=\"2741\" data-end=\"2763\" data-col-size=\"sm\">\u00c7evre<\/td>\n<td data-col-size=\"sm\" data-start=\"2763\" data-end=\"2792\">\u00c7al\u0131\u015fma S\u0131cakl\u0131\u011f\u0131\/Nem<\/td>\n<td data-col-size=\"md\" data-start=\"2792\" data-end=\"2852\">-25 ila +65 \u2103 \/ 20\u201380% RH<\/td>\n<\/tr>\n<tr data-start=\"2853\" data-end=\"2964\">\n<td data-start=\"2853\" data-end=\"2875\" data-col-size=\"sm\"><\/td>\n<td data-col-size=\"sm\" data-start=\"2875\" data-end=\"2904\">Depolama S\u0131cakl\u0131\u011f\u0131\/Nemi<\/td>\n<td data-col-size=\"md\" data-start=\"2904\" data-end=\"2964\">+23 \u2103 \u00b15 \u2103 \/ 50% \u00b110% RH (yo\u011fu\u015fma yok)<\/td>\n<\/tr>\n<tr data-start=\"2965\" data-end=\"3076\">\n<td data-start=\"2965\" data-end=\"2987\" data-col-size=\"sm\">Ambalajlama<\/td>\n<td data-col-size=\"sm\" data-start=\"2987\" data-end=\"3016\">Rulo Tedarik<\/td>\n<td data-col-size=\"md\" data-start=\"3016\" data-end=\"3076\">1.000\u20135.000 adet\/rulo; 4 rulo\/karton<\/td>\n<\/tr>\n<tr data-start=\"3077\" data-end=\"3189\">\n<td data-start=\"3077\" data-end=\"3099\" data-col-size=\"sm\">\u00d6rnekler<\/td>\n<td data-start=\"3099\" data-end=\"3128\" data-col-size=\"sm\">Kullan\u0131labilirlik<\/td>\n<td data-col-size=\"md\" data-start=\"3128\" data-end=\"3189\">Test i\u00e7in \u00fccretsiz numuneler<\/td>\n<\/tr>\n<tr data-start=\"3190\" data-end=\"3301\">\n<td data-start=\"3190\" data-end=\"3212\" data-col-size=\"sm\">K\u00f6keni<\/td>\n<td data-col-size=\"sm\" data-start=\"3212\" data-end=\"3241\">Men\u015fe Yeri<\/td>\n<td data-col-size=\"md\" data-start=\"3241\" data-end=\"3301\">\u00c7engdu, \u00c7in<\/td>\n<\/tr>\n<tr data-start=\"3302\" data-end=\"3413\">\n<td data-start=\"3302\" data-end=\"3324\" data-col-size=\"sm\">Kullan\u0131m \u00d6rnekleri<\/td>\n<td data-col-size=\"sm\" data-start=\"3324\" data-end=\"3353\">Uygulama \u00d6rnekleri<\/td>\n<td data-col-size=\"md\" data-start=\"3353\" data-end=\"3413\">Tedarik zinciri, perakende\/lojistik, belgeler, etkinlik eri\u015fimi<\/td>\n<\/tr>\n<\/tbody>\n<\/table>\n<\/div>\n<\/div>","protected":false},"excerpt":{"rendered":"<p>UCODE 9\u2014PET + a\u015f\u0131nd\u0131r\u0131lm\u0131\u015f al\u00fcminyum, EPC Gen2, ~10 ft&#039;ye kadar okuma, etiketlere, biletlere, kartlara ve rozetlere d\u00f6n\u00fc\u015ft\u00fcrmek i\u00e7in rulo halinde tedarik edilen UHF 860\u2013960 MHz kuru ek par\u00e7a.<\/p>","protected":false},"featured_media":851,"template":"","meta":{"_gspb_post_css":""},"product_brand":[],"product_cat":[23],"product_tag":[],"class_list":{"0":"post-850","1":"product","2":"type-product","3":"status-publish","4":"has-post-thumbnail","6":"product_cat-rfid-nfc-inlay","8":"first","9":"instock","10":"shipping-taxable","11":"purchasable","12":"product-type-simple"},"_links":{"self":[{"href":"https:\/\/www.cxjsmartcard.com\/tr\/wp-json\/wp\/v2\/product\/850","targetHints":{"allow":["GET"]}}],"collection":[{"href":"https:\/\/www.cxjsmartcard.com\/tr\/wp-json\/wp\/v2\/product"}],"about":[{"href":"https:\/\/www.cxjsmartcard.com\/tr\/wp-json\/wp\/v2\/types\/product"}],"wp:featuredmedia":[{"embeddable":true,"href":"https:\/\/www.cxjsmartcard.com\/tr\/wp-json\/wp\/v2\/media\/851"}],"wp:attachment":[{"href":"https:\/\/www.cxjsmartcard.com\/tr\/wp-json\/wp\/v2\/media?parent=850"}],"wp:term":[{"taxonomy":"product_brand","embeddable":true,"href":"https:\/\/www.cxjsmartcard.com\/tr\/wp-json\/wp\/v2\/product_brand?post=850"},{"taxonomy":"product_cat","embeddable":true,"href":"https:\/\/www.cxjsmartcard.com\/tr\/wp-json\/wp\/v2\/product_cat?post=850"},{"taxonomy":"product_tag","embeddable":true,"href":"https:\/\/www.cxjsmartcard.com\/tr\/wp-json\/wp\/v2\/product_tag?post=850"}],"curies":[{"name":"wp","href":"https:\/\/api.w.org\/{rel}","templated":true}]}}