{"id":845,"date":"2025-11-03T08:26:37","date_gmt":"2025-11-03T08:26:37","guid":{"rendered":"https:\/\/www.cxjsmartcard.com\/?post_type=product&#038;p=845"},"modified":"2025-12-29T01:27:08","modified_gmt":"2025-12-29T01:27:08","slug":"factory-customization-rfid-waterproof-dry-wet-inlay","status":"publish","type":"product","link":"https:\/\/www.cxjsmartcard.com\/tr\/factory-customization-rfid-waterproof-dry-wet-inlay\/","title":{"rendered":"Fabrika \u00d6zelle\u015ftirme RFID Su Ge\u00e7irmez Kuru\/Islak Kaplama"},"content":{"rendered":"<p data-start=\"63\" data-end=\"512\">Su ge\u00e7irmez, hava ko\u015fullar\u0131na dayan\u0131kl\u0131 RFID ek par\u00e7alar\u0131 \u015fu \u015fekilde mevcuttur: <strong data-start=\"128\" data-end=\"135\">kuru<\/strong>, <strong data-start=\"137\" data-end=\"144\">\u0131slak<\/strong>, veya <strong data-start=\"149\" data-end=\"162\">beyaz-\u0131slak<\/strong> etiketlere, etiketlere ve giyim etiketlerine h\u0131zl\u0131 entegrasyon i\u00e7in formatlar. Standart <strong data-start=\"242\" data-end=\"258\">HF 13.56 MHz<\/strong> yap\u0131lar ISO\/IEC 14443&#039;\u00fc desteklerken <strong data-start=\"295\" data-end=\"310\">UHF se\u00e7enekleri<\/strong> (\u00e7ip ba\u011f\u0131ml\u0131) uzun menzilli okumalar\u0131 etkinle\u015ftirir; perakende, lojistik ve zorlu ortamlar i\u00e7in idealdir. <strong data-start=\"421\" data-end=\"441\">Guangdong, \u00c7in<\/strong>, tam OEM \u00f6zelle\u015ftirmesiyle (boyut, \u00e7ip, format, kodlama, markalama).<\/p>\n<p data-start=\"514\" data-end=\"532\"><strong data-start=\"514\" data-end=\"530\">Neden i\u015fe yar\u0131yor?<\/strong><\/p>\n<ul data-start=\"533\" data-end=\"1084\">\n<li data-start=\"533\" data-end=\"674\">\n<p data-start=\"535\" data-end=\"674\"><strong data-start=\"535\" data-end=\"556\">Esnek formatlar:<\/strong> Laminasyon i\u00e7in kuru kakmalar; soyulup yap\u0131\u015ft\u0131r\u0131labilen yap\u0131\u015ft\u0131r\u0131c\u0131l\u0131 \u0131slak kakmalar; bask\u0131ya uygun y\u00fczey korumas\u0131 i\u00e7in beyaz-\u0131slak kakmalar.<\/p>\n<\/li>\n<li data-start=\"675\" data-end=\"768\">\n<p data-start=\"677\" data-end=\"768\"><strong data-start=\"677\" data-end=\"700\">\u00c7ip uyumlulu\u011fu:<\/strong> Mevcut sistemlere uyum sa\u011flamas\u0131 i\u00e7in UCODE, Monza, Alien H3, U8\/U9 aileleri.<\/p>\n<\/li>\n<li data-start=\"769\" data-end=\"874\">\n<p data-start=\"771\" data-end=\"874\"><strong data-start=\"771\" data-end=\"796\">Dayan\u0131kl\u0131 yap\u0131:<\/strong> Kaz\u0131nm\u0131\u015f al\u00fcminyum veya bak\u0131r d\u00f6ng\u00fc antenli PET veya ka\u011f\u0131t etiket altl\u0131klar\u0131.<\/p>\n<\/li>\n<li data-start=\"875\" data-end=\"960\">\n<p data-start=\"877\" data-end=\"960\"><strong data-start=\"877\" data-end=\"904\">S\u00fcrd\u00fcr\u00fclebilirlik g\u00f6z \u00f6n\u00fcnde bulundurularak:<\/strong> Geri d\u00f6n\u00fc\u015ft\u00fcr\u00fclebilir PET ve d\u00fc\u015f\u00fck at\u0131kl\u0131 a\u015f\u0131nd\u0131rma; RoHS uyumlu.<\/p>\n<\/li>\n<li data-start=\"961\" data-end=\"1084\">\n<p data-start=\"963\" data-end=\"1084\"><strong data-start=\"963\" data-end=\"988\">\u0130\u015fe uygun aral\u0131k:<\/strong> HF i\u00e7in yak\u0131n alan taramalar\u0131; <strong data-start=\"1014\" data-end=\"1029\">~10 m&#039;ye kadar<\/strong> UHF ile okuma mesafesi (okuyucu\/ortama ba\u011fl\u0131).<\/p>\n<\/li>\n<\/ul>\n<p data-start=\"1086\" data-end=\"1244\"><strong data-start=\"1086\" data-end=\"1099\">Kullan\u0131m durumlar\u0131<\/strong><br data-start=\"1099\" data-end=\"1102\" \/>Envanter ve giyim etiketleme \u2022 \u00dcr\u00fcn kimlik do\u011frulamas\u0131 \u2022 Perakende ve lojistikte varl\u0131k takibi \u2022 Yazd\u0131r\u0131labilir RFID etiketleri ve giyim ask\u0131 etiketleri.<\/p>\n<p data-start=\"1246\" data-end=\"1651\"><strong data-start=\"1246\" data-end=\"1254\">SSS<\/strong><br data-start=\"1254\" data-end=\"1257\" \/><strong data-start=\"1257\" data-end=\"1288\">S1: Numune talep edebilir miyim?<\/strong> Evet, test i\u00e7in \u00fccretsiz stok numuneleri mevcuttur.<br data-start=\"1338\" data-end=\"1341\" \/><strong data-start=\"1341\" data-end=\"1366\">S2: NFC destekleniyor mu?<\/strong> HF 13.56 MHz, se\u00e7ilen \u00e7ipe ba\u011fl\u0131 olarak NFC&#039;yi destekler.<br data-start=\"1422\" data-end=\"1425\" \/><strong data-start=\"1425\" data-end=\"1461\">S3: Hangi okuyucular uyumludur?<\/strong> Herhangi bir ta\u015f\u0131nabilir veya sabit okuyucuyu destekler <strong data-start=\"1502\" data-end=\"1519\">ISO\/IEC 14443<\/strong> (HF) veya <strong data-start=\"1528\" data-end=\"1544\">ISO 18000-6C<\/strong> (UHF).<br data-start=\"1551\" data-end=\"1554\" \/><strong data-start=\"1554\" data-end=\"1588\">S4: Ne kadar \u00f6zelle\u015ftirilebilirler?<\/strong> Tamamen OEM\u2014boyut, \u00e7ip, anten, format, kodlama ve markalama.<\/p>\n<h2 data-start=\"1653\" data-end=\"1678\">Tablo (\u00d6zellikler)<\/h2>\n<div class=\"_tableContainer_1rjym_1\">\n<div class=\"group _tableWrapper_1rjym_13 flex w-fit flex-col-reverse\" tabindex=\"-1\">\n<table class=\"w-fit min-w-(--thread-content-width)\" data-start=\"1680\" data-end=\"3796\">\n<thead data-start=\"1680\" data-end=\"1821\">\n<tr data-start=\"1680\" data-end=\"1821\">\n<th data-start=\"1680\" data-end=\"1704\" data-col-size=\"sm\">Kategori<\/th>\n<th data-start=\"1704\" data-end=\"1732\" data-col-size=\"sm\">Parametre<\/th>\n<th data-start=\"1732\" data-end=\"1821\" data-col-size=\"md\">De\u011fer<\/th>\n<\/tr>\n<\/thead>\n<tbody data-start=\"1963\" data-end=\"3796\">\n<tr data-start=\"1963\" data-end=\"2103\">\n<td data-start=\"1963\" data-end=\"1986\" data-col-size=\"sm\">\u00dcr\u00fcn<\/td>\n<td data-col-size=\"sm\" data-start=\"1986\" data-end=\"2014\">Tip<\/td>\n<td data-col-size=\"md\" data-start=\"2014\" data-end=\"2103\">RFID inlay (Kuru \/ Islak \/ Beyaz-Islak)<\/td>\n<\/tr>\n<tr data-start=\"2104\" data-end=\"2244\">\n<td data-start=\"2104\" data-end=\"2127\" data-col-size=\"sm\">S\u0131kl\u0131k<\/td>\n<td data-start=\"2127\" data-end=\"2155\" data-col-size=\"sm\">HF Standard<\/td>\n<td data-col-size=\"md\" data-start=\"2155\" data-end=\"2244\">13,56 MHz<\/td>\n<\/tr>\n<tr data-start=\"2245\" data-end=\"2385\">\n<td data-start=\"2245\" data-end=\"2268\" data-col-size=\"sm\"><\/td>\n<td data-col-size=\"sm\" data-start=\"2268\" data-end=\"2296\">UHF Se\u00e7ene\u011fi<\/td>\n<td data-col-size=\"md\" data-start=\"2296\" data-end=\"2385\">860\u2013960 MHz (\u00e7ip ba\u011f\u0131ml\u0131)<\/td>\n<\/tr>\n<tr data-start=\"2386\" data-end=\"2526\">\n<td data-start=\"2386\" data-end=\"2409\" data-col-size=\"sm\">Protokoller<\/td>\n<td data-start=\"2409\" data-end=\"2437\" data-col-size=\"sm\">Hava Aray\u00fcz\u00fc<\/td>\n<td data-col-size=\"md\" data-start=\"2437\" data-end=\"2526\">ISO\/IEC 14443 (HF); ISO 18000-6C \/ EPC Gen2 (UHF)<\/td>\n<\/tr>\n<tr data-start=\"2527\" data-end=\"2667\">\n<td data-start=\"2527\" data-end=\"2550\" data-col-size=\"sm\">IC Se\u00e7enekleri<\/td>\n<td data-col-size=\"sm\" data-start=\"2550\" data-end=\"2578\">Cipsler<\/td>\n<td data-col-size=\"md\" data-start=\"2578\" data-end=\"2667\">UCODE; Monza; Uzayl\u0131 H3; U8; U9<\/td>\n<\/tr>\n<tr data-start=\"2668\" data-end=\"2808\">\n<td data-start=\"2668\" data-end=\"2691\" data-col-size=\"sm\">Anten<\/td>\n<td data-col-size=\"sm\" data-start=\"2691\" data-end=\"2719\">Tip<\/td>\n<td data-col-size=\"md\" data-start=\"2719\" data-end=\"2808\">A\u015f\u0131nd\u0131r\u0131lm\u0131\u015f al\u00fcminyum \/ bak\u0131r halka<\/td>\n<\/tr>\n<tr data-start=\"2809\" data-end=\"2949\">\n<td data-start=\"2809\" data-end=\"2832\" data-col-size=\"sm\">Yap\u0131<\/td>\n<td data-col-size=\"sm\" data-start=\"2832\" data-end=\"2860\">Alt tabaka<\/td>\n<td data-col-size=\"md\" data-start=\"2860\" data-end=\"2949\">PET \/ Ka\u011f\u0131t etiket<\/td>\n<\/tr>\n<tr data-start=\"2950\" data-end=\"3090\">\n<td data-start=\"2950\" data-end=\"2973\" data-col-size=\"sm\">Haf\u0131za<\/td>\n<td data-col-size=\"sm\" data-start=\"2973\" data-end=\"3001\">Veri Kapasitesi<\/td>\n<td data-col-size=\"md\" data-start=\"3001\" data-end=\"3090\">96 bit EPC; 512 bit&#039;e kadar Kullan\u0131c\u0131 belle\u011fi (\u00e7ipe ba\u011fl\u0131)<\/td>\n<\/tr>\n<tr data-start=\"3091\" data-end=\"3231\">\n<td data-start=\"3091\" data-end=\"3114\" data-col-size=\"sm\">Okuma Mesafesi<\/td>\n<td data-col-size=\"sm\" data-start=\"3114\" data-end=\"3142\">Menzil<\/td>\n<td data-col-size=\"md\" data-start=\"3142\" data-end=\"3231\">HF: yak\u0131n alan; UHF: ~10 m&#039;ye kadar (okuyucuya\/ortama ba\u011fl\u0131)<\/td>\n<\/tr>\n<tr data-start=\"3232\" data-end=\"3372\">\n<td data-start=\"3232\" data-end=\"3255\" data-col-size=\"sm\">Bi\u00e7imler<\/td>\n<td data-col-size=\"sm\" data-start=\"3255\" data-end=\"3283\">Entegrasyon<\/td>\n<td data-col-size=\"md\" data-start=\"3283\" data-end=\"3372\">Laminasyon i\u00e7in kuru; Soy-yap\u0131\u015ft\u0131r i\u00e7in \u0131slak yap\u0131\u015ft\u0131r\u0131c\u0131; Bask\u0131 y\u00fczeyi i\u00e7in beyaz-\u0131slak<\/td>\n<\/tr>\n<tr data-start=\"3373\" data-end=\"3513\">\n<td data-start=\"3373\" data-end=\"3396\" data-col-size=\"sm\">\u00c7evre<\/td>\n<td data-col-size=\"sm\" data-start=\"3396\" data-end=\"3424\">Koruma<\/td>\n<td data-col-size=\"md\" data-start=\"3424\" data-end=\"3513\">Su ge\u00e7irmez \/ Hava ko\u015fullar\u0131na dayan\u0131kl\u0131; RoHS uyumlu<\/td>\n<\/tr>\n<tr data-start=\"3514\" data-end=\"3654\">\n<td data-start=\"3514\" data-end=\"3537\" data-col-size=\"sm\">\u00d6zelle\u015ftirme<\/td>\n<td data-col-size=\"sm\" data-start=\"3537\" data-end=\"3565\">OEM Se\u00e7enekleri<\/td>\n<td data-col-size=\"md\" data-start=\"3565\" data-end=\"3654\">Boyut, \u00e7ip, format, anten, kodlama, markalama<\/td>\n<\/tr>\n<tr data-start=\"3655\" data-end=\"3796\">\n<td data-start=\"3655\" data-end=\"3678\" data-col-size=\"sm\">K\u00f6keni<\/td>\n<td data-col-size=\"sm\" data-start=\"3678\" data-end=\"3706\">\u00dcretme<\/td>\n<td data-col-size=\"md\" data-start=\"3706\" data-end=\"3796\">Guangdong, \u00c7in<\/td>\n<\/tr>\n<\/tbody>\n<\/table>\n<\/div>\n<\/div>","protected":false},"excerpt":{"rendered":"<p>Kuru, \u0131slak ve beyaz-\u0131slak formatlarda su ge\u00e7irmez RFID ek par\u00e7alar\u0131\u2014iste\u011fe ba\u011fl\u0131 UHF uzun menzilli performansla standart HF 13,56 MHz. Perakende, lojistik ve giyim i\u00e7in \u00f6zel \u00e7ipler, boyutlar ve bask\u0131.<\/p>","protected":false},"featured_media":846,"template":"","meta":{"_gspb_post_css":""},"product_brand":[],"product_cat":[23],"product_tag":[],"class_list":{"0":"post-845","1":"product","2":"type-product","3":"status-publish","4":"has-post-thumbnail","6":"product_cat-rfid-nfc-inlay","8":"first","9":"instock","10":"shipping-taxable","11":"purchasable","12":"product-type-simple"},"_links":{"self":[{"href":"https:\/\/www.cxjsmartcard.com\/tr\/wp-json\/wp\/v2\/product\/845","targetHints":{"allow":["GET"]}}],"collection":[{"href":"https:\/\/www.cxjsmartcard.com\/tr\/wp-json\/wp\/v2\/product"}],"about":[{"href":"https:\/\/www.cxjsmartcard.com\/tr\/wp-json\/wp\/v2\/types\/product"}],"wp:featuredmedia":[{"embeddable":true,"href":"https:\/\/www.cxjsmartcard.com\/tr\/wp-json\/wp\/v2\/media\/846"}],"wp:attachment":[{"href":"https:\/\/www.cxjsmartcard.com\/tr\/wp-json\/wp\/v2\/media?parent=845"}],"wp:term":[{"taxonomy":"product_brand","embeddable":true,"href":"https:\/\/www.cxjsmartcard.com\/tr\/wp-json\/wp\/v2\/product_brand?post=845"},{"taxonomy":"product_cat","embeddable":true,"href":"https:\/\/www.cxjsmartcard.com\/tr\/wp-json\/wp\/v2\/product_cat?post=845"},{"taxonomy":"product_tag","embeddable":true,"href":"https:\/\/www.cxjsmartcard.com\/tr\/wp-json\/wp\/v2\/product_tag?post=845"}],"curies":[{"name":"wp","href":"https:\/\/api.w.org\/{rel}","templated":true}]}}