{"id":838,"date":"2025-11-03T08:23:25","date_gmt":"2025-11-03T08:23:25","guid":{"rendered":"https:\/\/www.cxjsmartcard.com\/?post_type=product&#038;p=838"},"modified":"2025-12-29T01:27:09","modified_gmt":"2025-12-29T01:27:09","slug":"rfid-1k-f08-inlay-sticker","status":"publish","type":"product","link":"https:\/\/www.cxjsmartcard.com\/tr\/rfid-1k-f08-inlay-sticker\/","title":{"rendered":"RFID 1K F08 G\u00f6mme Etiket"},"content":{"rendered":"<p data-start=\"37\" data-end=\"293\">G\u00fcvenilir ve k\u0131sa menzilli okumalar i\u00e7in al\u00fcminyum kaz\u0131nm\u0131\u015f antene sahip Fudan F08 (1K bayt) \u00e7ip \u00fczerine kurulu ak\u0131ll\u0131 HF etiketi. Kuru kaplama, \u0131slak kaplama veya kartlara, biletlere ve ambalajlara kolayca d\u00f6n\u00fc\u015ft\u00fcr\u00fclebilen tam bitmi\u015f \u00e7\u0131kartma\/etiket olarak mevcuttur.<\/p>\n<p data-start=\"295\" data-end=\"313\"><strong data-start=\"295\" data-end=\"311\">Temel \u00d6zellikler<\/strong><\/p>\n<ul data-start=\"314\" data-end=\"565\">\n<li data-start=\"314\" data-end=\"353\">\n<p data-start=\"316\" data-end=\"353\">13,56 MHz, ISO\/IEC 14443A uyumlu<\/p>\n<\/li>\n<li data-start=\"354\" data-end=\"413\">\n<p data-start=\"356\" data-end=\"413\">Okuma aral\u0131\u011f\u0131: tipik olarak 1\u20135 cm (okuyucu\/antene ba\u011fl\u0131)<\/p>\n<\/li>\n<li data-start=\"414\" data-end=\"460\">\n<p data-start=\"416\" data-end=\"460\">Pasif tasar\u0131m; 100.000&#039;e kadar yazma d\u00f6ng\u00fcs\u00fc<\/p>\n<\/li>\n<li data-start=\"461\" data-end=\"513\">\n<p data-start=\"463\" data-end=\"513\">PET anten alt tabakas\u0131; al\u00fcminyum a\u015f\u0131nd\u0131rma (\u224810 \u03bcm)<\/p>\n<\/li>\n<li data-start=\"514\" data-end=\"565\">\n<p data-start=\"516\" data-end=\"565\">Y\u00fcksek verimli \u00fcretim i\u00e7in rulolar halinde teslim edilir<\/p>\n<\/li>\n<\/ul>\n<p data-start=\"567\" data-end=\"580\"><strong data-start=\"567\" data-end=\"578\">Bi\u00e7imler<\/strong><\/p>\n<ul data-start=\"581\" data-end=\"761\">\n<li data-start=\"581\" data-end=\"626\">\n<p data-start=\"583\" data-end=\"626\"><strong data-start=\"583\" data-end=\"597\">Kuru Kakma:<\/strong> PET taban\u0131nda \u00e7ip + anten<\/p>\n<\/li>\n<li data-start=\"627\" data-end=\"682\">\n<p data-start=\"629\" data-end=\"682\"><strong data-start=\"629\" data-end=\"643\">Islak Kaplama:<\/strong> Kuru dolgu + yap\u0131\u015ft\u0131r\u0131c\u0131 + ay\u0131rma astar\u0131<\/p>\n<\/li>\n<li data-start=\"683\" data-end=\"761\">\n<p data-start=\"685\" data-end=\"761\"><strong data-start=\"685\" data-end=\"708\">RFID Etiketi:<\/strong> Islak kaplama + bask\u0131 yap\u0131labilir y\u00fczey (ku\u015fe ka\u011f\u0131t\/PVC\/PET\/PP)<\/p>\n<\/li>\n<\/ul>\n<p data-start=\"763\" data-end=\"932\"><strong data-start=\"763\" data-end=\"779\">Uygulamalar<\/strong><br data-start=\"779\" data-end=\"782\" \/>Perakende ve envanter \u2022 Lojistik ve depolama \u2022 Sa\u011fl\u0131k\/hasta kimli\u011fi \u2022 Havayolu bagaj\u0131 \u2022 \u00dcretim\/otomasyon \u2022 Pazarlama ve sosyal medyada ba\u011flant\u0131 kurma.<\/p>\n<p data-start=\"934\" data-end=\"1083\"><strong data-start=\"934\" data-end=\"959\">\u00d6zelle\u015ftirme Se\u00e7enekleri<\/strong><br data-start=\"959\" data-end=\"962\" \/>CMYK ofset bask\u0131, UID\/seri bask\u0131, anti-metal katmanlar, \u015fifreleme\/veri hizmetleri; \u00f6zel ebatlar ve anten tasar\u0131mlar\u0131.<\/p>\n<h2 data-start=\"1085\" data-end=\"1110\">Tablo (\u00d6zellikler)<\/h2>\n<div class=\"_tableContainer_1rjym_1\">\n<div class=\"group _tableWrapper_1rjym_13 flex w-fit flex-col-reverse\" tabindex=\"-1\">\n<table class=\"w-fit min-w-(--thread-content-width)\" data-start=\"1112\" data-end=\"3045\">\n<thead data-start=\"1112\" data-end=\"1212\">\n<tr data-start=\"1112\" data-end=\"1212\">\n<th data-start=\"1112\" data-end=\"1134\" data-col-size=\"sm\">Kategori<\/th>\n<th data-start=\"1134\" data-end=\"1159\" data-col-size=\"sm\">Parametre<\/th>\n<th data-start=\"1159\" data-end=\"1212\" data-col-size=\"md\">De\u011fer<\/th>\n<\/tr>\n<\/thead>\n<tbody data-start=\"1314\" data-end=\"3045\">\n<tr data-start=\"1314\" data-end=\"1414\">\n<td data-start=\"1314\" data-end=\"1336\" data-col-size=\"sm\">\u00dcr\u00fcn<\/td>\n<td data-col-size=\"sm\" data-start=\"1336\" data-end=\"1361\">Tip<\/td>\n<td data-col-size=\"md\" data-start=\"1361\" data-end=\"1414\">HF RFID ek par\u00e7as\u0131 \/ \u0131slak ek par\u00e7as\u0131 \/ \u00e7\u0131kartma<\/td>\n<\/tr>\n<tr data-start=\"1415\" data-end=\"1515\">\n<td data-start=\"1415\" data-end=\"1437\" data-col-size=\"sm\">\u00c7ip<\/td>\n<td data-col-size=\"sm\" data-start=\"1437\" data-end=\"1462\">Model<\/td>\n<td data-col-size=\"md\" data-start=\"1462\" data-end=\"1515\">Fudan F08 (1K bayt kullan\u0131c\u0131 belle\u011fi)<\/td>\n<\/tr>\n<tr data-start=\"1516\" data-end=\"1616\">\n<td data-start=\"1516\" data-end=\"1538\" data-col-size=\"sm\">RF<\/td>\n<td data-col-size=\"sm\" data-start=\"1538\" data-end=\"1563\">S\u0131kl\u0131k<\/td>\n<td data-col-size=\"md\" data-start=\"1563\" data-end=\"1616\">13,56 MHz<\/td>\n<\/tr>\n<tr data-start=\"1617\" data-end=\"1717\">\n<td data-start=\"1617\" data-end=\"1639\" data-col-size=\"sm\"><\/td>\n<td data-col-size=\"sm\" data-start=\"1639\" data-end=\"1664\">Protokol<\/td>\n<td data-col-size=\"md\" data-start=\"1664\" data-end=\"1717\">ISO\/IEC 14443A<\/td>\n<\/tr>\n<tr data-start=\"1718\" data-end=\"1818\">\n<td data-start=\"1718\" data-end=\"1740\" data-col-size=\"sm\">Performans<\/td>\n<td data-col-size=\"sm\" data-start=\"1740\" data-end=\"1765\">Okuma Aral\u0131\u011f\u0131<\/td>\n<td data-col-size=\"md\" data-start=\"1765\" data-end=\"1818\">1\u20135 cm (cihaza ve ortama ba\u011fl\u0131)<\/td>\n<\/tr>\n<tr data-start=\"1819\" data-end=\"1919\">\n<td data-start=\"1819\" data-end=\"1841\" data-col-size=\"sm\">Dayan\u0131kl\u0131l\u0131k<\/td>\n<td data-col-size=\"sm\" data-start=\"1841\" data-end=\"1866\">Yazma D\u00f6ng\u00fcleri<\/td>\n<td data-col-size=\"md\" data-start=\"1866\" data-end=\"1919\">100,000<\/td>\n<\/tr>\n<tr data-start=\"1920\" data-end=\"2020\">\n<td data-start=\"1920\" data-end=\"1942\" data-col-size=\"sm\">Operasyon<\/td>\n<td data-col-size=\"sm\" data-start=\"1942\" data-end=\"1967\">Mod<\/td>\n<td data-col-size=\"md\" data-start=\"1967\" data-end=\"2020\">Pasif<\/td>\n<\/tr>\n<tr data-start=\"2021\" data-end=\"2121\">\n<td data-start=\"2021\" data-end=\"2043\" data-col-size=\"sm\">Anten<\/td>\n<td data-col-size=\"sm\" data-start=\"2043\" data-end=\"2068\">\u0130\u015flem<\/td>\n<td data-col-size=\"md\" data-start=\"2068\" data-end=\"2121\">Al\u00fcminyum a\u015f\u0131nd\u0131rma (~10 \u03bcm)<\/td>\n<\/tr>\n<tr data-start=\"2122\" data-end=\"2222\">\n<td data-start=\"2122\" data-end=\"2144\" data-col-size=\"sm\"><\/td>\n<td data-col-size=\"sm\" data-start=\"2144\" data-end=\"2169\">Alt tabaka<\/td>\n<td data-col-size=\"md\" data-start=\"2169\" data-end=\"2222\">EV HAYVANI<\/td>\n<\/tr>\n<tr data-start=\"2223\" data-end=\"2323\">\n<td data-start=\"2223\" data-end=\"2245\" data-col-size=\"sm\">Boyutlar<\/td>\n<td data-col-size=\"sm\" data-start=\"2245\" data-end=\"2270\">Anten Boyutu<\/td>\n<td data-col-size=\"md\" data-start=\"2270\" data-end=\"2323\">52 \u00d7 15 mm<\/td>\n<\/tr>\n<tr data-start=\"2324\" data-end=\"2424\">\n<td data-start=\"2324\" data-end=\"2346\" data-col-size=\"sm\"><\/td>\n<td data-col-size=\"sm\" data-start=\"2346\" data-end=\"2371\">G\u00f6mme\/Etiket Boyutu<\/td>\n<td data-col-size=\"md\" data-start=\"2371\" data-end=\"2424\">56 \u00d7 18 mm (\u00f6zel \u00f6l\u00e7\u00fc mevcuttur)<\/td>\n<\/tr>\n<tr data-start=\"2425\" data-end=\"2525\">\n<td data-start=\"2425\" data-end=\"2447\" data-col-size=\"sm\">Y\u00fczeyler<\/td>\n<td data-col-size=\"sm\" data-start=\"2447\" data-end=\"2472\">Y\u00fcz Malzemeleri<\/td>\n<td data-col-size=\"md\" data-start=\"2472\" data-end=\"2525\">Kaplamal\u0131 ka\u011f\u0131t, PVC, PET, PP<\/td>\n<\/tr>\n<tr data-start=\"2526\" data-end=\"2626\">\n<td data-start=\"2526\" data-end=\"2548\" data-col-size=\"sm\">\u00c7evre<\/td>\n<td data-col-size=\"sm\" data-start=\"2548\" data-end=\"2573\">\u00c7al\u0131\u015fma S\u0131cakl\u0131\u011f\u0131\/Nem<\/td>\n<td data-col-size=\"md\" data-start=\"2573\" data-end=\"2626\">-40 \u00b0C ila +70 \u00b0C \/ 20%\u201390% RH<\/td>\n<\/tr>\n<tr data-start=\"2627\" data-end=\"2727\">\n<td data-start=\"2627\" data-end=\"2649\" data-col-size=\"sm\"><\/td>\n<td data-col-size=\"sm\" data-start=\"2649\" data-end=\"2674\">Depolama S\u0131cakl\u0131\u011f\u0131\/Nemi<\/td>\n<td data-col-size=\"md\" data-start=\"2674\" data-end=\"2727\">\u221220 \u00b0C ila +50 \u00b0C \/ 20%\u201390% RH (yo\u011fu\u015fma yok)<\/td>\n<\/tr>\n<tr data-start=\"2728\" data-end=\"2828\">\n<td data-start=\"2728\" data-end=\"2750\" data-col-size=\"sm\">Ambalajlama<\/td>\n<td data-col-size=\"sm\" data-start=\"2750\" data-end=\"2775\">Teslimat Format\u0131<\/td>\n<td data-col-size=\"md\" data-start=\"2775\" data-end=\"2828\">Rulo ba\u015f\u0131na 1.000\u20135.000 adet; karton ba\u015f\u0131na 4 rulo<\/td>\n<\/tr>\n<tr data-start=\"2829\" data-end=\"2929\">\n<td data-start=\"2829\" data-end=\"2851\" data-col-size=\"sm\">Se\u00e7enekler<\/td>\n<td data-col-size=\"sm\" data-start=\"2851\" data-end=\"2876\">Hizmetler<\/td>\n<td data-col-size=\"md\" data-start=\"2876\" data-end=\"2929\">CMYK bask\u0131, UID\/seri, anti-metal, \u015fifreleme<\/td>\n<\/tr>\n<tr data-start=\"2930\" data-end=\"3045\">\n<td data-start=\"2930\" data-end=\"2952\" data-col-size=\"sm\">Kullan\u0131m \u00d6rnekleri<\/td>\n<td data-col-size=\"sm\" data-start=\"2952\" data-end=\"2977\">Uygulamalar<\/td>\n<td data-col-size=\"md\" data-start=\"2977\" data-end=\"3045\">Perakende, lojistik, sa\u011fl\u0131k, bagaj, \u00fcretim, pazarlama<\/td>\n<\/tr>\n<\/tbody>\n<\/table>\n<\/div>\n<\/div>","protected":false},"excerpt":{"rendered":"<p>HF 13.56 MHz F08 etiket\/\u00e7\u0131kartma, 1K haf\u0131zal\u0131\u20141\u20135 cm okuma, ISO14443A, 100k&#039;ya kadar yazma. Kuru\/\u0131slak etiket veya \u00f6zel bask\u0131 ve veri hizmetleriyle tamamlanm\u0131\u015f etiket olarak tedarik edilir.<\/p>","protected":false},"featured_media":839,"template":"","meta":{"_gspb_post_css":""},"product_brand":[],"product_cat":[23],"product_tag":[],"class_list":{"0":"post-838","1":"product","2":"type-product","3":"status-publish","4":"has-post-thumbnail","6":"product_cat-rfid-nfc-inlay","8":"first","9":"instock","10":"shipping-taxable","11":"purchasable","12":"product-type-simple"},"_links":{"self":[{"href":"https:\/\/www.cxjsmartcard.com\/tr\/wp-json\/wp\/v2\/product\/838","targetHints":{"allow":["GET"]}}],"collection":[{"href":"https:\/\/www.cxjsmartcard.com\/tr\/wp-json\/wp\/v2\/product"}],"about":[{"href":"https:\/\/www.cxjsmartcard.com\/tr\/wp-json\/wp\/v2\/types\/product"}],"wp:featuredmedia":[{"embeddable":true,"href":"https:\/\/www.cxjsmartcard.com\/tr\/wp-json\/wp\/v2\/media\/839"}],"wp:attachment":[{"href":"https:\/\/www.cxjsmartcard.com\/tr\/wp-json\/wp\/v2\/media?parent=838"}],"wp:term":[{"taxonomy":"product_brand","embeddable":true,"href":"https:\/\/www.cxjsmartcard.com\/tr\/wp-json\/wp\/v2\/product_brand?post=838"},{"taxonomy":"product_cat","embeddable":true,"href":"https:\/\/www.cxjsmartcard.com\/tr\/wp-json\/wp\/v2\/product_cat?post=838"},{"taxonomy":"product_tag","embeddable":true,"href":"https:\/\/www.cxjsmartcard.com\/tr\/wp-json\/wp\/v2\/product_tag?post=838"}],"curies":[{"name":"wp","href":"https:\/\/api.w.org\/{rel}","templated":true}]}}