{"id":833,"date":"2025-11-03T08:21:51","date_gmt":"2025-11-03T08:21:51","guid":{"rendered":"https:\/\/www.cxjsmartcard.com\/?post_type=product&#038;p=833"},"modified":"2025-12-29T01:27:09","modified_gmt":"2025-12-29T01:27:09","slug":"nxp-mifare-ultralight-ev1-rfid-nfc-inlay","status":"publish","type":"product","link":"https:\/\/www.cxjsmartcard.com\/tr\/nxp-mifare-ultralight-ev1-rfid-nfc-inlay\/","title":{"rendered":"NXP MIFARE Ultralight EV1 RFID NFC G\u00f6mme"},"content":{"rendered":"<p data-start=\"52\" data-end=\"335\">Esnek HF NFC ek par\u00e7as\u0131 <strong data-start=\"98\" data-end=\"124\">MIFARE Ultralight\u00ae EV1<\/strong> k\u0131sa menzilli, telefon uyumlu uygulamalar i\u00e7in. \u015eu \u015fekilde sa\u011flan\u0131r: <strong data-start=\"185\" data-end=\"198\">kuru kakma<\/strong> (laminasyon) veya <strong data-start=\"215\" data-end=\"228\">\u0131slak kakma<\/strong> (yap\u0131\u015fkanl\u0131), kartlara, etiketlere ve ambalajlara kolay entegrasyon i\u00e7in \u00e7e\u015fitli anten \u015fekilleri ve boyutlar\u0131na sahiptir.<\/p>\n<p data-start=\"337\" data-end=\"355\"><strong data-start=\"337\" data-end=\"353\">Temel \u00d6zellikler<\/strong><\/p>\n<ul data-start=\"356\" data-end=\"738\">\n<li data-start=\"356\" data-end=\"445\">\n<p data-start=\"358\" data-end=\"445\">13,56 MHz HF; ISO\/IEC 14443A (Ultralight EV1), di\u011fer \u00e7ipler i\u00e7in iste\u011fe ba\u011fl\u0131 ISO\/IEC 15693<\/p>\n<\/li>\n<li data-start=\"446\" data-end=\"498\">\n<p data-start=\"448\" data-end=\"498\">\u00c7arp\u0131\u015fma \u00f6nleme, h\u0131zl\u0131 okuma, y\u00fcksek tarama g\u00fcc\u00fc<\/p>\n<\/li>\n<li data-start=\"499\" data-end=\"570\">\n<p data-start=\"501\" data-end=\"570\">Bak\u0131r\/al\u00fcminyum bobin se\u00e7enekleriyle dayan\u0131kl\u0131 PET\/al\u00fcminyum yap\u0131<\/p>\n<\/li>\n<li data-start=\"571\" data-end=\"643\">\n<p data-start=\"573\" data-end=\"643\">\u00c7e\u015fitli \u00fcr\u00fcnler i\u00e7in \u00f6zel \u015fekiller (yuvarlak, kare, alt\u0131gen) ve boyutlar<\/p>\n<\/li>\n<li data-start=\"644\" data-end=\"738\">\n<p data-start=\"646\" data-end=\"738\">G\u00fcvenlik se\u00e7enekleri: 7 bayt UID, OTP belle\u011fi, tek y\u00f6nl\u00fc saya\u00e7lar, ECC imzas\u0131, iste\u011fe ba\u011fl\u0131 parola<\/p>\n<\/li>\n<\/ul>\n<p data-start=\"740\" data-end=\"922\"><strong data-start=\"740\" data-end=\"756\">Uygulamalar<\/strong><br data-start=\"756\" data-end=\"759\" \/>Envanter ve varl\u0131k takibi \u2022 Depo ve lojistik \u2022 Eri\u015fim kontrol\u00fc ve personel kimli\u011fi \u2022 Mobil \u00f6deme ve bilet sistemleri \u2022 Ak\u0131ll\u0131 pazarlama\/sadakat programlar\u0131.<\/p>\n<p data-start=\"924\" data-end=\"1088\"><strong data-start=\"924\" data-end=\"941\">\u00d6zelle\u015ftirme<\/strong><br data-start=\"941\" data-end=\"944\" \/>Logo, QR\/seri numaralar\u0131, grafikler; makaral\u0131 veya tekli par\u00e7alar halinde teslim edilir. Ultralight EV1&#039;in yan\u0131nda NTAG213\/215\/216 ve \u00f6zel IC&#039;ler de mevcuttur.<\/p>\n<h2 data-start=\"1090\" data-end=\"1115\">Tablo (\u00d6zellikler)<\/h2>\n<div class=\"_tableContainer_1rjym_1\">\n<div class=\"group _tableWrapper_1rjym_13 flex w-fit flex-col-reverse\" tabindex=\"-1\">\n<table class=\"w-fit min-w-(--thread-content-width)\" data-start=\"1117\" data-end=\"3049\">\n<thead data-start=\"1117\" data-end=\"1245\">\n<tr data-start=\"1117\" data-end=\"1245\">\n<th data-start=\"1117\" data-end=\"1136\" data-col-size=\"sm\">Kategori<\/th>\n<th data-start=\"1136\" data-end=\"1159\" data-col-size=\"sm\">Parametre<\/th>\n<th data-start=\"1159\" data-end=\"1245\" data-col-size=\"md\">De\u011fer<\/th>\n<\/tr>\n<\/thead>\n<tbody data-start=\"1375\" data-end=\"3049\">\n<tr data-start=\"1375\" data-end=\"1503\">\n<td data-start=\"1375\" data-end=\"1394\" data-col-size=\"sm\">\u00dcr\u00fcn<\/td>\n<td data-col-size=\"sm\" data-start=\"1394\" data-end=\"1417\">Tip<\/td>\n<td data-col-size=\"md\" data-start=\"1417\" data-end=\"1503\">HF NFC ek par\u00e7as\u0131 \/ RFID ek par\u00e7as\u0131<\/td>\n<\/tr>\n<tr data-start=\"1504\" data-end=\"1632\">\n<td data-start=\"1504\" data-end=\"1523\" data-col-size=\"sm\">RF<\/td>\n<td data-col-size=\"sm\" data-start=\"1523\" data-end=\"1546\">S\u0131kl\u0131k<\/td>\n<td data-col-size=\"md\" data-start=\"1546\" data-end=\"1632\">13,56 MHz (HF)<\/td>\n<\/tr>\n<tr data-start=\"1633\" data-end=\"1760\">\n<td data-start=\"1633\" data-end=\"1652\" data-col-size=\"sm\"><\/td>\n<td data-col-size=\"sm\" data-start=\"1652\" data-end=\"1675\">Protokol<\/td>\n<td data-col-size=\"md\" data-start=\"1675\" data-end=\"1760\">ISO\/IEC 14443A (Ultralight EV1); ISO\/IEC 15693 (di\u011fer IC&#039;lerle iste\u011fe ba\u011fl\u0131)<\/td>\n<\/tr>\n<tr data-start=\"1761\" data-end=\"1888\">\n<td data-start=\"1761\" data-end=\"1780\" data-col-size=\"sm\">IC Se\u00e7enekleri<\/td>\n<td data-start=\"1780\" data-end=\"1803\" data-col-size=\"sm\">Cipsler<\/td>\n<td data-start=\"1803\" data-end=\"1888\" data-col-size=\"md\">MIFARE Ultralight\u00ae EV1; NTAG213\/215\/216; \u00f6zel<\/td>\n<\/tr>\n<tr data-start=\"1889\" data-end=\"2017\">\n<td data-start=\"1889\" data-end=\"1908\" data-col-size=\"sm\">Malzemeler<\/td>\n<td data-col-size=\"sm\" data-start=\"1908\" data-end=\"1931\">Yap\u0131<\/td>\n<td data-col-size=\"md\" data-start=\"1931\" data-end=\"2017\">Al\u00fcminyum + PET taban; bak\u0131r\/al\u00fcminyum anten bobini<\/td>\n<\/tr>\n<tr data-start=\"2018\" data-end=\"2146\">\n<td data-start=\"2018\" data-end=\"2037\" data-col-size=\"sm\">Form Fakt\u00f6r\u00fc<\/td>\n<td data-col-size=\"sm\" data-start=\"2037\" data-end=\"2060\">G\u00f6mme Stili<\/td>\n<td data-col-size=\"md\" data-start=\"2060\" data-end=\"2146\">Kuru kaplama (laminasyon) \/ Islak kaplama (yap\u0131\u015fkanl\u0131)<\/td>\n<\/tr>\n<tr data-start=\"2147\" data-end=\"2275\">\n<td data-start=\"2147\" data-end=\"2166\" data-col-size=\"sm\">Anten<\/td>\n<td data-col-size=\"sm\" data-start=\"2166\" data-end=\"2189\">\u015eekiller<\/td>\n<td data-col-size=\"md\" data-start=\"2189\" data-end=\"2275\">Yuvarlak, kare, alt\u0131gen, \u00f6zel<\/td>\n<\/tr>\n<tr data-start=\"2276\" data-end=\"2404\">\n<td data-start=\"2276\" data-end=\"2295\" data-col-size=\"sm\">Boyutlar<\/td>\n<td data-start=\"2295\" data-end=\"2318\" data-col-size=\"sm\">Boyut Se\u00e7enekleri<\/td>\n<td data-col-size=\"md\" data-start=\"2318\" data-end=\"2404\">\u00d821\u201356 mm; 40\u00d740\u201346\u00d748 mm; \u00f6zel<\/td>\n<\/tr>\n<tr data-start=\"2405\" data-end=\"2533\">\n<td data-start=\"2405\" data-end=\"2424\" data-col-size=\"sm\">Performans<\/td>\n<td data-col-size=\"sm\" data-start=\"2424\" data-end=\"2447\">\u00d6zellikler<\/td>\n<td data-col-size=\"md\" data-start=\"2447\" data-end=\"2533\">\u00c7arp\u0131\u015fma \u00f6nleme; h\u0131zl\u0131 okuma; y\u00fcksek tarama g\u00fcc\u00fc; esnek tasar\u0131m<\/td>\n<\/tr>\n<tr data-start=\"2534\" data-end=\"2662\">\n<td data-start=\"2534\" data-end=\"2553\" data-col-size=\"sm\">G\u00fcvenlik<\/td>\n<td data-col-size=\"sm\" data-start=\"2553\" data-end=\"2576\">Bellek\/G\u00fcvenlik<\/td>\n<td data-col-size=\"md\" data-start=\"2576\" data-end=\"2662\">7 bayt UID; OTP; tek y\u00f6nl\u00fc saya\u00e7lar; ECC imzas\u0131; iste\u011fe ba\u011fl\u0131 parola korumas\u0131<\/td>\n<\/tr>\n<tr data-start=\"2663\" data-end=\"2791\">\n<td data-start=\"2663\" data-end=\"2682\" data-col-size=\"sm\">\u00d6zelle\u015ftirme<\/td>\n<td data-col-size=\"sm\" data-start=\"2682\" data-end=\"2705\">Bask\u0131\/Ambalaj<\/td>\n<td data-col-size=\"md\" data-start=\"2705\" data-end=\"2791\">Logo, QR, seri; makaral\u0131 veya par\u00e7al\u0131<\/td>\n<\/tr>\n<tr data-start=\"2792\" data-end=\"2920\">\n<td data-start=\"2792\" data-end=\"2811\" data-col-size=\"sm\">Uygulamalar<\/td>\n<td data-col-size=\"sm\" data-start=\"2811\" data-end=\"2834\">Kullan\u0131m \u00d6rnekleri<\/td>\n<td data-col-size=\"md\" data-start=\"2834\" data-end=\"2920\">Envanter, varl\u0131k, depo, lojistik, eri\u015fim kontrol\u00fc, mobil \u00f6deme, pazarlama<\/td>\n<\/tr>\n<tr data-start=\"2921\" data-end=\"3049\">\n<td data-start=\"2921\" data-end=\"2940\" data-col-size=\"sm\">Avantajlar\u0131<\/td>\n<td data-col-size=\"sm\" data-start=\"2940\" data-end=\"2963\">Entegrasyon<\/td>\n<td data-col-size=\"md\" data-start=\"2963\" data-end=\"3049\">Dayan\u0131kl\u0131, kompakt, NFC cihaz uyumlu, yerle\u015ftirilmesi kolay<\/td>\n<\/tr>\n<\/tbody>\n<\/table>\n<\/div>\n<\/div>","protected":false},"excerpt":{"rendered":"<p>HF 13.56 MHz MIFARE Ultralight EV1 NFC ek par\u00e7as\u0131: kuru\/\u0131slak formatlar, \u00e7oklu anten \u015fekilleri, g\u00fc\u00e7l\u00fc okuma performans\u0131 ve eri\u015fim, izleme ve \u00f6demeler i\u00e7in yerle\u015fik g\u00fcvenlik.<\/p>","protected":false},"featured_media":835,"template":"","meta":{"_gspb_post_css":""},"product_brand":[],"product_cat":[23],"product_tag":[],"class_list":{"0":"post-833","1":"product","2":"type-product","3":"status-publish","4":"has-post-thumbnail","6":"product_cat-rfid-nfc-inlay","8":"first","9":"instock","10":"shipping-taxable","11":"purchasable","12":"product-type-simple"},"_links":{"self":[{"href":"https:\/\/www.cxjsmartcard.com\/tr\/wp-json\/wp\/v2\/product\/833","targetHints":{"allow":["GET"]}}],"collection":[{"href":"https:\/\/www.cxjsmartcard.com\/tr\/wp-json\/wp\/v2\/product"}],"about":[{"href":"https:\/\/www.cxjsmartcard.com\/tr\/wp-json\/wp\/v2\/types\/product"}],"wp:featuredmedia":[{"embeddable":true,"href":"https:\/\/www.cxjsmartcard.com\/tr\/wp-json\/wp\/v2\/media\/835"}],"wp:attachment":[{"href":"https:\/\/www.cxjsmartcard.com\/tr\/wp-json\/wp\/v2\/media?parent=833"}],"wp:term":[{"taxonomy":"product_brand","embeddable":true,"href":"https:\/\/www.cxjsmartcard.com\/tr\/wp-json\/wp\/v2\/product_brand?post=833"},{"taxonomy":"product_cat","embeddable":true,"href":"https:\/\/www.cxjsmartcard.com\/tr\/wp-json\/wp\/v2\/product_cat?post=833"},{"taxonomy":"product_tag","embeddable":true,"href":"https:\/\/www.cxjsmartcard.com\/tr\/wp-json\/wp\/v2\/product_tag?post=833"}],"curies":[{"name":"wp","href":"https:\/\/api.w.org\/{rel}","templated":true}]}}