{"id":829,"date":"2025-11-03T08:19:26","date_gmt":"2025-11-03T08:19:26","guid":{"rendered":"https:\/\/www.cxjsmartcard.com\/?post_type=product&#038;p=829"},"modified":"2025-12-29T01:27:09","modified_gmt":"2025-12-29T01:27:09","slug":"ntag213-rfid-nfc-inlay-sticker-tag","status":"publish","type":"product","link":"https:\/\/www.cxjsmartcard.com\/tr\/ntag213-rfid-nfc-inlay-sticker-tag\/","title":{"rendered":"NTAG213 RFID NFC G\u00f6mme Etiket"},"content":{"rendered":"<p data-start=\"46\" data-end=\"283\">Ak\u0131ll\u0131 telefonlar, tabletler ve ISO14443A okuyucularla h\u0131zl\u0131 ve g\u00fcvenilir ileti\u015fim i\u00e7in NXP\u00ae NTAG213 \u00e7ipi \u00fczerine kurulu kompakt ve dayan\u0131kl\u0131 NFC ak\u0131ll\u0131 etiket. Etiketlere, kartlara ve ambalajlara kolay entegrasyon i\u00e7in rulo halinde tedarik edilir.<\/p>\n<p data-start=\"285\" data-end=\"299\"><strong data-start=\"285\" data-end=\"297\">\u00d6zellikler<\/strong><\/p>\n<ul data-start=\"300\" data-end=\"778\">\n<li data-start=\"300\" data-end=\"347\">\n<p data-start=\"302\" data-end=\"347\">NTAG213 \u00e7ipi (HF 13,56 MHz, ISO\/IEC 14443A)<\/p>\n<\/li>\n<li data-start=\"348\" data-end=\"409\">\n<p data-start=\"350\" data-end=\"409\">Okuma aral\u0131\u011f\u0131: tipik olarak 1\u20135 cm (cihaza ve antene ba\u011fl\u0131)<\/p>\n<\/li>\n<li data-start=\"410\" data-end=\"479\">\n<p data-start=\"412\" data-end=\"479\">URL&#039;ler, kimlikler, ileti\u015fim bilgileri ve daha fazlas\u0131 i\u00e7in 144 bayt kullan\u0131c\u0131 belle\u011fi<\/p>\n<\/li>\n<li data-start=\"480\" data-end=\"545\">\n<p data-start=\"482\" data-end=\"545\">100.000&#039;e kadar yeniden yazma; iste\u011fe ba\u011fl\u0131 kilitleme\/salt okunur yap\u0131land\u0131rmas\u0131<\/p>\n<\/li>\n<li data-start=\"546\" data-end=\"617\">\n<p data-start=\"548\" data-end=\"617\">Kaplamal\u0131 ka\u011f\u0131tl\u0131 PET anten alt tabakas\u0131 (PVC\/PET\/PP iste\u011fe ba\u011fl\u0131 y\u00fczeyler)<\/p>\n<\/li>\n<li data-start=\"618\" data-end=\"683\">\n<p data-start=\"620\" data-end=\"683\">Teslimat format\u0131: Rulo ba\u015f\u0131na 1.000\u20135.000 adet; Karton ba\u015f\u0131na 4 rulo<\/p>\n<\/li>\n<li data-start=\"684\" data-end=\"747\">\n<p data-start=\"686\" data-end=\"747\">\u00c7al\u0131\u015fma s\u0131cakl\u0131\u011f\u0131: -40 \u00b0C ila +70 \u00b0C; depolama: -20 \u00b0C ila +50 \u00b0C<\/p>\n<\/li>\n<li data-start=\"748\" data-end=\"778\">\n<p data-start=\"750\" data-end=\"778\">Pasif, pilsiz tasar\u0131m<\/p>\n<\/li>\n<\/ul>\n<p data-start=\"780\" data-end=\"965\"><strong data-start=\"780\" data-end=\"796\">Uygulamalar<\/strong><br data-start=\"796\" data-end=\"799\" \/>Sosyal medya ve pazarlama ba\u011flant\u0131lar\u0131 \u2022 Varl\u0131k etiketleme \u2022 Temass\u0131z \u00f6demeler (desteklenen yerlerde) \u2022 Etkinlik biletleme ve eri\u015fim kontrol\u00fc \u2022 Ak\u0131ll\u0131 posterler ve \u00fcr\u00fcn kimlik do\u011frulamas\u0131.<\/p>\n<p data-start=\"967\" data-end=\"1268\"><strong data-start=\"967\" data-end=\"975\">SSS<\/strong><br data-start=\"975\" data-end=\"978\" \/><strong data-start=\"978\" data-end=\"1008\">S1: Okuma aral\u0131\u011f\u0131 nedir?<\/strong> Genellikle etiket boyutuna ve okuyucunun dayan\u0131kl\u0131l\u0131\u011f\u0131na ba\u011fl\u0131 olarak 1\u20135 cm.<br data-start=\"1069\" data-end=\"1072\" \/><strong data-start=\"1072\" data-end=\"1109\">S2: Etiketler yeniden programlanabilir mi?<\/strong> Evet, 100.000 defaya kadar yeniden yaz\u0131labilir veya salt okunur olarak kilitlenebilir.<br data-start=\"1170\" data-end=\"1173\" \/><strong data-start=\"1173\" data-end=\"1204\">S3: Nas\u0131l teslim edilir?<\/strong> Verimli \u00fcretim i\u00e7in rulo format\u0131nda (1.000\u20135.000 adet\/rulo).<\/p>\n<h2 data-start=\"1270\" data-end=\"1295\">Tablo (\u00d6zellikler)<\/h2>\n<div class=\"_tableContainer_1rjym_1\">\n<div class=\"group _tableWrapper_1rjym_13 flex w-fit flex-col-reverse\" tabindex=\"-1\">\n<table class=\"w-fit min-w-(--thread-content-width)\" data-start=\"1297\" data-end=\"3454\">\n<thead data-start=\"1297\" data-end=\"1416\">\n<tr data-start=\"1297\" data-end=\"1416\">\n<th data-start=\"1297\" data-end=\"1320\" data-col-size=\"sm\">Kategori<\/th>\n<th data-start=\"1320\" data-end=\"1343\" data-col-size=\"sm\">Parametre<\/th>\n<th data-start=\"1343\" data-end=\"1416\" data-col-size=\"md\">De\u011fer<\/th>\n<\/tr>\n<\/thead>\n<tbody data-start=\"1537\" data-end=\"3454\">\n<tr data-start=\"1537\" data-end=\"1656\">\n<td data-start=\"1537\" data-end=\"1560\" data-col-size=\"sm\">\u00dcr\u00fcn<\/td>\n<td data-start=\"1560\" data-end=\"1583\" data-col-size=\"sm\">Tip<\/td>\n<td data-col-size=\"md\" data-start=\"1583\" data-end=\"1656\">NFC ek\/\u00e7\u0131kartma etiketi<\/td>\n<\/tr>\n<tr data-start=\"1657\" data-end=\"1776\">\n<td data-start=\"1657\" data-end=\"1680\" data-col-size=\"sm\">RF<\/td>\n<td data-start=\"1680\" data-end=\"1703\" data-col-size=\"sm\">S\u0131kl\u0131k<\/td>\n<td data-start=\"1703\" data-end=\"1776\" data-col-size=\"md\">13,56 MHz<\/td>\n<\/tr>\n<tr data-start=\"1777\" data-end=\"1896\">\n<td data-start=\"1777\" data-end=\"1800\" data-col-size=\"sm\"><\/td>\n<td data-start=\"1800\" data-end=\"1823\" data-col-size=\"sm\">Protokol<\/td>\n<td data-col-size=\"md\" data-start=\"1823\" data-end=\"1896\">ISO\/IEC 14443A<\/td>\n<\/tr>\n<tr data-start=\"1897\" data-end=\"2016\">\n<td data-start=\"1897\" data-end=\"1920\" data-col-size=\"sm\">IC<\/td>\n<td data-col-size=\"sm\" data-start=\"1920\" data-end=\"1943\">\u00c7ip<\/td>\n<td data-col-size=\"md\" data-start=\"1943\" data-end=\"2016\">NTAG213 (NXP\u00ae)<\/td>\n<\/tr>\n<tr data-start=\"2017\" data-end=\"2136\">\n<td data-start=\"2017\" data-end=\"2040\" data-col-size=\"sm\">Haf\u0131za<\/td>\n<td data-start=\"2040\" data-end=\"2063\" data-col-size=\"sm\">Kullan\u0131c\u0131 Kapasitesi<\/td>\n<td data-col-size=\"md\" data-start=\"2063\" data-end=\"2136\">144 bayt<\/td>\n<\/tr>\n<tr data-start=\"2137\" data-end=\"2255\">\n<td data-start=\"2137\" data-end=\"2160\" data-col-size=\"sm\">Performans<\/td>\n<td data-col-size=\"sm\" data-start=\"2160\" data-end=\"2183\">Okuma Aral\u0131\u011f\u0131<\/td>\n<td data-col-size=\"md\" data-start=\"2183\" data-end=\"2255\">Tipik olarak 1\u20135 cm (daha b\u00fcy\u00fck antenler\/okuyucularla ~10 cm&#039;ye kadar)<\/td>\n<\/tr>\n<tr data-start=\"2256\" data-end=\"2375\">\n<td data-start=\"2256\" data-end=\"2279\" data-col-size=\"sm\">Operasyon<\/td>\n<td data-col-size=\"sm\" data-start=\"2279\" data-end=\"2302\">Mod<\/td>\n<td data-col-size=\"md\" data-start=\"2302\" data-end=\"2375\">Pasif (pilsiz)<\/td>\n<\/tr>\n<tr data-start=\"2376\" data-end=\"2495\">\n<td data-start=\"2376\" data-end=\"2399\" data-col-size=\"sm\">Dayan\u0131kl\u0131l\u0131k<\/td>\n<td data-col-size=\"sm\" data-start=\"2399\" data-end=\"2422\">Yazma D\u00f6ng\u00fcleri<\/td>\n<td data-col-size=\"md\" data-start=\"2422\" data-end=\"2495\">100.000&#039;e kadar yeniden yazma<\/td>\n<\/tr>\n<tr data-start=\"2496\" data-end=\"2615\">\n<td data-start=\"2496\" data-end=\"2519\" data-col-size=\"sm\">Malzemeler<\/td>\n<td data-start=\"2519\" data-end=\"2542\" data-col-size=\"sm\">Anten Alt Tabakas\u0131<\/td>\n<td data-col-size=\"md\" data-start=\"2542\" data-end=\"2615\">EV HAYVANI<\/td>\n<\/tr>\n<tr data-start=\"2616\" data-end=\"2735\">\n<td data-start=\"2616\" data-end=\"2639\" data-col-size=\"sm\"><\/td>\n<td data-col-size=\"sm\" data-start=\"2639\" data-end=\"2662\">Etiket Y\u00fczeyi<\/td>\n<td data-col-size=\"md\" data-start=\"2662\" data-end=\"2735\">Kaplamal\u0131 ka\u011f\u0131t (PVC, PET, PP iste\u011fe ba\u011fl\u0131)<\/td>\n<\/tr>\n<tr data-start=\"2736\" data-end=\"2854\">\n<td data-start=\"2736\" data-end=\"2759\" data-col-size=\"sm\">Form Fakt\u00f6rleri<\/td>\n<td data-col-size=\"sm\" data-start=\"2759\" data-end=\"2782\">Etiket Boyutlar\u0131<\/td>\n<td data-col-size=\"md\" data-start=\"2782\" data-end=\"2854\">\u00d818\/\u00d822\/\u00d825\/\u00d830 mm; 16 \u00d7 58 mm; di\u011ferleri talep \u00fczerine<\/td>\n<\/tr>\n<tr data-start=\"2855\" data-end=\"2974\">\n<td data-start=\"2855\" data-end=\"2878\" data-col-size=\"sm\">\u00c7evre<\/td>\n<td data-start=\"2878\" data-end=\"2901\" data-col-size=\"sm\">\u00c7al\u0131\u015fma S\u0131cakl\u0131\u011f\u0131<\/td>\n<td data-col-size=\"md\" data-start=\"2901\" data-end=\"2974\">-40 \u00b0C ila +70 \u00b0C<\/td>\n<\/tr>\n<tr data-start=\"2975\" data-end=\"3094\">\n<td data-start=\"2975\" data-end=\"2998\" data-col-size=\"sm\"><\/td>\n<td data-col-size=\"sm\" data-start=\"2998\" data-end=\"3021\">Depolama S\u0131cakl\u0131\u011f\u0131<\/td>\n<td data-col-size=\"md\" data-start=\"3021\" data-end=\"3094\">-20 \u00b0C ila +50 \u00b0C<\/td>\n<\/tr>\n<tr data-start=\"3095\" data-end=\"3214\">\n<td data-start=\"3095\" data-end=\"3118\" data-col-size=\"sm\">Ambalajlama<\/td>\n<td data-col-size=\"sm\" data-start=\"3118\" data-end=\"3141\">Teslimat Format\u0131<\/td>\n<td data-col-size=\"md\" data-start=\"3141\" data-end=\"3214\">1.000\u20135.000 adet\/rulo; 4 rulo\/karton<\/td>\n<\/tr>\n<tr data-start=\"3215\" data-end=\"3334\">\n<td data-start=\"3215\" data-end=\"3238\" data-col-size=\"sm\">Se\u00e7enekler<\/td>\n<td data-col-size=\"sm\" data-start=\"3238\" data-end=\"3261\">Veri Ayarlar\u0131<\/td>\n<td data-col-size=\"md\" data-start=\"3261\" data-end=\"3334\">Yeniden yaz\u0131labilir veya salt okunur olarak ayarlanabilir<\/td>\n<\/tr>\n<tr data-start=\"3335\" data-end=\"3454\">\n<td data-start=\"3335\" data-end=\"3358\" data-col-size=\"sm\">Kullan\u0131m \u00d6rnekleri<\/td>\n<td data-col-size=\"sm\" data-start=\"3358\" data-end=\"3381\">Tipik Uygulamalar<\/td>\n<td data-col-size=\"md\" data-start=\"3381\" data-end=\"3454\">Pazarlama ba\u011flant\u0131lar\u0131, varl\u0131k takibi, \u00f6demeler, bilet\/eri\u015fim kontrol\u00fc<\/td>\n<\/tr>\n<\/tbody>\n<\/table>\n<\/div>\n<\/div>","protected":false},"excerpt":{"rendered":"<p>NTAG213 NFC ek etiket\u201413,56 MHz ISO14443A, 144 bayt, 1\u20135 cm okuma, 100.000 defaya kadar yeniden yaz\u0131labilir; kaplamal\u0131 ka\u011f\u0131t y\u00fczeyli PET alt tabaka, rulo halinde teslim edilir.<\/p>","protected":false},"featured_media":830,"template":"","meta":{"_gspb_post_css":""},"product_brand":[],"product_cat":[23],"product_tag":[],"class_list":{"0":"post-829","1":"product","2":"type-product","3":"status-publish","4":"has-post-thumbnail","6":"product_cat-rfid-nfc-inlay","8":"first","9":"instock","10":"shipping-taxable","11":"purchasable","12":"product-type-simple"},"_links":{"self":[{"href":"https:\/\/www.cxjsmartcard.com\/tr\/wp-json\/wp\/v2\/product\/829","targetHints":{"allow":["GET"]}}],"collection":[{"href":"https:\/\/www.cxjsmartcard.com\/tr\/wp-json\/wp\/v2\/product"}],"about":[{"href":"https:\/\/www.cxjsmartcard.com\/tr\/wp-json\/wp\/v2\/types\/product"}],"wp:featuredmedia":[{"embeddable":true,"href":"https:\/\/www.cxjsmartcard.com\/tr\/wp-json\/wp\/v2\/media\/830"}],"wp:attachment":[{"href":"https:\/\/www.cxjsmartcard.com\/tr\/wp-json\/wp\/v2\/media?parent=829"}],"wp:term":[{"taxonomy":"product_brand","embeddable":true,"href":"https:\/\/www.cxjsmartcard.com\/tr\/wp-json\/wp\/v2\/product_brand?post=829"},{"taxonomy":"product_cat","embeddable":true,"href":"https:\/\/www.cxjsmartcard.com\/tr\/wp-json\/wp\/v2\/product_cat?post=829"},{"taxonomy":"product_tag","embeddable":true,"href":"https:\/\/www.cxjsmartcard.com\/tr\/wp-json\/wp\/v2\/product_tag?post=829"}],"curies":[{"name":"wp","href":"https:\/\/api.w.org\/{rel}","templated":true}]}}