{"id":824,"date":"2025-11-03T08:17:18","date_gmt":"2025-11-03T08:17:18","guid":{"rendered":"https:\/\/www.cxjsmartcard.com\/?post_type=product&#038;p=824"},"modified":"2025-12-29T01:27:09","modified_gmt":"2025-12-29T01:27:09","slug":"customizable-rfid-nfc-programmable-printable-wet-dry-inlay","status":"publish","type":"product","link":"https:\/\/www.cxjsmartcard.com\/tr\/customizable-rfid-nfc-programmable-printable-wet-dry-inlay\/","title":{"rendered":"\u00d6zelle\u015ftirilebilir RFID NFC Programlanabilir Yazd\u0131r\u0131labilir Islak\/Kuru Kaplama"},"content":{"rendered":"<p data-start=\"70\" data-end=\"424\">K\u0131sa menzilli, ak\u0131ll\u0131 telefon uyumlu uygulamalar i\u00e7in NTAG213 tabanl\u0131 HF 13,56 MHz NFC ek par\u00e7as\u0131. <strong data-start=\"191\" data-end=\"204\">\u0131slak kakma<\/strong> (yap\u0131\u015fkanl\u0131, soyulup yap\u0131\u015ft\u0131r\u0131labilen) veya <strong data-start=\"235\" data-end=\"248\">kuru kakma<\/strong> (laminasyon i\u00e7in), mini form fakt\u00f6rl\u00fc tasar\u0131m <strong data-start=\"298\" data-end=\"341\">yazd\u0131r\u0131labilir, programlanabilir ve suya dayan\u0131kl\u0131<\/strong>\u2014otel anahtar kartlar\u0131, \u00fcyelik kimlikleri, perakende etiketleri ve temass\u0131z pazarlama i\u00e7in idealdir.<\/p>\n<p data-start=\"426\" data-end=\"456\"><strong data-start=\"426\" data-end=\"454\">\u0130n\u015faat ve Malzemeler<\/strong><\/p>\n<ul data-start=\"457\" data-end=\"705\">\n<li data-start=\"457\" data-end=\"543\">\n<p data-start=\"459\" data-end=\"543\"><strong data-start=\"459\" data-end=\"471\">Bi\u00e7imler:<\/strong> Yap\u0131\u015fkan destekli \u0131slak kakma; kart\/bilet laminasyonu i\u00e7in kuru kakma<\/p>\n<\/li>\n<li data-start=\"544\" data-end=\"619\">\n<p data-start=\"546\" data-end=\"619\"><strong data-start=\"546\" data-end=\"573\">Y\u00fcz\/anten malzemeleri:<\/strong> G\u00fc\u00e7l\u00fc RF performans\u0131 i\u00e7in PET, bak\u0131r ka\u011f\u0131t<\/p>\n<\/li>\n<li data-start=\"620\" data-end=\"705\">\n<p data-start=\"622\" data-end=\"705\"><strong data-start=\"622\" data-end=\"643\">Bask\u0131 y\u00fczeyi:<\/strong> Logolar\u0131n, barkodlar\u0131n ve talimatlar\u0131n do\u011frudan yazd\u0131r\u0131lmas\u0131n\u0131 destekler<\/p>\n<\/li>\n<\/ul>\n<p data-start=\"707\" data-end=\"739\"><strong data-start=\"707\" data-end=\"737\">Programlanabilir NFC Fonksiyonlar\u0131<\/strong><\/p>\n<ul data-start=\"740\" data-end=\"970\">\n<li data-start=\"740\" data-end=\"806\">\n<p data-start=\"742\" data-end=\"806\"><strong data-start=\"742\" data-end=\"751\">\u00c7ip:<\/strong> NTAG213 (ISO\/IEC 14443A), Android\/iOS NFC uyumlu<\/p>\n<\/li>\n<li data-start=\"807\" data-end=\"886\">\n<p data-start=\"809\" data-end=\"886\"><strong data-start=\"809\" data-end=\"825\">Kullan\u0131c\u0131 belle\u011fi:<\/strong> URL&#039;ler, kimlikler, kimlik bilgileri ve sadakat verileri i\u00e7in kullan\u0131labilir ~180 bayt<\/p>\n<\/li>\n<li data-start=\"887\" data-end=\"970\">\n<p data-start=\"889\" data-end=\"970\"><strong data-start=\"889\" data-end=\"903\">Kullan\u0131m \u00f6rnekleri:<\/strong> Eri\u015fim kontrol\u00fc, \u00fcyelik, kimlik do\u011frulama, ak\u0131ll\u0131 paketleme\/etiketler<\/p>\n<\/li>\n<\/ul>\n<p data-start=\"972\" data-end=\"982\"><strong data-start=\"972\" data-end=\"980\">SSS<\/strong><\/p>\n<ul data-start=\"983\" data-end=\"1267\">\n<li data-start=\"983\" data-end=\"1039\">\n<p data-start=\"985\" data-end=\"1039\"><strong data-start=\"985\" data-end=\"997\">\u00d6rnekler?<\/strong> \u00dccretsiz numuneler test i\u00e7in mevcuttur.<\/p>\n<\/li>\n<li data-start=\"1040\" data-end=\"1109\">\n<p data-start=\"1042\" data-end=\"1109\"><strong data-start=\"1042\" data-end=\"1054\">Okuyucular?<\/strong> NFC \u00f6zellikli telefonlar ve ISO14443A okuyucularla \u00e7al\u0131\u015f\u0131r.<\/p>\n<\/li>\n<li data-start=\"1110\" data-end=\"1194\">\n<p data-start=\"1112\" data-end=\"1194\"><strong data-start=\"1112\" data-end=\"1129\">\u00d6zel bask\u0131?<\/strong> Tam \u00f6zelle\u015ftirme: g\u00f6rseller, barkodlar\/QR, seri numaralar\u0131, benzersiz kimlikler.<\/p>\n<\/li>\n<li data-start=\"1195\" data-end=\"1267\">\n<p data-start=\"1197\" data-end=\"1267\"><strong data-start=\"1197\" data-end=\"1212\">Raf \u00f6mr\u00fc?<\/strong> Standart depolama ko\u015fullar\u0131nda 10+ y\u0131l; uzun veri saklama s\u00fcresi.<\/p>\n<\/li>\n<\/ul>\n<p data-start=\"1269\" data-end=\"1314\"><strong data-start=\"1269\" data-end=\"1279\">K\u00f6keni<\/strong><br data-start=\"1279\" data-end=\"1282\" \/>\u00c7in&#039;in Zhejiang kentinde \u00fcretilmi\u015ftir.<\/p>\n<h2 data-start=\"1316\" data-end=\"1341\">Tablo (\u00d6zellikler)<\/h2>\n<div class=\"_tableContainer_1rjym_1\">\n<div class=\"group _tableWrapper_1rjym_13 flex w-fit flex-col-reverse\" tabindex=\"-1\">\n<table class=\"w-fit min-w-(--thread-content-width)\" data-start=\"1343\" data-end=\"2954\">\n<thead data-start=\"1343\" data-end=\"1458\">\n<tr data-start=\"1343\" data-end=\"1458\">\n<th data-start=\"1343\" data-end=\"1365\" data-col-size=\"sm\">Kategori<\/th>\n<th data-start=\"1365\" data-end=\"1388\" data-col-size=\"sm\">Parametre<\/th>\n<th data-start=\"1388\" data-end=\"1458\" data-col-size=\"md\">De\u011fer<\/th>\n<\/tr>\n<\/thead>\n<tbody data-start=\"1574\" data-end=\"2954\">\n<tr data-start=\"1574\" data-end=\"1688\">\n<td data-start=\"1574\" data-end=\"1595\" data-col-size=\"sm\">\u00dcr\u00fcn<\/td>\n<td data-start=\"1595\" data-end=\"1618\" data-col-size=\"sm\">Tip<\/td>\n<td data-col-size=\"md\" data-start=\"1618\" data-end=\"1688\">NFC \u0131slak\/kuru ek par\u00e7a (mini etiket)<\/td>\n<\/tr>\n<tr data-start=\"1689\" data-end=\"1804\">\n<td data-start=\"1689\" data-end=\"1710\" data-col-size=\"sm\">S\u0131kl\u0131k<\/td>\n<td data-col-size=\"sm\" data-start=\"1710\" data-end=\"1733\">Y\u00fcksek frekans<\/td>\n<td data-col-size=\"md\" data-start=\"1733\" data-end=\"1804\">13,56 MHz<\/td>\n<\/tr>\n<tr data-start=\"1805\" data-end=\"1919\">\n<td data-start=\"1805\" data-end=\"1826\" data-col-size=\"sm\">Protokol<\/td>\n<td data-start=\"1826\" data-end=\"1849\" data-col-size=\"sm\">Hava Aray\u00fcz\u00fc<\/td>\n<td data-col-size=\"md\" data-start=\"1849\" data-end=\"1919\">ISO\/IEC 14443A<\/td>\n<\/tr>\n<tr data-start=\"1920\" data-end=\"2034\">\n<td data-start=\"1920\" data-end=\"1941\" data-col-size=\"sm\">IC<\/td>\n<td data-col-size=\"sm\" data-start=\"1941\" data-end=\"1964\">\u00c7ip<\/td>\n<td data-col-size=\"md\" data-start=\"1964\" data-end=\"2034\">NTAG213<\/td>\n<\/tr>\n<tr data-start=\"2035\" data-end=\"2149\">\n<td data-start=\"2035\" data-end=\"2056\" data-col-size=\"sm\">Haf\u0131za<\/td>\n<td data-col-size=\"sm\" data-start=\"2056\" data-end=\"2079\">Kullan\u0131c\u0131 Kapasitesi<\/td>\n<td data-col-size=\"md\" data-start=\"2079\" data-end=\"2149\">~180 bayt kullan\u0131labilir<\/td>\n<\/tr>\n<tr data-start=\"2150\" data-end=\"2264\">\n<td data-start=\"2150\" data-end=\"2171\" data-col-size=\"sm\">Uyumluluk<\/td>\n<td data-col-size=\"sm\" data-start=\"2171\" data-end=\"2194\">Cihazlar<\/td>\n<td data-col-size=\"md\" data-start=\"2194\" data-end=\"2264\">Android\/iOS NFC telefonlar; ISO14443A okuyucular<\/td>\n<\/tr>\n<tr data-start=\"2265\" data-end=\"2379\">\n<td data-start=\"2265\" data-end=\"2286\" data-col-size=\"sm\">Bi\u00e7imler<\/td>\n<td data-col-size=\"sm\" data-start=\"2286\" data-end=\"2309\">G\u00f6mme Stilleri<\/td>\n<td data-col-size=\"md\" data-start=\"2309\" data-end=\"2379\">Islak (yap\u0131\u015fkanl\u0131, soyup yap\u0131\u015ft\u0131rmal\u0131); Kuru (laminasyon)<\/td>\n<\/tr>\n<tr data-start=\"2380\" data-end=\"2494\">\n<td data-start=\"2380\" data-end=\"2401\" data-col-size=\"sm\">Malzemeler<\/td>\n<td data-col-size=\"sm\" data-start=\"2401\" data-end=\"2424\">Yap\u0131<\/td>\n<td data-col-size=\"md\" data-start=\"2424\" data-end=\"2494\">PET, bak\u0131r ka\u011f\u0131t<\/td>\n<\/tr>\n<tr data-start=\"2495\" data-end=\"2609\">\n<td data-start=\"2495\" data-end=\"2516\" data-col-size=\"sm\">\u00d6zellikler<\/td>\n<td data-col-size=\"sm\" data-start=\"2516\" data-end=\"2539\">Nitelikler<\/td>\n<td data-col-size=\"md\" data-start=\"2539\" data-end=\"2609\">Yazd\u0131r\u0131labilir, programlanabilir, suya dayan\u0131kl\u0131<\/td>\n<\/tr>\n<tr data-start=\"2610\" data-end=\"2724\">\n<td data-start=\"2610\" data-end=\"2631\" data-col-size=\"sm\">Ki\u015fiselle\u015ftirme<\/td>\n<td data-col-size=\"sm\" data-start=\"2631\" data-end=\"2654\">Yazd\u0131r\/Veri<\/td>\n<td data-col-size=\"md\" data-start=\"2654\" data-end=\"2724\">Logolar, barkodlar\/QR, seri numaralar\u0131, talimatlar<\/td>\n<\/tr>\n<tr data-start=\"2725\" data-end=\"2839\">\n<td data-start=\"2725\" data-end=\"2746\" data-col-size=\"sm\">Uygulamalar<\/td>\n<td data-col-size=\"sm\" data-start=\"2746\" data-end=\"2769\">Tipik Kullan\u0131mlar<\/td>\n<td data-col-size=\"md\" data-start=\"2769\" data-end=\"2839\">Otel anahtarlar\u0131, \u00fcyelik kartlar\u0131, perakende etiketleri, pazarlama etiketleri<\/td>\n<\/tr>\n<tr data-start=\"2840\" data-end=\"2954\">\n<td data-start=\"2840\" data-end=\"2861\" data-col-size=\"sm\">K\u00f6keni<\/td>\n<td data-col-size=\"sm\" data-start=\"2861\" data-end=\"2884\">\u00dcretme<\/td>\n<td data-col-size=\"md\" data-start=\"2884\" data-end=\"2954\">Zhejiang, \u00c7in<\/td>\n<\/tr>\n<\/tbody>\n<\/table>\n<\/div>\n<\/div>","protected":false},"excerpt":{"rendered":"<p>Islak veya kuru formatta \u00f6zelle\u015ftirilebilir 13,56 MHz NTAG213 NFC ek par\u00e7as\u0131; anahtarlar, kimlikler, etiketler ve ak\u0131ll\u0131 ambalajlar i\u00e7in yazd\u0131r\u0131labilir, programlanabilir, suya dayan\u0131kl\u0131 ve telefonla uyumludur.<\/p>","protected":false},"featured_media":828,"template":"","meta":{"_gspb_post_css":""},"product_brand":[],"product_cat":[23],"product_tag":[],"class_list":{"0":"post-824","1":"product","2":"type-product","3":"status-publish","4":"has-post-thumbnail","6":"product_cat-rfid-nfc-inlay","8":"first","9":"instock","10":"shipping-taxable","11":"purchasable","12":"product-type-simple"},"_links":{"self":[{"href":"https:\/\/www.cxjsmartcard.com\/tr\/wp-json\/wp\/v2\/product\/824","targetHints":{"allow":["GET"]}}],"collection":[{"href":"https:\/\/www.cxjsmartcard.com\/tr\/wp-json\/wp\/v2\/product"}],"about":[{"href":"https:\/\/www.cxjsmartcard.com\/tr\/wp-json\/wp\/v2\/types\/product"}],"wp:featuredmedia":[{"embeddable":true,"href":"https:\/\/www.cxjsmartcard.com\/tr\/wp-json\/wp\/v2\/media\/828"}],"wp:attachment":[{"href":"https:\/\/www.cxjsmartcard.com\/tr\/wp-json\/wp\/v2\/media?parent=824"}],"wp:term":[{"taxonomy":"product_brand","embeddable":true,"href":"https:\/\/www.cxjsmartcard.com\/tr\/wp-json\/wp\/v2\/product_brand?post=824"},{"taxonomy":"product_cat","embeddable":true,"href":"https:\/\/www.cxjsmartcard.com\/tr\/wp-json\/wp\/v2\/product_cat?post=824"},{"taxonomy":"product_tag","embeddable":true,"href":"https:\/\/www.cxjsmartcard.com\/tr\/wp-json\/wp\/v2\/product_tag?post=824"}],"curies":[{"name":"wp","href":"https:\/\/api.w.org\/{rel}","templated":true}]}}